{"id":2268,"date":"2020-04-21T16:52:32","date_gmt":"2020-04-21T15:52:32","guid":{"rendered":"http:\/\/lialawyers.com\/?page_id=2268"},"modified":"2024-12-20T17:36:51","modified_gmt":"2024-12-20T17:36:51","slug":"fiscal-representation","status":"publish","type":"page","link":"https:\/\/lialawyers.com\/de\/fiscal-representation\/","title":{"rendered":"(Espa\u00f1ol) Representaci\u00f3n Fiscal"},"content":{"rendered":"<div class=\"fusion-fullwidth fullwidth-box fusion-builder-row-6 nonhundred-percent-fullwidth non-hundred-percent-height-scrolling\"  style='background-color: rgba(255,255,255,0);background-position: center center;background-repeat: no-repeat;padding-top:0px;padding-right:0px;padding-bottom:0px;padding-left:0px;'><div class=\"fusion-builder-row fusion-row \"><div  class=\"fusion-layout-column fusion_builder_column fusion_builder_column_1_1 fusion-builder-column-5 fusion-one-full fusion-column-first fusion-column-last 1_1\"  style='margin-top:0px;margin-bottom:20px;'><div class=\"fusion-column-wrapper\" style=\"padding: 0px 0px 0px 0px;background-position:left top;background-repeat:no-repeat;-webkit-background-size:cover;-moz-background-size:cover;-o-background-size:cover;background-size:cover;\"   data-bg-url=\"\"><style type=\"text\/css\">@media only screen and (max-width:800px) {.fusion-title.fusion-title-5{margin-top:10px!important;margin-bottom:10px!important;}}<\/style><div class=\"fusion-title title fusion-title-5 fusion-title-text fusion-title-size-one\" style=\"margin-top:10px;margin-bottom:15px;\"><h1 class=\"title-heading-left\" style=\"margin:0;\">Fiskalische Vertretung<\/h1><div class=\"title-sep-container\"><div class=\"title-sep sep-double sep-solid\" style=\"border-color:#e2e2e2;\"><\/div><\/div><\/div><div class=\"fusion-text\"><p>Ob Resident oder Nicht-Resident in Spanien, jede Person, die eine Immobilie in diesem Land besitzt, muss sich mit der immer m\u00fchsamen und schwierigen Aufgabe der Erf\u00fcllung der steuerlichen Verpflichtungen auseinandersetzen. Wenn Sie hier in eine Immobilie investieren, unterliegen Sie automatisch einer Reihe von damit verbundenen Steuern.<\/p>\n<p>Das spanische Steuersystem f\u00fcr einen Ausl\u00e4nder zu verstehen, wird zu einer schwierigen Aufgabe, und selbst etwas so Allt\u00e4gliches wie der Erhalt von Benachrichtigungen von den Beh\u00f6rden kann aufgrund Ihrer (der) begrenzten und gelegentlichen Aufenthalte im Land ein gro\u00dfes Problem darstellen.<\/p>\n<p>Zun\u00e4chst einmal ist es wichtig zu verstehen, dass selbst Ausl\u00e4nder, die kein Einkommen in Spanien beziehen, dennoch bestimmte Steuererkl\u00e4rungen als Eigent\u00fcmer einer Immobilie einreichen m\u00fcssen, die auf dem fiskalischen Konzept der \"fiktiven Nutzung des Eigentums\" (Nicht-Residente unterstellte Einkommenssteuer) basieren. Selbst wenn Sie nicht vermieten, m\u00fcssen Sie die Steuer dennoch einreichen, und wenn Sie nur Teilzeit, w\u00e4hrend des Jahres vermieten, werden die Tage, an denen die Immobilie leer steht, anteilig besteuert.<\/p>\n<p>Die Ernennung eines gesetzlichen Steuervertreters in Spanien, der sich um die spanischen Steuerverpflichtungen k\u00fcmmert, hat sich f\u00fcr die meisten nicht ans\u00e4ssigen Immobilienbesitzer und gebietsans\u00e4ssigen Ausl\u00e4nder als kluge Entscheidung erwiesen. Dar\u00fcber hinaus glauben wir, dass es f\u00fcr jeden Au\u00dfenstehenden wichtig ist, einen dynamischen und direkten Zugang zu einem Anwalt zu haben, wenn die Unterst\u00fctzung und Beratung im Zusammenhang mit irgendwelchen Aspekten des spanischen Gesetzes erforderlich ist.<\/p>\n<p>Unser <strong>Fiskalvertretungsdienst f\u00fcr Nicht-Residente<\/strong> konzentriert sich darauf, all jenen Personen solide und zuverl\u00e4ssige Unterst\u00fctzung zu bieten, die, da sie die Sprache nicht verstehen und nicht viele Tage im Jahr im Land anwesend sind, einen Experten ben\u00f6tigen, der zur Verf\u00fcgung steht, um alle offiziellen Mitteilungen entgegenzunehmen, sie richtig zu interpretieren, alle notwendigen Ma\u00dfnahmen in ihrem Namen durchzuf\u00fchren und - was am wichtigsten ist - sie jederzeit auf dem Laufenden zu halten.<\/p>\n<p>Im Falle von <strong>fiskalischen Residenten<\/strong> basieren die Verpflichtungen auf sehr spezifischen Kriterien. Ein festes Jahresbudget f\u00fcr die Dienstleistungen kann im Voraus vereinbart werden, aber es ist notwendig, einen vorl\u00e4ufigen Bericht auf der Grundlage der vom Kunden zur Verf\u00fcgung gestellten individuellen Dokumentation zu erstellen.<\/p>\n<p>Die Inanspruchnahme dieses Dienstes, gibt Ihnen die Sicherheit das:<\/p>\n<p>- Sie keine zu hohen Steuern auf Ihr Eigentum aufgrund von Fehlberechnungen zahlen.<\/p>\n<p>- Die Einreichung Ihre Steuererkl\u00e4rungen rechtzeitig beim spanischen Finanzamt eingeht und somit vermeiden Sie Strafgeb\u00fchren, die durch versp\u00e4tete Einreichung entstehen.<\/p>\n<p>- Sie \u00fcber die Adresse eines Steuervertreters verf\u00fcgen, um Ihre gesamte steuerbezogene Korrespondenz zu erledigen.<\/p>\n<p>- Beantwortung von allen Steuerbescheiden fristgerecht, um die Einhaltung der Steuervorschriften zu gew\u00e4hrleisten.<\/p>\n<p>- Durchf\u00fchrung, bei Widerspruchsverfahren oder Schreibfehlern in der Verwaltung von einem Einspruch.<\/p>\n<p>- Auf dem Laufenden sein \u00fcber alle steuerlichen \u00c4nderungen.<\/p>\n<p>Wir haben auch einen spezialisierten Steuerdienst f\u00fcr Residente-Eigent\u00fcmer, aber in diesem Fall erfordert die Vereinbarung einer Dienstleistungsgeb\u00fchr eine eingehendere Analyse, da die Besteuerung vom weltweiten Einkommen der Person abh\u00e4ngt. Um ein genaues Budget zu bestimmen, m\u00fcssen die zur Verf\u00fcgung gestellten Unterlagen und Informationen von unserem Steuerexperten gepr\u00fcft werden, der einen Bericht mit einer klaren \u00dcbersicht \u00fcber die f\u00e4lligen Steuern und die anwendbaren Steuergeb\u00fchren erstellt.<\/p>\n<p>Kontaktieren Sie uns f\u00fcr ein z\u00fcgiges Angebot dieser Dienstleistung. Wir werden Ihnen unsere bestm\u00f6gliche Offerte unterbreiten, um Ihr Fiskalvertreter in Spanien zu werden.<\/p>\n<\/div><div class=\"fusion-clearfix\"><\/div><\/div><\/div><\/div><\/div><style type=\"text\/css\">.fusion-fullwidth.fusion-builder-row-6 a:not(.fusion-button):not(.fusion-builder-module-control):not(.fusion-social-network-icon):not(.fb-icon-element):not(.fusion-countdown-link):not(.fusion-rollover-link):not(.fusion-rollover-gallery):not(.fusion-button-bar):not(.add_to_cart_button):not(.show_details_button):not(.product_type_external):not(.fusion-quick-view):not(.fusion-rollover-title-link):not(.fusion-breadcrumb-link) , .fusion-fullwidth.fusion-builder-row-6 a:not(.fusion-button):not(.fusion-builder-module-control):not(.fusion-social-network-icon):not(.fb-icon-element):not(.fusion-countdown-link):not(.fusion-rollover-link):not(.fusion-rollover-gallery):not(.fusion-button-bar):not(.add_to_cart_button):not(.show_details_button):not(.product_type_external):not(.fusion-quick-view):not(.fusion-rollover-title-link):not(.fusion-breadcrumb-link):before, .fusion-fullwidth.fusion-builder-row-6 a:not(.fusion-button):not(.fusion-builder-module-control):not(.fusion-social-network-icon):not(.fb-icon-element):not(.fusion-countdown-link):not(.fusion-rollover-link):not(.fusion-rollover-gallery):not(.fusion-button-bar):not(.add_to_cart_button):not(.show_details_button):not(.product_type_external):not(.fusion-quick-view):not(.fusion-rollover-title-link):not(.fusion-breadcrumb-link):after {color: #212934;}.fusion-fullwidth.fusion-builder-row-6 a:not(.fusion-button):not(.fusion-builder-module-control):not(.fusion-social-network-icon):not(.fb-icon-element):not(.fusion-countdown-link):not(.fusion-rollover-link):not(.fusion-rollover-gallery):not(.fusion-button-bar):not(.add_to_cart_button):not(.show_details_button):not(.product_type_external):not(.fusion-quick-view):not(.fusion-rollover-title-link):not(.fusion-breadcrumb-link):hover, .fusion-fullwidth.fusion-builder-row-6 a:not(.fusion-button):not(.fusion-builder-module-control):not(.fusion-social-network-icon):not(.fb-icon-element):not(.fusion-countdown-link):not(.fusion-rollover-link):not(.fusion-rollover-gallery):not(.fusion-button-bar):not(.add_to_cart_button):not(.show_details_button):not(.product_type_external):not(.fusion-quick-view):not(.fusion-rollover-title-link):not(.fusion-breadcrumb-link):hover:before, .fusion-fullwidth.fusion-builder-row-6 a:not(.fusion-button):not(.fusion-builder-module-control):not(.fusion-social-network-icon):not(.fb-icon-element):not(.fusion-countdown-link):not(.fusion-rollover-link):not(.fusion-rollover-gallery):not(.fusion-button-bar):not(.add_to_cart_button):not(.show_details_button):not(.product_type_external):not(.fusion-quick-view):not(.fusion-rollover-title-link):not(.fusion-breadcrumb-link):hover:after {color: #549f97;}.fusion-fullwidth.fusion-builder-row-6 .pagination a.inactive:hover, .fusion-fullwidth.fusion-builder-row-6 .fusion-filters .fusion-filter.fusion-active a {border-color: #549f97;}.fusion-fullwidth.fusion-builder-row-6 .pagination .current {border-color: #549f97; background-color: #549f97;}.fusion-fullwidth.fusion-builder-row-6 .fusion-filters .fusion-filter.fusion-active a, .fusion-fullwidth.fusion-builder-row-6 .fusion-date-and-formats .fusion-format-box, .fusion-fullwidth.fusion-builder-row-6 .fusion-popover, .fusion-fullwidth.fusion-builder-row-6 .tooltip-shortcode {color: #549f97;}#main .fusion-fullwidth.fusion-builder-row-6 .post .blog-shortcode-post-title a:hover {color: #549f97;}<\/style>","protected":false},"excerpt":{"rendered":"","protected":false},"author":4,"featured_media":0,"parent":0,"menu_order":0,"comment_status":"closed","ping_status":"closed","template":"","meta":{"footnotes":""},"class_list":["post-2268","page","type-page","status-publish","hentry"],"yoast_head":"<!-- This site is optimized with the Yoast SEO plugin v24.1 - https:\/\/yoast.com\/wordpress\/plugins\/seo\/ -->\n<title><\/title>\n<meta name=\"robots\" content=\"index, follow, max-snippet:-1, max-image-preview:large, max-video-preview:-1\" \/>\n<link rel=\"canonical\" href=\"https:\/\/lialawyers.com\/fiscal-representation\/\" \/>\n<meta property=\"og:locale\" content=\"de_DE\" \/>\n<meta property=\"og:type\" content=\"article\" \/>\n<meta property=\"og:title\" content=\"[:es]Representaci\u00f3n Fiscal[:en]Fiscal Representation[:] - LIA\" \/>\n<meta property=\"og:url\" content=\"https:\/\/lialawyers.com\/fiscal-representation\/\" \/>\n<meta property=\"og:site_name\" content=\"LIA\" \/>\n<meta property=\"article:modified_time\" content=\"2024-12-20T17:36:51+00:00\" \/>\n<meta property=\"og:image\" content=\"https:\/\/lialawyers.com\/wp-content\/uploads\/2020\/10\/logo_og_image.png\" \/>\n\t<meta property=\"og:image:width\" content=\"1200\" \/>\n\t<meta property=\"og:image:height\" content=\"628\" \/>\n\t<meta property=\"og:image:type\" content=\"image\/png\" \/>\n<meta name=\"twitter:card\" content=\"summary_large_image\" \/>\n<meta name=\"twitter:label1\" content=\"Gesch\u00e4tzte Lesezeit\" \/>\n\t<meta name=\"twitter:data1\" content=\"31\u00a0Minuten\" \/>\n<script type=\"application\/ld+json\" class=\"yoast-schema-graph\">{\"@context\":\"https:\/\/schema.org\",\"@graph\":[{\"@type\":\"WebPage\",\"@id\":\"https:\/\/lialawyers.com\/fiscal-representation\/\",\"url\":\"https:\/\/lialawyers.com\/fiscal-representation\/\",\"name\":\"[:es]Representaci\u00f3n Fiscal[:en]Fiscal Representation[:] - LIA\",\"isPartOf\":{\"@id\":\"https:\/\/lialawyers.com\/de\/#website\"},\"datePublished\":\"2020-04-21T15:52:32+00:00\",\"dateModified\":\"2024-12-20T17:36:51+00:00\",\"breadcrumb\":{\"@id\":\"https:\/\/lialawyers.com\/fiscal-representation\/#breadcrumb\"},\"inLanguage\":\"de\",\"potentialAction\":[{\"@type\":\"ReadAction\",\"target\":[\"https:\/\/lialawyers.com\/fiscal-representation\/\"]}]},{\"@type\":\"BreadcrumbList\",\"@id\":\"https:\/\/lialawyers.com\/fiscal-representation\/#breadcrumb\",\"itemListElement\":[{\"@type\":\"ListItem\",\"position\":1,\"name\":\"Home\",\"item\":\"https:\/\/lialawyers.com\/\"},{\"@type\":\"ListItem\",\"position\":2,\"name\":\"Representaci\u00f3n Fiscal\"}]},{\"@type\":\"WebSite\",\"@id\":\"https:\/\/lialawyers.com\/de\/#website\",\"url\":\"https:\/\/lialawyers.com\/de\/\",\"name\":\"LIA\",\"description\":\"Law Inheritance Advisors\",\"publisher\":{\"@id\":\"https:\/\/lialawyers.com\/de\/#organization\"},\"potentialAction\":[{\"@type\":\"SearchAction\",\"target\":{\"@type\":\"EntryPoint\",\"urlTemplate\":\"https:\/\/lialawyers.com\/de\/?s={search_term_string}\"},\"query-input\":{\"@type\":\"PropertyValueSpecification\",\"valueRequired\":true,\"valueName\":\"search_term_string\"}}],\"inLanguage\":\"de\"},{\"@type\":\"Organization\",\"@id\":\"https:\/\/lialawyers.com\/de\/#organization\",\"name\":\"Lia Lawyers\",\"url\":\"https:\/\/lialawyers.com\/de\/\",\"logo\":{\"@type\":\"ImageObject\",\"inLanguage\":\"de\",\"@id\":\"https:\/\/lialawyers.com\/de\/#\/schema\/logo\/image\/\",\"url\":\"https:\/\/lialawyers.com\/wp-content\/uploads\/2020\/10\/logo_og_image.png\",\"contentUrl\":\"https:\/\/lialawyers.com\/wp-content\/uploads\/2020\/10\/logo_og_image.png\",\"width\":1200,\"height\":628,\"caption\":\"Lia Lawyers\"},\"image\":{\"@id\":\"https:\/\/lialawyers.com\/de\/#\/schema\/logo\/image\/\"}}]}<\/script>\n<!-- \/ Yoast SEO plugin. -->","yoast_head_json":{"title":"[:es]Representaci\u00f3n Fiscal[:en]Fiscal Representation[:] - LIA","robots":{"index":"index","follow":"follow","max-snippet":"max-snippet:-1","max-image-preview":"max-image-preview:large","max-video-preview":"max-video-preview:-1"},"canonical":"https:\/\/lialawyers.com\/fiscal-representation\/","og_locale":"de_DE","og_type":"article","og_title":"[:es]Representaci\u00f3n Fiscal[:en]Fiscal Representation[:] - LIA","og_url":"https:\/\/lialawyers.com\/fiscal-representation\/","og_site_name":"LIA","article_modified_time":"2024-12-20T17:36:51+00:00","og_image":[{"width":1200,"height":628,"url":"https:\/\/lialawyers.com\/wp-content\/uploads\/2020\/10\/logo_og_image.png","type":"image\/png"}],"twitter_card":"summary_large_image","twitter_misc":{"Gesch\u00e4tzte Lesezeit":"31\u00a0Minuten"},"schema":{"@context":"https:\/\/schema.org","@graph":[{"@type":"WebPage","@id":"https:\/\/lialawyers.com\/fiscal-representation\/","url":"https:\/\/lialawyers.com\/fiscal-representation\/","name":"[:es]Representaci\u00f3n Fiscal[:en]Fiscal Representation[:] - LIA","isPartOf":{"@id":"https:\/\/lialawyers.com\/de\/#website"},"datePublished":"2020-04-21T15:52:32+00:00","dateModified":"2024-12-20T17:36:51+00:00","breadcrumb":{"@id":"https:\/\/lialawyers.com\/fiscal-representation\/#breadcrumb"},"inLanguage":"de","potentialAction":[{"@type":"ReadAction","target":["https:\/\/lialawyers.com\/fiscal-representation\/"]}]},{"@type":"BreadcrumbList","@id":"https:\/\/lialawyers.com\/fiscal-representation\/#breadcrumb","itemListElement":[{"@type":"ListItem","position":1,"name":"Home","item":"https:\/\/lialawyers.com\/"},{"@type":"ListItem","position":2,"name":"Representaci\u00f3n Fiscal"}]},{"@type":"WebSite","@id":"https:\/\/lialawyers.com\/de\/#website","url":"https:\/\/lialawyers.com\/de\/","name":"LIA","description":"Law Inheritance Advisors","publisher":{"@id":"https:\/\/lialawyers.com\/de\/#organization"},"potentialAction":[{"@type":"SearchAction","target":{"@type":"EntryPoint","urlTemplate":"https:\/\/lialawyers.com\/de\/?s={search_term_string}"},"query-input":{"@type":"PropertyValueSpecification","valueRequired":true,"valueName":"search_term_string"}}],"inLanguage":"de"},{"@type":"Organization","@id":"https:\/\/lialawyers.com\/de\/#organization","name":"Lia Lawyers","url":"https:\/\/lialawyers.com\/de\/","logo":{"@type":"ImageObject","inLanguage":"de","@id":"https:\/\/lialawyers.com\/de\/#\/schema\/logo\/image\/","url":"https:\/\/lialawyers.com\/wp-content\/uploads\/2020\/10\/logo_og_image.png","contentUrl":"https:\/\/lialawyers.com\/wp-content\/uploads\/2020\/10\/logo_og_image.png","width":1200,"height":628,"caption":"Lia Lawyers"},"image":{"@id":"https:\/\/lialawyers.com\/de\/#\/schema\/logo\/image\/"}}]}},"_links":{"self":[{"href":"https:\/\/lialawyers.com\/de\/wp-json\/wp\/v2\/pages\/2268","targetHints":{"allow":["GET"]}}],"collection":[{"href":"https:\/\/lialawyers.com\/de\/wp-json\/wp\/v2\/pages"}],"about":[{"href":"https:\/\/lialawyers.com\/de\/wp-json\/wp\/v2\/types\/page"}],"author":[{"embeddable":true,"href":"https:\/\/lialawyers.com\/de\/wp-json\/wp\/v2\/users\/4"}],"replies":[{"embeddable":true,"href":"https:\/\/lialawyers.com\/de\/wp-json\/wp\/v2\/comments?post=2268"}],"version-history":[{"count":24,"href":"https:\/\/lialawyers.com\/de\/wp-json\/wp\/v2\/pages\/2268\/revisions"}],"predecessor-version":[{"id":2953,"href":"https:\/\/lialawyers.com\/de\/wp-json\/wp\/v2\/pages\/2268\/revisions\/2953"}],"wp:attachment":[{"href":"https:\/\/lialawyers.com\/de\/wp-json\/wp\/v2\/media?parent=2268"}],"curies":[{"name":"wp","href":"https:\/\/api.w.org\/{rel}","templated":true}]}}