{"id":2324,"date":"2020-04-23T20:44:11","date_gmt":"2020-04-23T19:44:11","guid":{"rendered":"http:\/\/lialawyers.com\/?page_id=2324"},"modified":"2024-12-20T17:36:50","modified_gmt":"2024-12-20T17:36:50","slug":"inheritance-testament","status":"publish","type":"page","link":"https:\/\/lialawyers.com\/de\/inheritance-testament\/","title":{"rendered":"(Espa\u00f1ol) Herencia y Testamento"},"content":{"rendered":"<div class=\"fusion-fullwidth fullwidth-box fusion-builder-row-9 nonhundred-percent-fullwidth non-hundred-percent-height-scrolling\"  style='background-color: rgba(255,255,255,0);background-position: center center;background-repeat: no-repeat;padding-top:0px;padding-right:0px;padding-bottom:0px;padding-left:0px;'><div class=\"fusion-builder-row fusion-row \"><div  class=\"fusion-layout-column fusion_builder_column fusion_builder_column_1_1 fusion-builder-column-16 fusion-one-full fusion-column-first fusion-column-last 1_1\"  style='margin-top:0px;margin-bottom:0px;'><div class=\"fusion-column-wrapper\" style=\"padding: 0px 0px 0px 0px;background-position:left top;background-repeat:no-repeat;-webkit-background-size:cover;-moz-background-size:cover;-o-background-size:cover;background-size:cover;\"   data-bg-url=\"\"><style type=\"text\/css\">@media only screen and (max-width:800px) {.fusion-title.fusion-title-5{margin-top:10px!important;margin-bottom:10px!important;}}<\/style><div class=\"fusion-title title fusion-title-5 fusion-title-text fusion-title-size-one\" style=\"margin-top:10px;margin-bottom:15px;\"><h1 class=\"title-heading-left\" style=\"margin:0;\">Erbschaft und Testament<\/h1><div class=\"title-sep-container\"><div class=\"title-sep sep-double sep-solid\" style=\"border-color:#e2e2e2;\"><\/div><\/div><\/div><div class=\"fusion-text\"><p>Das spanische Nachlassverfahren oder die \u201eErbschaftsvergabe\u201c (Adjudicaci\u00f3n de Herencia) ist ein notariell \u00fcberwachtes Verfahren, zur Beurkundung eines letzten Willens und Testaments, falls der Verstorbene eines gemacht hat.<\/p>\n<p>In Spanien m\u00fcssen Testamente vor einem \u00f6ffentlichen Notar unterzeichnet werden. Dieser Akt wird immer im zentralen Testamentsregister (Registro Central de \u00daltimas Voluntades) eingetragen. Folglich kann jeder Anwalt (nicht nur der beauftragte) den Aufenthaltsort des Testaments ermitteln und dabei helfen, die offizielle Kopie, die erst nach dem Tod des Erblassers ausgestellt wird, zu erhalten.<\/p>\n<p>Testamente werden in Spanien niemals von einem Anwalt aufbewahrt oder verwahrt; nur \u00f6ffentliche Notare sind befugt, die Originale zu verwahren und offizielle oder notariell beglaubigte Kopien auszustellen. Sie k\u00f6nnen sich immer an einen Rechtsanwalt wenden, der Ihnen bei der Auffindung und Erlangung eines Testaments behilflich ist. Kopien der Testamente, die vor dem Tod des Erblassers errichtet wurden, sind nur zu Informationszwecken g\u00fcltig. Nur Erben sind berechtigt, dieses Dokument auf Antrag zu erhalten, der entweder von ihnen selbst direkt oder von ihren ordnungsgem\u00e4\u00df bestellten gesetzlichen Vertretern mittels einer Vollmacht gestellt wird. Es k\u00f6nnte eine gute Idee sein, zun\u00e4chst den Anw\u00e4lten Ihrer Wahl eine Vollmacht zu erteilen, damit diese mit Ihnen in Verbindung treten und Sie vor dem Notariat vertreten k\u00f6nnen.<\/p>\n<p>Wenn das Testament im Ausland, meistens im Heimatland des Erblassers, erteilt wurde, m\u00fcssen spezifische Richtlinien \u00fcber das Vorgehen zur G\u00fcltigkeitserkl\u00e4rung dieses Testaments, entsprechend den Regeln jeder Nationalit\u00e4t, ber\u00fccksichtigt und in Betracht gezogen werden.<\/p>\n<p>Manchmal kommt es vor, dass in Spanien oder anderswo \u00fcberhaupt kein Testament erteilt oder formalisiert wurde (\"Gesetzliche Erbfolge\"). In einem solchen Fall muss ein vorheriges Verfahren zur Feststellung des oder der Erben befolgt und vor den zust\u00e4ndigen Beh\u00f6rden offiziell gemacht werden; dies wird als \"Erbschein\" (\"Declaraci\u00f3n de Herederos\") bezeichnet.<\/p>\n<p>Im Allgemeinen ist es nicht notwendig, w\u00e4hrend eines Erbschaftsprozesses ein Gerichtsverfahren einzuleiten; nur im Falle von Konfliktsituationen k\u00f6nnte ein Anwalt gezwungen sein, eine Klage einzureichen, wenn es Meinungsverschiedenheiten bei der Auslegung der erbschaftsbezogenen Dokumente oder der Aufteilung des Nachlasses und des Verm\u00f6gens gibt.<\/p>\n<p>Unter normalen Umst\u00e4nden, wenn kein gerichtlicher Beistand erforderlich ist, kann das zu befolgende rechtliche Verfahren, jedoch, oft komplex und m\u00fchsam sein. Ratschl\u00e4ge, wie bei der Legalisierung ausl\u00e4ndischer Dokumente vorzugehen ist, die Auslegung der verschiedenen beteiligten Gesetze und die betroffenen Regierungs- oder Lokalbeh\u00f6rden sind in der Regel f\u00fcr viele Menschen, die diese schweren Umst\u00e4nde durchmachen, Anlass zur Sorge und Besorgnis, die dar\u00fcber hinaus, verloren gehen und in Regeln, Vorschriften und anderen b\u00fcrokratischen Einschr\u00e4nkungen und Anforderungen begraben werden k\u00f6nnen. Es ist von entscheidender Bedeutung, die Anwendung der korrekten Steuers\u00e4tze auf der Grundlage jedes einzelnen Falles hervorzuheben, denn in Spanien, gelten in dieser Art von Angelegenheiten, je nach den verschiedenen Regionen des Landes unterschiedliche Gesetzgebungen.<\/p>\n<p>Wir k\u00f6nnen Sie w\u00e4hrend des gesamten Nachlassverfahrens professionell beraten und Ihnen Anweisungen hinsichtlich der erforderlichen Unterlagen geben, die f\u00fcr die Abwicklung der Erbschaft und die Zahlung aller Steuern erforderlich sind.<\/p>\n<p>Unser qualifiziertes Team von Fachleuten unterst\u00fctzt Sie bei allen notwendigen Verwaltungsaufgaben, damit Immobilien, Gelder auf Bankkonten und Fahrzeuge auf den Namen des Erben\/Erbin eingetragen werden, und erleichtert Ihnen insgesamt diese schwierige Aufgabe. Es werden entsprechende Anweisungen zur Erteilung von Vollmachten zugunsten der Rechtsanw\u00e4lte erteilt, die w\u00e4hrend des gesamten Verfahrens gesetzliche Vertreter werden, so dass Ihre Anwesenheit in Spanien f\u00fcr die Zuschreibung nicht erforderlich ist.<\/p>\n<p>Unser Hauptziel ist es, unsere Dienste stets mit dem besonderen Bewusstsein f\u00fcr die schwierigen Umst\u00e4nde zu erbringen, die Verwandte und Freunde durchmachen. Unser Service ist stets freundlich, flexibel und verst\u00e4ndnisvoll; und konzentriert sich darauf, der Person zu erm\u00f6glichen, die Trauer zu \u00fcberwinden, die mit dem Tod eines geliebten Menschen einhergeht.<\/p>\n<\/div><div class=\"fusion-clearfix\"><\/div><\/div><\/div><\/div><\/div><div class=\"fusion-fullwidth fullwidth-box fusion-builder-row-10 nonhundred-percent-fullwidth non-hundred-percent-height-scrolling\"  style='background-color: rgba(255,255,255,0);background-position: center center;background-repeat: no-repeat;padding-top:0px;padding-right:0px;padding-bottom:0px;padding-left:0px;'><div class=\"fusion-builder-row fusion-row \"><div  class=\"fusion-layout-column fusion_builder_column fusion_builder_column_1_3 fusion-builder-column-17 fusion-one-third fusion-column-first 1_3\"  style='margin-top:0px;margin-bottom:20px;width:33.33%;width:calc(33.33% - ( ( 4% + 4% ) * 0.3333 ) );margin-right: 4%;'><div class=\"fusion-column-wrapper\" style=\"padding: 0px 0px 0px 0px;background-position:left top;background-repeat:no-repeat;-webkit-background-size:cover;-moz-background-size:cover;-o-background-size:cover;background-size:cover;\"   data-bg-url=\"\"><div class=\"fusion-button-wrapper fusion-aligncenter\"><style type=\"text\/css\">.fusion-button.button-13 {border-radius:4px;}<\/style><a class=\"fusion-button button-flat fusion-button-default-size button-default button-13 fusion-button-default-span fusion-button-default-type\" target=\"_self\" href=\"\/wills\/\"><span class=\"fusion-button-text\">Testamente<\/span><\/a><\/div><div class=\"fusion-text\"><p style=\"text-align: center;\">Ausgehend von der Tatsache, dass das Erbrecht von Land zu Land unterschiedlich ist, ist es wichtig, gewisse Nuancen in Bezug auf die Notwendigkeit der Testamentsunterzeichnung in Spanien zu erl\u00e4utern.<\/p>\n<\/div><div class=\"fusion-clearfix\"><\/div><\/div><\/div><div  class=\"fusion-layout-column fusion_builder_column fusion_builder_column_1_3 fusion-builder-column-18 fusion-one-third 1_3\"  style='margin-top:0px;margin-bottom:20px;width:33.33%;width:calc(33.33% - ( ( 4% + 4% ) * 0.3333 ) );margin-right: 4%;'><div class=\"fusion-column-wrapper\" style=\"padding: 0px 0px 0px 0px;background-position:left top;background-repeat:no-repeat;-webkit-background-size:cover;-moz-background-size:cover;-o-background-size:cover;background-size:cover;\"   data-bg-url=\"\"><div class=\"fusion-button-wrapper fusion-aligncenter\"><style type=\"text\/css\">.fusion-button.button-14 {border-radius:4px;}<\/style><a class=\"fusion-button button-flat fusion-button-default-size button-default button-14 fusion-button-default-span fusion-button-default-type\" target=\"_self\" href=\"\/power-of-attorney\/\"><span class=\"fusion-button-text\">Vollmacht<\/span><\/a><\/div><div class=\"fusion-text\"><p style=\"text-align: center;\">Eine Vollmacht ist eine formelle schriftliche Bevollm\u00e4chtigung, mit der eine Person (der Vollmachtgeber) einer anderen Person (dem Anwalt oder Bevollm\u00e4chtigten) die Befugnis erteilt, in ihrem Namen und Auftrag zu handeln.<\/p>\n<\/div><div class=\"fusion-clearfix\"><\/div><\/div><\/div><div  class=\"fusion-layout-column fusion_builder_column fusion_builder_column_1_3 fusion-builder-column-19 fusion-one-third fusion-column-last 1_3\"  style='margin-top:0px;margin-bottom:20px;width:33.33%;width:calc(33.33% - ( ( 4% + 4% ) * 0.3333 ) );'><div class=\"fusion-column-wrapper\" style=\"padding: 0px 0px 0px 0px;background-position:left top;background-repeat:no-repeat;-webkit-background-size:cover;-moz-background-size:cover;-o-background-size:cover;background-size:cover;\"   data-bg-url=\"\"><div class=\"fusion-button-wrapper fusion-aligncenter\"><style type=\"text\/css\">.fusion-button.button-15 {border-radius:4px;}<\/style><a class=\"fusion-button button-flat fusion-button-default-size button-default button-15 fusion-button-default-span fusion-button-default-type\" target=\"_self\" href=\"\/apostill\/\"><span class=\"fusion-button-text\">Apostille<\/span><\/a><\/div><div class=\"fusion-text\"><p style=\"text-align: center;\">Wenn jemand an einem (gerichtlichen oder au\u00dfergerichtlichen) internationalen Rechtsverfahren beteiligt ist, muss er bedenken, dass er in den meisten F\u00e4llen Dokumente \"validieren\" muss, die im Ausland verwendet werden sollen.<\/p>\n<\/div><div class=\"fusion-clearfix\"><\/div><\/div><\/div><\/div><\/div><style type=\"text\/css\">.fusion-fullwidth.fusion-builder-row-10 a:not(.fusion-button):not(.fusion-builder-module-control):not(.fusion-social-network-icon):not(.fb-icon-element):not(.fusion-countdown-link):not(.fusion-rollover-link):not(.fusion-rollover-gallery):not(.fusion-button-bar):not(.add_to_cart_button):not(.show_details_button):not(.product_type_external):not(.fusion-quick-view):not(.fusion-rollover-title-link):not(.fusion-breadcrumb-link) , .fusion-fullwidth.fusion-builder-row-10 a:not(.fusion-button):not(.fusion-builder-module-control):not(.fusion-social-network-icon):not(.fb-icon-element):not(.fusion-countdown-link):not(.fusion-rollover-link):not(.fusion-rollover-gallery):not(.fusion-button-bar):not(.add_to_cart_button):not(.show_details_button):not(.product_type_external):not(.fusion-quick-view):not(.fusion-rollover-title-link):not(.fusion-breadcrumb-link):before, .fusion-fullwidth.fusion-builder-row-10 a:not(.fusion-button):not(.fusion-builder-module-control):not(.fusion-social-network-icon):not(.fb-icon-element):not(.fusion-countdown-link):not(.fusion-rollover-link):not(.fusion-rollover-gallery):not(.fusion-button-bar):not(.add_to_cart_button):not(.show_details_button):not(.product_type_external):not(.fusion-quick-view):not(.fusion-rollover-title-link):not(.fusion-breadcrumb-link):after {color: #212934;}.fusion-fullwidth.fusion-builder-row-10 a:not(.fusion-button):not(.fusion-builder-module-control):not(.fusion-social-network-icon):not(.fb-icon-element):not(.fusion-countdown-link):not(.fusion-rollover-link):not(.fusion-rollover-gallery):not(.fusion-button-bar):not(.add_to_cart_button):not(.show_details_button):not(.product_type_external):not(.fusion-quick-view):not(.fusion-rollover-title-link):not(.fusion-breadcrumb-link):hover, .fusion-fullwidth.fusion-builder-row-10 a:not(.fusion-button):not(.fusion-builder-module-control):not(.fusion-social-network-icon):not(.fb-icon-element):not(.fusion-countdown-link):not(.fusion-rollover-link):not(.fusion-rollover-gallery):not(.fusion-button-bar):not(.add_to_cart_button):not(.show_details_button):not(.product_type_external):not(.fusion-quick-view):not(.fusion-rollover-title-link):not(.fusion-breadcrumb-link):hover:before, .fusion-fullwidth.fusion-builder-row-10 a:not(.fusion-button):not(.fusion-builder-module-control):not(.fusion-social-network-icon):not(.fb-icon-element):not(.fusion-countdown-link):not(.fusion-rollover-link):not(.fusion-rollover-gallery):not(.fusion-button-bar):not(.add_to_cart_button):not(.show_details_button):not(.product_type_external):not(.fusion-quick-view):not(.fusion-rollover-title-link):not(.fusion-breadcrumb-link):hover:after {color: #549f97;}.fusion-fullwidth.fusion-builder-row-10 .pagination a.inactive:hover, .fusion-fullwidth.fusion-builder-row-10 .fusion-filters .fusion-filter.fusion-active a {border-color: #549f97;}.fusion-fullwidth.fusion-builder-row-10 .pagination .current {border-color: #549f97; background-color: #549f97;}.fusion-fullwidth.fusion-builder-row-10 .fusion-filters .fusion-filter.fusion-active a, .fusion-fullwidth.fusion-builder-row-10 .fusion-date-and-formats .fusion-format-box, .fusion-fullwidth.fusion-builder-row-10 .fusion-popover, .fusion-fullwidth.fusion-builder-row-10 .tooltip-shortcode {color: #549f97;}#main .fusion-fullwidth.fusion-builder-row-10 .post .blog-shortcode-post-title a:hover {color: #549f97;}<\/style>","protected":false},"excerpt":{"rendered":"","protected":false},"author":4,"featured_media":0,"parent":0,"menu_order":0,"comment_status":"closed","ping_status":"closed","template":"","meta":{"footnotes":""},"class_list":["post-2324","page","type-page","status-publish","hentry"],"yoast_head":"<!-- This site is optimized with the Yoast SEO plugin v24.1 - https:\/\/yoast.com\/wordpress\/plugins\/seo\/ -->\n<title><\/title>\n<meta name=\"robots\" content=\"index, follow, max-snippet:-1, max-image-preview:large, max-video-preview:-1\" \/>\n<link rel=\"canonical\" href=\"https:\/\/lialawyers.com\/inheritance-testament\/\" \/>\n<meta property=\"og:locale\" content=\"de_DE\" \/>\n<meta property=\"og:type\" content=\"article\" \/>\n<meta property=\"og:title\" content=\"[:es]Herencia y Testamento[:en]Inheritance &amp; Testament[:fr]H\u00e9ritage et testament[:] - LIA\" \/>\n<meta property=\"og:url\" content=\"https:\/\/lialawyers.com\/inheritance-testament\/\" \/>\n<meta property=\"og:site_name\" content=\"LIA\" \/>\n<meta property=\"article:modified_time\" content=\"2024-12-20T17:36:50+00:00\" \/>\n<meta property=\"og:image\" content=\"https:\/\/lialawyers.com\/wp-content\/uploads\/2020\/10\/logo_og_image.png\" \/>\n\t<meta property=\"og:image:width\" content=\"1200\" \/>\n\t<meta property=\"og:image:height\" content=\"628\" \/>\n\t<meta property=\"og:image:type\" content=\"image\/png\" \/>\n<meta name=\"twitter:card\" content=\"summary_large_image\" \/>\n<meta name=\"twitter:label1\" content=\"Gesch\u00e4tzte Lesezeit\" \/>\n\t<meta name=\"twitter:data1\" content=\"60\u00a0Minuten\" \/>\n<script type=\"application\/ld+json\" class=\"yoast-schema-graph\">{\"@context\":\"https:\/\/schema.org\",\"@graph\":[{\"@type\":\"WebPage\",\"@id\":\"https:\/\/lialawyers.com\/inheritance-testament\/\",\"url\":\"https:\/\/lialawyers.com\/inheritance-testament\/\",\"name\":\"[:es]Herencia y Testamento[:en]Inheritance & Testament[:fr]H\u00e9ritage et testament[:] - LIA\",\"isPartOf\":{\"@id\":\"https:\/\/lialawyers.com\/de\/#website\"},\"datePublished\":\"2020-04-23T19:44:11+00:00\",\"dateModified\":\"2024-12-20T17:36:50+00:00\",\"breadcrumb\":{\"@id\":\"https:\/\/lialawyers.com\/inheritance-testament\/#breadcrumb\"},\"inLanguage\":\"de\",\"potentialAction\":[{\"@type\":\"ReadAction\",\"target\":[\"https:\/\/lialawyers.com\/inheritance-testament\/\"]}]},{\"@type\":\"BreadcrumbList\",\"@id\":\"https:\/\/lialawyers.com\/inheritance-testament\/#breadcrumb\",\"itemListElement\":[{\"@type\":\"ListItem\",\"position\":1,\"name\":\"Home\",\"item\":\"https:\/\/lialawyers.com\/\"},{\"@type\":\"ListItem\",\"position\":2,\"name\":\"Herencia y Testamento\"}]},{\"@type\":\"WebSite\",\"@id\":\"https:\/\/lialawyers.com\/de\/#website\",\"url\":\"https:\/\/lialawyers.com\/de\/\",\"name\":\"LIA\",\"description\":\"Law Inheritance Advisors\",\"publisher\":{\"@id\":\"https:\/\/lialawyers.com\/de\/#organization\"},\"potentialAction\":[{\"@type\":\"SearchAction\",\"target\":{\"@type\":\"EntryPoint\",\"urlTemplate\":\"https:\/\/lialawyers.com\/de\/?s={search_term_string}\"},\"query-input\":{\"@type\":\"PropertyValueSpecification\",\"valueRequired\":true,\"valueName\":\"search_term_string\"}}],\"inLanguage\":\"de\"},{\"@type\":\"Organization\",\"@id\":\"https:\/\/lialawyers.com\/de\/#organization\",\"name\":\"Lia Lawyers\",\"url\":\"https:\/\/lialawyers.com\/de\/\",\"logo\":{\"@type\":\"ImageObject\",\"inLanguage\":\"de\",\"@id\":\"https:\/\/lialawyers.com\/de\/#\/schema\/logo\/image\/\",\"url\":\"https:\/\/lialawyers.com\/wp-content\/uploads\/2020\/10\/logo_og_image.png\",\"contentUrl\":\"https:\/\/lialawyers.com\/wp-content\/uploads\/2020\/10\/logo_og_image.png\",\"width\":1200,\"height\":628,\"caption\":\"Lia Lawyers\"},\"image\":{\"@id\":\"https:\/\/lialawyers.com\/de\/#\/schema\/logo\/image\/\"}}]}<\/script>\n<!-- \/ Yoast SEO plugin. -->","yoast_head_json":{"title":"[:es]Herencia y Testamento[:en]Inheritance & Testament[:fr]H\u00e9ritage et testament[:] - LIA","robots":{"index":"index","follow":"follow","max-snippet":"max-snippet:-1","max-image-preview":"max-image-preview:large","max-video-preview":"max-video-preview:-1"},"canonical":"https:\/\/lialawyers.com\/inheritance-testament\/","og_locale":"de_DE","og_type":"article","og_title":"[:es]Herencia y Testamento[:en]Inheritance & Testament[:fr]H\u00e9ritage et testament[:] - LIA","og_url":"https:\/\/lialawyers.com\/inheritance-testament\/","og_site_name":"LIA","article_modified_time":"2024-12-20T17:36:50+00:00","og_image":[{"width":1200,"height":628,"url":"https:\/\/lialawyers.com\/wp-content\/uploads\/2020\/10\/logo_og_image.png","type":"image\/png"}],"twitter_card":"summary_large_image","twitter_misc":{"Gesch\u00e4tzte Lesezeit":"60\u00a0Minuten"},"schema":{"@context":"https:\/\/schema.org","@graph":[{"@type":"WebPage","@id":"https:\/\/lialawyers.com\/inheritance-testament\/","url":"https:\/\/lialawyers.com\/inheritance-testament\/","name":"[:es]Herencia y Testamento[:en]Inheritance & Testament[:fr]H\u00e9ritage et testament[:] - LIA","isPartOf":{"@id":"https:\/\/lialawyers.com\/de\/#website"},"datePublished":"2020-04-23T19:44:11+00:00","dateModified":"2024-12-20T17:36:50+00:00","breadcrumb":{"@id":"https:\/\/lialawyers.com\/inheritance-testament\/#breadcrumb"},"inLanguage":"de","potentialAction":[{"@type":"ReadAction","target":["https:\/\/lialawyers.com\/inheritance-testament\/"]}]},{"@type":"BreadcrumbList","@id":"https:\/\/lialawyers.com\/inheritance-testament\/#breadcrumb","itemListElement":[{"@type":"ListItem","position":1,"name":"Home","item":"https:\/\/lialawyers.com\/"},{"@type":"ListItem","position":2,"name":"Herencia y Testamento"}]},{"@type":"WebSite","@id":"https:\/\/lialawyers.com\/de\/#website","url":"https:\/\/lialawyers.com\/de\/","name":"LIA","description":"Law Inheritance Advisors","publisher":{"@id":"https:\/\/lialawyers.com\/de\/#organization"},"potentialAction":[{"@type":"SearchAction","target":{"@type":"EntryPoint","urlTemplate":"https:\/\/lialawyers.com\/de\/?s={search_term_string}"},"query-input":{"@type":"PropertyValueSpecification","valueRequired":true,"valueName":"search_term_string"}}],"inLanguage":"de"},{"@type":"Organization","@id":"https:\/\/lialawyers.com\/de\/#organization","name":"Lia Lawyers","url":"https:\/\/lialawyers.com\/de\/","logo":{"@type":"ImageObject","inLanguage":"de","@id":"https:\/\/lialawyers.com\/de\/#\/schema\/logo\/image\/","url":"https:\/\/lialawyers.com\/wp-content\/uploads\/2020\/10\/logo_og_image.png","contentUrl":"https:\/\/lialawyers.com\/wp-content\/uploads\/2020\/10\/logo_og_image.png","width":1200,"height":628,"caption":"Lia Lawyers"},"image":{"@id":"https:\/\/lialawyers.com\/de\/#\/schema\/logo\/image\/"}}]}},"_links":{"self":[{"href":"https:\/\/lialawyers.com\/de\/wp-json\/wp\/v2\/pages\/2324","targetHints":{"allow":["GET"]}}],"collection":[{"href":"https:\/\/lialawyers.com\/de\/wp-json\/wp\/v2\/pages"}],"about":[{"href":"https:\/\/lialawyers.com\/de\/wp-json\/wp\/v2\/types\/page"}],"author":[{"embeddable":true,"href":"https:\/\/lialawyers.com\/de\/wp-json\/wp\/v2\/users\/4"}],"replies":[{"embeddable":true,"href":"https:\/\/lialawyers.com\/de\/wp-json\/wp\/v2\/comments?post=2324"}],"version-history":[{"count":31,"href":"https:\/\/lialawyers.com\/de\/wp-json\/wp\/v2\/pages\/2324\/revisions"}],"predecessor-version":[{"id":2955,"href":"https:\/\/lialawyers.com\/de\/wp-json\/wp\/v2\/pages\/2324\/revisions\/2955"}],"wp:attachment":[{"href":"https:\/\/lialawyers.com\/de\/wp-json\/wp\/v2\/media?parent=2324"}],"curies":[{"name":"wp","href":"https:\/\/api.w.org\/{rel}","templated":true}]}}