{"id":2615,"date":"2020-09-08T13:23:52","date_gmt":"2020-09-08T12:23:52","guid":{"rendered":"http:\/\/lialawyers.com\/?page_id=2615"},"modified":"2024-12-20T17:36:52","modified_gmt":"2024-12-20T17:36:52","slug":"wills","status":"publish","type":"page","link":"https:\/\/lialawyers.com\/de\/wills\/","title":{"rendered":"(Espa\u00f1ol) Testamentos"},"content":{"rendered":"<div class=\"fusion-fullwidth fullwidth-box fusion-builder-row-11 nonhundred-percent-fullwidth non-hundred-percent-height-scrolling\"  style='background-color: rgba(255,255,255,0);background-position: center center;background-repeat: no-repeat;padding-top:0px;padding-right:0px;padding-bottom:0px;padding-left:0px;'><div class=\"fusion-builder-row fusion-row \"><div  class=\"fusion-layout-column fusion_builder_column fusion_builder_column_1_1 fusion-builder-column-18 fusion-one-full fusion-column-first fusion-column-last 1_1\"  style='margin-top:0px;margin-bottom:0px;'><div class=\"fusion-column-wrapper\" style=\"padding: 0px 0px 0px 0px;background-position:left top;background-repeat:no-repeat;-webkit-background-size:cover;-moz-background-size:cover;-o-background-size:cover;background-size:cover;\"   data-bg-url=\"\"><style type=\"text\/css\">@media only screen and (max-width:800px) {.fusion-title.fusion-title-5{margin-top:10px!important;margin-bottom:10px!important;}}<\/style><div class=\"fusion-title title fusion-title-5 fusion-title-text fusion-title-size-one\" style=\"margin-top:10px;margin-bottom:15px;\"><h1 class=\"title-heading-left\" style=\"margin:0;\">Testamente<\/h1><div class=\"title-sep-container\"><div class=\"title-sep sep-double sep-solid\" style=\"border-color:#e2e2e2;\"><\/div><\/div><\/div><div class=\"fusion-text\"><p>Ausgehend von der Tatsache, dass das Erbrecht von Land zu Land unterschiedlich ist, ist es wichtig, gewisse Nuancen in Bezug auf die Notwendigkeit der Testamentsunterzeichnung in Spanien zu erl\u00e4utern.<\/p>\n<p>Bin ich verpflichtet, ein spanisches Testament zu erstellen, wenn ich Verm\u00f6gen in Spanien besitze?<\/p>\n<p>Streng rechtlich genommen k\u00f6nnen wir best\u00e4tigen, dass es nicht obligatorisch ist, ein Testament in Spanien oder in irgendeinem anderen Land zu errichten, aber wenn Sie dies nicht tun, w\u00fcrden Sie Ihren Erben eine \"Erbschaft mit gesetzlicher Erbfolge\" hinterlassen, mit dem Risiko, dass Ihr Verm\u00f6gen an die Personen geht, f\u00fcr die es nicht bestimmt war. Dar\u00fcber hinaus ist eine Erbschaft ohne Testament viel komplizierter, zeitaufwendiger und teurer.<\/p>\n<p>Eine andere h\u00e4ufig gestellte Frage bezieht sich auf die M\u00f6glichkeit, spanische Verm\u00f6genswerte in ein anderswo unterzeichnetes Testament aufzunehmen, h\u00e4ufig im Heimatland des Erblassers. Ist das eine Option? Die Antwort auf diese Frage ist ja, aber angesichts der Tatsache, dass die Unterschiede zwischen den Rechtssystemen h\u00e4ufig zu einem komplexen Prozess der Vergabe und Annahme der Erbschaft f\u00fchren, m\u00fcssen wir darauf bestehen, dass dies nicht die beste Option ist und dass die Kosten f\u00fcr die \u00dcbersetzung eines ausl\u00e4ndischen Testaments ins Spanische, die bei dieser Art von Rechtsverfahren immer erforderlich ist, im Allgemeinen h\u00f6her w\u00e4ren als die Kosten f\u00fcr die Erstellung eines spanischen Testaments.<\/p>\n<p>Eine vorteilhafte Option ist die bequeme M\u00f6glichkeit, zwei verschiedene Testamente zu hinterlassen; eines f\u00fcr das Verm\u00f6gen in Ihrem Heimatland und ein weiteres f\u00fcr das in Spanien; eine M\u00f6glichkeit, die keinesfalls au\u00dfer Acht gelassen werden sollte und die manche Leute ignorieren. Dies ist eine h\u00e4ufig empfohlene Praxis, die jedoch eine sorgf\u00e4ltige und vorsichtige Abfassung erfordert, da Sie versehentlich eines der Testamente mit dem anderen f\u00fcr ung\u00fcltig erkl\u00e4ren k\u00f6nnten. Auch die Daten, an denen sie unterzeichnet werden, m\u00fcssen sorgf\u00e4ltig abgewogen werden.<\/p>\n<p>Wenn Sie ein spanisches Testament hinterlassen, k\u00f6nnen Sie auch angeben, falls Sie m\u00f6chten, dass der Erbfall den Gesetzen Ihres Herkunftslandes unterliegt. Es handelt sich um ein \"Muss\", das festlegt, welches Erbrecht Sie f\u00fcr den Erbschaftsprozess Ihres Nachlasses anwenden wollen. Wenn Sie in keinem Land ein Testament errichtet haben, wird dies h\u00f6chst ung\u00fcnstig, was unter bestimmten Umst\u00e4nden dazu f\u00fchrt, dass Richtlinien angewenden werden m\u00fcssen (gesetzliche Erben), die nicht immer mit dem von Ihnen beabsichtigten oder erhofften Ziel f\u00fcr diese Besitze \u00fcbereinstimmen werden.<\/p>\n<p>Wir raten Ihnen immer, wenn m\u00f6glich ein spanisches Testament f\u00fcr Ihren spanischen Nachlass zu unterzeichnen, da die Rechtskosten nicht hoch sind und so der gesamte Prozess nicht verlangsamt wird und die sich daraus ergebenden oft unn\u00f6tigen Verz\u00f6gerungen bei der Zahlung der Steuern (falls zutreffend), innerhalb der gesetzlich festgelegten Fristen erledigt werden k\u00f6nnen.<\/p>\n<p>Das Format des spanischen Testaments unterscheidet sich im Allgemeinen von den in anderen L\u00e4ndern verwendeten; es ist in zwei Sprachen verfasst, von denen eine vom Unterzeichner perfekt verstanden wird, und in Spanisch; und was noch wichtiger ist, es muss von einem \u00f6ffentlichen Notar gepr\u00fcft und beglaubigt werden.\u00a0 Die Rolle dieser Rechtsfigur ist in Spanien von gr\u00f6sster Bedeutung. Die einfachste Art und Weise, ein spanisches Testament zu errichten, ist direkt vor Ort, in Spanien. Es kann auch im Ausland unter Inanspruchnahme der Dienste eines ausl\u00e4ndischen Notars errichtet werden, was jedoch den Prozess der Registrierung des Testaments beim Zentralregister erheblich erschwert.<\/p>\n<p>Wir k\u00f6nnen Ihnen w\u00e4hrend des gesamten Prozesses der Planung Ihres spanischen Verm\u00e4chtnisses und der Abfassung eines Testaments, in beiden Sprachen, entsprechend Ihren Erwartungen, alle erforderliche Unterst\u00fctzung anbieten. Ein enger und freundlicher Service, wir begleiten Sie zu dem f\u00fcr die Unterzeichnung dieses wichtigen Dokuments vorgesehenen Termin, in die R\u00e4umlichkeiten des Notars, um die Interessen Ihrer geliebten Menschen so effizient wie m\u00f6glich zu sch\u00fctzen.<\/p>\n<\/div><div class=\"fusion-clearfix\"><\/div><\/div><\/div><\/div><\/div><div class=\"fusion-fullwidth fullwidth-box fusion-builder-row-12 nonhundred-percent-fullwidth non-hundred-percent-height-scrolling\"  style='background-color: rgba(255,255,255,0);background-position: center center;background-repeat: no-repeat;padding-top:0px;padding-right:0px;padding-bottom:0px;padding-left:0px;'><div class=\"fusion-builder-row fusion-row \"><div  class=\"fusion-layout-column fusion_builder_column fusion_builder_column_1_3 fusion-builder-column-19 fusion-one-third fusion-column-first 1_3\"  style='margin-top:0px;margin-bottom:20px;width:33.33%;width:calc(33.33% - ( ( 4% + 4% ) * 0.3333 ) );margin-right: 4%;'><div class=\"fusion-column-wrapper\" style=\"padding: 0px 0px 0px 0px;background-position:left top;background-repeat:no-repeat;-webkit-background-size:cover;-moz-background-size:cover;-o-background-size:cover;background-size:cover;\"   data-bg-url=\"\"><div class=\"fusion-button-wrapper fusion-aligncenter\"><style type=\"text\/css\">.fusion-button.button-13 {border-radius:4px;}<\/style><a class=\"fusion-button button-flat fusion-button-default-size button-default button-13 fusion-button-default-span fusion-button-default-type\" target=\"_self\" href=\"\/wills\/\"><span class=\"fusion-button-text\">Testamente<\/span><\/a><\/div><div class=\"fusion-text\"><p style=\"text-align: center;\">Ausgehend von der Tatsache, dass das Erbrecht von Land zu Land unterschiedlich ist, ist es wichtig, gewisse Nuancen in Bezug auf die Notwendigkeit der Testamentsunterzeichnung in Spanien zu erl\u00e4utern.<\/p>\n<\/div><div class=\"fusion-clearfix\"><\/div><\/div><\/div><div  class=\"fusion-layout-column fusion_builder_column fusion_builder_column_1_3 fusion-builder-column-20 fusion-one-third 1_3\"  style='margin-top:0px;margin-bottom:20px;width:33.33%;width:calc(33.33% - ( ( 4% + 4% ) * 0.3333 ) );margin-right: 4%;'><div class=\"fusion-column-wrapper\" style=\"padding: 0px 0px 0px 0px;background-position:left top;background-repeat:no-repeat;-webkit-background-size:cover;-moz-background-size:cover;-o-background-size:cover;background-size:cover;\"   data-bg-url=\"\"><div class=\"fusion-button-wrapper fusion-aligncenter\"><style type=\"text\/css\">.fusion-button.button-14 {border-radius:4px;}<\/style><a class=\"fusion-button button-flat fusion-button-default-size button-default button-14 fusion-button-default-span fusion-button-default-type\" target=\"_self\" href=\"\/power-of-attorney\/\"><span class=\"fusion-button-text\">Vollmacht<\/span><\/a><\/div><div class=\"fusion-text\"><p style=\"text-align: center;\">Eine Vollmacht ist eine formelle schriftliche Bevollm\u00e4chtigung, mit der eine Person (der Vollmachtgeber) einer anderen Person (dem Anwalt oder Bevollm\u00e4chtigten) die Befugnis erteilt, in ihrem Namen und Auftrag zu handeln.<\/p>\n<\/div><div class=\"fusion-clearfix\"><\/div><\/div><\/div><div  class=\"fusion-layout-column fusion_builder_column fusion_builder_column_1_3 fusion-builder-column-21 fusion-one-third fusion-column-last 1_3\"  style='margin-top:0px;margin-bottom:20px;width:33.33%;width:calc(33.33% - ( ( 4% + 4% ) * 0.3333 ) );'><div class=\"fusion-column-wrapper\" style=\"padding: 0px 0px 0px 0px;background-position:left top;background-repeat:no-repeat;-webkit-background-size:cover;-moz-background-size:cover;-o-background-size:cover;background-size:cover;\"   data-bg-url=\"\"><div class=\"fusion-button-wrapper fusion-aligncenter\"><style type=\"text\/css\">.fusion-button.button-15 {border-radius:4px;}<\/style><a class=\"fusion-button button-flat fusion-button-default-size button-default button-15 fusion-button-default-span fusion-button-default-type\" target=\"_self\" href=\"\/apostill\/\"><span class=\"fusion-button-text\">Apostille<\/span><\/a><\/div><div class=\"fusion-text\"><p style=\"text-align: center;\">Wenn jemand an einem (gerichtlichen oder au\u00dfergerichtlichen) internationalen Rechtsverfahren beteiligt ist, muss er bedenken, dass er in den meisten F\u00e4llen Dokumente \"validieren\" muss, die im Ausland verwendet werden sollen.<\/p>\n<\/div><div class=\"fusion-clearfix\"><\/div><\/div><\/div><\/div><\/div><style type=\"text\/css\">.fusion-fullwidth.fusion-builder-row-12 a:not(.fusion-button):not(.fusion-builder-module-control):not(.fusion-social-network-icon):not(.fb-icon-element):not(.fusion-countdown-link):not(.fusion-rollover-link):not(.fusion-rollover-gallery):not(.fusion-button-bar):not(.add_to_cart_button):not(.show_details_button):not(.product_type_external):not(.fusion-quick-view):not(.fusion-rollover-title-link):not(.fusion-breadcrumb-link) , .fusion-fullwidth.fusion-builder-row-12 a:not(.fusion-button):not(.fusion-builder-module-control):not(.fusion-social-network-icon):not(.fb-icon-element):not(.fusion-countdown-link):not(.fusion-rollover-link):not(.fusion-rollover-gallery):not(.fusion-button-bar):not(.add_to_cart_button):not(.show_details_button):not(.product_type_external):not(.fusion-quick-view):not(.fusion-rollover-title-link):not(.fusion-breadcrumb-link):before, .fusion-fullwidth.fusion-builder-row-12 a:not(.fusion-button):not(.fusion-builder-module-control):not(.fusion-social-network-icon):not(.fb-icon-element):not(.fusion-countdown-link):not(.fusion-rollover-link):not(.fusion-rollover-gallery):not(.fusion-button-bar):not(.add_to_cart_button):not(.show_details_button):not(.product_type_external):not(.fusion-quick-view):not(.fusion-rollover-title-link):not(.fusion-breadcrumb-link):after {color: #212934;}.fusion-fullwidth.fusion-builder-row-12 a:not(.fusion-button):not(.fusion-builder-module-control):not(.fusion-social-network-icon):not(.fb-icon-element):not(.fusion-countdown-link):not(.fusion-rollover-link):not(.fusion-rollover-gallery):not(.fusion-button-bar):not(.add_to_cart_button):not(.show_details_button):not(.product_type_external):not(.fusion-quick-view):not(.fusion-rollover-title-link):not(.fusion-breadcrumb-link):hover, .fusion-fullwidth.fusion-builder-row-12 a:not(.fusion-button):not(.fusion-builder-module-control):not(.fusion-social-network-icon):not(.fb-icon-element):not(.fusion-countdown-link):not(.fusion-rollover-link):not(.fusion-rollover-gallery):not(.fusion-button-bar):not(.add_to_cart_button):not(.show_details_button):not(.product_type_external):not(.fusion-quick-view):not(.fusion-rollover-title-link):not(.fusion-breadcrumb-link):hover:before, .fusion-fullwidth.fusion-builder-row-12 a:not(.fusion-button):not(.fusion-builder-module-control):not(.fusion-social-network-icon):not(.fb-icon-element):not(.fusion-countdown-link):not(.fusion-rollover-link):not(.fusion-rollover-gallery):not(.fusion-button-bar):not(.add_to_cart_button):not(.show_details_button):not(.product_type_external):not(.fusion-quick-view):not(.fusion-rollover-title-link):not(.fusion-breadcrumb-link):hover:after {color: #549f97;}.fusion-fullwidth.fusion-builder-row-12 .pagination a.inactive:hover, .fusion-fullwidth.fusion-builder-row-12 .fusion-filters .fusion-filter.fusion-active a {border-color: #549f97;}.fusion-fullwidth.fusion-builder-row-12 .pagination .current {border-color: #549f97; background-color: #549f97;}.fusion-fullwidth.fusion-builder-row-12 .fusion-filters .fusion-filter.fusion-active a, .fusion-fullwidth.fusion-builder-row-12 .fusion-date-and-formats .fusion-format-box, .fusion-fullwidth.fusion-builder-row-12 .fusion-popover, .fusion-fullwidth.fusion-builder-row-12 .tooltip-shortcode {color: #549f97;}#main .fusion-fullwidth.fusion-builder-row-12 .post .blog-shortcode-post-title a:hover {color: #549f97;}<\/style>","protected":false},"excerpt":{"rendered":"","protected":false},"author":4,"featured_media":0,"parent":0,"menu_order":0,"comment_status":"closed","ping_status":"closed","template":"","meta":{"footnotes":""},"class_list":["post-2615","page","type-page","status-publish","hentry"],"yoast_head":"<!-- This site is optimized with the Yoast SEO plugin v24.1 - https:\/\/yoast.com\/wordpress\/plugins\/seo\/ -->\n<title><\/title>\n<meta name=\"robots\" content=\"index, follow, max-snippet:-1, max-image-preview:large, max-video-preview:-1\" \/>\n<link rel=\"canonical\" href=\"https:\/\/lialawyers.com\/wills\/\" \/>\n<meta property=\"og:locale\" content=\"de_DE\" \/>\n<meta property=\"og:type\" content=\"article\" \/>\n<meta property=\"og:title\" content=\"[:es]Testamentos[:en]Wills[:fr]TESTAMENTS[:] - LIA\" \/>\n<meta property=\"og:url\" content=\"https:\/\/lialawyers.com\/wills\/\" \/>\n<meta property=\"og:site_name\" content=\"LIA\" \/>\n<meta property=\"article:modified_time\" content=\"2024-12-20T17:36:52+00:00\" \/>\n<meta property=\"og:image\" content=\"https:\/\/lialawyers.com\/wp-content\/uploads\/2020\/10\/logo_og_image.png\" \/>\n\t<meta property=\"og:image:width\" content=\"1200\" \/>\n\t<meta property=\"og:image:height\" content=\"628\" \/>\n\t<meta property=\"og:image:type\" content=\"image\/png\" \/>\n<meta name=\"twitter:card\" content=\"summary_large_image\" \/>\n<meta name=\"twitter:label1\" content=\"Gesch\u00e4tzte Lesezeit\" \/>\n\t<meta name=\"twitter:data1\" content=\"62\u00a0Minuten\" \/>\n<script type=\"application\/ld+json\" class=\"yoast-schema-graph\">{\"@context\":\"https:\/\/schema.org\",\"@graph\":[{\"@type\":\"WebPage\",\"@id\":\"https:\/\/lialawyers.com\/wills\/\",\"url\":\"https:\/\/lialawyers.com\/wills\/\",\"name\":\"[:es]Testamentos[:en]Wills[:fr]TESTAMENTS[:] - LIA\",\"isPartOf\":{\"@id\":\"https:\/\/lialawyers.com\/de\/#website\"},\"datePublished\":\"2020-09-08T12:23:52+00:00\",\"dateModified\":\"2024-12-20T17:36:52+00:00\",\"breadcrumb\":{\"@id\":\"https:\/\/lialawyers.com\/wills\/#breadcrumb\"},\"inLanguage\":\"de\",\"potentialAction\":[{\"@type\":\"ReadAction\",\"target\":[\"https:\/\/lialawyers.com\/wills\/\"]}]},{\"@type\":\"BreadcrumbList\",\"@id\":\"https:\/\/lialawyers.com\/wills\/#breadcrumb\",\"itemListElement\":[{\"@type\":\"ListItem\",\"position\":1,\"name\":\"Home\",\"item\":\"https:\/\/lialawyers.com\/\"},{\"@type\":\"ListItem\",\"position\":2,\"name\":\"Testamentos\"}]},{\"@type\":\"WebSite\",\"@id\":\"https:\/\/lialawyers.com\/de\/#website\",\"url\":\"https:\/\/lialawyers.com\/de\/\",\"name\":\"LIA\",\"description\":\"Law Inheritance Advisors\",\"publisher\":{\"@id\":\"https:\/\/lialawyers.com\/de\/#organization\"},\"potentialAction\":[{\"@type\":\"SearchAction\",\"target\":{\"@type\":\"EntryPoint\",\"urlTemplate\":\"https:\/\/lialawyers.com\/de\/?s={search_term_string}\"},\"query-input\":{\"@type\":\"PropertyValueSpecification\",\"valueRequired\":true,\"valueName\":\"search_term_string\"}}],\"inLanguage\":\"de\"},{\"@type\":\"Organization\",\"@id\":\"https:\/\/lialawyers.com\/de\/#organization\",\"name\":\"Lia Lawyers\",\"url\":\"https:\/\/lialawyers.com\/de\/\",\"logo\":{\"@type\":\"ImageObject\",\"inLanguage\":\"de\",\"@id\":\"https:\/\/lialawyers.com\/de\/#\/schema\/logo\/image\/\",\"url\":\"https:\/\/lialawyers.com\/wp-content\/uploads\/2020\/10\/logo_og_image.png\",\"contentUrl\":\"https:\/\/lialawyers.com\/wp-content\/uploads\/2020\/10\/logo_og_image.png\",\"width\":1200,\"height\":628,\"caption\":\"Lia Lawyers\"},\"image\":{\"@id\":\"https:\/\/lialawyers.com\/de\/#\/schema\/logo\/image\/\"}}]}<\/script>\n<!-- \/ Yoast SEO plugin. -->","yoast_head_json":{"title":"[:es]Testamentos[:en]Wills[:fr]TESTAMENTS[:] - LIA","robots":{"index":"index","follow":"follow","max-snippet":"max-snippet:-1","max-image-preview":"max-image-preview:large","max-video-preview":"max-video-preview:-1"},"canonical":"https:\/\/lialawyers.com\/wills\/","og_locale":"de_DE","og_type":"article","og_title":"[:es]Testamentos[:en]Wills[:fr]TESTAMENTS[:] - LIA","og_url":"https:\/\/lialawyers.com\/wills\/","og_site_name":"LIA","article_modified_time":"2024-12-20T17:36:52+00:00","og_image":[{"width":1200,"height":628,"url":"https:\/\/lialawyers.com\/wp-content\/uploads\/2020\/10\/logo_og_image.png","type":"image\/png"}],"twitter_card":"summary_large_image","twitter_misc":{"Gesch\u00e4tzte Lesezeit":"62\u00a0Minuten"},"schema":{"@context":"https:\/\/schema.org","@graph":[{"@type":"WebPage","@id":"https:\/\/lialawyers.com\/wills\/","url":"https:\/\/lialawyers.com\/wills\/","name":"[:es]Testamentos[:en]Wills[:fr]TESTAMENTS[:] - LIA","isPartOf":{"@id":"https:\/\/lialawyers.com\/de\/#website"},"datePublished":"2020-09-08T12:23:52+00:00","dateModified":"2024-12-20T17:36:52+00:00","breadcrumb":{"@id":"https:\/\/lialawyers.com\/wills\/#breadcrumb"},"inLanguage":"de","potentialAction":[{"@type":"ReadAction","target":["https:\/\/lialawyers.com\/wills\/"]}]},{"@type":"BreadcrumbList","@id":"https:\/\/lialawyers.com\/wills\/#breadcrumb","itemListElement":[{"@type":"ListItem","position":1,"name":"Home","item":"https:\/\/lialawyers.com\/"},{"@type":"ListItem","position":2,"name":"Testamentos"}]},{"@type":"WebSite","@id":"https:\/\/lialawyers.com\/de\/#website","url":"https:\/\/lialawyers.com\/de\/","name":"LIA","description":"Law Inheritance Advisors","publisher":{"@id":"https:\/\/lialawyers.com\/de\/#organization"},"potentialAction":[{"@type":"SearchAction","target":{"@type":"EntryPoint","urlTemplate":"https:\/\/lialawyers.com\/de\/?s={search_term_string}"},"query-input":{"@type":"PropertyValueSpecification","valueRequired":true,"valueName":"search_term_string"}}],"inLanguage":"de"},{"@type":"Organization","@id":"https:\/\/lialawyers.com\/de\/#organization","name":"Lia Lawyers","url":"https:\/\/lialawyers.com\/de\/","logo":{"@type":"ImageObject","inLanguage":"de","@id":"https:\/\/lialawyers.com\/de\/#\/schema\/logo\/image\/","url":"https:\/\/lialawyers.com\/wp-content\/uploads\/2020\/10\/logo_og_image.png","contentUrl":"https:\/\/lialawyers.com\/wp-content\/uploads\/2020\/10\/logo_og_image.png","width":1200,"height":628,"caption":"Lia Lawyers"},"image":{"@id":"https:\/\/lialawyers.com\/de\/#\/schema\/logo\/image\/"}}]}},"_links":{"self":[{"href":"https:\/\/lialawyers.com\/de\/wp-json\/wp\/v2\/pages\/2615","targetHints":{"allow":["GET"]}}],"collection":[{"href":"https:\/\/lialawyers.com\/de\/wp-json\/wp\/v2\/pages"}],"about":[{"href":"https:\/\/lialawyers.com\/de\/wp-json\/wp\/v2\/types\/page"}],"author":[{"embeddable":true,"href":"https:\/\/lialawyers.com\/de\/wp-json\/wp\/v2\/users\/4"}],"replies":[{"embeddable":true,"href":"https:\/\/lialawyers.com\/de\/wp-json\/wp\/v2\/comments?post=2615"}],"version-history":[{"count":22,"href":"https:\/\/lialawyers.com\/de\/wp-json\/wp\/v2\/pages\/2615\/revisions"}],"predecessor-version":[{"id":2951,"href":"https:\/\/lialawyers.com\/de\/wp-json\/wp\/v2\/pages\/2615\/revisions\/2951"}],"wp:attachment":[{"href":"https:\/\/lialawyers.com\/de\/wp-json\/wp\/v2\/media?parent=2615"}],"curies":[{"name":"wp","href":"https:\/\/api.w.org\/{rel}","templated":true}]}}