{"id":2618,"date":"2020-09-08T13:28:20","date_gmt":"2020-09-08T12:28:20","guid":{"rendered":"http:\/\/lialawyers.com\/?page_id=2618"},"modified":"2024-12-20T17:36:49","modified_gmt":"2024-12-20T17:36:49","slug":"power-of-attorney","status":"publish","type":"page","link":"https:\/\/lialawyers.com\/de\/power-of-attorney\/","title":{"rendered":"(Espa\u00f1ol) Apoderamientos"},"content":{"rendered":"<div class=\"fusion-fullwidth fullwidth-box fusion-builder-row-9 nonhundred-percent-fullwidth non-hundred-percent-height-scrolling\"  style='background-color: rgba(255,255,255,0);background-position: center center;background-repeat: no-repeat;padding-top:0px;padding-right:0px;padding-bottom:0px;padding-left:0px;'><div class=\"fusion-builder-row fusion-row \"><div  class=\"fusion-layout-column fusion_builder_column fusion_builder_column_1_1 fusion-builder-column-16 fusion-one-full fusion-column-first fusion-column-last 1_1\"  style='margin-top:0px;margin-bottom:0px;'><div class=\"fusion-column-wrapper\" style=\"padding: 0px 0px 0px 0px;background-position:left top;background-repeat:no-repeat;-webkit-background-size:cover;-moz-background-size:cover;-o-background-size:cover;background-size:cover;\"   data-bg-url=\"\"><style type=\"text\/css\">@media only screen and (max-width:800px) {.fusion-title.fusion-title-5{margin-top:10px!important;margin-bottom:10px!important;}}<\/style><div class=\"fusion-title title fusion-title-5 fusion-title-text fusion-title-size-one\" style=\"margin-top:10px;margin-bottom:15px;\"><h1 class=\"title-heading-left\" style=\"margin:0;\">Vollmacht<\/h1><div class=\"title-sep-container\"><div class=\"title-sep sep-double sep-solid\" style=\"border-color:#e2e2e2;\"><\/div><\/div><\/div><div class=\"fusion-text\"><p>Eine Vollmacht ist eine formelle schriftliche Bevollm\u00e4chtigung, mit der eine Person (der Vollmachtgeber) einer anderen Person (dem Anwalt oder Bevollm\u00e4chtigten) die Befugnis erteilt, in ihrem Namen und Auftrag zu handeln. Diese ist ein n\u00fctzliches Instrument, in einer Reihe von Situationen, in denen Sie nicht anwesend sein k\u00f6nnen, um \u00fcber eine gro\u00dfe Vielfalt von Angelegenheiten - pers\u00f6nliche, gesellschaftsrechtliche, kommerzielle, administrative, rechtliche usw. - zu entscheiden, sie zu genehmigen oder Dokumente zu unterzeichnen; daher ist diese eine praktische und \u00fcbliche Methode, um Handlungen zu delegieren. Im Allgemeinen ist der Bevollm\u00e4chtigte mit der Vollmacht rechtlich befugt, im Namen des Vollmachtgebers Handlungen vorzunehmen, die f\u00fcr ihn rechtliche Folgen haben k\u00f6nnten. In Spanien muss diese Art von Rechtsdokument von einem \u00f6ffentlichen Notar autorisiert und beglaubigt werden, der sicherstellt, dass der Vollmachtgeber den Inhalt und die sp\u00e4teren Auswirkungen des vor ihm ausgefertigten Dokuments kennt und versteht.<\/p>\n<p>Jede Vollmacht ist entsprechend den Erfordernissen, f\u00fcr die sie bestimmt ist, und den zu delegierenden Fakult\u00e4ten abzufassen. Sie sollte sorgf\u00e4ltig erwogen und auf die pers\u00f6nlichen Umst\u00e4nde zugeschnitten werden, wobei in einigen F\u00e4llen die Erteilung eines breiteren Spektrums von Befugnissen und auch die Art und Weise, wie der Anwalt m\u00f6glicherweise mit beteiligten Dritten interagieren muss, zu pr\u00fcfen sind, um auf diese Weise einen umfassenderen Vertretungsumfang zu erm\u00f6glichen. Es ist besonders wichtig, dass Sie sich der Befugnisse, die Sie erteilen, voll bewusst sind und sie verstehen, da alle Arten von Entscheidungen in Ihrem Namen von einer anderen Person getroffen werden, der Sie vertrauen m\u00fcssen. Vollmachten k\u00f6nnen eingeschr\u00e4nkt oder uneingeschr\u00e4nkt und zeitlich begrenzt oder unbegrenzt sein.<\/p>\n<p>Eine Vollmacht ist nur g\u00fcltig, wenn Sie bei ihrer Unterzeichnung gesch\u00e4ftsf\u00e4hig sind. Denken Sie daran, dass diese jederzeit widerrufen werden kann. Diese Annullierung sollte schriftlich erfolgen, notariell beglaubigt und dem Bevollm\u00e4chtigten und allen anderen Dritten, mit denen er in Kontakt oder involviert gewesen sein k\u00f6nnte (z.B. Ihrer Bank), zugestellt werden.<\/p>\n<p>Wir von Lia Law Independent Advisors k\u00f6nnen Sie bei der Unterzeichnung einer Vollmacht in Spanien, die den spanischen Vorschriften entspricht, und vor einem \u00f6ffentlichen Notar beraten und unterst\u00fctzen. Dar\u00fcber hinaus k\u00f6nnen wir Ihnen helfen, dieses Dokument auch in Ihrem Heimatland zu formalisieren, damit es in Spanien g\u00fcltig ist, indem wir Ihnen den spezifischen Inhalt des Dokuments in beiden Sprachen und sehr detaillierte Anweisungen f\u00fcr die Beglaubigung- und Legalisierungsformalit\u00e4ten zur Verf\u00fcgung stellen.<\/p>\n<p>Wir sind stolz darauf, stets einen dynamischen und sehr effizienten Service anzubieten.<\/p>\n<\/div><div class=\"fusion-clearfix\"><\/div><\/div><\/div><\/div><\/div><div class=\"fusion-fullwidth fullwidth-box fusion-builder-row-10 nonhundred-percent-fullwidth non-hundred-percent-height-scrolling\"  style='background-color: rgba(255,255,255,0);background-position: center center;background-repeat: no-repeat;padding-top:0px;padding-right:0px;padding-bottom:0px;padding-left:0px;'><div class=\"fusion-builder-row fusion-row \"><div  class=\"fusion-layout-column fusion_builder_column fusion_builder_column_1_3 fusion-builder-column-17 fusion-one-third fusion-column-first 1_3\"  style='margin-top:0px;margin-bottom:20px;width:33.33%;width:calc(33.33% - ( ( 4% + 4% ) * 0.3333 ) );margin-right: 4%;'><div class=\"fusion-column-wrapper\" style=\"padding: 0px 0px 0px 0px;background-position:left top;background-repeat:no-repeat;-webkit-background-size:cover;-moz-background-size:cover;-o-background-size:cover;background-size:cover;\"   data-bg-url=\"\"><div class=\"fusion-button-wrapper fusion-aligncenter\"><style type=\"text\/css\">.fusion-button.button-13 {border-radius:4px;}<\/style><a class=\"fusion-button button-flat fusion-button-default-size button-default button-13 fusion-button-default-span fusion-button-default-type\" target=\"_self\" href=\"\/wills\/\"><span class=\"fusion-button-text\">Testamente<\/span><\/a><\/div><div class=\"fusion-text\"><p style=\"text-align: center;\">Ausgehend von der Tatsache, dass das Erbrecht von Land zu Land unterschiedlich ist, ist es wichtig, gewisse Nuancen in Bezug auf die Notwendigkeit der Testamentsunterzeichnung in Spanien zu erl\u00e4utern.<\/p>\n<\/div><div class=\"fusion-clearfix\"><\/div><\/div><\/div><div  class=\"fusion-layout-column fusion_builder_column fusion_builder_column_1_3 fusion-builder-column-18 fusion-one-third 1_3\"  style='margin-top:0px;margin-bottom:20px;width:33.33%;width:calc(33.33% - ( ( 4% + 4% ) * 0.3333 ) );margin-right: 4%;'><div class=\"fusion-column-wrapper\" style=\"padding: 0px 0px 0px 0px;background-position:left top;background-repeat:no-repeat;-webkit-background-size:cover;-moz-background-size:cover;-o-background-size:cover;background-size:cover;\"   data-bg-url=\"\"><div class=\"fusion-button-wrapper fusion-aligncenter\"><style type=\"text\/css\">.fusion-button.button-14 {border-radius:4px;}<\/style><a class=\"fusion-button button-flat fusion-button-default-size button-default button-14 fusion-button-default-span fusion-button-default-type\" target=\"_self\" href=\"\/power-of-attorney\/\"><span class=\"fusion-button-text\">Vollmacht<\/span><\/a><\/div><div class=\"fusion-text\"><p style=\"text-align: center;\">Eine Vollmacht ist eine formelle schriftliche Bevollm\u00e4chtigung, mit der eine Person (der Vollmachtgeber) einer anderen Person (dem Anwalt oder Bevollm\u00e4chtigten) die Befugnis erteilt, in ihrem Namen und Auftrag zu handeln.<\/p>\n<\/div><div class=\"fusion-clearfix\"><\/div><\/div><\/div><div  class=\"fusion-layout-column fusion_builder_column fusion_builder_column_1_3 fusion-builder-column-19 fusion-one-third fusion-column-last 1_3\"  style='margin-top:0px;margin-bottom:20px;width:33.33%;width:calc(33.33% - ( ( 4% + 4% ) * 0.3333 ) );'><div class=\"fusion-column-wrapper\" style=\"padding: 0px 0px 0px 0px;background-position:left top;background-repeat:no-repeat;-webkit-background-size:cover;-moz-background-size:cover;-o-background-size:cover;background-size:cover;\"   data-bg-url=\"\"><div class=\"fusion-button-wrapper fusion-aligncenter\"><style type=\"text\/css\">.fusion-button.button-15 {border-radius:4px;}<\/style><a class=\"fusion-button button-flat fusion-button-default-size button-default button-15 fusion-button-default-span fusion-button-default-type\" target=\"_self\" href=\"\/apostill\/\"><span class=\"fusion-button-text\">Apostille<\/span><\/a><\/div><div class=\"fusion-text\"><p style=\"text-align: center;\">Wenn jemand an einem (gerichtlichen oder au\u00dfergerichtlichen) internationalen Rechtsverfahren beteiligt ist, muss er bedenken, dass er in den meisten F\u00e4llen Dokumente \"validieren\" muss, die im Ausland verwendet werden sollen.<\/p>\n<\/div><div class=\"fusion-clearfix\"><\/div><\/div><\/div><\/div><\/div><style type=\"text\/css\">.fusion-fullwidth.fusion-builder-row-10 a:not(.fusion-button):not(.fusion-builder-module-control):not(.fusion-social-network-icon):not(.fb-icon-element):not(.fusion-countdown-link):not(.fusion-rollover-link):not(.fusion-rollover-gallery):not(.fusion-button-bar):not(.add_to_cart_button):not(.show_details_button):not(.product_type_external):not(.fusion-quick-view):not(.fusion-rollover-title-link):not(.fusion-breadcrumb-link) , .fusion-fullwidth.fusion-builder-row-10 a:not(.fusion-button):not(.fusion-builder-module-control):not(.fusion-social-network-icon):not(.fb-icon-element):not(.fusion-countdown-link):not(.fusion-rollover-link):not(.fusion-rollover-gallery):not(.fusion-button-bar):not(.add_to_cart_button):not(.show_details_button):not(.product_type_external):not(.fusion-quick-view):not(.fusion-rollover-title-link):not(.fusion-breadcrumb-link):before, .fusion-fullwidth.fusion-builder-row-10 a:not(.fusion-button):not(.fusion-builder-module-control):not(.fusion-social-network-icon):not(.fb-icon-element):not(.fusion-countdown-link):not(.fusion-rollover-link):not(.fusion-rollover-gallery):not(.fusion-button-bar):not(.add_to_cart_button):not(.show_details_button):not(.product_type_external):not(.fusion-quick-view):not(.fusion-rollover-title-link):not(.fusion-breadcrumb-link):after {color: #212934;}.fusion-fullwidth.fusion-builder-row-10 a:not(.fusion-button):not(.fusion-builder-module-control):not(.fusion-social-network-icon):not(.fb-icon-element):not(.fusion-countdown-link):not(.fusion-rollover-link):not(.fusion-rollover-gallery):not(.fusion-button-bar):not(.add_to_cart_button):not(.show_details_button):not(.product_type_external):not(.fusion-quick-view):not(.fusion-rollover-title-link):not(.fusion-breadcrumb-link):hover, .fusion-fullwidth.fusion-builder-row-10 a:not(.fusion-button):not(.fusion-builder-module-control):not(.fusion-social-network-icon):not(.fb-icon-element):not(.fusion-countdown-link):not(.fusion-rollover-link):not(.fusion-rollover-gallery):not(.fusion-button-bar):not(.add_to_cart_button):not(.show_details_button):not(.product_type_external):not(.fusion-quick-view):not(.fusion-rollover-title-link):not(.fusion-breadcrumb-link):hover:before, .fusion-fullwidth.fusion-builder-row-10 a:not(.fusion-button):not(.fusion-builder-module-control):not(.fusion-social-network-icon):not(.fb-icon-element):not(.fusion-countdown-link):not(.fusion-rollover-link):not(.fusion-rollover-gallery):not(.fusion-button-bar):not(.add_to_cart_button):not(.show_details_button):not(.product_type_external):not(.fusion-quick-view):not(.fusion-rollover-title-link):not(.fusion-breadcrumb-link):hover:after {color: #549f97;}.fusion-fullwidth.fusion-builder-row-10 .pagination a.inactive:hover, .fusion-fullwidth.fusion-builder-row-10 .fusion-filters .fusion-filter.fusion-active a {border-color: #549f97;}.fusion-fullwidth.fusion-builder-row-10 .pagination .current {border-color: #549f97; background-color: #549f97;}.fusion-fullwidth.fusion-builder-row-10 .fusion-filters .fusion-filter.fusion-active a, .fusion-fullwidth.fusion-builder-row-10 .fusion-date-and-formats .fusion-format-box, .fusion-fullwidth.fusion-builder-row-10 .fusion-popover, .fusion-fullwidth.fusion-builder-row-10 .tooltip-shortcode {color: #549f97;}#main .fusion-fullwidth.fusion-builder-row-10 .post .blog-shortcode-post-title a:hover {color: #549f97;}<\/style>","protected":false},"excerpt":{"rendered":"","protected":false},"author":4,"featured_media":0,"parent":0,"menu_order":0,"comment_status":"closed","ping_status":"closed","template":"","meta":{"footnotes":""},"class_list":["post-2618","page","type-page","status-publish","hentry"],"yoast_head":"<!-- This site is optimized with the Yoast SEO plugin v24.1 - https:\/\/yoast.com\/wordpress\/plugins\/seo\/ -->\n<title><\/title>\n<meta name=\"robots\" content=\"index, follow, max-snippet:-1, max-image-preview:large, max-video-preview:-1\" \/>\n<link rel=\"canonical\" href=\"https:\/\/lialawyers.com\/power-of-attorney\/\" \/>\n<meta property=\"og:locale\" content=\"de_DE\" \/>\n<meta property=\"og:type\" content=\"article\" \/>\n<meta property=\"og:title\" content=\"[:es]Apoderamientos[:en]Power of attorney[:fr]PROCURATION[:] - LIA\" \/>\n<meta property=\"og:url\" content=\"https:\/\/lialawyers.com\/power-of-attorney\/\" \/>\n<meta property=\"og:site_name\" content=\"LIA\" \/>\n<meta property=\"article:modified_time\" content=\"2024-12-20T17:36:49+00:00\" \/>\n<meta property=\"og:image\" content=\"https:\/\/lialawyers.com\/wp-content\/uploads\/2020\/10\/logo_og_image.png\" \/>\n\t<meta property=\"og:image:width\" content=\"1200\" \/>\n\t<meta property=\"og:image:height\" content=\"628\" \/>\n\t<meta property=\"og:image:type\" content=\"image\/png\" \/>\n<meta name=\"twitter:card\" content=\"summary_large_image\" \/>\n<meta name=\"twitter:label1\" content=\"Gesch\u00e4tzte Lesezeit\" \/>\n\t<meta name=\"twitter:data1\" content=\"54\u00a0Minuten\" \/>\n<script type=\"application\/ld+json\" class=\"yoast-schema-graph\">{\"@context\":\"https:\/\/schema.org\",\"@graph\":[{\"@type\":\"WebPage\",\"@id\":\"https:\/\/lialawyers.com\/power-of-attorney\/\",\"url\":\"https:\/\/lialawyers.com\/power-of-attorney\/\",\"name\":\"[:es]Apoderamientos[:en]Power of attorney[:fr]PROCURATION[:] - LIA\",\"isPartOf\":{\"@id\":\"https:\/\/lialawyers.com\/de\/#website\"},\"datePublished\":\"2020-09-08T12:28:20+00:00\",\"dateModified\":\"2024-12-20T17:36:49+00:00\",\"breadcrumb\":{\"@id\":\"https:\/\/lialawyers.com\/power-of-attorney\/#breadcrumb\"},\"inLanguage\":\"de\",\"potentialAction\":[{\"@type\":\"ReadAction\",\"target\":[\"https:\/\/lialawyers.com\/power-of-attorney\/\"]}]},{\"@type\":\"BreadcrumbList\",\"@id\":\"https:\/\/lialawyers.com\/power-of-attorney\/#breadcrumb\",\"itemListElement\":[{\"@type\":\"ListItem\",\"position\":1,\"name\":\"Home\",\"item\":\"https:\/\/lialawyers.com\/\"},{\"@type\":\"ListItem\",\"position\":2,\"name\":\"Apoderamientos\"}]},{\"@type\":\"WebSite\",\"@id\":\"https:\/\/lialawyers.com\/de\/#website\",\"url\":\"https:\/\/lialawyers.com\/de\/\",\"name\":\"LIA\",\"description\":\"Law Inheritance Advisors\",\"publisher\":{\"@id\":\"https:\/\/lialawyers.com\/de\/#organization\"},\"potentialAction\":[{\"@type\":\"SearchAction\",\"target\":{\"@type\":\"EntryPoint\",\"urlTemplate\":\"https:\/\/lialawyers.com\/de\/?s={search_term_string}\"},\"query-input\":{\"@type\":\"PropertyValueSpecification\",\"valueRequired\":true,\"valueName\":\"search_term_string\"}}],\"inLanguage\":\"de\"},{\"@type\":\"Organization\",\"@id\":\"https:\/\/lialawyers.com\/de\/#organization\",\"name\":\"Lia Lawyers\",\"url\":\"https:\/\/lialawyers.com\/de\/\",\"logo\":{\"@type\":\"ImageObject\",\"inLanguage\":\"de\",\"@id\":\"https:\/\/lialawyers.com\/de\/#\/schema\/logo\/image\/\",\"url\":\"https:\/\/lialawyers.com\/wp-content\/uploads\/2020\/10\/logo_og_image.png\",\"contentUrl\":\"https:\/\/lialawyers.com\/wp-content\/uploads\/2020\/10\/logo_og_image.png\",\"width\":1200,\"height\":628,\"caption\":\"Lia Lawyers\"},\"image\":{\"@id\":\"https:\/\/lialawyers.com\/de\/#\/schema\/logo\/image\/\"}}]}<\/script>\n<!-- \/ Yoast SEO plugin. -->","yoast_head_json":{"title":"[:es]Apoderamientos[:en]Power of attorney[:fr]PROCURATION[:] - LIA","robots":{"index":"index","follow":"follow","max-snippet":"max-snippet:-1","max-image-preview":"max-image-preview:large","max-video-preview":"max-video-preview:-1"},"canonical":"https:\/\/lialawyers.com\/power-of-attorney\/","og_locale":"de_DE","og_type":"article","og_title":"[:es]Apoderamientos[:en]Power of attorney[:fr]PROCURATION[:] - LIA","og_url":"https:\/\/lialawyers.com\/power-of-attorney\/","og_site_name":"LIA","article_modified_time":"2024-12-20T17:36:49+00:00","og_image":[{"width":1200,"height":628,"url":"https:\/\/lialawyers.com\/wp-content\/uploads\/2020\/10\/logo_og_image.png","type":"image\/png"}],"twitter_card":"summary_large_image","twitter_misc":{"Gesch\u00e4tzte Lesezeit":"54\u00a0Minuten"},"schema":{"@context":"https:\/\/schema.org","@graph":[{"@type":"WebPage","@id":"https:\/\/lialawyers.com\/power-of-attorney\/","url":"https:\/\/lialawyers.com\/power-of-attorney\/","name":"[:es]Apoderamientos[:en]Power of attorney[:fr]PROCURATION[:] - LIA","isPartOf":{"@id":"https:\/\/lialawyers.com\/de\/#website"},"datePublished":"2020-09-08T12:28:20+00:00","dateModified":"2024-12-20T17:36:49+00:00","breadcrumb":{"@id":"https:\/\/lialawyers.com\/power-of-attorney\/#breadcrumb"},"inLanguage":"de","potentialAction":[{"@type":"ReadAction","target":["https:\/\/lialawyers.com\/power-of-attorney\/"]}]},{"@type":"BreadcrumbList","@id":"https:\/\/lialawyers.com\/power-of-attorney\/#breadcrumb","itemListElement":[{"@type":"ListItem","position":1,"name":"Home","item":"https:\/\/lialawyers.com\/"},{"@type":"ListItem","position":2,"name":"Apoderamientos"}]},{"@type":"WebSite","@id":"https:\/\/lialawyers.com\/de\/#website","url":"https:\/\/lialawyers.com\/de\/","name":"LIA","description":"Law Inheritance Advisors","publisher":{"@id":"https:\/\/lialawyers.com\/de\/#organization"},"potentialAction":[{"@type":"SearchAction","target":{"@type":"EntryPoint","urlTemplate":"https:\/\/lialawyers.com\/de\/?s={search_term_string}"},"query-input":{"@type":"PropertyValueSpecification","valueRequired":true,"valueName":"search_term_string"}}],"inLanguage":"de"},{"@type":"Organization","@id":"https:\/\/lialawyers.com\/de\/#organization","name":"Lia Lawyers","url":"https:\/\/lialawyers.com\/de\/","logo":{"@type":"ImageObject","inLanguage":"de","@id":"https:\/\/lialawyers.com\/de\/#\/schema\/logo\/image\/","url":"https:\/\/lialawyers.com\/wp-content\/uploads\/2020\/10\/logo_og_image.png","contentUrl":"https:\/\/lialawyers.com\/wp-content\/uploads\/2020\/10\/logo_og_image.png","width":1200,"height":628,"caption":"Lia Lawyers"},"image":{"@id":"https:\/\/lialawyers.com\/de\/#\/schema\/logo\/image\/"}}]}},"_links":{"self":[{"href":"https:\/\/lialawyers.com\/de\/wp-json\/wp\/v2\/pages\/2618","targetHints":{"allow":["GET"]}}],"collection":[{"href":"https:\/\/lialawyers.com\/de\/wp-json\/wp\/v2\/pages"}],"about":[{"href":"https:\/\/lialawyers.com\/de\/wp-json\/wp\/v2\/types\/page"}],"author":[{"embeddable":true,"href":"https:\/\/lialawyers.com\/de\/wp-json\/wp\/v2\/users\/4"}],"replies":[{"embeddable":true,"href":"https:\/\/lialawyers.com\/de\/wp-json\/wp\/v2\/comments?post=2618"}],"version-history":[{"count":24,"href":"https:\/\/lialawyers.com\/de\/wp-json\/wp\/v2\/pages\/2618\/revisions"}],"predecessor-version":[{"id":2950,"href":"https:\/\/lialawyers.com\/de\/wp-json\/wp\/v2\/pages\/2618\/revisions\/2950"}],"wp:attachment":[{"href":"https:\/\/lialawyers.com\/de\/wp-json\/wp\/v2\/media?parent=2618"}],"curies":[{"name":"wp","href":"https:\/\/api.w.org\/{rel}","templated":true}]}}