{"id":2778,"date":"2020-09-28T08:22:31","date_gmt":"2020-09-28T07:22:31","guid":{"rendered":"http:\/\/lialawyers.com\/?page_id=2778"},"modified":"2024-12-20T17:36:50","modified_gmt":"2024-12-20T17:36:50","slug":"nie","status":"publish","type":"page","link":"https:\/\/lialawyers.com\/de\/nie\/","title":{"rendered":"NIE UND RESIDENZ"},"content":{"rendered":"<div class=\"fusion-fullwidth fullwidth-box fusion-builder-row-7 nonhundred-percent-fullwidth non-hundred-percent-height-scrolling\"  style='background-color: rgba(255,255,255,0);background-position: center center;background-repeat: no-repeat;padding-top:0px;padding-right:0px;padding-bottom:0px;padding-left:0px;'><div class=\"fusion-builder-row fusion-row \"><div  class=\"fusion-layout-column fusion_builder_column fusion_builder_column_1_1 fusion-builder-column-6 fusion-one-full fusion-column-first fusion-column-last 1_1\"  style='margin-top:0px;margin-bottom:0px;'><div class=\"fusion-column-wrapper\" style=\"padding: 0px 0px 0px 0px;background-position:left top;background-repeat:no-repeat;-webkit-background-size:cover;-moz-background-size:cover;-o-background-size:cover;background-size:cover;\"   data-bg-url=\"\"><style type=\"text\/css\">@media only screen and (max-width:800px) {.fusion-title.fusion-title-5{margin-top:10px!important;margin-bottom:10px!important;}}<\/style><div class=\"fusion-title title fusion-title-5 fusion-title-text fusion-title-size-one\" style=\"margin-top:10px;margin-bottom:15px;\"><h1 class=\"title-heading-left\" style=\"margin:0;\">Nie und Residenz<\/h1><div class=\"title-sep-container\"><div class=\"title-sep sep-double sep-solid\" style=\"border-color:#e2e2e2;\"><\/div><\/div><\/div><div class=\"fusion-text\"><p>Bei der Behandlung dieses Themas ist es wichtig, den Unterschied zwischen N.I.E. und Residenz zu erkl\u00e4ren, da es durchaus \u00fcblich ist, das Akronym N.I.E. zu verwenden, um sich auf die \"Aufenthalts-bescheinigung oder -karte\" zu beziehen.<\/p>\n<p>Streng genommen ist die NIE (\"N\u00famero de Identificaci\u00f3n de Extranjeros\") eine Steuernummer, die heutzutage bei den Polizei\u00e4mtern erhalten und f\u00fcr \"Ausl\u00e4nder\" (mit oder ohne Wohnsitz in Spanien) von den Beh\u00f6rden ausgestellt wird, um ihnen zu erm\u00f6glichen, alle finanziellen, sozialen oder beruflichen Angelegenheiten in Spanien zu regeln. In ordnungsgem\u00e4\u00df nachgewiesenen, au\u00dfergew\u00f6hnlichen Umst\u00e4nden von Dringlichkeit k\u00f6nnte eine provisorische NIE-Nummer von den Finanzbeh\u00f6rden vergeben werden, aber die endg\u00fcltige Nummer wird immer von der Polizei vergeben. Die NIE-Nummer l\u00e4uft weder ab noch variiert sie, sie ist rechtlich gesehen kein Ausweisdokument und muss immer vom Reisepass oder Personalausweis des Herkunftslandes begleitet sein. Daher erlaubt es diese Nummer als solche nicht, in Spanien zu arbeiten oder sich dort aufzuhalten.<\/p>\n<p>Die Verwirrung r\u00fchrt wahrscheinlich daher, dass diese NIE-Nummer immer in der \"Residenz-karte\/Zertifikat\" erw\u00e4hnt wird, aber wie oben erl\u00e4utert, erhalten sowohl nicht ans\u00e4ssige als auch ans\u00e4ssige Ausl\u00e4nder eine NIE-Nummer, sobald der Antrag ordnungsgem\u00e4\u00df eingereicht und bearbeitet wurde.<\/p>\n<p>Das Antragsverfahren ist relativ einfach, aber das Timing ist ein entscheidender Faktor f\u00fcr die Vorbereitung und Abholung der Dokumentation, da t\u00e4glich nur sehr wenige Termine f\u00fcr Antr\u00e4ge vergeben werden. Es ist g\u00e4ngige Praxis, dem Rechtsanwalt Ihrer Wahl eine Vollmacht zu erteilen, um das Verfahren zu vereinfachen.<\/p>\n<p>Andererseits entsteht die Pflicht, sich als Resident zu registrieren, wenn Sie planen, l\u00e4nger als drei Monate in Spanien zu bleiben.\u00a0 Europ\u00e4er und B\u00fcrger aus dem europ\u00e4ischen Wirtschaftsraum (Norwegen, Liechtenstein und Island) haben die Freiheit zu wohnen, solange sie hier einen Arbeitsplatz haben oder finanziell in der Lage sind, ihren Lebensunterhalt zu bestreiten und nachweisen k\u00f6nnen, dass sie von einer privaten oder \u00f6ffentlichen Krankenversicherung profitieren. In der Praxis werden Sie als Teil der Unterlagen, die mit dem Antragsformular einzureichen sind, auch aufgefordert, Kontoausz\u00fcge Ihrer Konten vorzulegen, aus denen ein Minimum an regelm\u00e4\u00dfigen Kontobewegungen w\u00e4hrend einiger Monate und ein ausreichender Kontostand hervorgeht.<\/p>\n<p>Nicht-Europ\u00e4er, die beabsichtigen, sich in Spanien aufzuhalten, m\u00fcssen den Antragsprozess immer mit der Beantragung eines Visums f\u00fcr den Aufenthalt im Konsulat ihres Herkunftslandes beginnen, wobei spezifische Anforderungen im Voraus ber\u00fccksichtigt werden.<\/p>\n<p>Denken Sie daran, dass es einen gro\u00dfen Unterschied gibt zwischen einem Aufenthalt von mehr als drei Monaten in Spanien, der aus polizeilicher Sicht ein Resident ist, und der Tatsache, ein \"Steuerresident\" zu werden, was bedeutet, dass Sie Ihr weltweites Einkommen den spanischen Finanzbeh\u00f6rden (\"Agencia Tributaria\") melden m\u00fcssen; diese Haftung entsteht, wenn Ihr j\u00e4hrlicher Aufenthalt im Land mehr als 183 Tage betr\u00e4gt. Wir haben im Laufe der Jahre viele F\u00e4lle erlebt, in denen Personen, die sich als Residenten in Spanien angemeldet haben, hier ein Domizil hatten, aber nicht die Mindestdauer erreicht haben, die sie dazu verpflichtet, Steuerresidenten zu werden, und daher den Steuerstatus ihres Heimatlandes beibehalten haben, indem sie in Spanien nur die Steuern erkl\u00e4rten, die als Nicht-Residente Eigent\u00fcmer einer Immobilie oder von Immobilien in Kraft sind.<\/p>\n<p>Lia Law Independent Advisors f\u00fchrt Sie durch diese Art von Formalit\u00e4ten, unabh\u00e4ngig davon, ob Sie zum ersten Mal vor\u00fcbergehend in Spanien leben oder ob Sie beabsichtigen, Ihren Wohnsitz zu formalisieren. Unser Service ist stets bestrebt, dynamisch und effizient zu sein und den Prozess f\u00fcr Sie m\u00fchelos zu gestalten.<\/p>\n<\/div><div class=\"fusion-clearfix\"><\/div><\/div><\/div><\/div><\/div><div class=\"fusion-fullwidth fullwidth-box fusion-builder-row-8 nonhundred-percent-fullwidth non-hundred-percent-height-scrolling\"  style='background-color: rgba(255,255,255,0);background-position: center center;background-repeat: no-repeat;padding-top:0px;padding-right:0px;padding-bottom:0px;padding-left:0px;'><div class=\"fusion-builder-row fusion-row \"><div  class=\"fusion-layout-column fusion_builder_column fusion_builder_column_1_1 fusion-builder-column-7 fusion-one-full fusion-column-first fusion-column-last 1_1\"  style='margin-top:0px;margin-bottom:0px;'><div class=\"fusion-column-wrapper\" style=\"padding: 0px 0px 0px 0px;background-position:left top;background-repeat:no-repeat;-webkit-background-size:cover;-moz-background-size:cover;-o-background-size:cover;background-size:cover;\"   data-bg-url=\"\"><div class=\"fusion-text\"><\/div><div class=\"fusion-clearfix\"><\/div><\/div><\/div><\/div><\/div>","protected":false},"excerpt":{"rendered":"","protected":false},"author":4,"featured_media":0,"parent":0,"menu_order":0,"comment_status":"closed","ping_status":"closed","template":"","meta":{"footnotes":""},"class_list":["post-2778","page","type-page","status-publish","hentry"],"yoast_head":"<!-- This site is optimized with the Yoast SEO plugin v24.1 - https:\/\/yoast.com\/wordpress\/plugins\/seo\/ -->\n<title>NIE UND RESIDENZ - LIA<\/title>\n<meta name=\"robots\" content=\"index, follow, max-snippet:-1, max-image-preview:large, max-video-preview:-1\" \/>\n<link rel=\"canonical\" href=\"https:\/\/lialawyers.com\/nie\/\" \/>\n<meta property=\"og:locale\" content=\"de_DE\" \/>\n<meta property=\"og:type\" content=\"article\" \/>\n<meta property=\"og:title\" content=\"[:es]Nie y Residencia[:en]Nie &amp; Residence[:de]NIE UND RESIDENZ[:] - LIA\" \/>\n<meta property=\"og:url\" content=\"https:\/\/lialawyers.com\/nie\/\" \/>\n<meta property=\"og:site_name\" content=\"LIA\" \/>\n<meta property=\"article:modified_time\" content=\"2024-12-20T17:36:50+00:00\" \/>\n<meta property=\"og:image\" content=\"https:\/\/lialawyers.com\/wp-content\/uploads\/2020\/10\/logo_og_image.png\" \/>\n\t<meta property=\"og:image:width\" content=\"1200\" \/>\n\t<meta property=\"og:image:height\" content=\"628\" \/>\n\t<meta property=\"og:image:type\" content=\"image\/png\" \/>\n<meta name=\"twitter:card\" content=\"summary_large_image\" \/>\n<meta name=\"twitter:label1\" content=\"Gesch\u00e4tzte Lesezeit\" \/>\n\t<meta name=\"twitter:data1\" content=\"29\u00a0Minuten\" \/>\n<script type=\"application\/ld+json\" class=\"yoast-schema-graph\">{\"@context\":\"https:\/\/schema.org\",\"@graph\":[{\"@type\":\"WebPage\",\"@id\":\"https:\/\/lialawyers.com\/nie\/\",\"url\":\"https:\/\/lialawyers.com\/nie\/\",\"name\":\"[:es]Nie y Residencia[:en]Nie & Residence[:de]NIE UND RESIDENZ[:] - LIA\",\"isPartOf\":{\"@id\":\"https:\/\/lialawyers.com\/de\/#website\"},\"datePublished\":\"2020-09-28T07:22:31+00:00\",\"dateModified\":\"2024-12-20T17:36:50+00:00\",\"breadcrumb\":{\"@id\":\"https:\/\/lialawyers.com\/nie\/#breadcrumb\"},\"inLanguage\":\"de\",\"potentialAction\":[{\"@type\":\"ReadAction\",\"target\":[\"https:\/\/lialawyers.com\/nie\/\"]}]},{\"@type\":\"BreadcrumbList\",\"@id\":\"https:\/\/lialawyers.com\/nie\/#breadcrumb\",\"itemListElement\":[{\"@type\":\"ListItem\",\"position\":1,\"name\":\"Home\",\"item\":\"https:\/\/lialawyers.com\/\"},{\"@type\":\"ListItem\",\"position\":2,\"name\":\"Nie y Residencia\"}]},{\"@type\":\"WebSite\",\"@id\":\"https:\/\/lialawyers.com\/de\/#website\",\"url\":\"https:\/\/lialawyers.com\/de\/\",\"name\":\"LIA\",\"description\":\"Law Inheritance Advisors\",\"publisher\":{\"@id\":\"https:\/\/lialawyers.com\/de\/#organization\"},\"potentialAction\":[{\"@type\":\"SearchAction\",\"target\":{\"@type\":\"EntryPoint\",\"urlTemplate\":\"https:\/\/lialawyers.com\/de\/?s={search_term_string}\"},\"query-input\":{\"@type\":\"PropertyValueSpecification\",\"valueRequired\":true,\"valueName\":\"search_term_string\"}}],\"inLanguage\":\"de\"},{\"@type\":\"Organization\",\"@id\":\"https:\/\/lialawyers.com\/de\/#organization\",\"name\":\"Lia Lawyers\",\"url\":\"https:\/\/lialawyers.com\/de\/\",\"logo\":{\"@type\":\"ImageObject\",\"inLanguage\":\"de\",\"@id\":\"https:\/\/lialawyers.com\/de\/#\/schema\/logo\/image\/\",\"url\":\"https:\/\/lialawyers.com\/wp-content\/uploads\/2020\/10\/logo_og_image.png\",\"contentUrl\":\"https:\/\/lialawyers.com\/wp-content\/uploads\/2020\/10\/logo_og_image.png\",\"width\":1200,\"height\":628,\"caption\":\"Lia Lawyers\"},\"image\":{\"@id\":\"https:\/\/lialawyers.com\/de\/#\/schema\/logo\/image\/\"}}]}<\/script>\n<!-- \/ Yoast SEO plugin. -->","yoast_head_json":{"title":"[:es]Nie y Residencia[:en]Nie & Residence[:de]NIE UND RESIDENZ[:] - LIA","robots":{"index":"index","follow":"follow","max-snippet":"max-snippet:-1","max-image-preview":"max-image-preview:large","max-video-preview":"max-video-preview:-1"},"canonical":"https:\/\/lialawyers.com\/nie\/","og_locale":"de_DE","og_type":"article","og_title":"[:es]Nie y Residencia[:en]Nie & Residence[:de]NIE UND RESIDENZ[:] - LIA","og_url":"https:\/\/lialawyers.com\/nie\/","og_site_name":"LIA","article_modified_time":"2024-12-20T17:36:50+00:00","og_image":[{"width":1200,"height":628,"url":"https:\/\/lialawyers.com\/wp-content\/uploads\/2020\/10\/logo_og_image.png","type":"image\/png"}],"twitter_card":"summary_large_image","twitter_misc":{"Gesch\u00e4tzte Lesezeit":"29\u00a0Minuten"},"schema":{"@context":"https:\/\/schema.org","@graph":[{"@type":"WebPage","@id":"https:\/\/lialawyers.com\/nie\/","url":"https:\/\/lialawyers.com\/nie\/","name":"[:es]Nie y Residencia[:en]Nie & Residence[:de]NIE UND RESIDENZ[:] - LIA","isPartOf":{"@id":"https:\/\/lialawyers.com\/de\/#website"},"datePublished":"2020-09-28T07:22:31+00:00","dateModified":"2024-12-20T17:36:50+00:00","breadcrumb":{"@id":"https:\/\/lialawyers.com\/nie\/#breadcrumb"},"inLanguage":"de","potentialAction":[{"@type":"ReadAction","target":["https:\/\/lialawyers.com\/nie\/"]}]},{"@type":"BreadcrumbList","@id":"https:\/\/lialawyers.com\/nie\/#breadcrumb","itemListElement":[{"@type":"ListItem","position":1,"name":"Home","item":"https:\/\/lialawyers.com\/"},{"@type":"ListItem","position":2,"name":"Nie y Residencia"}]},{"@type":"WebSite","@id":"https:\/\/lialawyers.com\/de\/#website","url":"https:\/\/lialawyers.com\/de\/","name":"LIA","description":"Law Inheritance Advisors","publisher":{"@id":"https:\/\/lialawyers.com\/de\/#organization"},"potentialAction":[{"@type":"SearchAction","target":{"@type":"EntryPoint","urlTemplate":"https:\/\/lialawyers.com\/de\/?s={search_term_string}"},"query-input":{"@type":"PropertyValueSpecification","valueRequired":true,"valueName":"search_term_string"}}],"inLanguage":"de"},{"@type":"Organization","@id":"https:\/\/lialawyers.com\/de\/#organization","name":"Lia Lawyers","url":"https:\/\/lialawyers.com\/de\/","logo":{"@type":"ImageObject","inLanguage":"de","@id":"https:\/\/lialawyers.com\/de\/#\/schema\/logo\/image\/","url":"https:\/\/lialawyers.com\/wp-content\/uploads\/2020\/10\/logo_og_image.png","contentUrl":"https:\/\/lialawyers.com\/wp-content\/uploads\/2020\/10\/logo_og_image.png","width":1200,"height":628,"caption":"Lia Lawyers"},"image":{"@id":"https:\/\/lialawyers.com\/de\/#\/schema\/logo\/image\/"}}]}},"_links":{"self":[{"href":"https:\/\/lialawyers.com\/de\/wp-json\/wp\/v2\/pages\/2778","targetHints":{"allow":["GET"]}}],"collection":[{"href":"https:\/\/lialawyers.com\/de\/wp-json\/wp\/v2\/pages"}],"about":[{"href":"https:\/\/lialawyers.com\/de\/wp-json\/wp\/v2\/types\/page"}],"author":[{"embeddable":true,"href":"https:\/\/lialawyers.com\/de\/wp-json\/wp\/v2\/users\/4"}],"replies":[{"embeddable":true,"href":"https:\/\/lialawyers.com\/de\/wp-json\/wp\/v2\/comments?post=2778"}],"version-history":[{"count":8,"href":"https:\/\/lialawyers.com\/de\/wp-json\/wp\/v2\/pages\/2778\/revisions"}],"predecessor-version":[{"id":2954,"href":"https:\/\/lialawyers.com\/de\/wp-json\/wp\/v2\/pages\/2778\/revisions\/2954"}],"wp:attachment":[{"href":"https:\/\/lialawyers.com\/de\/wp-json\/wp\/v2\/media?parent=2778"}],"curies":[{"name":"wp","href":"https:\/\/api.w.org\/{rel}","templated":true}]}}