{"id":2079,"date":"2016-10-18T18:12:02","date_gmt":"2016-10-18T17:12:02","guid":{"rendered":"http:\/\/lialawyers.com\/?page_id=2079"},"modified":"2025-11-03T16:27:00","modified_gmt":"2025-11-03T16:27:00","slug":"about-us","status":"publish","type":"page","link":"https:\/\/lialawyers.com\/es\/about-us\/","title":{"rendered":"Sobre Nosotros"},"content":{"rendered":"<div class=\"fusion-fullwidth fullwidth-box fusion-builder-row-1 nonhundred-percent-fullwidth non-hundred-percent-height-scrolling\"  style='background-color: rgba(255,255,255,0);background-position: center center;background-repeat: no-repeat;padding-top:0px;padding-right:0px;padding-bottom:0px;padding-left:0px;'><div class=\"fusion-builder-row fusion-row \"><div  class=\"fusion-layout-column fusion_builder_column fusion_builder_column_1_1 fusion-builder-column-0 fusion-one-full fusion-column-first fusion-column-last 1_1\"  style='margin-top:0px;margin-bottom:0px;'><div class=\"fusion-column-wrapper\" style=\"padding: 0px 0px 0px 0px;background-position:left top;background-repeat:no-repeat;-webkit-background-size:cover;-moz-background-size:cover;-o-background-size:cover;background-size:cover;\"   data-bg-url=\"\"><style type=\"text\/css\">@media only screen and (max-width:800px) {.fusion-title.fusion-title-1{margin-top:10px!important;margin-bottom:10px!important;}}<\/style><div class=\"fusion-title title fusion-title-1 fusion-title-text fusion-title-size-one\" style=\"margin-top:10px;margin-bottom:15px;\"><h1 class=\"title-heading-left\" style=\"margin:0;\">Sobre Nosotros<\/h1><div class=\"title-sep-container\"><div class=\"title-sep sep-double sep-solid\" style=\"border-color:#e2e2e2;\"><\/div><\/div><\/div><div class=\"fusion-text\"><div style=\"width: 100%;\">\n<div id=\"desi\" style=\"float: left; width: 300px; position: relative;\">\n<div class=\"panel\" style=\"display: none; height: 0px; position: absolute; width: 100%; left: 0; bottom: 0; background-color: rgba(255, 255, 255, 0.6); text-align: center; line-height: 16px; padding-top: 10px; font-weight: bold;\">D\u00e9sir\u00e9e<br \/>\nLawyer<\/div>\n<div style=\"height: 300px; width: 300px; margin: 0; padding: 0;\"><video style=\"z-index: 1111; display: none;\" muted=\"\" width=\"300\" height=\"300\" data-mce-fragment=\"1\"><source src=\"\/wp-content\/uploads\/2020\/07\/IMG_8638.mov\" \/>Your browser does not support the video tag.<\/video><img decoding=\"async\" style=\"z-index: 999; display: block; width: 300px; height: 300px;\" src=\"\/wp-content\/uploads\/2020\/07\/desi.png\" \/><\/div>\n<\/div>\n<div style=\"float: left; width: 600px; position: relative; text-align: justify;\">Lia Law Independent Advisors, S.L. es un despacho independiente, formado por un equipo de profesionales con el objetivo de proporcionar servicios jur\u00eddico-fiscales personalizados, de alta calidad y orientados al cliente de forma exhaustiva, reflexiva e integral, salvaguardando en todo momento los intereses de los clientes, asegur\u00e1ndose de que est\u00e9n bien informados y actualizados en todas las etapas. Lograr el mejor resultado posible y resolver cualquier problema que pueda surgir proporcionando la tranquilidad necesaria de una manera fiable, profesional y abierta. Tenemos la intenci\u00f3n de hacer que nuestros clientes se sientan c\u00f3modos al buscar nuestra asistencia; que se les proporciona asesoramiento legal o fiscal de primera clase en todas las circunstancias. Adem\u00e1s, ofrecemos una consulta inicial gratuita y visitas domiciliarias, cuando sea necesario.<\/div>\n<div id=\"toni\" style=\"float: right; width: 300px; position: relative;\">\n<div class=\"panel\" style=\"display: none; height: 0px; position: absolute; width: 100%; left: 0; bottom: 0; background-color: rgba(255, 255, 255, 0.6); text-align: center; line-height: 16px; padding-top: 10px; font-weight: bold;\">Antonio<br \/>\nCEO<\/div>\n<div style=\"height: 300px; width: 300px; margin: 0; padding: 0;\"><video style=\"z-index: 1111; display: none;\" muted=\"\" width=\"300\" height=\"300\" data-mce-fragment=\"1\"><source src=\"\/wp-content\/uploads\/2020\/07\/IMG_8646.mov\" \/>Your browser does not support the video tag.<\/video><img decoding=\"async\" style=\"z-index: 999; display: block; width: 300px; height: 300px;\" src=\"\/wp-content\/uploads\/2020\/07\/toni.png\" \/><\/div>\n<\/div>\n<\/div>\n<div style=\"clear: both;\"><\/div>\n<div style=\"float: left; width: 100%; position: relative; text-align: justify;\">Estamos situados en la costa de Alicante, Espa\u00f1a, y representamos y asesoramos a ciudadanos de todo el mundo, inversores internacionales y propietarios de cualquier nacionalidad, ya sean no residentes o residentes establecidos en la zona.<br \/>\nNuestros servicios profesionales abarcan un amplio espectro: derecho civil (que abarca todos los aspectos del derecho de familia) y derecho penal; derecho mercantil (creaci\u00f3n de empresas, procedimientos concursales); extranjer\u00eda (NIE, Residencia y otros documentos oficiales); derecho de propiedad (transmisiones inmobiliarias y asesoramiento fiscal a inversores); derecho sucesorio (testamentos y procedimientos de testamento); litigios se incluyen en todas las \u00e1reas legales espec\u00edficas antes mencionadas. Los procedimientos m\u00e1s requeridos en los que nos especializamos son: divorcio, casos de desalojo, defensa penal en casos de alta tasa de alcoholemia, reclamaci\u00f3n de impagos, y defectos en la construcci\u00f3n, entre otros.<\/div>\n<div style=\"clear: both;\"><\/div>\n<\/div><div class=\"fusion-text\"><p>La representaci\u00f3n fiscal de propietarios no residentes es una de nuestras especialidades; dando apoyo tambi\u00e9n con cuestiones administrativas relacionadas, traducciones oficiales y, a petici\u00f3n de los clientes, junto con la tenencia de llaves, en caso necesario.<\/p>\n<p>Nos gusta proporcionar informaci\u00f3n clara sobre los costes asociados y nuestros honorarios legales. Consideramos que nuestra firma tiene amplitud de miras, dando la m\u00e1xima importancia a una comunicaci\u00f3n activa y eficiente con el cliente; sin costes ocultos, asesoramiento experto y una consulta y orientaci\u00f3n inicial gratuita.<\/p>\n<p>La base de nuestro servicio lo constituyen seis principios:<\/p>\n<\/div><div class=\"fusion-flip-boxes flip-boxes row fusion-columns-3 flip-effect-classic equal-heights\"><div class=\"fusion-flip-box-wrapper fusion-column col-lg-4 col-md-4 col-sm-4\"><div class=\"fusion-flip-box flip-right fusion-animated\" data-animationType=\"zoomInLeft\" data-animationDuration=\"0.1\" data-animationOffset=\"100%\"><div class=\"flip-box-inner-wrapper\"><div class=\"flip-box-front\" style=\"background-color:#212934;border-color:rgba(0,0,0,0);border-radius:6px;border-style:solid;border-width:1px;color:#4a4e57;transition-duration:0.8s;background-image: url(&#039;http:\/\/lialawyers.com\/wp-content\/uploads\/2020\/05\/IMG_4835-scaled.jpg&#039;);\"><div class=\"flip-box-front-inner\"><h2 class=\"flip-box-heading without-text\" style=\"color:#ffffff;\">Dinamismo<\/h2><\/div><\/div><div class=\"flip-box-back\" style=\"background-color:#519998;border-color:rgba(0,0,0,0);border-radius:6px;border-style:solid;border-width:1px;color:rgba(255,255,255,0.8);transition-duration:0.8s;\"><div class=\"flip-box-back-inner\"><h3 class=\"flip-box-heading-back\" style=\"color:#ffffff;\">Dinamismo<\/h3>\n<p>Se da gran importancia al mantenimiento de la comunicaci\u00f3n con el cliente con total claridad, de manera precisa y transparente y siempre proporcionando altos est\u00e1ndares de eficiencia en cualquiera de las tareas encomendadas, con una actitud de apoyo adecuada por parte de todo nuestro personal.<\/p>\n<\/div><\/div><\/div><\/div><\/div><div class=\"fusion-flip-box-wrapper fusion-column col-lg-4 col-md-4 col-sm-4\"><div class=\"fusion-flip-box flip-right fusion-animated\" data-animationType=\"zoomInLeft\" data-animationDuration=\"0.1\" data-animationOffset=\"100%\"><div class=\"flip-box-inner-wrapper\"><div class=\"flip-box-front\" style=\"background-color:#212934;border-color:rgba(0,0,0,0);border-radius:6px;border-style:solid;border-width:1px;color:#4a4e57;transition-duration:0.8s;background-image: url(&#039;http:\/\/lialawyers.com\/wp-content\/uploads\/2020\/05\/IMG_5692-scaled.jpg&#039;);\"><div class=\"flip-box-front-inner\"><h2 class=\"flip-box-heading without-text\" style=\"color:#ffffff;\">Comunicaci\u00f3n<\/h2><\/div><\/div><div class=\"flip-box-back\" style=\"background-color:#519998;border-color:rgba(0,0,0,0);border-radius:6px;border-style:solid;border-width:1px;color:rgba(255,255,255,0.8);transition-duration:0.8s;\"><div class=\"flip-box-back-inner\"><h3 class=\"flip-box-heading-back\" style=\"color:#ffffff;\">Comunicaci\u00f3n<\/h3>\n<p>El cuidado del cliente es primordial en Lia Law Independent Advisors, S.L. Nuestra firma entiende la importancia clave de mantener a nuestros clientes informados y actualizados en todas las etapas de su relaci\u00f3n con el equipo.<\/p>\n<\/div><\/div><\/div><\/div><\/div><div class=\"fusion-flip-box-wrapper fusion-column col-lg-4 col-md-4 col-sm-4\"><div class=\"fusion-flip-box flip-right fusion-animated\" data-animationType=\"zoomInLeft\" data-animationDuration=\"0.1\" data-animationOffset=\"100%\"><div class=\"flip-box-inner-wrapper\"><div class=\"flip-box-front\" style=\"background-color:#212934;border-color:rgba(0,0,0,0);border-radius:6px;border-style:solid;border-width:1px;color:#4a4e57;transition-duration:0.8s;background-image: url(&#039;http:\/\/lialawyers.com\/wp-content\/uploads\/2020\/05\/IMG_5655-scaled.jpg&#039;);\"><div class=\"flip-box-front-inner\"><h2 class=\"flip-box-heading without-text\" style=\"color:#ffffff;\">Especializaci\u00f3n<\/h2><\/div><\/div><div class=\"flip-box-back\" style=\"background-color:#519998;border-color:rgba(0,0,0,0);border-radius:6px;border-style:solid;border-width:1px;color:rgba(255,255,255,0.8);transition-duration:0.8s;\"><div class=\"flip-box-back-inner\"><h3 class=\"flip-box-heading-back\" style=\"color:#ffffff;\">Especializaci\u00f3n<\/h3>\n<p>Nos felicitamos por haber construido una red de colaboraci\u00f3n de trabajo cooperativo de abogados independientes, expertos en diferentes campos jur\u00eddicos, permitiendo la formaci\u00f3n de un equipo preciso y personalizado para cada caso asignado. Este m\u00e9todo de trabajo nos permite contar con el m\u00e1s alto nivel de especializaci\u00f3n de diversos profesionales que participan activamente en la construcci\u00f3n de la estrategia legal de cada caso encomendado. Esto genera un asesoramiento muy profesional y de alta calidad en las \u00e1reas espec\u00edficas del Derecho Civil o Penal que se requieran.<\/p>\n<\/div><\/div><\/div><\/div><\/div><div class=\"fusion-flip-box-wrapper fusion-column col-lg-4 col-md-4 col-sm-4\"><div class=\"fusion-flip-box flip-right fusion-animated\" data-animationType=\"zoomInLeft\" data-animationDuration=\"0.1\" data-animationOffset=\"100%\"><div class=\"flip-box-inner-wrapper\"><div class=\"flip-box-front\" style=\"background-color:#212934;border-color:rgba(0,0,0,0);border-radius:6px;border-style:solid;border-width:1px;color:#4a4e57;transition-duration:0.8s;background-image: url(&#039;http:\/\/lialawyers.com\/wp-content\/uploads\/2020\/05\/IMG_5701-scaled.jpg&#039;);\"><div class=\"flip-box-front-inner\"><h2 class=\"flip-box-heading without-text\" style=\"color:#ffffff;\">Trabajo en Equipo<\/h2><\/div><\/div><div class=\"flip-box-back\" style=\"background-color:#519998;border-color:rgba(0,0,0,0);border-radius:6px;border-style:solid;border-width:1px;color:rgba(255,255,255,0.8);transition-duration:0.8s;\"><div class=\"flip-box-back-inner\"><h3 class=\"flip-box-heading-back\" style=\"color:#ffffff;\">Trabajo en Equipo<\/h3>\n<p>Contamos con un equipo unido, que ha acumulado muchos a\u00f1os de experiencia en el cuidado de nuestros clientes. \u00a0Nos complace ser expertos en nuestro campo y trabajar juntos en la direcci\u00f3n de mejorar la calidad de nuestro servicio sobre el fundamento de un pensamiento innovador y de un enfoque personalizado.<\/p>\n<\/div><\/div><\/div><\/div><\/div><div class=\"fusion-flip-box-wrapper fusion-column col-lg-4 col-md-4 col-sm-4\"><div class=\"fusion-flip-box flip-right fusion-animated\" data-animationType=\"zoomInLeft\" data-animationDuration=\"0.1\" data-animationOffset=\"100%\"><div class=\"flip-box-inner-wrapper\"><div class=\"flip-box-front\" style=\"background-color:#212934;border-color:rgba(0,0,0,0);border-radius:6px;border-style:solid;border-width:1px;color:#4a4e57;transition-duration:0.8s;background-image: url(&#039;http:\/\/lialawyers.com\/wp-content\/uploads\/2020\/07\/honestidad2.jpg&#039;);\"><div class=\"flip-box-front-inner\"><h2 class=\"flip-box-heading without-text\" style=\"color:#ffffff;\">Honestidad<\/h2><\/div><\/div><div class=\"flip-box-back\" style=\"background-color:#519998;border-color:rgba(0,0,0,0);border-radius:6px;border-style:solid;border-width:1px;color:rgba(255,255,255,0.8);transition-duration:0.8s;\"><div class=\"flip-box-back-inner\"><h3 class=\"flip-box-heading-back\" style=\"color:#ffffff;\">Honestidad<\/h3>\n<p>En la firma se trabaja bajo el c\u00f3digo \u00e9tico del Colegio de Abogados y se toma la confidencialidad muy seriamente. Se han puesto todas las medidas necesarias para garantizar que todos los documentos y la correspondencia est\u00e9n protegidos y seguros; privacidad y confidencialidad se mantienen en todo momento, con el objetivo permanente de llevar a cabo la mejor pr\u00e1ctica.<\/p>\n<\/div><\/div><\/div><\/div><\/div><div class=\"fusion-flip-box-wrapper fusion-column col-lg-4 col-md-4 col-sm-4\"><div class=\"fusion-flip-box flip-right fusion-animated\" data-animationType=\"zoomInLeft\" data-animationDuration=\"0.1\" data-animationOffset=\"100%\"><div class=\"flip-box-inner-wrapper\"><div class=\"flip-box-front\" style=\"background-color:#212934;border-color:rgba(0,0,0,0);border-radius:6px;border-style:solid;border-width:1px;color:#4a4e57;transition-duration:0.8s;background-image: url(&#039;http:\/\/lialawyers.com\/wp-content\/uploads\/2020\/07\/responsibility-scaled.jpg&#039;);\"><div class=\"flip-box-front-inner\"><h2 class=\"flip-box-heading without-text\" style=\"color:#ffffff;\">Responsabilidad<\/h2><\/div><\/div><div class=\"flip-box-back\" style=\"background-color:#519998;border-color:rgba(0,0,0,0);border-radius:6px;border-style:solid;border-width:1px;color:rgba(255,255,255,0.8);transition-duration:0.8s;\"><div class=\"flip-box-back-inner\"><h3 class=\"flip-box-heading-back\" style=\"color:#ffffff;\">Responsabilidad<\/h3>\n<p>Nuestros abogados se rigen por las directrices del \"Colegio de Abogados\" teniendo el deseo genuino de proporcionar a todos nuestros clientes el mismo nivel de compromiso, diligencia y experiencia.<\/p>\n<\/div><\/div><\/div><\/div><\/div><\/div><div class=\"fusion-clearfix\"><\/div><div class=\"fusion-text\"><p style=\"text-align: justify;\"><div class=\"row \"><\/div><!-- .row (end) -->\n<div class=\"span12 \">\n<p><center><iframe loading=\"lazy\" src=\"https:\/\/www.google.com\/maps\/d\/embed?mid=1FYPrjAI0vx-42jnYN15Ff8Ctec4\" width=\"100%\" height=\"400\" data-mce-fragment=\"1\"><\/iframe><\/center><\/p>\n<p style=\"text-align: justify;\"><div class=\"spacer\"><\/div><!-- .spacer (end) --><\/div>\n<div class=\"span4 \">\n<h2 style=\"text-align: justify;\">Informaci\u00f3n de Contacto<\/h2>\n<p style=\"text-align: justify;\"><address>\n<span style=\"color: #000000;\"><strong>Direcci\u00f3n 1<\/strong><br \/>\nc\/ Fot\u00f3grafos Darblade 16 3\u00ba A<br \/>\n03181 \u00a0Torrevieja,<br \/>\nAlicante - Espa\u00f1a.<\/span><\/p>\n<p><span style=\"color: #000000;\"><strong>Direcci\u00f3n 2<\/strong><br \/>\nAvenida de las Adelfas 6, apto 189<br \/>\nDehesa de Campoaomor,<br \/>\n03189 Orihuela Costa,<br \/>\nAlicante - Espa\u00f1a.<\/span><\/p>\n<p style=\"text-align: justify;\"><span style=\"color: #000000;\">ESPA\u00d1A: 960 62 75 04<\/span><\/p>\n<p style=\"text-align: justify;\"><span style=\"color: #000000;\"> E-mail: <a style=\"color: #000000;\" href=\"mailto:info@lialawyers.com\">info@lialawyers.com<\/a><\/span><\/address><!-- address (end) --><\/div>\n<div class=\"span8 \"><\/div><\/p>\n<h2 style=\"text-align: justify;\">Formulario de Contacto<\/h2>\n<\/div>\n<div class=\"wpcf7 no-js\" id=\"wpcf7-f2072-o1\" lang=\"en-GB\" dir=\"ltr\" data-wpcf7-id=\"2072\">\n<div class=\"screen-reader-response\"><p role=\"status\" aria-live=\"polite\" aria-atomic=\"true\"><\/p> <ul><\/ul><\/div>\n<form action=\"\/es\/wp-json\/wp\/v2\/pages\/2079#wpcf7-f2072-o1\" method=\"post\" class=\"wpcf7-form init\" aria-label=\"Contact form\" novalidate=\"novalidate\" data-status=\"init\">\n<div style=\"display: none;\">\n<input type=\"hidden\" name=\"_wpcf7\" value=\"2072\" \/>\n<input type=\"hidden\" name=\"_wpcf7_version\" value=\"6.0.1\" \/>\n<input type=\"hidden\" name=\"_wpcf7_locale\" value=\"en_GB\" \/>\n<input type=\"hidden\" name=\"_wpcf7_unit_tag\" value=\"wpcf7-f2072-o1\" \/>\n<input type=\"hidden\" name=\"_wpcf7_container_post\" value=\"0\" \/>\n<input type=\"hidden\" name=\"_wpcf7_posted_data_hash\" value=\"\" \/>\n<\/div>\n<p><label> <span id=\"name\">Your Name (required)<\/span><br \/>\n<span class=\"wpcf7-form-control-wrap\" data-name=\"your-name\"><input size=\"40\" maxlength=\"400\" class=\"wpcf7-form-control wpcf7-text wpcf7-validates-as-required\" aria-required=\"true\" aria-invalid=\"false\" value=\"\" type=\"text\" name=\"your-name\" \/><\/span> <\/label>\n<\/p>\n<p><label> <span id=\"email\">Your Email (required)<\/span><br \/>\n<span class=\"wpcf7-form-control-wrap\" data-name=\"your-email\"><input size=\"40\" maxlength=\"400\" class=\"wpcf7-form-control wpcf7-email wpcf7-validates-as-required wpcf7-text wpcf7-validates-as-email\" aria-required=\"true\" aria-invalid=\"false\" value=\"\" type=\"email\" name=\"your-email\" \/><\/span> <\/label>\n<\/p>\n<p><label> <span id=\"message\">Your Message<\/span><br \/>\n<span class=\"wpcf7-form-control-wrap\" data-name=\"your-message\"><textarea cols=\"40\" rows=\"10\" maxlength=\"2000\" class=\"wpcf7-form-control wpcf7-textarea\" aria-invalid=\"false\" name=\"your-message\"><\/textarea><\/span> <\/label>\n<\/p>\n<p><input class=\"wpcf7-form-control wpcf7-submit has-spinner\" type=\"submit\" value=\"Send\" \/>\n<\/p><div class=\"fusion-alert alert custom alert-custom fusion-alert-center wpcf7-response-output alert-dismissable\" style=\"border-width:1px;\"><button type=\"button\" class=\"close toggle-alert\" data-dismiss=\"alert\" aria-hidden=\"true\">&times;<\/button><div class=\"fusion-alert-content-wrapper\"><span class=\"fusion-alert-content\"><\/span><\/div><\/div>\n<\/form>\n<\/div>\n<div class=\"fusion-clearfix\"><\/div><\/div><\/div><\/div><\/div>","protected":false},"excerpt":{"rendered":"","protected":false},"author":4,"featured_media":0,"parent":0,"menu_order":0,"comment_status":"closed","ping_status":"closed","template":"","meta":{"footnotes":""},"class_list":["post-2079","page","type-page","status-publish","hentry"],"yoast_head":"<!-- This site is optimized with the Yoast SEO plugin v24.1 - https:\/\/yoast.com\/wordpress\/plugins\/seo\/ -->\n<title>Sobre Nosotros - LIA<\/title>\n<meta name=\"robots\" content=\"index, follow, max-snippet:-1, max-image-preview:large, max-video-preview:-1\" \/>\n<link rel=\"canonical\" href=\"https:\/\/lialawyers.com\/about-us\/\" \/>\n<meta property=\"og:locale\" content=\"es_ES\" \/>\n<meta property=\"og:type\" content=\"article\" \/>\n<meta property=\"og:title\" content=\"[:es]Sobre Nosotros[:en]About Us[:de]Aboutus[:] - LIA\" \/>\n<meta property=\"og:url\" content=\"https:\/\/lialawyers.com\/about-us\/\" \/>\n<meta property=\"og:site_name\" content=\"LIA\" \/>\n<meta property=\"article:modified_time\" content=\"2025-11-03T16:27:00+00:00\" \/>\n<meta property=\"og:image\" content=\"https:\/\/lialawyers.com\/wp-content\/uploads\/2020\/10\/logo_og_image.png\" \/>\n\t<meta property=\"og:image:width\" content=\"1200\" \/>\n\t<meta property=\"og:image:height\" content=\"628\" \/>\n\t<meta property=\"og:image:type\" content=\"image\/png\" \/>\n<meta name=\"twitter:card\" content=\"summary_large_image\" \/>\n<meta name=\"twitter:label1\" content=\"Tiempo de lectura\" \/>\n\t<meta name=\"twitter:data1\" content=\"32 minutos\" \/>\n<script type=\"application\/ld+json\" class=\"yoast-schema-graph\">{\"@context\":\"https:\/\/schema.org\",\"@graph\":[{\"@type\":\"WebPage\",\"@id\":\"https:\/\/lialawyers.com\/about-us\/\",\"url\":\"https:\/\/lialawyers.com\/about-us\/\",\"name\":\"[:es]Sobre Nosotros[:en]About Us[:de]Aboutus[:] - LIA\",\"isPartOf\":{\"@id\":\"https:\/\/lialawyers.com\/de\/#website\"},\"datePublished\":\"2016-10-18T17:12:02+00:00\",\"dateModified\":\"2025-11-03T16:27:00+00:00\",\"breadcrumb\":{\"@id\":\"https:\/\/lialawyers.com\/about-us\/#breadcrumb\"},\"inLanguage\":\"es\",\"potentialAction\":[{\"@type\":\"ReadAction\",\"target\":[\"https:\/\/lialawyers.com\/about-us\/\"]}]},{\"@type\":\"BreadcrumbList\",\"@id\":\"https:\/\/lialawyers.com\/about-us\/#breadcrumb\",\"itemListElement\":[{\"@type\":\"ListItem\",\"position\":1,\"name\":\"Home\",\"item\":\"https:\/\/lialawyers.com\/\"},{\"@type\":\"ListItem\",\"position\":2,\"name\":\"About Us\"}]},{\"@type\":\"WebSite\",\"@id\":\"https:\/\/lialawyers.com\/de\/#website\",\"url\":\"https:\/\/lialawyers.com\/de\/\",\"name\":\"LIA\",\"description\":\"Law Inheritance Advisors\",\"publisher\":{\"@id\":\"https:\/\/lialawyers.com\/de\/#organization\"},\"potentialAction\":[{\"@type\":\"SearchAction\",\"target\":{\"@type\":\"EntryPoint\",\"urlTemplate\":\"https:\/\/lialawyers.com\/de\/?s={search_term_string}\"},\"query-input\":{\"@type\":\"PropertyValueSpecification\",\"valueRequired\":true,\"valueName\":\"search_term_string\"}}],\"inLanguage\":\"es\"},{\"@type\":\"Organization\",\"@id\":\"https:\/\/lialawyers.com\/de\/#organization\",\"name\":\"Lia Lawyers\",\"url\":\"https:\/\/lialawyers.com\/de\/\",\"logo\":{\"@type\":\"ImageObject\",\"inLanguage\":\"es\",\"@id\":\"https:\/\/lialawyers.com\/de\/#\/schema\/logo\/image\/\",\"url\":\"https:\/\/lialawyers.com\/wp-content\/uploads\/2020\/10\/logo_og_image.png\",\"contentUrl\":\"https:\/\/lialawyers.com\/wp-content\/uploads\/2020\/10\/logo_og_image.png\",\"width\":1200,\"height\":628,\"caption\":\"Lia Lawyers\"},\"image\":{\"@id\":\"https:\/\/lialawyers.com\/de\/#\/schema\/logo\/image\/\"}}]}<\/script>\n<!-- \/ Yoast SEO plugin. -->","yoast_head_json":{"title":"[:es]Sobre Nosotros[:en]About Us[:de]Aboutus[:] - LIA","robots":{"index":"index","follow":"follow","max-snippet":"max-snippet:-1","max-image-preview":"max-image-preview:large","max-video-preview":"max-video-preview:-1"},"canonical":"https:\/\/lialawyers.com\/about-us\/","og_locale":"es_ES","og_type":"article","og_title":"[:es]Sobre Nosotros[:en]About Us[:de]Aboutus[:] - LIA","og_url":"https:\/\/lialawyers.com\/about-us\/","og_site_name":"LIA","article_modified_time":"2025-11-03T16:27:00+00:00","og_image":[{"width":1200,"height":628,"url":"https:\/\/lialawyers.com\/wp-content\/uploads\/2020\/10\/logo_og_image.png","type":"image\/png"}],"twitter_card":"summary_large_image","twitter_misc":{"Tiempo de lectura":"32 minutos"},"schema":{"@context":"https:\/\/schema.org","@graph":[{"@type":"WebPage","@id":"https:\/\/lialawyers.com\/about-us\/","url":"https:\/\/lialawyers.com\/about-us\/","name":"[:es]Sobre Nosotros[:en]About Us[:de]Aboutus[:] - LIA","isPartOf":{"@id":"https:\/\/lialawyers.com\/de\/#website"},"datePublished":"2016-10-18T17:12:02+00:00","dateModified":"2025-11-03T16:27:00+00:00","breadcrumb":{"@id":"https:\/\/lialawyers.com\/about-us\/#breadcrumb"},"inLanguage":"es","potentialAction":[{"@type":"ReadAction","target":["https:\/\/lialawyers.com\/about-us\/"]}]},{"@type":"BreadcrumbList","@id":"https:\/\/lialawyers.com\/about-us\/#breadcrumb","itemListElement":[{"@type":"ListItem","position":1,"name":"Home","item":"https:\/\/lialawyers.com\/"},{"@type":"ListItem","position":2,"name":"About Us"}]},{"@type":"WebSite","@id":"https:\/\/lialawyers.com\/de\/#website","url":"https:\/\/lialawyers.com\/de\/","name":"LIA","description":"Law Inheritance Advisors","publisher":{"@id":"https:\/\/lialawyers.com\/de\/#organization"},"potentialAction":[{"@type":"SearchAction","target":{"@type":"EntryPoint","urlTemplate":"https:\/\/lialawyers.com\/de\/?s={search_term_string}"},"query-input":{"@type":"PropertyValueSpecification","valueRequired":true,"valueName":"search_term_string"}}],"inLanguage":"es"},{"@type":"Organization","@id":"https:\/\/lialawyers.com\/de\/#organization","name":"Lia Lawyers","url":"https:\/\/lialawyers.com\/de\/","logo":{"@type":"ImageObject","inLanguage":"es","@id":"https:\/\/lialawyers.com\/de\/#\/schema\/logo\/image\/","url":"https:\/\/lialawyers.com\/wp-content\/uploads\/2020\/10\/logo_og_image.png","contentUrl":"https:\/\/lialawyers.com\/wp-content\/uploads\/2020\/10\/logo_og_image.png","width":1200,"height":628,"caption":"Lia Lawyers"},"image":{"@id":"https:\/\/lialawyers.com\/de\/#\/schema\/logo\/image\/"}}]}},"_links":{"self":[{"href":"https:\/\/lialawyers.com\/es\/wp-json\/wp\/v2\/pages\/2079","targetHints":{"allow":["GET"]}}],"collection":[{"href":"https:\/\/lialawyers.com\/es\/wp-json\/wp\/v2\/pages"}],"about":[{"href":"https:\/\/lialawyers.com\/es\/wp-json\/wp\/v2\/types\/page"}],"author":[{"embeddable":true,"href":"https:\/\/lialawyers.com\/es\/wp-json\/wp\/v2\/users\/4"}],"replies":[{"embeddable":true,"href":"https:\/\/lialawyers.com\/es\/wp-json\/wp\/v2\/comments?post=2079"}],"version-history":[{"count":20,"href":"https:\/\/lialawyers.com\/es\/wp-json\/wp\/v2\/pages\/2079\/revisions"}],"predecessor-version":[{"id":3054,"href":"https:\/\/lialawyers.com\/es\/wp-json\/wp\/v2\/pages\/2079\/revisions\/3054"}],"wp:attachment":[{"href":"https:\/\/lialawyers.com\/es\/wp-json\/wp\/v2\/media?parent=2079"}],"curies":[{"name":"wp","href":"https:\/\/api.w.org\/{rel}","templated":true}]}}