{"id":2268,"date":"2020-04-21T16:52:32","date_gmt":"2020-04-21T15:52:32","guid":{"rendered":"http:\/\/lialawyers.com\/?page_id=2268"},"modified":"2024-12-20T17:36:51","modified_gmt":"2024-12-20T17:36:51","slug":"fiscal-representation","status":"publish","type":"page","link":"https:\/\/lialawyers.com\/es\/fiscal-representation\/","title":{"rendered":"Representaci\u00f3n Fiscal"},"content":{"rendered":"<div class=\"fusion-fullwidth fullwidth-box fusion-builder-row-1 nonhundred-percent-fullwidth non-hundred-percent-height-scrolling\"  style='background-color: rgba(255,255,255,0);background-position: center center;background-repeat: no-repeat;padding-top:0px;padding-right:0px;padding-bottom:0px;padding-left:0px;'><div class=\"fusion-builder-row fusion-row \"><div  class=\"fusion-layout-column fusion_builder_column fusion_builder_column_1_1 fusion-builder-column-0 fusion-one-full fusion-column-first fusion-column-last 1_1\"  style='margin-top:0px;margin-bottom:20px;'><div class=\"fusion-column-wrapper\" style=\"padding: 0px 0px 0px 0px;background-position:left top;background-repeat:no-repeat;-webkit-background-size:cover;-moz-background-size:cover;-o-background-size:cover;background-size:cover;\"   data-bg-url=\"\"><style type=\"text\/css\">@media only screen and (max-width:800px) {.fusion-title.fusion-title-1{margin-top:10px!important;margin-bottom:10px!important;}}<\/style><div class=\"fusion-title title fusion-title-1 fusion-title-text fusion-title-size-one\" style=\"margin-top:10px;margin-bottom:15px;\"><h1 class=\"title-heading-left\" style=\"margin:0;\">Representaci\u00f3n Fiscal<\/h1><div class=\"title-sep-container\"><div class=\"title-sep sep-double sep-solid\" style=\"border-color:#e2e2e2;\"><\/div><\/div><\/div><div class=\"fusion-text\"><p>Ya sea residente o no residente en Espa\u00f1a, cualquier persona que posea una propiedad en nuestro pa\u00eds, debe ocuparse de la siempre ardua y dif\u00edcil tarea de cumplir con las obligaciones fiscales. Cuando inviertes en una propiedad aqu\u00ed, autom\u00e1ticamente has de responsabilizarte del pago de una serie de impuestos relativos a ella.<\/p>\n<p>Entender el sistema fiscal espa\u00f1ol para un extranjero se convierte en una tarea compleja, e incluso algo tan com\u00fan como recibir notificaciones de las autoridades, puede ser un problem\u00e1tico debido a estancias limitadas y ocasionales en el pa\u00eds.<\/p>\n<p>En primer lugar, es fundamental entender que incluso los extranjeros que no reciben ninguna renta en Espa\u00f1a deben, no obstante, presentar ciertas declaraciones fiscales como propietarios de una vivienda, basados en el concepto fiscal de <em>\"disfrute de la propiedad \"o \u201crenta imputada\u201d <\/em>(Impuesto sobre la Renta<em> de<\/em> no Residente). Incluso si usted no alquila tiene que presentar el impuesto. En caso de solo alquilar a tiempo parcial durante el a\u00f1o, los d\u00edas de la propiedad est\u00e1 vacante est\u00e1n gravados sobre una base prorrateada.<\/p>\n<p>Nombrar a un representante jur\u00eddico-fiscal en Espa\u00f1a para manejar las obligaciones fiscales espa\u00f1olas ha demostrado ser una decisi\u00f3n acertada para la mayor\u00eda de los propietarios no residentes y expatriados residentes. Adem\u00e1s, creemos que es importante que cualquier persona no habituada al sistema, tenga un acceso directo a un asesor, cuando se requiera asistencia y consulta en relaci\u00f3n con cualquier aspecto de la Ley espa\u00f1ola.<\/p>\n<p>Nuestro <strong>servicio de Representaci\u00f3n Fiscal para no Residentes<\/strong> se centra en dar un apoyo s\u00f3lido y fiable a todas aquellas personas que, sin entender el idioma y por no estar presentes muchos d\u00edas en el pa\u00eds a lo largo del a\u00f1o, necesitan tener un experto que est\u00e9 disponible para recibir cualquier comunicaci\u00f3n oficial, su interpretaci\u00f3n correcta, la ejecuci\u00f3n de cualquier acci\u00f3n necesaria en su nombre, y lo m\u00e1s importante, mantenerles informados en todo momento.<\/p>\n<p>En el caso de los <strong>Residentes Fiscales<\/strong> las obligaciones se basan en criterios muy espec\u00edficos. Un presupuesto anual fijo para los servicios se puede acordar pero es necesario hacer un informe preliminar basado en la documentaci\u00f3n concreta proporcionada por el cliente lo que requiere un an\u00e1lisis m\u00e1s detallado, ya que los impuestos se pagar\u00e1n en relaci\u00f3n a los ingresos globales de la persona en todo el mundo. Para determinar un presupuesto ajustado, la documentaci\u00f3n y la informaci\u00f3n proporcionada tendr\u00e1n que ser examinadas por nuestro fiscalista, que emitir\u00e1 un informe una vez se tenga una visi\u00f3n clara de los impuestos y tasas aplicables al caso en concreto.<\/p>\n<p>Contratar nuestros servicios fiscales le asegurar\u00e1:<\/p>\n<ul>\n<li>No pagar impuestos excesivos sobre su propiedad debido a errores de c\u00e1lculo.<\/li>\n<li>Presentaci\u00f3n en plazo de sus declaraciones de impuestos ante la Agencia Tributaria Espa\u00f1ola, evitando cualquier penalizaci\u00f3n derivada de la presentaci\u00f3n tard\u00eda.<\/li>\n<li>Tener disponible la direcci\u00f3n de un representante fiscal que gestione toda su correspondencia relacionada con cuestiones fiscales.<\/li>\n<li>Responder a cualquier notificaci\u00f3n fiscal dentro del plazo correspondiente, garantizando el cumplimiento tributario.<\/li>\n<li>Llevar a cabo cualquier acci\u00f3n de apelaci\u00f3n sobre malentendidos o errores administrativos.<\/li>\n<li>Tener informaci\u00f3n actualizada sobre cualquier modificaci\u00f3n fiscal.<\/li>\n<\/ul>\n<p>P\u00f3ngase en contacto con nosotros para obtener un presupuesto de su servicio. Le daremos nuestra mejor oferta posible para convertirnos en su Representante Fiscal en Espa\u00f1a.<\/p>\n<\/div><div class=\"fusion-clearfix\"><\/div><\/div><\/div><\/div><\/div><style type=\"text\/css\">.fusion-fullwidth.fusion-builder-row-1 a:not(.fusion-button):not(.fusion-builder-module-control):not(.fusion-social-network-icon):not(.fb-icon-element):not(.fusion-countdown-link):not(.fusion-rollover-link):not(.fusion-rollover-gallery):not(.fusion-button-bar):not(.add_to_cart_button):not(.show_details_button):not(.product_type_external):not(.fusion-quick-view):not(.fusion-rollover-title-link):not(.fusion-breadcrumb-link) , .fusion-fullwidth.fusion-builder-row-1 a:not(.fusion-button):not(.fusion-builder-module-control):not(.fusion-social-network-icon):not(.fb-icon-element):not(.fusion-countdown-link):not(.fusion-rollover-link):not(.fusion-rollover-gallery):not(.fusion-button-bar):not(.add_to_cart_button):not(.show_details_button):not(.product_type_external):not(.fusion-quick-view):not(.fusion-rollover-title-link):not(.fusion-breadcrumb-link):before, .fusion-fullwidth.fusion-builder-row-1 a:not(.fusion-button):not(.fusion-builder-module-control):not(.fusion-social-network-icon):not(.fb-icon-element):not(.fusion-countdown-link):not(.fusion-rollover-link):not(.fusion-rollover-gallery):not(.fusion-button-bar):not(.add_to_cart_button):not(.show_details_button):not(.product_type_external):not(.fusion-quick-view):not(.fusion-rollover-title-link):not(.fusion-breadcrumb-link):after {color: #212934;}.fusion-fullwidth.fusion-builder-row-1 a:not(.fusion-button):not(.fusion-builder-module-control):not(.fusion-social-network-icon):not(.fb-icon-element):not(.fusion-countdown-link):not(.fusion-rollover-link):not(.fusion-rollover-gallery):not(.fusion-button-bar):not(.add_to_cart_button):not(.show_details_button):not(.product_type_external):not(.fusion-quick-view):not(.fusion-rollover-title-link):not(.fusion-breadcrumb-link):hover, .fusion-fullwidth.fusion-builder-row-1 a:not(.fusion-button):not(.fusion-builder-module-control):not(.fusion-social-network-icon):not(.fb-icon-element):not(.fusion-countdown-link):not(.fusion-rollover-link):not(.fusion-rollover-gallery):not(.fusion-button-bar):not(.add_to_cart_button):not(.show_details_button):not(.product_type_external):not(.fusion-quick-view):not(.fusion-rollover-title-link):not(.fusion-breadcrumb-link):hover:before, .fusion-fullwidth.fusion-builder-row-1 a:not(.fusion-button):not(.fusion-builder-module-control):not(.fusion-social-network-icon):not(.fb-icon-element):not(.fusion-countdown-link):not(.fusion-rollover-link):not(.fusion-rollover-gallery):not(.fusion-button-bar):not(.add_to_cart_button):not(.show_details_button):not(.product_type_external):not(.fusion-quick-view):not(.fusion-rollover-title-link):not(.fusion-breadcrumb-link):hover:after {color: #549f97;}.fusion-fullwidth.fusion-builder-row-1 .pagination a.inactive:hover, .fusion-fullwidth.fusion-builder-row-1 .fusion-filters .fusion-filter.fusion-active a {border-color: #549f97;}.fusion-fullwidth.fusion-builder-row-1 .pagination .current {border-color: #549f97; background-color: #549f97;}.fusion-fullwidth.fusion-builder-row-1 .fusion-filters .fusion-filter.fusion-active a, .fusion-fullwidth.fusion-builder-row-1 .fusion-date-and-formats .fusion-format-box, .fusion-fullwidth.fusion-builder-row-1 .fusion-popover, .fusion-fullwidth.fusion-builder-row-1 .tooltip-shortcode {color: #549f97;}#main .fusion-fullwidth.fusion-builder-row-1 .post .blog-shortcode-post-title a:hover {color: #549f97;}<\/style>","protected":false},"excerpt":{"rendered":"","protected":false},"author":4,"featured_media":0,"parent":0,"menu_order":0,"comment_status":"closed","ping_status":"closed","template":"","meta":{"footnotes":""},"class_list":["post-2268","page","type-page","status-publish","hentry"],"yoast_head":"<!-- This site is optimized with the Yoast SEO plugin v24.1 - https:\/\/yoast.com\/wordpress\/plugins\/seo\/ -->\n<title>Representaci\u00f3n Fiscal - LIA<\/title>\n<meta name=\"robots\" content=\"index, follow, max-snippet:-1, max-image-preview:large, max-video-preview:-1\" \/>\n<link rel=\"canonical\" href=\"https:\/\/lialawyers.com\/fiscal-representation\/\" \/>\n<meta property=\"og:locale\" content=\"es_ES\" \/>\n<meta property=\"og:type\" content=\"article\" \/>\n<meta property=\"og:title\" content=\"[:es]Representaci\u00f3n Fiscal[:en]Fiscal Representation[:] - LIA\" \/>\n<meta property=\"og:url\" content=\"https:\/\/lialawyers.com\/fiscal-representation\/\" \/>\n<meta property=\"og:site_name\" content=\"LIA\" \/>\n<meta property=\"article:modified_time\" content=\"2024-12-20T17:36:51+00:00\" \/>\n<meta property=\"og:image\" content=\"https:\/\/lialawyers.com\/wp-content\/uploads\/2020\/10\/logo_og_image.png\" \/>\n\t<meta property=\"og:image:width\" content=\"1200\" \/>\n\t<meta property=\"og:image:height\" content=\"628\" \/>\n\t<meta property=\"og:image:type\" content=\"image\/png\" \/>\n<meta name=\"twitter:card\" content=\"summary_large_image\" \/>\n<meta name=\"twitter:label1\" content=\"Tiempo de lectura\" \/>\n\t<meta name=\"twitter:data1\" content=\"31 minutos\" \/>\n<script type=\"application\/ld+json\" class=\"yoast-schema-graph\">{\"@context\":\"https:\/\/schema.org\",\"@graph\":[{\"@type\":\"WebPage\",\"@id\":\"https:\/\/lialawyers.com\/fiscal-representation\/\",\"url\":\"https:\/\/lialawyers.com\/fiscal-representation\/\",\"name\":\"[:es]Representaci\u00f3n Fiscal[:en]Fiscal Representation[:] - LIA\",\"isPartOf\":{\"@id\":\"https:\/\/lialawyers.com\/de\/#website\"},\"datePublished\":\"2020-04-21T15:52:32+00:00\",\"dateModified\":\"2024-12-20T17:36:51+00:00\",\"breadcrumb\":{\"@id\":\"https:\/\/lialawyers.com\/fiscal-representation\/#breadcrumb\"},\"inLanguage\":\"es\",\"potentialAction\":[{\"@type\":\"ReadAction\",\"target\":[\"https:\/\/lialawyers.com\/fiscal-representation\/\"]}]},{\"@type\":\"BreadcrumbList\",\"@id\":\"https:\/\/lialawyers.com\/fiscal-representation\/#breadcrumb\",\"itemListElement\":[{\"@type\":\"ListItem\",\"position\":1,\"name\":\"Home\",\"item\":\"https:\/\/lialawyers.com\/\"},{\"@type\":\"ListItem\",\"position\":2,\"name\":\"Representaci\u00f3n Fiscal\"}]},{\"@type\":\"WebSite\",\"@id\":\"https:\/\/lialawyers.com\/de\/#website\",\"url\":\"https:\/\/lialawyers.com\/de\/\",\"name\":\"LIA\",\"description\":\"Law Inheritance Advisors\",\"publisher\":{\"@id\":\"https:\/\/lialawyers.com\/de\/#organization\"},\"potentialAction\":[{\"@type\":\"SearchAction\",\"target\":{\"@type\":\"EntryPoint\",\"urlTemplate\":\"https:\/\/lialawyers.com\/de\/?s={search_term_string}\"},\"query-input\":{\"@type\":\"PropertyValueSpecification\",\"valueRequired\":true,\"valueName\":\"search_term_string\"}}],\"inLanguage\":\"es\"},{\"@type\":\"Organization\",\"@id\":\"https:\/\/lialawyers.com\/de\/#organization\",\"name\":\"Lia Lawyers\",\"url\":\"https:\/\/lialawyers.com\/de\/\",\"logo\":{\"@type\":\"ImageObject\",\"inLanguage\":\"es\",\"@id\":\"https:\/\/lialawyers.com\/de\/#\/schema\/logo\/image\/\",\"url\":\"https:\/\/lialawyers.com\/wp-content\/uploads\/2020\/10\/logo_og_image.png\",\"contentUrl\":\"https:\/\/lialawyers.com\/wp-content\/uploads\/2020\/10\/logo_og_image.png\",\"width\":1200,\"height\":628,\"caption\":\"Lia Lawyers\"},\"image\":{\"@id\":\"https:\/\/lialawyers.com\/de\/#\/schema\/logo\/image\/\"}}]}<\/script>\n<!-- \/ Yoast SEO plugin. -->","yoast_head_json":{"title":"[:es]Representaci\u00f3n Fiscal[:en]Fiscal Representation[:] - LIA","robots":{"index":"index","follow":"follow","max-snippet":"max-snippet:-1","max-image-preview":"max-image-preview:large","max-video-preview":"max-video-preview:-1"},"canonical":"https:\/\/lialawyers.com\/fiscal-representation\/","og_locale":"es_ES","og_type":"article","og_title":"[:es]Representaci\u00f3n Fiscal[:en]Fiscal Representation[:] - LIA","og_url":"https:\/\/lialawyers.com\/fiscal-representation\/","og_site_name":"LIA","article_modified_time":"2024-12-20T17:36:51+00:00","og_image":[{"width":1200,"height":628,"url":"https:\/\/lialawyers.com\/wp-content\/uploads\/2020\/10\/logo_og_image.png","type":"image\/png"}],"twitter_card":"summary_large_image","twitter_misc":{"Tiempo de lectura":"31 minutos"},"schema":{"@context":"https:\/\/schema.org","@graph":[{"@type":"WebPage","@id":"https:\/\/lialawyers.com\/fiscal-representation\/","url":"https:\/\/lialawyers.com\/fiscal-representation\/","name":"[:es]Representaci\u00f3n Fiscal[:en]Fiscal Representation[:] - LIA","isPartOf":{"@id":"https:\/\/lialawyers.com\/de\/#website"},"datePublished":"2020-04-21T15:52:32+00:00","dateModified":"2024-12-20T17:36:51+00:00","breadcrumb":{"@id":"https:\/\/lialawyers.com\/fiscal-representation\/#breadcrumb"},"inLanguage":"es","potentialAction":[{"@type":"ReadAction","target":["https:\/\/lialawyers.com\/fiscal-representation\/"]}]},{"@type":"BreadcrumbList","@id":"https:\/\/lialawyers.com\/fiscal-representation\/#breadcrumb","itemListElement":[{"@type":"ListItem","position":1,"name":"Home","item":"https:\/\/lialawyers.com\/"},{"@type":"ListItem","position":2,"name":"Representaci\u00f3n Fiscal"}]},{"@type":"WebSite","@id":"https:\/\/lialawyers.com\/de\/#website","url":"https:\/\/lialawyers.com\/de\/","name":"LIA","description":"Law Inheritance Advisors","publisher":{"@id":"https:\/\/lialawyers.com\/de\/#organization"},"potentialAction":[{"@type":"SearchAction","target":{"@type":"EntryPoint","urlTemplate":"https:\/\/lialawyers.com\/de\/?s={search_term_string}"},"query-input":{"@type":"PropertyValueSpecification","valueRequired":true,"valueName":"search_term_string"}}],"inLanguage":"es"},{"@type":"Organization","@id":"https:\/\/lialawyers.com\/de\/#organization","name":"Lia Lawyers","url":"https:\/\/lialawyers.com\/de\/","logo":{"@type":"ImageObject","inLanguage":"es","@id":"https:\/\/lialawyers.com\/de\/#\/schema\/logo\/image\/","url":"https:\/\/lialawyers.com\/wp-content\/uploads\/2020\/10\/logo_og_image.png","contentUrl":"https:\/\/lialawyers.com\/wp-content\/uploads\/2020\/10\/logo_og_image.png","width":1200,"height":628,"caption":"Lia Lawyers"},"image":{"@id":"https:\/\/lialawyers.com\/de\/#\/schema\/logo\/image\/"}}]}},"_links":{"self":[{"href":"https:\/\/lialawyers.com\/es\/wp-json\/wp\/v2\/pages\/2268","targetHints":{"allow":["GET"]}}],"collection":[{"href":"https:\/\/lialawyers.com\/es\/wp-json\/wp\/v2\/pages"}],"about":[{"href":"https:\/\/lialawyers.com\/es\/wp-json\/wp\/v2\/types\/page"}],"author":[{"embeddable":true,"href":"https:\/\/lialawyers.com\/es\/wp-json\/wp\/v2\/users\/4"}],"replies":[{"embeddable":true,"href":"https:\/\/lialawyers.com\/es\/wp-json\/wp\/v2\/comments?post=2268"}],"version-history":[{"count":14,"href":"https:\/\/lialawyers.com\/es\/wp-json\/wp\/v2\/pages\/2268\/revisions"}],"predecessor-version":[{"id":2953,"href":"https:\/\/lialawyers.com\/es\/wp-json\/wp\/v2\/pages\/2268\/revisions\/2953"}],"wp:attachment":[{"href":"https:\/\/lialawyers.com\/es\/wp-json\/wp\/v2\/media?parent=2268"}],"curies":[{"name":"wp","href":"https:\/\/api.w.org\/{rel}","templated":true}]}}