{"id":2324,"date":"2020-04-23T20:44:11","date_gmt":"2020-04-23T19:44:11","guid":{"rendered":"http:\/\/lialawyers.com\/?page_id=2324"},"modified":"2024-12-20T17:36:50","modified_gmt":"2024-12-20T17:36:50","slug":"inheritance-testament","status":"publish","type":"page","link":"https:\/\/lialawyers.com\/es\/inheritance-testament\/","title":{"rendered":"Herencia y Testamento"},"content":{"rendered":"<div class=\"fusion-fullwidth fullwidth-box fusion-builder-row-1 nonhundred-percent-fullwidth non-hundred-percent-height-scrolling\"  style='background-color: rgba(255,255,255,0);background-position: center center;background-repeat: no-repeat;padding-top:0px;padding-right:0px;padding-bottom:0px;padding-left:0px;'><div class=\"fusion-builder-row fusion-row \"><div  class=\"fusion-layout-column fusion_builder_column fusion_builder_column_1_1 fusion-builder-column-0 fusion-one-full fusion-column-first fusion-column-last 1_1\"  style='margin-top:0px;margin-bottom:0px;'><div class=\"fusion-column-wrapper\" style=\"padding: 0px 0px 0px 0px;background-position:left top;background-repeat:no-repeat;-webkit-background-size:cover;-moz-background-size:cover;-o-background-size:cover;background-size:cover;\"   data-bg-url=\"\"><style type=\"text\/css\">@media only screen and (max-width:800px) {.fusion-title.fusion-title-1{margin-top:10px!important;margin-bottom:10px!important;}}<\/style><div class=\"fusion-title title fusion-title-1 fusion-title-text fusion-title-size-one\" style=\"margin-top:10px;margin-bottom:15px;\"><h1 class=\"title-heading-left\" style=\"margin:0;\">Herencia y Testamento<\/h1><div class=\"title-sep-container\"><div class=\"title-sep sep-double sep-solid\" style=\"border-color:#e2e2e2;\"><\/div><\/div><\/div><div class=\"fusion-text\"><p>El proceso sucesorio espa\u00f1ol o \"Adjudicaci\u00f3n de Herencia\" es un proceso supervisado notarialmente de ejecuci\u00f3n del \u00faltimo testamento, en el caso de que el fallecido hubiese otorgado uno.<\/p>\n<p>En Espa\u00f1a, un testamento ha de ser firmado ante notario p\u00fablico, y ser\u00e1 siempre inscrito en el Registro Central de \u00faltimas Voluntades. En consecuencia, cualquier abogado debidamente apoderado (no s\u00f3lo quien asisti\u00f3 en el momento de su firma) podr\u00eda localizar ante qu\u00e9 notario fue firmado ese testamento, y ayudar a obtener la copia oficial que en cualquier caso s\u00f3lo se emite tras el fallecimiento del testador.<\/p>\n<p>Los testamentos en Espa\u00f1a no los custodian los abogados, sino que s\u00f3lo los Notarios P\u00fablicos tienen la autoridad de poseer los originales, y emitir\u00e1n copias debidamente certificadas (lo que equivaldr\u00eda a un original) en el momento oportuno. \u00a0Siempre es posible que su abogado asesor le ayude a localizar un testamento en el que haya un inter\u00e9s leg\u00edtimo. Cualquier copia de un testamento emitida antes de que el testador haya fallecido tiene solo valor a efectos informativos. S\u00f3lo los herederos tienen derecho a obtener este documento a petici\u00f3n de ellos mismos directamente o por sus representantes legales debidamente designados por medio de un Poder notarial. As\u00ed, en un procedimiento de este tipo, es siempre adecuado comenzar otorgando un poder al abogado elegido para que puedan realizar todas las gestiones pertinentes ante el Notario en cuesti\u00f3n.<\/p>\n<p>Cuando el testamento se ha firmado en el extranjero, usualmente en el pa\u00eds de origen del difunto, deben considerarse las normas espec\u00edficas de ese pa\u00eds en concreto sobre c\u00f3mo proceder a ejecutar dicho testamento.<\/p>\n<p>Podemos encontrarnos con la situaci\u00f3n en la que no se firm\u00f3 testamento en ning\u00fan pa\u00eds, ni en Espa\u00f1a ni el extranjero, en cuyo caso estaremos ante lo que se conoce como <em>\"Sucesi\u00f3n intestada\".<\/em> En tal caso, habr\u00e1 un proceso previo de declaraci\u00f3n de herederos ante las autoridades pertinentes.<\/p>\n<p>Generalmente, si no existe desacuerdo entre herederos en cuanto al reparto de bienes, no es necesario llevar a cabo ning\u00fan procedimiento judicial durante un proceso de herencia. S\u00f3lo en situaciones conflictivas, podr\u00eda ser necesario para su abogado judicializar el asunto, y esto ocurre cuando hay serio conflicto en la interpretaci\u00f3n de los documentos relacionados con la herencia, o la partici\u00f3n del patrimonio y los activos.<\/p>\n<p>En circunstancias normales, cuando no es necesaria ninguna intervenci\u00f3n judicial, el procedimiento legal a seguir puede, a menudo, ser complejo y arduo. El asesoramiento sobre c\u00f3mo proceder con la legalizaci\u00f3n de documentos extranjeros, la interpretaci\u00f3n de las diferentes leyes aplicables, y las autoridades gubernamentales o locales involucradas suelen ser cuestiones que preocupan a muchas personas que atraviesan circunstancias tan graves, y que pueden sentirse muy confundidos entre normas, reglamentos y otros requisitos burocr\u00e1ticos. Es clave destacar la importancia de aplicar los tipos impositivos correctos ya que, en Espa\u00f1a, se aplican diferentes legislaciones en funci\u00f3n de la regi\u00f3n.<\/p>\n<p>Podemos proporcionarle asesoramiento profesional en todo el proceso de sucesi\u00f3n, con instrucciones espec\u00edficas en cuanto a la documentaci\u00f3n necesaria para completar la herencia y el pago de todos los impuestos.<\/p>\n<p>Nuestro equipo de profesionales cualificados le asistir\u00e1 en todas las tareas administrativas necesarias para que los bienes inmuebles, dinero en cuentas bancarias y veh\u00edculos sean debidamente registrados a nombre del heredero\/a facilitando todos estos tr\u00e1mites. Se proporcionar\u00e1n las directrices adecuadas para otorgar poder notarial a favor de los abogados que actuar\u00e1n como sus representantes legales durante todo el proceso, en cuyo caso no ser\u00eda necesaria su presencia en Espa\u00f1a para la adjudicaci\u00f3n.<\/p>\n<p>Nuestro principal objetivo es siempre prestar a nuestros servicios siendo muy conscientes de las dif\u00edciles circunstancias que est\u00e1n atravesando familiares y amigos. Nuestro servicio es siempre amable, flexible y comprensivo, permitiendo en todo momento que la persona sobrelleve la tristeza que acompa\u00f1a a la muerte de un ser querido.<\/p>\n<\/div><div class=\"fusion-clearfix\"><\/div><\/div><\/div><\/div><\/div><div class=\"fusion-fullwidth fullwidth-box fusion-builder-row-2 nonhundred-percent-fullwidth non-hundred-percent-height-scrolling\"  style='background-color: rgba(255,255,255,0);background-position: center center;background-repeat: no-repeat;padding-top:0px;padding-right:0px;padding-bottom:0px;padding-left:0px;'><div class=\"fusion-builder-row fusion-row \"><div  class=\"fusion-layout-column fusion_builder_column fusion_builder_column_1_3 fusion-builder-column-1 fusion-one-third fusion-column-first 1_3\"  style='margin-top:0px;margin-bottom:20px;width:33.33%;width:calc(33.33% - ( ( 4% + 4% ) * 0.3333 ) );margin-right: 4%;'><div class=\"fusion-column-wrapper\" style=\"padding: 0px 0px 0px 0px;background-position:left top;background-repeat:no-repeat;-webkit-background-size:cover;-moz-background-size:cover;-o-background-size:cover;background-size:cover;\"   data-bg-url=\"\"><div class=\"fusion-button-wrapper fusion-aligncenter\"><style type=\"text\/css\">.fusion-button.button-1 {border-radius:4px;}<\/style><a class=\"fusion-button button-flat fusion-button-default-size button-default button-1 fusion-button-default-span fusion-button-default-type\" target=\"_self\" href=\"\/wills\/\"><span class=\"fusion-button-text\">Testamentos<\/span><\/a><\/div><div class=\"fusion-text\"><p style=\"text-align: center;\">Teniendo en consideraci\u00f3n que ley de sucesiones difieren mucho de un pa\u00eds a otro, es importante explicar ciertos matices con respecto a la necesidad de firmar o no un testamento en Espa\u00f1a.<\/p>\n<\/div><div class=\"fusion-clearfix\"><\/div><\/div><\/div><div  class=\"fusion-layout-column fusion_builder_column fusion_builder_column_1_3 fusion-builder-column-2 fusion-one-third 1_3\"  style='margin-top:0px;margin-bottom:20px;width:33.33%;width:calc(33.33% - ( ( 4% + 4% ) * 0.3333 ) );margin-right: 4%;'><div class=\"fusion-column-wrapper\" style=\"padding: 0px 0px 0px 0px;background-position:left top;background-repeat:no-repeat;-webkit-background-size:cover;-moz-background-size:cover;-o-background-size:cover;background-size:cover;\"   data-bg-url=\"\"><div class=\"fusion-button-wrapper fusion-aligncenter\"><style type=\"text\/css\">.fusion-button.button-2 {border-radius:4px;}<\/style><a class=\"fusion-button button-flat fusion-button-default-size button-default button-2 fusion-button-default-span fusion-button-default-type\" target=\"_self\" href=\"\/power-of-attorney\/\"><span class=\"fusion-button-text\">Apoderamientos<\/span><\/a><\/div><div class=\"fusion-text\"><p style=\"text-align: center;\">Un \u201cpoder\u201d es una autorizaci\u00f3n formal escrita a trav\u00e9s de la cual una persona (el otorgante) concede a otra (apoderado) la capacidad de actuar en su nombre.<\/p>\n<\/div><div class=\"fusion-clearfix\"><\/div><\/div><\/div><div  class=\"fusion-layout-column fusion_builder_column fusion_builder_column_1_3 fusion-builder-column-3 fusion-one-third fusion-column-last 1_3\"  style='margin-top:0px;margin-bottom:20px;width:33.33%;width:calc(33.33% - ( ( 4% + 4% ) * 0.3333 ) );'><div class=\"fusion-column-wrapper\" style=\"padding: 0px 0px 0px 0px;background-position:left top;background-repeat:no-repeat;-webkit-background-size:cover;-moz-background-size:cover;-o-background-size:cover;background-size:cover;\"   data-bg-url=\"\"><div class=\"fusion-button-wrapper fusion-aligncenter\"><style type=\"text\/css\">.fusion-button.button-3 {border-radius:4px;}<\/style><a class=\"fusion-button button-flat fusion-button-default-size button-default button-3 fusion-button-default-span fusion-button-default-type\" target=\"_self\" href=\"\/apostill\/\"><span class=\"fusion-button-text\">Apostille<\/span><\/a><\/div><div class=\"fusion-text\"><p style=\"text-align: center;\">Cuando alguien est\u00e1 inmerso en un proceso internacional legal (ya sea judicial o extra- judicial), debe tener en cuenta que, en la mayor\u00eda de los casos, tendr\u00e1 que\u00a0<strong>\"<\/strong>validar<strong>\"<\/strong>\u00a0los documentos para ser presentados en un pa\u00eds extranjero.<\/p>\n<\/div><div class=\"fusion-clearfix\"><\/div><\/div><\/div><\/div><\/div><style type=\"text\/css\">.fusion-fullwidth.fusion-builder-row-2 a:not(.fusion-button):not(.fusion-builder-module-control):not(.fusion-social-network-icon):not(.fb-icon-element):not(.fusion-countdown-link):not(.fusion-rollover-link):not(.fusion-rollover-gallery):not(.fusion-button-bar):not(.add_to_cart_button):not(.show_details_button):not(.product_type_external):not(.fusion-quick-view):not(.fusion-rollover-title-link):not(.fusion-breadcrumb-link) , .fusion-fullwidth.fusion-builder-row-2 a:not(.fusion-button):not(.fusion-builder-module-control):not(.fusion-social-network-icon):not(.fb-icon-element):not(.fusion-countdown-link):not(.fusion-rollover-link):not(.fusion-rollover-gallery):not(.fusion-button-bar):not(.add_to_cart_button):not(.show_details_button):not(.product_type_external):not(.fusion-quick-view):not(.fusion-rollover-title-link):not(.fusion-breadcrumb-link):before, .fusion-fullwidth.fusion-builder-row-2 a:not(.fusion-button):not(.fusion-builder-module-control):not(.fusion-social-network-icon):not(.fb-icon-element):not(.fusion-countdown-link):not(.fusion-rollover-link):not(.fusion-rollover-gallery):not(.fusion-button-bar):not(.add_to_cart_button):not(.show_details_button):not(.product_type_external):not(.fusion-quick-view):not(.fusion-rollover-title-link):not(.fusion-breadcrumb-link):after {color: #212934;}.fusion-fullwidth.fusion-builder-row-2 a:not(.fusion-button):not(.fusion-builder-module-control):not(.fusion-social-network-icon):not(.fb-icon-element):not(.fusion-countdown-link):not(.fusion-rollover-link):not(.fusion-rollover-gallery):not(.fusion-button-bar):not(.add_to_cart_button):not(.show_details_button):not(.product_type_external):not(.fusion-quick-view):not(.fusion-rollover-title-link):not(.fusion-breadcrumb-link):hover, .fusion-fullwidth.fusion-builder-row-2 a:not(.fusion-button):not(.fusion-builder-module-control):not(.fusion-social-network-icon):not(.fb-icon-element):not(.fusion-countdown-link):not(.fusion-rollover-link):not(.fusion-rollover-gallery):not(.fusion-button-bar):not(.add_to_cart_button):not(.show_details_button):not(.product_type_external):not(.fusion-quick-view):not(.fusion-rollover-title-link):not(.fusion-breadcrumb-link):hover:before, .fusion-fullwidth.fusion-builder-row-2 a:not(.fusion-button):not(.fusion-builder-module-control):not(.fusion-social-network-icon):not(.fb-icon-element):not(.fusion-countdown-link):not(.fusion-rollover-link):not(.fusion-rollover-gallery):not(.fusion-button-bar):not(.add_to_cart_button):not(.show_details_button):not(.product_type_external):not(.fusion-quick-view):not(.fusion-rollover-title-link):not(.fusion-breadcrumb-link):hover:after {color: #549f97;}.fusion-fullwidth.fusion-builder-row-2 .pagination a.inactive:hover, .fusion-fullwidth.fusion-builder-row-2 .fusion-filters .fusion-filter.fusion-active a {border-color: #549f97;}.fusion-fullwidth.fusion-builder-row-2 .pagination .current {border-color: #549f97; background-color: #549f97;}.fusion-fullwidth.fusion-builder-row-2 .fusion-filters .fusion-filter.fusion-active a, .fusion-fullwidth.fusion-builder-row-2 .fusion-date-and-formats .fusion-format-box, .fusion-fullwidth.fusion-builder-row-2 .fusion-popover, .fusion-fullwidth.fusion-builder-row-2 .tooltip-shortcode {color: #549f97;}#main .fusion-fullwidth.fusion-builder-row-2 .post .blog-shortcode-post-title a:hover {color: #549f97;}<\/style>","protected":false},"excerpt":{"rendered":"","protected":false},"author":4,"featured_media":0,"parent":0,"menu_order":0,"comment_status":"closed","ping_status":"closed","template":"","meta":{"footnotes":""},"class_list":["post-2324","page","type-page","status-publish","hentry"],"yoast_head":"<!-- This site is optimized with the Yoast SEO plugin v24.1 - https:\/\/yoast.com\/wordpress\/plugins\/seo\/ -->\n<title>Herencia y Testamento - LIA<\/title>\n<meta name=\"robots\" content=\"index, follow, max-snippet:-1, max-image-preview:large, max-video-preview:-1\" \/>\n<link rel=\"canonical\" href=\"https:\/\/lialawyers.com\/inheritance-testament\/\" \/>\n<meta property=\"og:locale\" content=\"es_ES\" \/>\n<meta property=\"og:type\" content=\"article\" \/>\n<meta property=\"og:title\" content=\"[:es]Herencia y Testamento[:en]Inheritance &amp; Testament[:fr]H\u00e9ritage et testament[:] - LIA\" \/>\n<meta property=\"og:url\" content=\"https:\/\/lialawyers.com\/inheritance-testament\/\" \/>\n<meta property=\"og:site_name\" content=\"LIA\" \/>\n<meta property=\"article:modified_time\" content=\"2024-12-20T17:36:50+00:00\" \/>\n<meta property=\"og:image\" content=\"https:\/\/lialawyers.com\/wp-content\/uploads\/2020\/10\/logo_og_image.png\" \/>\n\t<meta property=\"og:image:width\" content=\"1200\" \/>\n\t<meta property=\"og:image:height\" content=\"628\" \/>\n\t<meta property=\"og:image:type\" content=\"image\/png\" \/>\n<meta name=\"twitter:card\" content=\"summary_large_image\" \/>\n<meta name=\"twitter:label1\" content=\"Tiempo de lectura\" \/>\n\t<meta name=\"twitter:data1\" content=\"60 minutos\" \/>\n<script type=\"application\/ld+json\" class=\"yoast-schema-graph\">{\"@context\":\"https:\/\/schema.org\",\"@graph\":[{\"@type\":\"WebPage\",\"@id\":\"https:\/\/lialawyers.com\/inheritance-testament\/\",\"url\":\"https:\/\/lialawyers.com\/inheritance-testament\/\",\"name\":\"[:es]Herencia y Testamento[:en]Inheritance & Testament[:fr]H\u00e9ritage et testament[:] - LIA\",\"isPartOf\":{\"@id\":\"https:\/\/lialawyers.com\/de\/#website\"},\"datePublished\":\"2020-04-23T19:44:11+00:00\",\"dateModified\":\"2024-12-20T17:36:50+00:00\",\"breadcrumb\":{\"@id\":\"https:\/\/lialawyers.com\/inheritance-testament\/#breadcrumb\"},\"inLanguage\":\"es\",\"potentialAction\":[{\"@type\":\"ReadAction\",\"target\":[\"https:\/\/lialawyers.com\/inheritance-testament\/\"]}]},{\"@type\":\"BreadcrumbList\",\"@id\":\"https:\/\/lialawyers.com\/inheritance-testament\/#breadcrumb\",\"itemListElement\":[{\"@type\":\"ListItem\",\"position\":1,\"name\":\"Home\",\"item\":\"https:\/\/lialawyers.com\/\"},{\"@type\":\"ListItem\",\"position\":2,\"name\":\"Herencia y Testamento\"}]},{\"@type\":\"WebSite\",\"@id\":\"https:\/\/lialawyers.com\/de\/#website\",\"url\":\"https:\/\/lialawyers.com\/de\/\",\"name\":\"LIA\",\"description\":\"Law Inheritance Advisors\",\"publisher\":{\"@id\":\"https:\/\/lialawyers.com\/de\/#organization\"},\"potentialAction\":[{\"@type\":\"SearchAction\",\"target\":{\"@type\":\"EntryPoint\",\"urlTemplate\":\"https:\/\/lialawyers.com\/de\/?s={search_term_string}\"},\"query-input\":{\"@type\":\"PropertyValueSpecification\",\"valueRequired\":true,\"valueName\":\"search_term_string\"}}],\"inLanguage\":\"es\"},{\"@type\":\"Organization\",\"@id\":\"https:\/\/lialawyers.com\/de\/#organization\",\"name\":\"Lia Lawyers\",\"url\":\"https:\/\/lialawyers.com\/de\/\",\"logo\":{\"@type\":\"ImageObject\",\"inLanguage\":\"es\",\"@id\":\"https:\/\/lialawyers.com\/de\/#\/schema\/logo\/image\/\",\"url\":\"https:\/\/lialawyers.com\/wp-content\/uploads\/2020\/10\/logo_og_image.png\",\"contentUrl\":\"https:\/\/lialawyers.com\/wp-content\/uploads\/2020\/10\/logo_og_image.png\",\"width\":1200,\"height\":628,\"caption\":\"Lia Lawyers\"},\"image\":{\"@id\":\"https:\/\/lialawyers.com\/de\/#\/schema\/logo\/image\/\"}}]}<\/script>\n<!-- \/ Yoast SEO plugin. -->","yoast_head_json":{"title":"[:es]Herencia y Testamento[:en]Inheritance & Testament[:fr]H\u00e9ritage et testament[:] - LIA","robots":{"index":"index","follow":"follow","max-snippet":"max-snippet:-1","max-image-preview":"max-image-preview:large","max-video-preview":"max-video-preview:-1"},"canonical":"https:\/\/lialawyers.com\/inheritance-testament\/","og_locale":"es_ES","og_type":"article","og_title":"[:es]Herencia y Testamento[:en]Inheritance & Testament[:fr]H\u00e9ritage et testament[:] - LIA","og_url":"https:\/\/lialawyers.com\/inheritance-testament\/","og_site_name":"LIA","article_modified_time":"2024-12-20T17:36:50+00:00","og_image":[{"width":1200,"height":628,"url":"https:\/\/lialawyers.com\/wp-content\/uploads\/2020\/10\/logo_og_image.png","type":"image\/png"}],"twitter_card":"summary_large_image","twitter_misc":{"Tiempo de lectura":"60 minutos"},"schema":{"@context":"https:\/\/schema.org","@graph":[{"@type":"WebPage","@id":"https:\/\/lialawyers.com\/inheritance-testament\/","url":"https:\/\/lialawyers.com\/inheritance-testament\/","name":"[:es]Herencia y Testamento[:en]Inheritance & Testament[:fr]H\u00e9ritage et testament[:] - LIA","isPartOf":{"@id":"https:\/\/lialawyers.com\/de\/#website"},"datePublished":"2020-04-23T19:44:11+00:00","dateModified":"2024-12-20T17:36:50+00:00","breadcrumb":{"@id":"https:\/\/lialawyers.com\/inheritance-testament\/#breadcrumb"},"inLanguage":"es","potentialAction":[{"@type":"ReadAction","target":["https:\/\/lialawyers.com\/inheritance-testament\/"]}]},{"@type":"BreadcrumbList","@id":"https:\/\/lialawyers.com\/inheritance-testament\/#breadcrumb","itemListElement":[{"@type":"ListItem","position":1,"name":"Home","item":"https:\/\/lialawyers.com\/"},{"@type":"ListItem","position":2,"name":"Herencia y Testamento"}]},{"@type":"WebSite","@id":"https:\/\/lialawyers.com\/de\/#website","url":"https:\/\/lialawyers.com\/de\/","name":"LIA","description":"Law Inheritance Advisors","publisher":{"@id":"https:\/\/lialawyers.com\/de\/#organization"},"potentialAction":[{"@type":"SearchAction","target":{"@type":"EntryPoint","urlTemplate":"https:\/\/lialawyers.com\/de\/?s={search_term_string}"},"query-input":{"@type":"PropertyValueSpecification","valueRequired":true,"valueName":"search_term_string"}}],"inLanguage":"es"},{"@type":"Organization","@id":"https:\/\/lialawyers.com\/de\/#organization","name":"Lia Lawyers","url":"https:\/\/lialawyers.com\/de\/","logo":{"@type":"ImageObject","inLanguage":"es","@id":"https:\/\/lialawyers.com\/de\/#\/schema\/logo\/image\/","url":"https:\/\/lialawyers.com\/wp-content\/uploads\/2020\/10\/logo_og_image.png","contentUrl":"https:\/\/lialawyers.com\/wp-content\/uploads\/2020\/10\/logo_og_image.png","width":1200,"height":628,"caption":"Lia Lawyers"},"image":{"@id":"https:\/\/lialawyers.com\/de\/#\/schema\/logo\/image\/"}}]}},"_links":{"self":[{"href":"https:\/\/lialawyers.com\/es\/wp-json\/wp\/v2\/pages\/2324","targetHints":{"allow":["GET"]}}],"collection":[{"href":"https:\/\/lialawyers.com\/es\/wp-json\/wp\/v2\/pages"}],"about":[{"href":"https:\/\/lialawyers.com\/es\/wp-json\/wp\/v2\/types\/page"}],"author":[{"embeddable":true,"href":"https:\/\/lialawyers.com\/es\/wp-json\/wp\/v2\/users\/4"}],"replies":[{"embeddable":true,"href":"https:\/\/lialawyers.com\/es\/wp-json\/wp\/v2\/comments?post=2324"}],"version-history":[{"count":12,"href":"https:\/\/lialawyers.com\/es\/wp-json\/wp\/v2\/pages\/2324\/revisions"}],"predecessor-version":[{"id":2955,"href":"https:\/\/lialawyers.com\/es\/wp-json\/wp\/v2\/pages\/2324\/revisions\/2955"}],"wp:attachment":[{"href":"https:\/\/lialawyers.com\/es\/wp-json\/wp\/v2\/media?parent=2324"}],"curies":[{"name":"wp","href":"https:\/\/api.w.org\/{rel}","templated":true}]}}