{"id":2699,"date":"2020-09-18T16:01:14","date_gmt":"2020-09-18T15:01:14","guid":{"rendered":"http:\/\/lialawyers.com\/?page_id=2699"},"modified":"2024-12-20T17:36:49","modified_gmt":"2024-12-20T17:36:49","slug":"apostill","status":"publish","type":"page","link":"https:\/\/lialawyers.com\/es\/apostill\/","title":{"rendered":"Apostille"},"content":{"rendered":"<div class=\"fusion-fullwidth fullwidth-box fusion-builder-row-1 nonhundred-percent-fullwidth non-hundred-percent-height-scrolling\"  style='background-color: rgba(255,255,255,0);background-position: center center;background-repeat: no-repeat;padding-top:0px;padding-right:0px;padding-bottom:0px;padding-left:0px;'><div class=\"fusion-builder-row fusion-row \"><div  class=\"fusion-layout-column fusion_builder_column fusion_builder_column_1_1 fusion-builder-column-0 fusion-one-full fusion-column-first fusion-column-last 1_1\"  style='margin-top:0px;margin-bottom:20px;'><div class=\"fusion-column-wrapper\" style=\"padding: 0px 0px 0px 0px;background-position:left top;background-repeat:no-repeat;-webkit-background-size:cover;-moz-background-size:cover;-o-background-size:cover;background-size:cover;\"   data-bg-url=\"\"><style type=\"text\/css\">@media only screen and (max-width:800px) {.fusion-title.fusion-title-1{margin-top:10px!important;margin-bottom:10px!important;}}<\/style><div class=\"fusion-title title fusion-title-1 fusion-title-text fusion-title-size-one\" style=\"margin-top:10px;margin-bottom:15px;\"><h1 class=\"title-heading-left\" style=\"margin:0;\">Apostille<\/h1><div class=\"title-sep-container\"><div class=\"title-sep sep-double sep-solid\" style=\"border-color:#e2e2e2;\"><\/div><\/div><\/div><div class=\"fusion-text\"><p>Cuando alguien est\u00e1 inmerso en un proceso internacional legal (ya sea judicial o extra- judicial), debe tener en cuenta que, en la mayor\u00eda de los casos, tendr\u00e1 que <strong>\"<\/strong>validar<strong>\"<\/strong> los documentos para ser presentados en un pa\u00eds extranjero.<\/p>\n<p>Existen dos procedimientos administrativos de validaci\u00f3n est\u00e1ndar conocidos:<\/p>\n<ol>\n<li>Apostilla<\/li>\n<li>Legalizaci\u00f3n.<\/li>\n<\/ol>\n<p>Si el pa\u00eds en el que el documento debe ser \"legalizado\" es miembro de la<strong> \"Convenci\u00f3n de La Haya\"<\/strong> determinar\u00e1 cu\u00e1l de los anteriores procedimientos ha de emplearse<strong>.<\/strong> Los pa\u00edses que se adhieren a la Convenci\u00f3n reconocen mutuamente la validez legal de la \"Apostilla\".<\/p>\n<p>El \u00a0\u00a0mencionado Tratado Internacional es una organizaci\u00f3n permanente creada el 5 de octubre de 1961, con el objetivo de simplificar los procedimientos administrativos internacionales entre sus miembros. M\u00e1s de 180 pa\u00edses y jurisdicciones independientes forman parte del Tratado.\u00a0 Este facilita la circulaci\u00f3n de documentos p\u00fablicos emitidos en cualquier pa\u00eds miembro para ser empleados en otro, con la mera aplicaci\u00f3n de una Apostilla. Los pa\u00edses signatarios utilizan el mismo modelo o uno muy similar.<\/p>\n<p>La definici\u00f3n de Apostilla es: \u00abvalidaci\u00f3n de un documento expedido en un pa\u00eds miembro para su uso en otro\u00bb. La Apostilla sobre un documento p\u00fablico \"extranjero\" certifica la autenticidad de la firma, la capacidad en la que la persona firmante del documento ha actuado y, en su caso, la identidad del sello o r\u00fabrica que lleva el documento. Las apostillas siempre se emiten en la lengua oficial del pa\u00eds de origen. Sin embargo, los 10 elementos de informaci\u00f3n incluidos son universales en todas las Apostillas para garantizar que cualquier persona pueda identificar la informaci\u00f3n independientemente del idioma.<\/p>\n<p>Tambi\u00e9n es importante mencionar el <strong>Reglamento <\/strong><strong>sobre Documentos P\u00fablicos 2016\/1191<\/strong> en vigor desde el 16<sup>th<\/sup> de febrero de 2019 en la UE, y que tiene por objeto evitar la burocracia y los costes para los ciudadanos cuando necesitan presentar en un pa\u00eds de la UE un documento p\u00fablico expedido en otro pa\u00eds de la UE, sin exigir que se adjunte al documento la denominada Apostilla.\u00a0 Ejemplos de estos documentos incluyen certificados de nacimiento, matrimonio y defunci\u00f3n, paternidad, adopci\u00f3n, residencia o ciudadan\u00eda, etc. El Reglamento tambi\u00e9n abarca los certificados de antecedentes penales, emitidos con el fin de atestiguar que una persona no tiene antecedentes penales. Los documentos obtenidos antes de la reforma tambi\u00e9n deben aceptarse en el marco del Reglamento.\u00a0 Tambi\u00e9n se han introducido formularios est\u00e1ndar plurilingues para el uso de los Estados miembros, lo que reduce la necesidad de traducciones.<\/p>\n<p>Cuando los documentos vienen de un pa\u00eds que no ha ratificado el Convenio de La Haya, la Apostilla no ser\u00e1 el m\u00e9todo para legalizaci\u00f3n de un documento<strong>.<\/strong> En tales circunstancias, si un documento ha de emplearse en un proceso legal espa\u00f1ol y necesita ser \"autenticado\", el m\u00e9todo a seguir es el proceso conocido como <strong>\"Legalizaci\u00f3n\"; <\/strong>el que est\u00e9 en vigor en el pa\u00eds que ha emitido el documento ser\u00e1 el proceso que seguir. Por lo general, en estos casos, los documentos requerir\u00e1n en cualquier caso la validaci\u00f3n final por la embajada correspondiente.<\/p>\n<p>Es muy importante pedir siempre asesoramiento sobre el procedimiento real que debe seguirse en su caso espec\u00edfico, Apostilla o Legalizaci\u00f3n. Ofrecemos un servicio eficaz para guiarle en cualquier caso.<\/p>\n<\/div><div class=\"fusion-clearfix\"><\/div><\/div><\/div><\/div><\/div><style type=\"text\/css\">.fusion-fullwidth.fusion-builder-row-1 a:not(.fusion-button):not(.fusion-builder-module-control):not(.fusion-social-network-icon):not(.fb-icon-element):not(.fusion-countdown-link):not(.fusion-rollover-link):not(.fusion-rollover-gallery):not(.fusion-button-bar):not(.add_to_cart_button):not(.show_details_button):not(.product_type_external):not(.fusion-quick-view):not(.fusion-rollover-title-link):not(.fusion-breadcrumb-link) , .fusion-fullwidth.fusion-builder-row-1 a:not(.fusion-button):not(.fusion-builder-module-control):not(.fusion-social-network-icon):not(.fb-icon-element):not(.fusion-countdown-link):not(.fusion-rollover-link):not(.fusion-rollover-gallery):not(.fusion-button-bar):not(.add_to_cart_button):not(.show_details_button):not(.product_type_external):not(.fusion-quick-view):not(.fusion-rollover-title-link):not(.fusion-breadcrumb-link):before, .fusion-fullwidth.fusion-builder-row-1 a:not(.fusion-button):not(.fusion-builder-module-control):not(.fusion-social-network-icon):not(.fb-icon-element):not(.fusion-countdown-link):not(.fusion-rollover-link):not(.fusion-rollover-gallery):not(.fusion-button-bar):not(.add_to_cart_button):not(.show_details_button):not(.product_type_external):not(.fusion-quick-view):not(.fusion-rollover-title-link):not(.fusion-breadcrumb-link):after {color: #212934;}.fusion-fullwidth.fusion-builder-row-1 a:not(.fusion-button):not(.fusion-builder-module-control):not(.fusion-social-network-icon):not(.fb-icon-element):not(.fusion-countdown-link):not(.fusion-rollover-link):not(.fusion-rollover-gallery):not(.fusion-button-bar):not(.add_to_cart_button):not(.show_details_button):not(.product_type_external):not(.fusion-quick-view):not(.fusion-rollover-title-link):not(.fusion-breadcrumb-link):hover, .fusion-fullwidth.fusion-builder-row-1 a:not(.fusion-button):not(.fusion-builder-module-control):not(.fusion-social-network-icon):not(.fb-icon-element):not(.fusion-countdown-link):not(.fusion-rollover-link):not(.fusion-rollover-gallery):not(.fusion-button-bar):not(.add_to_cart_button):not(.show_details_button):not(.product_type_external):not(.fusion-quick-view):not(.fusion-rollover-title-link):not(.fusion-breadcrumb-link):hover:before, .fusion-fullwidth.fusion-builder-row-1 a:not(.fusion-button):not(.fusion-builder-module-control):not(.fusion-social-network-icon):not(.fb-icon-element):not(.fusion-countdown-link):not(.fusion-rollover-link):not(.fusion-rollover-gallery):not(.fusion-button-bar):not(.add_to_cart_button):not(.show_details_button):not(.product_type_external):not(.fusion-quick-view):not(.fusion-rollover-title-link):not(.fusion-breadcrumb-link):hover:after {color: #549f97;}.fusion-fullwidth.fusion-builder-row-1 .pagination a.inactive:hover, .fusion-fullwidth.fusion-builder-row-1 .fusion-filters .fusion-filter.fusion-active a {border-color: #549f97;}.fusion-fullwidth.fusion-builder-row-1 .pagination .current {border-color: #549f97; background-color: #549f97;}.fusion-fullwidth.fusion-builder-row-1 .fusion-filters .fusion-filter.fusion-active a, .fusion-fullwidth.fusion-builder-row-1 .fusion-date-and-formats .fusion-format-box, .fusion-fullwidth.fusion-builder-row-1 .fusion-popover, .fusion-fullwidth.fusion-builder-row-1 .tooltip-shortcode {color: #549f97;}#main .fusion-fullwidth.fusion-builder-row-1 .post .blog-shortcode-post-title a:hover {color: #549f97;}<\/style><div class=\"fusion-fullwidth fullwidth-box fusion-builder-row-2 nonhundred-percent-fullwidth non-hundred-percent-height-scrolling\"  style='background-color: rgba(255,255,255,0);background-position: center center;background-repeat: no-repeat;padding-top:0px;padding-right:0px;padding-bottom:0px;padding-left:0px;'><div class=\"fusion-builder-row fusion-row \"><div  class=\"fusion-layout-column fusion_builder_column fusion_builder_column_1_3 fusion-builder-column-1 fusion-one-third fusion-column-first 1_3\"  style='margin-top:0px;margin-bottom:20px;width:33.33%;width:calc(33.33% - ( ( 4% + 4% ) * 0.3333 ) );margin-right: 4%;'><div class=\"fusion-column-wrapper\" style=\"padding: 0px 0px 0px 0px;background-position:left top;background-repeat:no-repeat;-webkit-background-size:cover;-moz-background-size:cover;-o-background-size:cover;background-size:cover;\"   data-bg-url=\"\"><div class=\"fusion-button-wrapper fusion-aligncenter\"><style type=\"text\/css\">.fusion-button.button-1 {border-radius:4px;}<\/style><a class=\"fusion-button button-flat fusion-button-default-size button-default button-1 fusion-button-default-span fusion-button-default-type\" target=\"_self\" href=\"\/wills\/\"><span class=\"fusion-button-text\">Testamentos<\/span><\/a><\/div><div class=\"fusion-text\"><p style=\"text-align: center;\">Teniendo en consideraci\u00f3n que ley de sucesiones difieren mucho de un pa\u00eds a otro, es importante explicar ciertos matices con respecto a la necesidad de firmar o no un testamento en Espa\u00f1a.<\/p>\n<\/div><div class=\"fusion-clearfix\"><\/div><\/div><\/div><div  class=\"fusion-layout-column fusion_builder_column fusion_builder_column_1_3 fusion-builder-column-2 fusion-one-third 1_3\"  style='margin-top:0px;margin-bottom:20px;width:33.33%;width:calc(33.33% - ( ( 4% + 4% ) * 0.3333 ) );margin-right: 4%;'><div class=\"fusion-column-wrapper\" style=\"padding: 0px 0px 0px 0px;background-position:left top;background-repeat:no-repeat;-webkit-background-size:cover;-moz-background-size:cover;-o-background-size:cover;background-size:cover;\"   data-bg-url=\"\"><div class=\"fusion-button-wrapper fusion-aligncenter\"><style type=\"text\/css\">.fusion-button.button-2 {border-radius:4px;}<\/style><a class=\"fusion-button button-flat fusion-button-default-size button-default button-2 fusion-button-default-span fusion-button-default-type\" target=\"_self\" href=\"\/power-of-attorney\/\"><span class=\"fusion-button-text\">Apoderamientos<\/span><\/a><\/div><div class=\"fusion-text\"><p style=\"text-align: center;\">Un \u201cpoder\u201d es una autorizaci\u00f3n formal escrita a trav\u00e9s de la cual una persona (el otorgante) concede a otra (apoderado) la capacidad de actuar en su nombre.<\/p>\n<\/div><div class=\"fusion-clearfix\"><\/div><\/div><\/div><div  class=\"fusion-layout-column fusion_builder_column fusion_builder_column_1_3 fusion-builder-column-3 fusion-one-third fusion-column-last 1_3\"  style='margin-top:0px;margin-bottom:20px;width:33.33%;width:calc(33.33% - ( ( 4% + 4% ) * 0.3333 ) );'><div class=\"fusion-column-wrapper\" style=\"padding: 0px 0px 0px 0px;background-position:left top;background-repeat:no-repeat;-webkit-background-size:cover;-moz-background-size:cover;-o-background-size:cover;background-size:cover;\"   data-bg-url=\"\"><div class=\"fusion-button-wrapper fusion-aligncenter\"><style type=\"text\/css\">.fusion-button.button-3 {border-radius:4px;}<\/style><a class=\"fusion-button button-flat fusion-button-default-size button-default button-3 fusion-button-default-span fusion-button-default-type\" target=\"_self\" href=\"\/apostill\/\"><span class=\"fusion-button-text\">Apostille<\/span><\/a><\/div><div class=\"fusion-text\"><p style=\"text-align: center;\">Cuando alguien est\u00e1 inmerso en un proceso internacional legal (ya sea judicial o extra- judicial), debe tener en cuenta que, en la mayor\u00eda de los casos, tendr\u00e1 que\u00a0<strong>\"<\/strong>validar<strong>\"<\/strong>\u00a0los documentos para ser presentados en un pa\u00eds extranjero.<\/p>\n<\/div><div class=\"fusion-clearfix\"><\/div><\/div><\/div><\/div><\/div><style type=\"text\/css\">.fusion-fullwidth.fusion-builder-row-2 a:not(.fusion-button):not(.fusion-builder-module-control):not(.fusion-social-network-icon):not(.fb-icon-element):not(.fusion-countdown-link):not(.fusion-rollover-link):not(.fusion-rollover-gallery):not(.fusion-button-bar):not(.add_to_cart_button):not(.show_details_button):not(.product_type_external):not(.fusion-quick-view):not(.fusion-rollover-title-link):not(.fusion-breadcrumb-link) , .fusion-fullwidth.fusion-builder-row-2 a:not(.fusion-button):not(.fusion-builder-module-control):not(.fusion-social-network-icon):not(.fb-icon-element):not(.fusion-countdown-link):not(.fusion-rollover-link):not(.fusion-rollover-gallery):not(.fusion-button-bar):not(.add_to_cart_button):not(.show_details_button):not(.product_type_external):not(.fusion-quick-view):not(.fusion-rollover-title-link):not(.fusion-breadcrumb-link):before, .fusion-fullwidth.fusion-builder-row-2 a:not(.fusion-button):not(.fusion-builder-module-control):not(.fusion-social-network-icon):not(.fb-icon-element):not(.fusion-countdown-link):not(.fusion-rollover-link):not(.fusion-rollover-gallery):not(.fusion-button-bar):not(.add_to_cart_button):not(.show_details_button):not(.product_type_external):not(.fusion-quick-view):not(.fusion-rollover-title-link):not(.fusion-breadcrumb-link):after {color: #212934;}.fusion-fullwidth.fusion-builder-row-2 a:not(.fusion-button):not(.fusion-builder-module-control):not(.fusion-social-network-icon):not(.fb-icon-element):not(.fusion-countdown-link):not(.fusion-rollover-link):not(.fusion-rollover-gallery):not(.fusion-button-bar):not(.add_to_cart_button):not(.show_details_button):not(.product_type_external):not(.fusion-quick-view):not(.fusion-rollover-title-link):not(.fusion-breadcrumb-link):hover, .fusion-fullwidth.fusion-builder-row-2 a:not(.fusion-button):not(.fusion-builder-module-control):not(.fusion-social-network-icon):not(.fb-icon-element):not(.fusion-countdown-link):not(.fusion-rollover-link):not(.fusion-rollover-gallery):not(.fusion-button-bar):not(.add_to_cart_button):not(.show_details_button):not(.product_type_external):not(.fusion-quick-view):not(.fusion-rollover-title-link):not(.fusion-breadcrumb-link):hover:before, .fusion-fullwidth.fusion-builder-row-2 a:not(.fusion-button):not(.fusion-builder-module-control):not(.fusion-social-network-icon):not(.fb-icon-element):not(.fusion-countdown-link):not(.fusion-rollover-link):not(.fusion-rollover-gallery):not(.fusion-button-bar):not(.add_to_cart_button):not(.show_details_button):not(.product_type_external):not(.fusion-quick-view):not(.fusion-rollover-title-link):not(.fusion-breadcrumb-link):hover:after {color: #549f97;}.fusion-fullwidth.fusion-builder-row-2 .pagination a.inactive:hover, .fusion-fullwidth.fusion-builder-row-2 .fusion-filters .fusion-filter.fusion-active a {border-color: #549f97;}.fusion-fullwidth.fusion-builder-row-2 .pagination .current {border-color: #549f97; background-color: #549f97;}.fusion-fullwidth.fusion-builder-row-2 .fusion-filters .fusion-filter.fusion-active a, .fusion-fullwidth.fusion-builder-row-2 .fusion-date-and-formats .fusion-format-box, .fusion-fullwidth.fusion-builder-row-2 .fusion-popover, .fusion-fullwidth.fusion-builder-row-2 .tooltip-shortcode {color: #549f97;}#main .fusion-fullwidth.fusion-builder-row-2 .post .blog-shortcode-post-title a:hover {color: #549f97;}<\/style>","protected":false},"excerpt":{"rendered":"","protected":false},"author":4,"featured_media":0,"parent":0,"menu_order":0,"comment_status":"closed","ping_status":"closed","template":"","meta":{"footnotes":""},"class_list":["post-2699","page","type-page","status-publish","hentry"],"yoast_head":"<!-- This site is optimized with the Yoast SEO plugin v24.1 - https:\/\/yoast.com\/wordpress\/plugins\/seo\/ -->\n<title>Apostille - LIA<\/title>\n<meta name=\"robots\" content=\"index, follow, max-snippet:-1, max-image-preview:large, max-video-preview:-1\" \/>\n<link rel=\"canonical\" href=\"https:\/\/lialawyers.com\/apostill\/\" \/>\n<meta property=\"og:locale\" content=\"es_ES\" \/>\n<meta property=\"og:type\" content=\"article\" \/>\n<meta property=\"og:title\" content=\"[:es]Apostille[:en]Apostille[:fr]Apostille[:de]Apostille[:no]Apostille[:] - LIA\" \/>\n<meta property=\"og:url\" content=\"https:\/\/lialawyers.com\/apostill\/\" \/>\n<meta property=\"og:site_name\" content=\"LIA\" \/>\n<meta property=\"article:modified_time\" content=\"2024-12-20T17:36:49+00:00\" \/>\n<meta property=\"og:image\" content=\"https:\/\/lialawyers.com\/wp-content\/uploads\/2020\/10\/logo_og_image.png\" \/>\n\t<meta property=\"og:image:width\" content=\"1200\" \/>\n\t<meta property=\"og:image:height\" content=\"628\" \/>\n\t<meta property=\"og:image:type\" content=\"image\/png\" \/>\n<meta name=\"twitter:card\" content=\"summary_large_image\" \/>\n<meta name=\"twitter:label1\" content=\"Tiempo de lectura\" \/>\n\t<meta name=\"twitter:data1\" content=\"63 minutos\" \/>\n<script type=\"application\/ld+json\" class=\"yoast-schema-graph\">{\"@context\":\"https:\/\/schema.org\",\"@graph\":[{\"@type\":\"WebPage\",\"@id\":\"https:\/\/lialawyers.com\/apostill\/\",\"url\":\"https:\/\/lialawyers.com\/apostill\/\",\"name\":\"[:es]Apostille[:en]Apostille[:fr]Apostille[:de]Apostille[:no]Apostille[:] - LIA\",\"isPartOf\":{\"@id\":\"https:\/\/lialawyers.com\/de\/#website\"},\"datePublished\":\"2020-09-18T15:01:14+00:00\",\"dateModified\":\"2024-12-20T17:36:49+00:00\",\"breadcrumb\":{\"@id\":\"https:\/\/lialawyers.com\/apostill\/#breadcrumb\"},\"inLanguage\":\"es\",\"potentialAction\":[{\"@type\":\"ReadAction\",\"target\":[\"https:\/\/lialawyers.com\/apostill\/\"]}]},{\"@type\":\"BreadcrumbList\",\"@id\":\"https:\/\/lialawyers.com\/apostill\/#breadcrumb\",\"itemListElement\":[{\"@type\":\"ListItem\",\"position\":1,\"name\":\"Home\",\"item\":\"https:\/\/lialawyers.com\/\"},{\"@type\":\"ListItem\",\"position\":2,\"name\":\"Apostille\"}]},{\"@type\":\"WebSite\",\"@id\":\"https:\/\/lialawyers.com\/de\/#website\",\"url\":\"https:\/\/lialawyers.com\/de\/\",\"name\":\"LIA\",\"description\":\"Law Inheritance Advisors\",\"publisher\":{\"@id\":\"https:\/\/lialawyers.com\/de\/#organization\"},\"potentialAction\":[{\"@type\":\"SearchAction\",\"target\":{\"@type\":\"EntryPoint\",\"urlTemplate\":\"https:\/\/lialawyers.com\/de\/?s={search_term_string}\"},\"query-input\":{\"@type\":\"PropertyValueSpecification\",\"valueRequired\":true,\"valueName\":\"search_term_string\"}}],\"inLanguage\":\"es\"},{\"@type\":\"Organization\",\"@id\":\"https:\/\/lialawyers.com\/de\/#organization\",\"name\":\"Lia Lawyers\",\"url\":\"https:\/\/lialawyers.com\/de\/\",\"logo\":{\"@type\":\"ImageObject\",\"inLanguage\":\"es\",\"@id\":\"https:\/\/lialawyers.com\/de\/#\/schema\/logo\/image\/\",\"url\":\"https:\/\/lialawyers.com\/wp-content\/uploads\/2020\/10\/logo_og_image.png\",\"contentUrl\":\"https:\/\/lialawyers.com\/wp-content\/uploads\/2020\/10\/logo_og_image.png\",\"width\":1200,\"height\":628,\"caption\":\"Lia Lawyers\"},\"image\":{\"@id\":\"https:\/\/lialawyers.com\/de\/#\/schema\/logo\/image\/\"}}]}<\/script>\n<!-- \/ Yoast SEO plugin. -->","yoast_head_json":{"title":"[:es]Apostille[:en]Apostille[:fr]Apostille[:de]Apostille[:no]Apostille[:] - LIA","robots":{"index":"index","follow":"follow","max-snippet":"max-snippet:-1","max-image-preview":"max-image-preview:large","max-video-preview":"max-video-preview:-1"},"canonical":"https:\/\/lialawyers.com\/apostill\/","og_locale":"es_ES","og_type":"article","og_title":"[:es]Apostille[:en]Apostille[:fr]Apostille[:de]Apostille[:no]Apostille[:] - LIA","og_url":"https:\/\/lialawyers.com\/apostill\/","og_site_name":"LIA","article_modified_time":"2024-12-20T17:36:49+00:00","og_image":[{"width":1200,"height":628,"url":"https:\/\/lialawyers.com\/wp-content\/uploads\/2020\/10\/logo_og_image.png","type":"image\/png"}],"twitter_card":"summary_large_image","twitter_misc":{"Tiempo de lectura":"63 minutos"},"schema":{"@context":"https:\/\/schema.org","@graph":[{"@type":"WebPage","@id":"https:\/\/lialawyers.com\/apostill\/","url":"https:\/\/lialawyers.com\/apostill\/","name":"[:es]Apostille[:en]Apostille[:fr]Apostille[:de]Apostille[:no]Apostille[:] - LIA","isPartOf":{"@id":"https:\/\/lialawyers.com\/de\/#website"},"datePublished":"2020-09-18T15:01:14+00:00","dateModified":"2024-12-20T17:36:49+00:00","breadcrumb":{"@id":"https:\/\/lialawyers.com\/apostill\/#breadcrumb"},"inLanguage":"es","potentialAction":[{"@type":"ReadAction","target":["https:\/\/lialawyers.com\/apostill\/"]}]},{"@type":"BreadcrumbList","@id":"https:\/\/lialawyers.com\/apostill\/#breadcrumb","itemListElement":[{"@type":"ListItem","position":1,"name":"Home","item":"https:\/\/lialawyers.com\/"},{"@type":"ListItem","position":2,"name":"Apostille"}]},{"@type":"WebSite","@id":"https:\/\/lialawyers.com\/de\/#website","url":"https:\/\/lialawyers.com\/de\/","name":"LIA","description":"Law Inheritance Advisors","publisher":{"@id":"https:\/\/lialawyers.com\/de\/#organization"},"potentialAction":[{"@type":"SearchAction","target":{"@type":"EntryPoint","urlTemplate":"https:\/\/lialawyers.com\/de\/?s={search_term_string}"},"query-input":{"@type":"PropertyValueSpecification","valueRequired":true,"valueName":"search_term_string"}}],"inLanguage":"es"},{"@type":"Organization","@id":"https:\/\/lialawyers.com\/de\/#organization","name":"Lia Lawyers","url":"https:\/\/lialawyers.com\/de\/","logo":{"@type":"ImageObject","inLanguage":"es","@id":"https:\/\/lialawyers.com\/de\/#\/schema\/logo\/image\/","url":"https:\/\/lialawyers.com\/wp-content\/uploads\/2020\/10\/logo_og_image.png","contentUrl":"https:\/\/lialawyers.com\/wp-content\/uploads\/2020\/10\/logo_og_image.png","width":1200,"height":628,"caption":"Lia Lawyers"},"image":{"@id":"https:\/\/lialawyers.com\/de\/#\/schema\/logo\/image\/"}}]}},"_links":{"self":[{"href":"https:\/\/lialawyers.com\/es\/wp-json\/wp\/v2\/pages\/2699","targetHints":{"allow":["GET"]}}],"collection":[{"href":"https:\/\/lialawyers.com\/es\/wp-json\/wp\/v2\/pages"}],"about":[{"href":"https:\/\/lialawyers.com\/es\/wp-json\/wp\/v2\/types\/page"}],"author":[{"embeddable":true,"href":"https:\/\/lialawyers.com\/es\/wp-json\/wp\/v2\/users\/4"}],"replies":[{"embeddable":true,"href":"https:\/\/lialawyers.com\/es\/wp-json\/wp\/v2\/comments?post=2699"}],"version-history":[{"count":14,"href":"https:\/\/lialawyers.com\/es\/wp-json\/wp\/v2\/pages\/2699\/revisions"}],"predecessor-version":[{"id":2952,"href":"https:\/\/lialawyers.com\/es\/wp-json\/wp\/v2\/pages\/2699\/revisions\/2952"}],"wp:attachment":[{"href":"https:\/\/lialawyers.com\/es\/wp-json\/wp\/v2\/media?parent=2699"}],"curies":[{"name":"wp","href":"https:\/\/api.w.org\/{rel}","templated":true}]}}