{"id":2778,"date":"2020-09-28T08:22:31","date_gmt":"2020-09-28T07:22:31","guid":{"rendered":"http:\/\/lialawyers.com\/?page_id=2778"},"modified":"2024-12-20T17:36:50","modified_gmt":"2024-12-20T17:36:50","slug":"nie","status":"publish","type":"page","link":"https:\/\/lialawyers.com\/es\/nie\/","title":{"rendered":"Nie y Residencia"},"content":{"rendered":"<div class=\"fusion-fullwidth fullwidth-box fusion-builder-row-1 nonhundred-percent-fullwidth non-hundred-percent-height-scrolling\"  style='background-color: rgba(255,255,255,0);background-position: center center;background-repeat: no-repeat;padding-top:0px;padding-right:0px;padding-bottom:0px;padding-left:0px;'><div class=\"fusion-builder-row fusion-row \"><div  class=\"fusion-layout-column fusion_builder_column fusion_builder_column_1_1 fusion-builder-column-0 fusion-one-full fusion-column-first fusion-column-last 1_1\"  style='margin-top:0px;margin-bottom:0px;'><div class=\"fusion-column-wrapper\" style=\"padding: 0px 0px 0px 0px;background-position:left top;background-repeat:no-repeat;-webkit-background-size:cover;-moz-background-size:cover;-o-background-size:cover;background-size:cover;\"   data-bg-url=\"\"><style type=\"text\/css\">@media only screen and (max-width:800px) {.fusion-title.fusion-title-1{margin-top:10px!important;margin-bottom:10px!important;}}<\/style><div class=\"fusion-title title fusion-title-1 fusion-title-text fusion-title-size-one\" style=\"margin-top:10px;margin-bottom:15px;\"><h1 class=\"title-heading-left\" style=\"margin:0;\">Nie y Residencia<\/h1><div class=\"title-sep-container\"><div class=\"title-sep sep-double sep-solid\" style=\"border-color:#e2e2e2;\"><\/div><\/div><\/div><div class=\"fusion-text\"><p>Al abordar este tema, es importante explicar la diferencia entre N.I.E. y Residencia, ya que es bastante com\u00fan utilizar de manera err\u00f3nea el acr\u00f3nimo N.I.E. para referirse al \"certificado de residencia o tarjeta\".<\/p>\n<p>En t\u00e9rminos jur\u00eddicos estrictos, NIE, \"N\u00famero de Identificaci\u00f3n de Extranjeros\", es un n\u00famero fiscal, que actualmente se emite por las autoridades policiales y es emitido para \"extranjeros\" residentes o no en Espa\u00f1a. Este NIE asignado les permitir\u00e1 tratar cualquier asunto financiero, social o profesional en Espa\u00f1a. En circunstancias extraordinarias debidamente demostradas, las autoridades fiscales podr\u00edan asignar un n\u00famero provisional de NIE, pero el definitivo siempre es asignado por la Polic\u00eda. El n\u00famero NIE definitivo no caduca ni var\u00eda, no es legalmente un documento de identificaci\u00f3n, por lo que siempre debe ir acompa\u00f1ado del Pasaporte o Documento de Identidad Personal del pa\u00eds de origen. Por lo tanto, este n\u00famero no permite, como tal, trabajar o residir en Espa\u00f1a.<\/p>\n<p>La confusi\u00f3n en cuanto al uso del t\u00e9rmino NIE probablemente proviene del hecho de que la \"tarjeta de residencia\/certificado\" siempre menciona este n\u00famero, pero como se explic\u00f3 anteriormente, tanto los extranjeros no residentes como los residentes, obtienen un n\u00famero NIE ( n\u00famero de identificaci\u00f3n de extranjeros), una vez que la solicitud est\u00e1 debidamente presentada y procesada.<\/p>\n<p>El procedimiento de solicitud es relativamente simple, pero el tiempo es un factor crucial para la preparaci\u00f3n y recopilaci\u00f3n de la documentaci\u00f3n, ya que se est\u00e1n dando muy pocas citas diariamente para procesar las solicitudes. Es una pr\u00e1ctica com\u00fan otorgar un poder notarial al abogado de su elecci\u00f3n para llevar a cabo el proceso sin complicaciones, en otras palabras, para simplific\u00e1rselo a usted ahorr\u00e1ndole largas esperas y desplazamientos.<\/p>\n<p>Por otro lado, la obligaci\u00f3n de registrarse como residente surge cuando se planea permanecer en el territorio espa\u00f1ol durante m\u00e1s de tres meses.\u00a0 Los europeos y los ciudadanos del espacio econ\u00f3mico europeo (Noruega, Liechtenstein e Islandia) tienen la libertad de residir siempre que tengan un trabajo aqu\u00ed, o tengan la capacidad financiera de mantenerse y puedan demostrar que tienen cobertura de un seguro m\u00e9dico privado o p\u00fablico. En la pr\u00e1ctica, tambi\u00e9n se le pedir\u00e1, como parte de la documentaci\u00f3n para la admisi\u00f3n de su solicitud, que proporcione extractos de cuentas bancarias mostrando una cantidad m\u00ednima de movimientos regulares durante unos meses y saldo suficiente.<\/p>\n<p>Los no europeos que tengan previsto residir en Espa\u00f1a tendr\u00e1n que iniciar siempre el proceso de solicitud obteniendo un visado para la residencia en el consulado de su pa\u00eds de origen, donde se considerar\u00e1n previamente requisitos espec\u00edficos.<\/p>\n<p>Tenga en cuenta que existe una gran diferencia entre residir en Espa\u00f1a por per\u00edodos de m\u00e1s de tres meses, ser residente desde el punto de vista policial, y el hecho de convertirse en un \"residente fiscal\", lo que implica declarar su renta mundial ante las Autoridades Fiscales Espa\u00f1olas (\"Agencia Tributaria\"); esta responsabilidad surge cuando su estancia anual en el pa\u00eds es de m\u00e1s de 183 d\u00edas. Hemos encontrado a lo largo de los a\u00f1os muchos casos de personas que se han registrado como residentes en Espa\u00f1a teniendo aqu\u00ed un domicilio, pero que no han alcanzado el periodo m\u00ednimo que les obligase a convertirse en residentes fiscales y, por lo tanto, han mantenido el estatus fiscal de su pa\u00eds de origen, declarando en Espa\u00f1a \u00fanicamente los impuestos correspondientes a un propietario no residentes de un inmueble.<\/p>\n<p>Lia Law Independent Advisors le guiar\u00e1 a trav\u00e9s de este tipo de tr\u00e1mites tanto si vive temporalmente en Espa\u00f1a por primera vez o si tiene la intenci\u00f3n formalizar su residencia. Nuestro servicio siempre tiene como objetivo ser din\u00e1mico y eficiente, haciendo que el proceso sea f\u00e1cil para usted.<\/p>\n<\/div><div class=\"fusion-clearfix\"><\/div><\/div><\/div><\/div><\/div>","protected":false},"excerpt":{"rendered":"","protected":false},"author":4,"featured_media":0,"parent":0,"menu_order":0,"comment_status":"closed","ping_status":"closed","template":"","meta":{"footnotes":""},"class_list":["post-2778","page","type-page","status-publish","hentry"],"yoast_head":"<!-- This site is optimized with the Yoast SEO plugin v24.1 - https:\/\/yoast.com\/wordpress\/plugins\/seo\/ -->\n<title>Nie y Residencia - LIA<\/title>\n<meta name=\"robots\" content=\"index, follow, max-snippet:-1, max-image-preview:large, max-video-preview:-1\" \/>\n<link rel=\"canonical\" href=\"https:\/\/lialawyers.com\/nie\/\" \/>\n<meta property=\"og:locale\" content=\"es_ES\" \/>\n<meta property=\"og:type\" content=\"article\" \/>\n<meta property=\"og:title\" content=\"[:es]Nie y Residencia[:en]Nie &amp; Residence[:de]NIE UND RESIDENZ[:] - LIA\" \/>\n<meta property=\"og:url\" content=\"https:\/\/lialawyers.com\/nie\/\" \/>\n<meta property=\"og:site_name\" content=\"LIA\" \/>\n<meta property=\"article:modified_time\" content=\"2024-12-20T17:36:50+00:00\" \/>\n<meta property=\"og:image\" content=\"https:\/\/lialawyers.com\/wp-content\/uploads\/2020\/10\/logo_og_image.png\" \/>\n\t<meta property=\"og:image:width\" content=\"1200\" \/>\n\t<meta property=\"og:image:height\" content=\"628\" \/>\n\t<meta property=\"og:image:type\" content=\"image\/png\" \/>\n<meta name=\"twitter:card\" content=\"summary_large_image\" \/>\n<meta name=\"twitter:label1\" content=\"Tiempo de lectura\" \/>\n\t<meta name=\"twitter:data1\" content=\"29 minutos\" \/>\n<script type=\"application\/ld+json\" class=\"yoast-schema-graph\">{\"@context\":\"https:\/\/schema.org\",\"@graph\":[{\"@type\":\"WebPage\",\"@id\":\"https:\/\/lialawyers.com\/nie\/\",\"url\":\"https:\/\/lialawyers.com\/nie\/\",\"name\":\"[:es]Nie y Residencia[:en]Nie & Residence[:de]NIE UND RESIDENZ[:] - LIA\",\"isPartOf\":{\"@id\":\"https:\/\/lialawyers.com\/de\/#website\"},\"datePublished\":\"2020-09-28T07:22:31+00:00\",\"dateModified\":\"2024-12-20T17:36:50+00:00\",\"breadcrumb\":{\"@id\":\"https:\/\/lialawyers.com\/nie\/#breadcrumb\"},\"inLanguage\":\"es\",\"potentialAction\":[{\"@type\":\"ReadAction\",\"target\":[\"https:\/\/lialawyers.com\/nie\/\"]}]},{\"@type\":\"BreadcrumbList\",\"@id\":\"https:\/\/lialawyers.com\/nie\/#breadcrumb\",\"itemListElement\":[{\"@type\":\"ListItem\",\"position\":1,\"name\":\"Home\",\"item\":\"https:\/\/lialawyers.com\/\"},{\"@type\":\"ListItem\",\"position\":2,\"name\":\"Nie y Residencia\"}]},{\"@type\":\"WebSite\",\"@id\":\"https:\/\/lialawyers.com\/de\/#website\",\"url\":\"https:\/\/lialawyers.com\/de\/\",\"name\":\"LIA\",\"description\":\"Law Inheritance Advisors\",\"publisher\":{\"@id\":\"https:\/\/lialawyers.com\/de\/#organization\"},\"potentialAction\":[{\"@type\":\"SearchAction\",\"target\":{\"@type\":\"EntryPoint\",\"urlTemplate\":\"https:\/\/lialawyers.com\/de\/?s={search_term_string}\"},\"query-input\":{\"@type\":\"PropertyValueSpecification\",\"valueRequired\":true,\"valueName\":\"search_term_string\"}}],\"inLanguage\":\"es\"},{\"@type\":\"Organization\",\"@id\":\"https:\/\/lialawyers.com\/de\/#organization\",\"name\":\"Lia Lawyers\",\"url\":\"https:\/\/lialawyers.com\/de\/\",\"logo\":{\"@type\":\"ImageObject\",\"inLanguage\":\"es\",\"@id\":\"https:\/\/lialawyers.com\/de\/#\/schema\/logo\/image\/\",\"url\":\"https:\/\/lialawyers.com\/wp-content\/uploads\/2020\/10\/logo_og_image.png\",\"contentUrl\":\"https:\/\/lialawyers.com\/wp-content\/uploads\/2020\/10\/logo_og_image.png\",\"width\":1200,\"height\":628,\"caption\":\"Lia Lawyers\"},\"image\":{\"@id\":\"https:\/\/lialawyers.com\/de\/#\/schema\/logo\/image\/\"}}]}<\/script>\n<!-- \/ Yoast SEO plugin. -->","yoast_head_json":{"title":"[:es]Nie y Residencia[:en]Nie & Residence[:de]NIE UND RESIDENZ[:] - LIA","robots":{"index":"index","follow":"follow","max-snippet":"max-snippet:-1","max-image-preview":"max-image-preview:large","max-video-preview":"max-video-preview:-1"},"canonical":"https:\/\/lialawyers.com\/nie\/","og_locale":"es_ES","og_type":"article","og_title":"[:es]Nie y Residencia[:en]Nie & Residence[:de]NIE UND RESIDENZ[:] - LIA","og_url":"https:\/\/lialawyers.com\/nie\/","og_site_name":"LIA","article_modified_time":"2024-12-20T17:36:50+00:00","og_image":[{"width":1200,"height":628,"url":"https:\/\/lialawyers.com\/wp-content\/uploads\/2020\/10\/logo_og_image.png","type":"image\/png"}],"twitter_card":"summary_large_image","twitter_misc":{"Tiempo de lectura":"29 minutos"},"schema":{"@context":"https:\/\/schema.org","@graph":[{"@type":"WebPage","@id":"https:\/\/lialawyers.com\/nie\/","url":"https:\/\/lialawyers.com\/nie\/","name":"[:es]Nie y Residencia[:en]Nie & Residence[:de]NIE UND RESIDENZ[:] - LIA","isPartOf":{"@id":"https:\/\/lialawyers.com\/de\/#website"},"datePublished":"2020-09-28T07:22:31+00:00","dateModified":"2024-12-20T17:36:50+00:00","breadcrumb":{"@id":"https:\/\/lialawyers.com\/nie\/#breadcrumb"},"inLanguage":"es","potentialAction":[{"@type":"ReadAction","target":["https:\/\/lialawyers.com\/nie\/"]}]},{"@type":"BreadcrumbList","@id":"https:\/\/lialawyers.com\/nie\/#breadcrumb","itemListElement":[{"@type":"ListItem","position":1,"name":"Home","item":"https:\/\/lialawyers.com\/"},{"@type":"ListItem","position":2,"name":"Nie y Residencia"}]},{"@type":"WebSite","@id":"https:\/\/lialawyers.com\/de\/#website","url":"https:\/\/lialawyers.com\/de\/","name":"LIA","description":"Law Inheritance Advisors","publisher":{"@id":"https:\/\/lialawyers.com\/de\/#organization"},"potentialAction":[{"@type":"SearchAction","target":{"@type":"EntryPoint","urlTemplate":"https:\/\/lialawyers.com\/de\/?s={search_term_string}"},"query-input":{"@type":"PropertyValueSpecification","valueRequired":true,"valueName":"search_term_string"}}],"inLanguage":"es"},{"@type":"Organization","@id":"https:\/\/lialawyers.com\/de\/#organization","name":"Lia Lawyers","url":"https:\/\/lialawyers.com\/de\/","logo":{"@type":"ImageObject","inLanguage":"es","@id":"https:\/\/lialawyers.com\/de\/#\/schema\/logo\/image\/","url":"https:\/\/lialawyers.com\/wp-content\/uploads\/2020\/10\/logo_og_image.png","contentUrl":"https:\/\/lialawyers.com\/wp-content\/uploads\/2020\/10\/logo_og_image.png","width":1200,"height":628,"caption":"Lia Lawyers"},"image":{"@id":"https:\/\/lialawyers.com\/de\/#\/schema\/logo\/image\/"}}]}},"_links":{"self":[{"href":"https:\/\/lialawyers.com\/es\/wp-json\/wp\/v2\/pages\/2778","targetHints":{"allow":["GET"]}}],"collection":[{"href":"https:\/\/lialawyers.com\/es\/wp-json\/wp\/v2\/pages"}],"about":[{"href":"https:\/\/lialawyers.com\/es\/wp-json\/wp\/v2\/types\/page"}],"author":[{"embeddable":true,"href":"https:\/\/lialawyers.com\/es\/wp-json\/wp\/v2\/users\/4"}],"replies":[{"embeddable":true,"href":"https:\/\/lialawyers.com\/es\/wp-json\/wp\/v2\/comments?post=2778"}],"version-history":[{"count":6,"href":"https:\/\/lialawyers.com\/es\/wp-json\/wp\/v2\/pages\/2778\/revisions"}],"predecessor-version":[{"id":2954,"href":"https:\/\/lialawyers.com\/es\/wp-json\/wp\/v2\/pages\/2778\/revisions\/2954"}],"wp:attachment":[{"href":"https:\/\/lialawyers.com\/es\/wp-json\/wp\/v2\/media?parent=2778"}],"curies":[{"name":"wp","href":"https:\/\/api.w.org\/{rel}","templated":true}]}}