{"id":2967,"date":"2020-11-13T10:02:05","date_gmt":"2020-11-13T10:02:05","guid":{"rendered":"http:\/\/lialawyers.com\/?page_id=2967"},"modified":"2024-12-20T17:36:50","modified_gmt":"2024-12-20T17:36:50","slug":"labour-law","status":"publish","type":"page","link":"https:\/\/lialawyers.com\/es\/labour-law\/","title":{"rendered":"Relaciones Laborales y RRHH"},"content":{"rendered":"<div class=\"fusion-fullwidth fullwidth-box fusion-builder-row-1 nonhundred-percent-fullwidth non-hundred-percent-height-scrolling\"  style='background-color: rgba(255,255,255,0);background-position: center center;background-repeat: no-repeat;padding-top:0px;padding-right:0px;padding-bottom:0px;padding-left:0px;'><div class=\"fusion-builder-row fusion-row \"><div  class=\"fusion-layout-column fusion_builder_column fusion_builder_column_1_1 fusion-builder-column-0 fusion-one-full fusion-column-first fusion-column-last 1_1\"  style='margin-top:0px;margin-bottom:20px;'><div class=\"fusion-column-wrapper\" style=\"padding: 0px 0px 0px 0px;background-position:left top;background-repeat:no-repeat;-webkit-background-size:cover;-moz-background-size:cover;-o-background-size:cover;background-size:cover;\"   data-bg-url=\"\"><style type=\"text\/css\">@media only screen and (max-width:800px) {.fusion-title.fusion-title-1{margin-top:10px!important;margin-bottom:10px!important;}}<\/style><div class=\"fusion-title title fusion-title-1 fusion-title-text fusion-title-size-one\" style=\"margin-top:10px;margin-bottom:15px;\"><h1 class=\"title-heading-left\" style=\"margin:0;\">Consultor\u00eda de Recursos Humanos<\/h1><div class=\"title-sep-container\"><div class=\"title-sep sep-double sep-solid\" style=\"border-color:#e2e2e2;\"><\/div><\/div><\/div><div class=\"fusion-text\"><p>Realizamos <strong>proyectos re-organizativos<\/strong> de los recursos humanos y materiales. Nuestro <strong>enfoque <\/strong>es <strong>integral<\/strong> analizando desde el comienzo la posible existencia de din\u00e1micas subyacentes que pudiesen condicionar el funcionamiento empresarial y su avance a futuro.<\/p>\n<p>Entre nuestros objetivos siempre se incorpora la armonizaci\u00f3n de las cuestiones internas (lo que relaciona a la persona con la empresa), con las externas (como se relaciona la empresa con el cliente), al objeto de <strong>cohesionar la marca<\/strong> desde dentro hacia fuera.<\/p>\n<p>Con este objetivo muy presente, nuestro equipo de trabajo est\u00e1 compuesto por <strong>expertos en reorganizaci\u00f3n empresarial, coaching sist\u00e9mico y planificaci\u00f3n de marca<\/strong>. Los proyectos que llevamos a cabo incluyen la consultor\u00eda sist\u00e9mica, dado que tiene en cuenta todos los elementos del sistema (empresa) objeto de estudio, para determinar si ocupan el lugar que les corresponde para su buen funcionamiento.<\/p>\n<p>Nuestro equipo se caracteriza por el acercamiento a la organizaci\u00f3n desde una <strong>perspectiva muy cercana a la ejecuci\u00f3n de los procesos de trabajo<\/strong> por parte de los distintos profesionales, tratando de empatizar realmente con la problem\u00e1tica habitual de todos ellos, abordando incluso los <strong>aspectos emocionales de la organizaci\u00f3n<\/strong>.<\/p>\n<\/div><div class=\"fusion-text\"><p><!--<a href=\"http:\/\/www.laboralcorner.es\/\" target=\"_blank\" rel=\"noopener noreferrer\">\n<img decoding=\"async\" src=\"\/wp-content\/uploads\/2020\/11\/logoLaboralCorner-scaled.jpg\" width=\"200\" border=\"0\" \/>\nPaula Carrasco\nResp. Dpto. Laboral\nwww.laboralcorner.es\n<\/a>--><\/p>\n<\/div><div class=\"fusion-clearfix\"><\/div><\/div><\/div><\/div><\/div><style type=\"text\/css\">.fusion-fullwidth.fusion-builder-row-1 a:not(.fusion-button):not(.fusion-builder-module-control):not(.fusion-social-network-icon):not(.fb-icon-element):not(.fusion-countdown-link):not(.fusion-rollover-link):not(.fusion-rollover-gallery):not(.fusion-button-bar):not(.add_to_cart_button):not(.show_details_button):not(.product_type_external):not(.fusion-quick-view):not(.fusion-rollover-title-link):not(.fusion-breadcrumb-link) , .fusion-fullwidth.fusion-builder-row-1 a:not(.fusion-button):not(.fusion-builder-module-control):not(.fusion-social-network-icon):not(.fb-icon-element):not(.fusion-countdown-link):not(.fusion-rollover-link):not(.fusion-rollover-gallery):not(.fusion-button-bar):not(.add_to_cart_button):not(.show_details_button):not(.product_type_external):not(.fusion-quick-view):not(.fusion-rollover-title-link):not(.fusion-breadcrumb-link):before, .fusion-fullwidth.fusion-builder-row-1 a:not(.fusion-button):not(.fusion-builder-module-control):not(.fusion-social-network-icon):not(.fb-icon-element):not(.fusion-countdown-link):not(.fusion-rollover-link):not(.fusion-rollover-gallery):not(.fusion-button-bar):not(.add_to_cart_button):not(.show_details_button):not(.product_type_external):not(.fusion-quick-view):not(.fusion-rollover-title-link):not(.fusion-breadcrumb-link):after {color: #212934;}.fusion-fullwidth.fusion-builder-row-1 a:not(.fusion-button):not(.fusion-builder-module-control):not(.fusion-social-network-icon):not(.fb-icon-element):not(.fusion-countdown-link):not(.fusion-rollover-link):not(.fusion-rollover-gallery):not(.fusion-button-bar):not(.add_to_cart_button):not(.show_details_button):not(.product_type_external):not(.fusion-quick-view):not(.fusion-rollover-title-link):not(.fusion-breadcrumb-link):hover, .fusion-fullwidth.fusion-builder-row-1 a:not(.fusion-button):not(.fusion-builder-module-control):not(.fusion-social-network-icon):not(.fb-icon-element):not(.fusion-countdown-link):not(.fusion-rollover-link):not(.fusion-rollover-gallery):not(.fusion-button-bar):not(.add_to_cart_button):not(.show_details_button):not(.product_type_external):not(.fusion-quick-view):not(.fusion-rollover-title-link):not(.fusion-breadcrumb-link):hover:before, .fusion-fullwidth.fusion-builder-row-1 a:not(.fusion-button):not(.fusion-builder-module-control):not(.fusion-social-network-icon):not(.fb-icon-element):not(.fusion-countdown-link):not(.fusion-rollover-link):not(.fusion-rollover-gallery):not(.fusion-button-bar):not(.add_to_cart_button):not(.show_details_button):not(.product_type_external):not(.fusion-quick-view):not(.fusion-rollover-title-link):not(.fusion-breadcrumb-link):hover:after {color: #549f97;}.fusion-fullwidth.fusion-builder-row-1 .pagination a.inactive:hover, .fusion-fullwidth.fusion-builder-row-1 .fusion-filters .fusion-filter.fusion-active a {border-color: #549f97;}.fusion-fullwidth.fusion-builder-row-1 .pagination .current {border-color: #549f97; background-color: #549f97;}.fusion-fullwidth.fusion-builder-row-1 .fusion-filters .fusion-filter.fusion-active a, .fusion-fullwidth.fusion-builder-row-1 .fusion-date-and-formats .fusion-format-box, .fusion-fullwidth.fusion-builder-row-1 .fusion-popover, .fusion-fullwidth.fusion-builder-row-1 .tooltip-shortcode {color: #549f97;}#main .fusion-fullwidth.fusion-builder-row-1 .post .blog-shortcode-post-title a:hover {color: #549f97;}<\/style>","protected":false},"excerpt":{"rendered":"","protected":false},"author":4,"featured_media":0,"parent":0,"menu_order":0,"comment_status":"closed","ping_status":"closed","template":"","meta":{"footnotes":""},"class_list":["post-2967","page","type-page","status-publish","hentry"],"yoast_head":"<!-- This site is optimized with the Yoast SEO plugin v24.1 - https:\/\/yoast.com\/wordpress\/plugins\/seo\/ -->\n<title>Relaciones Laborales y RRHH - LIA<\/title>\n<meta name=\"robots\" content=\"index, follow, max-snippet:-1, max-image-preview:large, max-video-preview:-1\" \/>\n<link rel=\"canonical\" href=\"https:\/\/lialawyers.com\/labour-law\/\" \/>\n<meta property=\"og:locale\" content=\"es_ES\" \/>\n<meta property=\"og:type\" content=\"article\" \/>\n<meta property=\"og:title\" content=\"[:es]Relaciones Laborales y RRHH[:en]Labour Law[:fr]Conseil en ressources humaines[:] - LIA\" \/>\n<meta property=\"og:url\" content=\"https:\/\/lialawyers.com\/labour-law\/\" \/>\n<meta property=\"og:site_name\" content=\"LIA\" \/>\n<meta property=\"article:modified_time\" content=\"2024-12-20T17:36:50+00:00\" \/>\n<meta property=\"og:image\" content=\"https:\/\/lialawyers.com\/wp-content\/uploads\/2020\/10\/logo_og_image.png\" \/>\n\t<meta property=\"og:image:width\" content=\"1200\" \/>\n\t<meta property=\"og:image:height\" content=\"628\" \/>\n\t<meta property=\"og:image:type\" content=\"image\/png\" \/>\n<meta name=\"twitter:card\" content=\"summary_large_image\" \/>\n<meta name=\"twitter:label1\" content=\"Tiempo de lectura\" \/>\n\t<meta name=\"twitter:data1\" content=\"28 minutos\" \/>\n<script type=\"application\/ld+json\" class=\"yoast-schema-graph\">{\"@context\":\"https:\/\/schema.org\",\"@graph\":[{\"@type\":\"WebPage\",\"@id\":\"https:\/\/lialawyers.com\/labour-law\/\",\"url\":\"https:\/\/lialawyers.com\/labour-law\/\",\"name\":\"[:es]Relaciones Laborales y RRHH[:en]Labour Law[:fr]Conseil en ressources humaines[:] - LIA\",\"isPartOf\":{\"@id\":\"https:\/\/lialawyers.com\/de\/#website\"},\"datePublished\":\"2020-11-13T10:02:05+00:00\",\"dateModified\":\"2024-12-20T17:36:50+00:00\",\"breadcrumb\":{\"@id\":\"https:\/\/lialawyers.com\/labour-law\/#breadcrumb\"},\"inLanguage\":\"es\",\"potentialAction\":[{\"@type\":\"ReadAction\",\"target\":[\"https:\/\/lialawyers.com\/labour-law\/\"]}]},{\"@type\":\"BreadcrumbList\",\"@id\":\"https:\/\/lialawyers.com\/labour-law\/#breadcrumb\",\"itemListElement\":[{\"@type\":\"ListItem\",\"position\":1,\"name\":\"Home\",\"item\":\"https:\/\/lialawyers.com\/\"},{\"@type\":\"ListItem\",\"position\":2,\"name\":\"Relaciones Laborales y RRHH\"}]},{\"@type\":\"WebSite\",\"@id\":\"https:\/\/lialawyers.com\/de\/#website\",\"url\":\"https:\/\/lialawyers.com\/de\/\",\"name\":\"LIA\",\"description\":\"Law Inheritance Advisors\",\"publisher\":{\"@id\":\"https:\/\/lialawyers.com\/de\/#organization\"},\"potentialAction\":[{\"@type\":\"SearchAction\",\"target\":{\"@type\":\"EntryPoint\",\"urlTemplate\":\"https:\/\/lialawyers.com\/de\/?s={search_term_string}\"},\"query-input\":{\"@type\":\"PropertyValueSpecification\",\"valueRequired\":true,\"valueName\":\"search_term_string\"}}],\"inLanguage\":\"es\"},{\"@type\":\"Organization\",\"@id\":\"https:\/\/lialawyers.com\/de\/#organization\",\"name\":\"Lia Lawyers\",\"url\":\"https:\/\/lialawyers.com\/de\/\",\"logo\":{\"@type\":\"ImageObject\",\"inLanguage\":\"es\",\"@id\":\"https:\/\/lialawyers.com\/de\/#\/schema\/logo\/image\/\",\"url\":\"https:\/\/lialawyers.com\/wp-content\/uploads\/2020\/10\/logo_og_image.png\",\"contentUrl\":\"https:\/\/lialawyers.com\/wp-content\/uploads\/2020\/10\/logo_og_image.png\",\"width\":1200,\"height\":628,\"caption\":\"Lia Lawyers\"},\"image\":{\"@id\":\"https:\/\/lialawyers.com\/de\/#\/schema\/logo\/image\/\"}}]}<\/script>\n<!-- \/ Yoast SEO plugin. -->","yoast_head_json":{"title":"[:es]Relaciones Laborales y RRHH[:en]Labour Law[:fr]Conseil en ressources humaines[:] - LIA","robots":{"index":"index","follow":"follow","max-snippet":"max-snippet:-1","max-image-preview":"max-image-preview:large","max-video-preview":"max-video-preview:-1"},"canonical":"https:\/\/lialawyers.com\/labour-law\/","og_locale":"es_ES","og_type":"article","og_title":"[:es]Relaciones Laborales y RRHH[:en]Labour Law[:fr]Conseil en ressources humaines[:] - LIA","og_url":"https:\/\/lialawyers.com\/labour-law\/","og_site_name":"LIA","article_modified_time":"2024-12-20T17:36:50+00:00","og_image":[{"width":1200,"height":628,"url":"https:\/\/lialawyers.com\/wp-content\/uploads\/2020\/10\/logo_og_image.png","type":"image\/png"}],"twitter_card":"summary_large_image","twitter_misc":{"Tiempo de lectura":"28 minutos"},"schema":{"@context":"https:\/\/schema.org","@graph":[{"@type":"WebPage","@id":"https:\/\/lialawyers.com\/labour-law\/","url":"https:\/\/lialawyers.com\/labour-law\/","name":"[:es]Relaciones Laborales y RRHH[:en]Labour Law[:fr]Conseil en ressources humaines[:] - LIA","isPartOf":{"@id":"https:\/\/lialawyers.com\/de\/#website"},"datePublished":"2020-11-13T10:02:05+00:00","dateModified":"2024-12-20T17:36:50+00:00","breadcrumb":{"@id":"https:\/\/lialawyers.com\/labour-law\/#breadcrumb"},"inLanguage":"es","potentialAction":[{"@type":"ReadAction","target":["https:\/\/lialawyers.com\/labour-law\/"]}]},{"@type":"BreadcrumbList","@id":"https:\/\/lialawyers.com\/labour-law\/#breadcrumb","itemListElement":[{"@type":"ListItem","position":1,"name":"Home","item":"https:\/\/lialawyers.com\/"},{"@type":"ListItem","position":2,"name":"Relaciones Laborales y RRHH"}]},{"@type":"WebSite","@id":"https:\/\/lialawyers.com\/de\/#website","url":"https:\/\/lialawyers.com\/de\/","name":"LIA","description":"Law Inheritance Advisors","publisher":{"@id":"https:\/\/lialawyers.com\/de\/#organization"},"potentialAction":[{"@type":"SearchAction","target":{"@type":"EntryPoint","urlTemplate":"https:\/\/lialawyers.com\/de\/?s={search_term_string}"},"query-input":{"@type":"PropertyValueSpecification","valueRequired":true,"valueName":"search_term_string"}}],"inLanguage":"es"},{"@type":"Organization","@id":"https:\/\/lialawyers.com\/de\/#organization","name":"Lia Lawyers","url":"https:\/\/lialawyers.com\/de\/","logo":{"@type":"ImageObject","inLanguage":"es","@id":"https:\/\/lialawyers.com\/de\/#\/schema\/logo\/image\/","url":"https:\/\/lialawyers.com\/wp-content\/uploads\/2020\/10\/logo_og_image.png","contentUrl":"https:\/\/lialawyers.com\/wp-content\/uploads\/2020\/10\/logo_og_image.png","width":1200,"height":628,"caption":"Lia Lawyers"},"image":{"@id":"https:\/\/lialawyers.com\/de\/#\/schema\/logo\/image\/"}}]}},"_links":{"self":[{"href":"https:\/\/lialawyers.com\/es\/wp-json\/wp\/v2\/pages\/2967","targetHints":{"allow":["GET"]}}],"collection":[{"href":"https:\/\/lialawyers.com\/es\/wp-json\/wp\/v2\/pages"}],"about":[{"href":"https:\/\/lialawyers.com\/es\/wp-json\/wp\/v2\/types\/page"}],"author":[{"embeddable":true,"href":"https:\/\/lialawyers.com\/es\/wp-json\/wp\/v2\/users\/4"}],"replies":[{"embeddable":true,"href":"https:\/\/lialawyers.com\/es\/wp-json\/wp\/v2\/comments?post=2967"}],"version-history":[{"count":25,"href":"https:\/\/lialawyers.com\/es\/wp-json\/wp\/v2\/pages\/2967\/revisions"}],"predecessor-version":[{"id":3023,"href":"https:\/\/lialawyers.com\/es\/wp-json\/wp\/v2\/pages\/2967\/revisions\/3023"}],"wp:attachment":[{"href":"https:\/\/lialawyers.com\/es\/wp-json\/wp\/v2\/media?parent=2967"}],"curies":[{"name":"wp","href":"https:\/\/api.w.org\/{rel}","templated":true}]}}