{"id":2244,"date":"2020-04-21T15:51:10","date_gmt":"2020-04-21T14:51:10","guid":{"rendered":"http:\/\/lialawyers.com\/?page_id=2244"},"modified":"2024-12-20T17:36:49","modified_gmt":"2024-12-20T17:36:49","slug":"conveyancing","status":"publish","type":"page","link":"https:\/\/lialawyers.com\/fr\/conveyancing\/","title":{"rendered":"(Espa\u00f1ol) Conveyancing"},"content":{"rendered":"<div class=\"fusion-fullwidth fullwidth-box fusion-builder-row-3 nonhundred-percent-fullwidth non-hundred-percent-height-scrolling\"  style='background-color: rgba(255,255,255,0);background-position: center center;background-repeat: no-repeat;padding-top:0px;padding-right:0px;padding-bottom:0px;padding-left:0px;'><div class=\"fusion-builder-row fusion-row \"><div  class=\"fusion-layout-column fusion_builder_column fusion_builder_column_1_1 fusion-builder-column-6 fusion-one-full fusion-column-first fusion-column-last 1_1\"  style='margin-top:0px;margin-bottom:20px;'><div class=\"fusion-column-wrapper\" style=\"padding: 0px 0px 0px 0px;background-position:left top;background-repeat:no-repeat;-webkit-background-size:cover;-moz-background-size:cover;-o-background-size:cover;background-size:cover;\"   data-bg-url=\"\"><style type=\"text\/css\">@media only screen and (max-width:800px) {.fusion-title.fusion-title-3{margin-top:10px!important;margin-bottom:10px!important;}}<\/style><div class=\"fusion-title title fusion-title-3 fusion-title-text fusion-title-size-one\" style=\"margin-top:10px;margin-bottom:15px;\"><h1 class=\"title-heading-left\" style=\"margin:0;\">Convoyance<\/h1><div class=\"title-sep-container\"><div class=\"title-sep sep-double sep-solid\" style=\"border-color:#e2e2e2;\"><\/div><\/div><\/div><div class=\"fusion-text\"><p>Une proc\u00e9dure de transfert de propri\u00e9t\u00e9 r\u00e9sidentielle pourrait \u00eatre une des d\u00e9cisions financi\u00e8res les plus importantes que vous allez probablement entreprendre dans votre vie. Par cons\u00e9quent, il est essentiel de demander des conseils juridiques \u00e0 quelqu\u2019un qui a une exp\u00e9rience en droit de la propri\u00e9t\u00e9. Donner des conseils juridiques comp\u00e9tents implique une compr\u00e9hension compl\u00e8te de ce que le client veut r\u00e9aliser, la v\u00e9rification de tous les documents et informations pertinents, \u00eatre bien inform\u00e9 des principes juridiques ou la recherche de points de droit plus fins \u00e0 l\u2019avantage du client.<br \/>\nLorsque vous investissez dans une propri\u00e9t\u00e9 ou que vous c\u00e9dez une propri\u00e9t\u00e9, certains aspects vont varier en ce qui concerne la loi au sein du syst\u00e8me juridique, et les modifications l\u00e9gislatives et les amendements doivent \u00eatre pris en consid\u00e9ration.<br \/>\nNous offrons des services de proc\u00e9dures translatives pratiques et rentables aux clients du monde entier. Lia Lawyers vous guidera tout au long du processus d\u2019achat ou de vente de votre propri\u00e9t\u00e9 en Espagne.<br \/>\nIl est important de demander les services d\u2019un avocat ind\u00e9pendant qui analysera objectivement votre cas et conna\u00eet bien la r\u00e9gion. Les professionnels exp\u00e9riment\u00e9s travaillant au sein de Lia Lawyers sont bas\u00e9s dans la r\u00e9gion de la Costa Blanca (Alicante) depuis plus de trente ans.<br \/>\nL\u2019une des principales phases du processus de transfert de propri\u00e9t\u00e9 consiste \u00e0 examiner le projet de contrat (qui pourrait ne pas respecter les exigences l\u00e9gales de base lorsqu\u2019il est r\u00e9dig\u00e9 par une agence immobili\u00e8re), d\u2019autres documents \u00e0 l\u2019appui fournis par les avocats ou l\u2019agence immobili\u00e8re de l\u2019autre partie, et d\u2019autres parties associ\u00e9es; par la suite, la v\u00e9rification au Cadastre de la documentation fournie et la publication d\u2019un rapport juridique couvrant tous les angles et informations avant la signature d\u2019un document de r\u00e9servation.<br \/>\nEn Espagne, il n\u2019est pas obligatoire d\u2019obtenir une enqu\u00eate structurelle d\u00e9terminant l\u2019\u00e9tat physique du bien avant de signer l\u2019acte de propri\u00e9t\u00e9 ; Dans le cas o\u00f9 vous souhaitez obtenir cette \u00e9valuation, vous devriez en informer vos avocats afin qu\u2019ils puissent prendre les dispositions n\u00e9cessaires.<br \/>\nSi vous prenez la sage d\u00e9cision de nommer les services d\u2019un r\u00e9dacteur d\u2019actes translatifs expert, vous pouvez tr\u00e8s certainement aussi vous attendre \u00e0 recevoir les conseils et l\u2019assistance appropri\u00e9s en ce qui concerne la n\u00e9gociation d\u2019une hypoth\u00e8que avec diff\u00e9rentes entit\u00e9s bancaires (vous guidant pour \u00e9viter les commissions bancaires disproportionn\u00e9es et d\u2019autres questions de coordination connexes) jusqu\u2019au moment m\u00eame o\u00f9 l\u2019acte hypoth\u00e9caire est sign\u00e9 devant un notaire; personnalit\u00e9 essentielle du syst\u00e8me juridique espagnol, inconnue par les clients de certaines nationalit\u00e9s.<br \/>\nQue pouvons-nous faire pour vous lorsque vous achetez une propri\u00e9t\u00e9?<\/p>\n<p>\u2022 S\u2019assurer que toutes les exigences l\u00e9gales soient respect\u00e9es \u00e0 toutes les \u00e9tapes.<\/p>\n<p>\u2022 Fournir des conseils dans la signature de toute procuration, adaptant exactement les besoins de notre client \u00e0 chaque situation.<\/p>\n<p>\u2022 Aider \u00e0 l\u2019obtention du num\u00e9ro d\u2019identification fiscale pour les \u00e9trangers, mieux connu sous le nom de num\u00e9ro NIE.<\/p>\n<p>\u2022 Pour les propri\u00e9t\u00e9s bas\u00e9es dans des zones d\u2019influence militaire, nous pouvons aider \u00e0 obtenir l\u2019autorisation requise.<\/p>\n<p>\u2022 V\u00e9rifier tous les certificats et licences n\u00e9cessaires \u00e0 la construction de la propri\u00e9t\u00e9.<\/p>\n<p>\u2022 Pr\u00e9parer les actes n\u00e9cessaires pour des travaux de construction.<\/p>\n<p>\u2022 Recherches au Cadastre pour confirmer la propri\u00e9t\u00e9 du bien et l\u2019existence de toute hypoth\u00e8que, charges ou dettes.<\/p>\n<p>\u2022 R\u00e9daction du contrat de vente \/ d\u2019achat priv\u00e9 pour s\u2019assurer que les droits du vendeur \/ de l\u2019acheteur soient prot\u00e9g\u00e9s et qu\u2019il n\u2019y ait pas de surprises \u00e0 un stade ult\u00e9rieur.<\/p>\n<p>\u2022 Signature des actes d\u2019achat ou de vente pertinents, au moyen d\u2019une procuration si n\u00e9cessaire.<\/p>\n<p>\u2022 Demande d\u2019une version pr\u00e9liminaire de l\u2019acte de cession au notaire pour fournir \u00e0 notre client une explication d\u00e9taill\u00e9e, dans leur langue maternelle, du contenu du document pour s\u2019assurer une compr\u00e9hension compl\u00e8te.<\/p>\n<p>\u2022 L\u2019assistance d\u2019un interpr\u00e8te si les clients souhaitent \u00eatre pr\u00e9sents chez le notaire au moment de la signature d\u2019actes d\u2019achat \/ de vente.<\/p>\n<p>\u2022 Tous les imp\u00f4ts associ\u00e9s \u00e0 la transaction sont g\u00e9r\u00e9s par notre personnel qualifi\u00e9.<\/p>\n<p>\u2022 Surveillance et contr\u00f4le de l\u2019enregistrement du titre de propri\u00e9t\u00e9 au Cadastre.<\/p>\n<p>\u2022 Si n\u00e9cessaire, la n\u00e9gociation des hypoth\u00e8ques en votre nom. Nous pouvons signer l\u2019acte hypoth\u00e9caire et fournir un service de traduction.<\/p>\n<p>\u2022 Fournir des conseils pour la n\u00e9gociation de tout type de polices d\u2019assurance (juridique, sant\u00e9, habitation, etc.)<\/p>\n<p>\u2022 Un service aimable, actualis\u00e9, efficace, fiable, \u00e0 l\u2019esprit ouvert. Puisque l\u2019achat d\u2019une propri\u00e9t\u00e9 est l\u2019une des plus grandes d\u00e9cisions financi\u00e8res que vous allez prendre dans votre vie, il est important que vous obteniez des conseils d\u2019experts ; l\u2019expertise juridique et l\u2019assiduit\u00e9 en vaut bien le prix.<\/p>\n<\/div><div class=\"fusion-clearfix\"><\/div><\/div><\/div><div  class=\"fusion-layout-column fusion_builder_column fusion_builder_column_1_2 fusion-builder-column-7 fusion-one-half fusion-column-first 1_2\"  style='margin-top:0px;margin-bottom:20px;width:50%;width:calc(50% - ( ( 4% ) * 0.5 ) );margin-right: 4%;'><div class=\"fusion-column-wrapper\" style=\"padding: 0px 0px 0px 0px;background-position:left top;background-repeat:no-repeat;-webkit-background-size:cover;-moz-background-size:cover;-o-background-size:cover;background-size:cover;\"   data-bg-url=\"\"><div class=\"fusion-button-wrapper fusion-aligncenter\"><style type=\"text\/css\">.fusion-button.button-5 {border-radius:4px;}<\/style><a class=\"fusion-button button-flat fusion-button-default-size button-default button-5 fusion-button-default-span fusion-button-default-type\" target=\"_self\" href=\"\/power-of-attorney\/\"><span class=\"fusion-button-text\">PROCURATION<\/span><\/a><\/div><div class=\"fusion-text\"><p style=\"text-align: center;\">Une procuration est une autorisation \u00e9crite formelle, par laquelle une personne (le mandant) accorde \u00e0 une autre (l\u2019avocat ou l\u2019agent) la capacit\u00e9 d\u2019agir en son nom et pour son compte<\/p>\n<\/div><div class=\"fusion-clearfix\"><\/div><\/div><\/div><div  class=\"fusion-layout-column fusion_builder_column fusion_builder_column_1_2 fusion-builder-column-8 fusion-one-half fusion-column-last 1_2\"  style='margin-top:0px;margin-bottom:20px;width:50%;width:calc(50% - ( ( 4% ) * 0.5 ) );'><div class=\"fusion-column-wrapper\" style=\"padding: 0px 0px 0px 0px;background-position:left top;background-repeat:no-repeat;-webkit-background-size:cover;-moz-background-size:cover;-o-background-size:cover;background-size:cover;\"   data-bg-url=\"\"><div class=\"fusion-button-wrapper fusion-aligncenter\"><style type=\"text\/css\">.fusion-button.button-6 {border-radius:4px;}<\/style><a class=\"fusion-button button-flat fusion-button-default-size button-default button-6 fusion-button-default-span fusion-button-default-type\" target=\"_self\" href=\"\/apostill\/\"><span class=\"fusion-button-text\">APOSTILLE<\/span><\/a><\/div><div class=\"fusion-text\"><p style=\"text-align: center;\">Lorsqu\u2019une personne est impliqu\u00e9e dans un processus juridique international (qu\u2019il soit judiciaire ou non judiciaire), elle doit garder \u00e0 l\u2019esprit que, dans la plupart des cas, elle devra \u00a8valider\u00a8 les documents \u00e0 utiliser \u00e0 l\u2019\u00e9tranger.<\/p>\n<\/div><div class=\"fusion-clearfix\"><\/div><\/div><\/div><\/div><\/div><style type=\"text\/css\">.fusion-fullwidth.fusion-builder-row-3 a:not(.fusion-button):not(.fusion-builder-module-control):not(.fusion-social-network-icon):not(.fb-icon-element):not(.fusion-countdown-link):not(.fusion-rollover-link):not(.fusion-rollover-gallery):not(.fusion-button-bar):not(.add_to_cart_button):not(.show_details_button):not(.product_type_external):not(.fusion-quick-view):not(.fusion-rollover-title-link):not(.fusion-breadcrumb-link) , .fusion-fullwidth.fusion-builder-row-3 a:not(.fusion-button):not(.fusion-builder-module-control):not(.fusion-social-network-icon):not(.fb-icon-element):not(.fusion-countdown-link):not(.fusion-rollover-link):not(.fusion-rollover-gallery):not(.fusion-button-bar):not(.add_to_cart_button):not(.show_details_button):not(.product_type_external):not(.fusion-quick-view):not(.fusion-rollover-title-link):not(.fusion-breadcrumb-link):before, .fusion-fullwidth.fusion-builder-row-3 a:not(.fusion-button):not(.fusion-builder-module-control):not(.fusion-social-network-icon):not(.fb-icon-element):not(.fusion-countdown-link):not(.fusion-rollover-link):not(.fusion-rollover-gallery):not(.fusion-button-bar):not(.add_to_cart_button):not(.show_details_button):not(.product_type_external):not(.fusion-quick-view):not(.fusion-rollover-title-link):not(.fusion-breadcrumb-link):after {color: #212934;}.fusion-fullwidth.fusion-builder-row-3 a:not(.fusion-button):not(.fusion-builder-module-control):not(.fusion-social-network-icon):not(.fb-icon-element):not(.fusion-countdown-link):not(.fusion-rollover-link):not(.fusion-rollover-gallery):not(.fusion-button-bar):not(.add_to_cart_button):not(.show_details_button):not(.product_type_external):not(.fusion-quick-view):not(.fusion-rollover-title-link):not(.fusion-breadcrumb-link):hover, .fusion-fullwidth.fusion-builder-row-3 a:not(.fusion-button):not(.fusion-builder-module-control):not(.fusion-social-network-icon):not(.fb-icon-element):not(.fusion-countdown-link):not(.fusion-rollover-link):not(.fusion-rollover-gallery):not(.fusion-button-bar):not(.add_to_cart_button):not(.show_details_button):not(.product_type_external):not(.fusion-quick-view):not(.fusion-rollover-title-link):not(.fusion-breadcrumb-link):hover:before, .fusion-fullwidth.fusion-builder-row-3 a:not(.fusion-button):not(.fusion-builder-module-control):not(.fusion-social-network-icon):not(.fb-icon-element):not(.fusion-countdown-link):not(.fusion-rollover-link):not(.fusion-rollover-gallery):not(.fusion-button-bar):not(.add_to_cart_button):not(.show_details_button):not(.product_type_external):not(.fusion-quick-view):not(.fusion-rollover-title-link):not(.fusion-breadcrumb-link):hover:after {color: #549f97;}.fusion-fullwidth.fusion-builder-row-3 .pagination a.inactive:hover, .fusion-fullwidth.fusion-builder-row-3 .fusion-filters .fusion-filter.fusion-active a {border-color: #549f97;}.fusion-fullwidth.fusion-builder-row-3 .pagination .current {border-color: #549f97; background-color: #549f97;}.fusion-fullwidth.fusion-builder-row-3 .fusion-filters .fusion-filter.fusion-active a, .fusion-fullwidth.fusion-builder-row-3 .fusion-date-and-formats .fusion-format-box, .fusion-fullwidth.fusion-builder-row-3 .fusion-popover, .fusion-fullwidth.fusion-builder-row-3 .tooltip-shortcode {color: #549f97;}#main .fusion-fullwidth.fusion-builder-row-3 .post .blog-shortcode-post-title a:hover {color: #549f97;}<\/style>","protected":false},"excerpt":{"rendered":"","protected":false},"author":4,"featured_media":0,"parent":0,"menu_order":0,"comment_status":"closed","ping_status":"closed","template":"","meta":{"footnotes":""},"class_list":["post-2244","page","type-page","status-publish","hentry"],"yoast_head":"<!-- This site is optimized with the Yoast SEO plugin v24.1 - https:\/\/yoast.com\/wordpress\/plugins\/seo\/ -->\n<title><\/title>\n<meta name=\"robots\" content=\"index, follow, max-snippet:-1, max-image-preview:large, max-video-preview:-1\" \/>\n<link rel=\"canonical\" href=\"https:\/\/lialawyers.com\/conveyancing\/\" \/>\n<meta property=\"og:locale\" content=\"fr_FR\" \/>\n<meta property=\"og:type\" content=\"article\" \/>\n<meta property=\"og:title\" content=\"[:es]Conveyancing[:en]Conveyancin[:] - LIA\" \/>\n<meta property=\"og:url\" content=\"https:\/\/lialawyers.com\/conveyancing\/\" \/>\n<meta property=\"og:site_name\" content=\"LIA\" \/>\n<meta property=\"article:modified_time\" content=\"2024-12-20T17:36:49+00:00\" \/>\n<meta property=\"og:image\" content=\"https:\/\/lialawyers.com\/wp-content\/uploads\/2020\/10\/logo_og_image.png\" \/>\n\t<meta property=\"og:image:width\" content=\"1200\" \/>\n\t<meta property=\"og:image:height\" content=\"628\" \/>\n\t<meta property=\"og:image:type\" content=\"image\/png\" \/>\n<meta name=\"twitter:card\" content=\"summary_large_image\" \/>\n<meta name=\"twitter:label1\" content=\"Dur\u00e9e de lecture estim\u00e9e\" \/>\n\t<meta name=\"twitter:data1\" content=\"55 minutes\" \/>\n<script type=\"application\/ld+json\" class=\"yoast-schema-graph\">{\"@context\":\"https:\/\/schema.org\",\"@graph\":[{\"@type\":\"WebPage\",\"@id\":\"https:\/\/lialawyers.com\/conveyancing\/\",\"url\":\"https:\/\/lialawyers.com\/conveyancing\/\",\"name\":\"[:es]Conveyancing[:en]Conveyancin[:] - LIA\",\"isPartOf\":{\"@id\":\"https:\/\/lialawyers.com\/de\/#website\"},\"datePublished\":\"2020-04-21T14:51:10+00:00\",\"dateModified\":\"2024-12-20T17:36:49+00:00\",\"breadcrumb\":{\"@id\":\"https:\/\/lialawyers.com\/conveyancing\/#breadcrumb\"},\"inLanguage\":\"fr-FR\",\"potentialAction\":[{\"@type\":\"ReadAction\",\"target\":[\"https:\/\/lialawyers.com\/conveyancing\/\"]}]},{\"@type\":\"BreadcrumbList\",\"@id\":\"https:\/\/lialawyers.com\/conveyancing\/#breadcrumb\",\"itemListElement\":[{\"@type\":\"ListItem\",\"position\":1,\"name\":\"Home\",\"item\":\"https:\/\/lialawyers.com\/\"},{\"@type\":\"ListItem\",\"position\":2,\"name\":\"Conveyancing\"}]},{\"@type\":\"WebSite\",\"@id\":\"https:\/\/lialawyers.com\/de\/#website\",\"url\":\"https:\/\/lialawyers.com\/de\/\",\"name\":\"LIA\",\"description\":\"Law Inheritance Advisors\",\"publisher\":{\"@id\":\"https:\/\/lialawyers.com\/de\/#organization\"},\"potentialAction\":[{\"@type\":\"SearchAction\",\"target\":{\"@type\":\"EntryPoint\",\"urlTemplate\":\"https:\/\/lialawyers.com\/de\/?s={search_term_string}\"},\"query-input\":{\"@type\":\"PropertyValueSpecification\",\"valueRequired\":true,\"valueName\":\"search_term_string\"}}],\"inLanguage\":\"fr-FR\"},{\"@type\":\"Organization\",\"@id\":\"https:\/\/lialawyers.com\/de\/#organization\",\"name\":\"Lia Lawyers\",\"url\":\"https:\/\/lialawyers.com\/de\/\",\"logo\":{\"@type\":\"ImageObject\",\"inLanguage\":\"fr-FR\",\"@id\":\"https:\/\/lialawyers.com\/de\/#\/schema\/logo\/image\/\",\"url\":\"https:\/\/lialawyers.com\/wp-content\/uploads\/2020\/10\/logo_og_image.png\",\"contentUrl\":\"https:\/\/lialawyers.com\/wp-content\/uploads\/2020\/10\/logo_og_image.png\",\"width\":1200,\"height\":628,\"caption\":\"Lia Lawyers\"},\"image\":{\"@id\":\"https:\/\/lialawyers.com\/de\/#\/schema\/logo\/image\/\"}}]}<\/script>\n<!-- \/ Yoast SEO plugin. -->","yoast_head_json":{"title":"[:es]Conveyancing[:en]Conveyancin[:] - LIA","robots":{"index":"index","follow":"follow","max-snippet":"max-snippet:-1","max-image-preview":"max-image-preview:large","max-video-preview":"max-video-preview:-1"},"canonical":"https:\/\/lialawyers.com\/conveyancing\/","og_locale":"fr_FR","og_type":"article","og_title":"[:es]Conveyancing[:en]Conveyancin[:] - LIA","og_url":"https:\/\/lialawyers.com\/conveyancing\/","og_site_name":"LIA","article_modified_time":"2024-12-20T17:36:49+00:00","og_image":[{"width":1200,"height":628,"url":"https:\/\/lialawyers.com\/wp-content\/uploads\/2020\/10\/logo_og_image.png","type":"image\/png"}],"twitter_card":"summary_large_image","twitter_misc":{"Dur\u00e9e de lecture estim\u00e9e":"55 minutes"},"schema":{"@context":"https:\/\/schema.org","@graph":[{"@type":"WebPage","@id":"https:\/\/lialawyers.com\/conveyancing\/","url":"https:\/\/lialawyers.com\/conveyancing\/","name":"[:es]Conveyancing[:en]Conveyancin[:] - LIA","isPartOf":{"@id":"https:\/\/lialawyers.com\/de\/#website"},"datePublished":"2020-04-21T14:51:10+00:00","dateModified":"2024-12-20T17:36:49+00:00","breadcrumb":{"@id":"https:\/\/lialawyers.com\/conveyancing\/#breadcrumb"},"inLanguage":"fr-FR","potentialAction":[{"@type":"ReadAction","target":["https:\/\/lialawyers.com\/conveyancing\/"]}]},{"@type":"BreadcrumbList","@id":"https:\/\/lialawyers.com\/conveyancing\/#breadcrumb","itemListElement":[{"@type":"ListItem","position":1,"name":"Home","item":"https:\/\/lialawyers.com\/"},{"@type":"ListItem","position":2,"name":"Conveyancing"}]},{"@type":"WebSite","@id":"https:\/\/lialawyers.com\/de\/#website","url":"https:\/\/lialawyers.com\/de\/","name":"LIA","description":"Law Inheritance Advisors","publisher":{"@id":"https:\/\/lialawyers.com\/de\/#organization"},"potentialAction":[{"@type":"SearchAction","target":{"@type":"EntryPoint","urlTemplate":"https:\/\/lialawyers.com\/de\/?s={search_term_string}"},"query-input":{"@type":"PropertyValueSpecification","valueRequired":true,"valueName":"search_term_string"}}],"inLanguage":"fr-FR"},{"@type":"Organization","@id":"https:\/\/lialawyers.com\/de\/#organization","name":"Lia Lawyers","url":"https:\/\/lialawyers.com\/de\/","logo":{"@type":"ImageObject","inLanguage":"fr-FR","@id":"https:\/\/lialawyers.com\/de\/#\/schema\/logo\/image\/","url":"https:\/\/lialawyers.com\/wp-content\/uploads\/2020\/10\/logo_og_image.png","contentUrl":"https:\/\/lialawyers.com\/wp-content\/uploads\/2020\/10\/logo_og_image.png","width":1200,"height":628,"caption":"Lia Lawyers"},"image":{"@id":"https:\/\/lialawyers.com\/de\/#\/schema\/logo\/image\/"}}]}},"_links":{"self":[{"href":"https:\/\/lialawyers.com\/fr\/wp-json\/wp\/v2\/pages\/2244","targetHints":{"allow":["GET"]}}],"collection":[{"href":"https:\/\/lialawyers.com\/fr\/wp-json\/wp\/v2\/pages"}],"about":[{"href":"https:\/\/lialawyers.com\/fr\/wp-json\/wp\/v2\/types\/page"}],"author":[{"embeddable":true,"href":"https:\/\/lialawyers.com\/fr\/wp-json\/wp\/v2\/users\/4"}],"replies":[{"embeddable":true,"href":"https:\/\/lialawyers.com\/fr\/wp-json\/wp\/v2\/comments?post=2244"}],"version-history":[{"count":28,"href":"https:\/\/lialawyers.com\/fr\/wp-json\/wp\/v2\/pages\/2244\/revisions"}],"predecessor-version":[{"id":2949,"href":"https:\/\/lialawyers.com\/fr\/wp-json\/wp\/v2\/pages\/2244\/revisions\/2949"}],"wp:attachment":[{"href":"https:\/\/lialawyers.com\/fr\/wp-json\/wp\/v2\/media?parent=2244"}],"curies":[{"name":"wp","href":"https:\/\/api.w.org\/{rel}","templated":true}]}}