{"id":2268,"date":"2020-04-21T16:52:32","date_gmt":"2020-04-21T15:52:32","guid":{"rendered":"http:\/\/lialawyers.com\/?page_id=2268"},"modified":"2024-12-20T17:36:51","modified_gmt":"2024-12-20T17:36:51","slug":"fiscal-representation","status":"publish","type":"page","link":"https:\/\/lialawyers.com\/fr\/fiscal-representation\/","title":{"rendered":"(Espa\u00f1ol) Representaci\u00f3n Fiscal"},"content":{"rendered":"<div class=\"fusion-fullwidth fullwidth-box fusion-builder-row-3 nonhundred-percent-fullwidth non-hundred-percent-height-scrolling\"  style='background-color: rgba(255,255,255,0);background-position: center center;background-repeat: no-repeat;padding-top:0px;padding-right:0px;padding-bottom:0px;padding-left:0px;'><div class=\"fusion-builder-row fusion-row \"><div  class=\"fusion-layout-column fusion_builder_column fusion_builder_column_1_1 fusion-builder-column-2 fusion-one-full fusion-column-first fusion-column-last 1_1\"  style='margin-top:0px;margin-bottom:0px;'><div class=\"fusion-column-wrapper\" style=\"padding: 0px 0px 0px 0px;background-position:left top;background-repeat:no-repeat;-webkit-background-size:cover;-moz-background-size:cover;-o-background-size:cover;background-size:cover;\"   data-bg-url=\"\"><div class=\"fusion-text\"><\/div><div class=\"fusion-clearfix\"><\/div><\/div><\/div><\/div><\/div><div class=\"fusion-fullwidth fullwidth-box fusion-builder-row-4 nonhundred-percent-fullwidth non-hundred-percent-height-scrolling\"  style='background-color: rgba(255,255,255,0);background-position: center center;background-repeat: no-repeat;padding-top:0px;padding-right:0px;padding-bottom:0px;padding-left:0px;'><div class=\"fusion-builder-row fusion-row \"><div  class=\"fusion-layout-column fusion_builder_column fusion_builder_column_1_1 fusion-builder-column-3 fusion-one-full fusion-column-first fusion-column-last 1_1\"  style='margin-top:0px;margin-bottom:20px;'><div class=\"fusion-column-wrapper\" style=\"padding: 0px 0px 0px 0px;background-position:left top;background-repeat:no-repeat;-webkit-background-size:cover;-moz-background-size:cover;-o-background-size:cover;background-size:cover;\"   data-bg-url=\"\"><style type=\"text\/css\">@media only screen and (max-width:800px) {.fusion-title.fusion-title-3{margin-top:10px!important;margin-bottom:10px!important;}}<\/style><div class=\"fusion-title title fusion-title-3 fusion-title-text fusion-title-size-one\" style=\"margin-top:10px;margin-bottom:15px;\"><h1 class=\"title-heading-left\" style=\"margin:0;\">Repr\u00e9sentation Fiscale<\/h1><div class=\"title-sep-container\"><div class=\"title-sep sep-double sep-solid\" style=\"border-color:#e2e2e2;\"><\/div><\/div><\/div><div class=\"fusion-text\"><p>Qu\u2019il s\u2019agisse d\u2019un r\u00e9sident ou d\u2019un non-r\u00e9sident en Espagne, toute personne qui poss\u00e8de une propri\u00e9t\u00e9 dans le pays doit faire face \u00e0 la t\u00e2che toujours ardue et difficile de se conformer aux obligations fiscales. Lorsque vous investissez dans une propri\u00e9t\u00e9 ici, vous devenez automatiquement responsable d\u2019une s\u00e9rie d\u2019imp\u00f4ts connexes.<br \/>\nComprendre le syst\u00e8me fiscal espagnol pour un \u00e9tranger devient une t\u00e2che difficile et m\u00eame quelque chose d\u2019aussi commun que de recevoir des notifications des autorit\u00e9s peut \u00eatre un probl\u00e8me majeur en raison de vos s\u00e9jours limit\u00e9s et occasionnels dans le pays.<br \/>\nEn premier lieu, il est essentiel de comprendre que m\u00eame les \u00e9trangers ne recevant aucun revenu en Espagne doivent n\u00e9anmoins pr\u00e9senter certaines d\u00e9clarations d\u2019imp\u00f4t en tant que propri\u00e9taires d\u2019un bien bas\u00e9 sur le concept fiscal de \u00a8jouissance th\u00e9orique du bien\u00a8 (Imp\u00f4t sur le Revenu Non-R\u00e9sidentiel Imput\u00e9). M\u00eame si vous ne louez pas, vous devez toujours pr\u00e9senter l\u2019imp\u00f4t, et si vous louez seulement \u00e0 temps partiel pendant l\u2019ann\u00e9e, les jours o\u00f9 la propri\u00e9t\u00e9 est vacante sont impos\u00e9s au pro rata.<br \/>\nLa nomination d\u2019un repr\u00e9sentant juridique-fiscal en Espagne pour g\u00e9rer les obligations fiscales espagnoles s\u2019est av\u00e9r\u00e9e \u00eatre une sage d\u00e9cision pour la plupart des propri\u00e9taires non-r\u00e9sidents et les expatri\u00e9s r\u00e9sidents. De plus, nous pensons qu\u2019il est important pour tout \u00e9tranger d\u2019avoir un acc\u00e8s dynamique et direct \u00e0 un avocat lorsque l\u2019assistance et la consultation relatives \u00e0 tous les aspects de la loi espagnole sont n\u00e9cessaires.<br \/>\nNotre Service de Repr\u00e9sentation Financi\u00e8re des Non-R\u00e9sidents se concentre sur l\u2019appui solide et fiable \u00e0 toutes les personnes qui, ne comprenant pas la langue et n\u2019\u00e9tant pas pr\u00e9sentes dans le pays pendant de longues p\u00e9riodes de l\u2019ann\u00e9e, ont besoin d\u2019un expert qui sera disponible pour recevoir des communications officielles, les interpr\u00e9ter correctement, effectuer toutes les d\u00e9marches n\u00e9cessaires en leur nom, et surtout les tenir inform\u00e9s \u00e0 tout moment.<br \/>\nDans le cas des R\u00e9sidents Fiscaux, les obligations sont fond\u00e9es sur des crit\u00e8res tr\u00e8s sp\u00e9cifiques. Un budget annuel fixe pour les services peut \u00eatre convenu \u00e0 l\u2019avance, mais il est n\u00e9cessaire de faire un rapport pr\u00e9liminaire bas\u00e9 sur la documentation individuelle fournie par le client.<\/p>\n<p>En utilisant ce service, vous :<br \/>\n- Vous assurez de ne pas surpayer les imp\u00f4ts sur votre propri\u00e9t\u00e9 en raison de mauvais calculs.<br \/>\n- D\u00e9clarez vos imp\u00f4ts au fisc espagnol dans les d\u00e9lais, en \u00e9vitant ainsi les frais de p\u00e9nalit\u00e9 d\u00e9coulant de la soumission tardive.<br \/>\n- Avez \u00e0 votre disposition l\u2019adresse d\u2019un repr\u00e9sentant fiscal pour se charger de toute votre correspondance fiscale.<br \/>\n- R\u00e9pondez \u00e0 toute notification fiscale dans les d\u00e9lais, garantissant la conformit\u00e9 fiscale.<br \/>\n- Allez effectuer des actions d\u2019appel en cas de malentendus ou d\u2019erreurs administratives.<br \/>\n- Aurez une connaissance \u00e0 jour des modifications fiscales.<br \/>\nNous avons \u00e9galement un service fiscal sp\u00e9cialis\u00e9 pour les propri\u00e9taires r\u00e9sidents, mais dans ce cas, se mettre d\u2019accord sur les frais de service n\u00e9cessite une analyse plus approfondie puisque l\u2019imposition sera soumise au revenu global de la personne, dans le monde entier. Pour d\u00e9terminer un plan budg\u00e9taire, la documentation et l\u2019information fournies devront \u00eatre examin\u00e9s par notre expert fiscal, qui pr\u00e9sentera un rapport avec un aper\u00e7u clair des imp\u00f4ts dus et des frais fiscaux applicables.<br \/>\nContactez-nous pour un devis rapide de ce service. Nous vous donnerons notre meilleure offre possible afin de devenir votre Repr\u00e9sentant Fiscal en Espagne.<\/p>\n<\/div><div class=\"fusion-clearfix\"><\/div><\/div><\/div><\/div><\/div><style type=\"text\/css\">.fusion-fullwidth.fusion-builder-row-4 a:not(.fusion-button):not(.fusion-builder-module-control):not(.fusion-social-network-icon):not(.fb-icon-element):not(.fusion-countdown-link):not(.fusion-rollover-link):not(.fusion-rollover-gallery):not(.fusion-button-bar):not(.add_to_cart_button):not(.show_details_button):not(.product_type_external):not(.fusion-quick-view):not(.fusion-rollover-title-link):not(.fusion-breadcrumb-link) , .fusion-fullwidth.fusion-builder-row-4 a:not(.fusion-button):not(.fusion-builder-module-control):not(.fusion-social-network-icon):not(.fb-icon-element):not(.fusion-countdown-link):not(.fusion-rollover-link):not(.fusion-rollover-gallery):not(.fusion-button-bar):not(.add_to_cart_button):not(.show_details_button):not(.product_type_external):not(.fusion-quick-view):not(.fusion-rollover-title-link):not(.fusion-breadcrumb-link):before, .fusion-fullwidth.fusion-builder-row-4 a:not(.fusion-button):not(.fusion-builder-module-control):not(.fusion-social-network-icon):not(.fb-icon-element):not(.fusion-countdown-link):not(.fusion-rollover-link):not(.fusion-rollover-gallery):not(.fusion-button-bar):not(.add_to_cart_button):not(.show_details_button):not(.product_type_external):not(.fusion-quick-view):not(.fusion-rollover-title-link):not(.fusion-breadcrumb-link):after {color: #212934;}.fusion-fullwidth.fusion-builder-row-4 a:not(.fusion-button):not(.fusion-builder-module-control):not(.fusion-social-network-icon):not(.fb-icon-element):not(.fusion-countdown-link):not(.fusion-rollover-link):not(.fusion-rollover-gallery):not(.fusion-button-bar):not(.add_to_cart_button):not(.show_details_button):not(.product_type_external):not(.fusion-quick-view):not(.fusion-rollover-title-link):not(.fusion-breadcrumb-link):hover, .fusion-fullwidth.fusion-builder-row-4 a:not(.fusion-button):not(.fusion-builder-module-control):not(.fusion-social-network-icon):not(.fb-icon-element):not(.fusion-countdown-link):not(.fusion-rollover-link):not(.fusion-rollover-gallery):not(.fusion-button-bar):not(.add_to_cart_button):not(.show_details_button):not(.product_type_external):not(.fusion-quick-view):not(.fusion-rollover-title-link):not(.fusion-breadcrumb-link):hover:before, .fusion-fullwidth.fusion-builder-row-4 a:not(.fusion-button):not(.fusion-builder-module-control):not(.fusion-social-network-icon):not(.fb-icon-element):not(.fusion-countdown-link):not(.fusion-rollover-link):not(.fusion-rollover-gallery):not(.fusion-button-bar):not(.add_to_cart_button):not(.show_details_button):not(.product_type_external):not(.fusion-quick-view):not(.fusion-rollover-title-link):not(.fusion-breadcrumb-link):hover:after {color: #549f97;}.fusion-fullwidth.fusion-builder-row-4 .pagination a.inactive:hover, .fusion-fullwidth.fusion-builder-row-4 .fusion-filters .fusion-filter.fusion-active a {border-color: #549f97;}.fusion-fullwidth.fusion-builder-row-4 .pagination .current {border-color: #549f97; background-color: #549f97;}.fusion-fullwidth.fusion-builder-row-4 .fusion-filters .fusion-filter.fusion-active a, .fusion-fullwidth.fusion-builder-row-4 .fusion-date-and-formats .fusion-format-box, .fusion-fullwidth.fusion-builder-row-4 .fusion-popover, .fusion-fullwidth.fusion-builder-row-4 .tooltip-shortcode {color: #549f97;}#main .fusion-fullwidth.fusion-builder-row-4 .post .blog-shortcode-post-title a:hover {color: #549f97;}<\/style>","protected":false},"excerpt":{"rendered":"","protected":false},"author":4,"featured_media":0,"parent":0,"menu_order":0,"comment_status":"closed","ping_status":"closed","template":"","meta":{"footnotes":""},"class_list":["post-2268","page","type-page","status-publish","hentry"],"yoast_head":"<!-- This site is optimized with the Yoast SEO plugin v24.1 - https:\/\/yoast.com\/wordpress\/plugins\/seo\/ -->\n<title><\/title>\n<meta name=\"robots\" content=\"index, follow, max-snippet:-1, max-image-preview:large, max-video-preview:-1\" \/>\n<link rel=\"canonical\" href=\"https:\/\/lialawyers.com\/fiscal-representation\/\" \/>\n<meta property=\"og:locale\" content=\"fr_FR\" \/>\n<meta property=\"og:type\" content=\"article\" \/>\n<meta property=\"og:title\" content=\"[:es]Representaci\u00f3n Fiscal[:en]Fiscal Representation[:] - LIA\" \/>\n<meta property=\"og:url\" content=\"https:\/\/lialawyers.com\/fiscal-representation\/\" \/>\n<meta property=\"og:site_name\" content=\"LIA\" \/>\n<meta property=\"article:modified_time\" content=\"2024-12-20T17:36:51+00:00\" \/>\n<meta property=\"og:image\" content=\"https:\/\/lialawyers.com\/wp-content\/uploads\/2020\/10\/logo_og_image.png\" \/>\n\t<meta property=\"og:image:width\" content=\"1200\" \/>\n\t<meta property=\"og:image:height\" content=\"628\" \/>\n\t<meta property=\"og:image:type\" content=\"image\/png\" \/>\n<meta name=\"twitter:card\" content=\"summary_large_image\" \/>\n<meta name=\"twitter:label1\" content=\"Dur\u00e9e de lecture estim\u00e9e\" \/>\n\t<meta name=\"twitter:data1\" content=\"31 minutes\" \/>\n<script type=\"application\/ld+json\" class=\"yoast-schema-graph\">{\"@context\":\"https:\/\/schema.org\",\"@graph\":[{\"@type\":\"WebPage\",\"@id\":\"https:\/\/lialawyers.com\/fiscal-representation\/\",\"url\":\"https:\/\/lialawyers.com\/fiscal-representation\/\",\"name\":\"[:es]Representaci\u00f3n Fiscal[:en]Fiscal Representation[:] - LIA\",\"isPartOf\":{\"@id\":\"https:\/\/lialawyers.com\/de\/#website\"},\"datePublished\":\"2020-04-21T15:52:32+00:00\",\"dateModified\":\"2024-12-20T17:36:51+00:00\",\"breadcrumb\":{\"@id\":\"https:\/\/lialawyers.com\/fiscal-representation\/#breadcrumb\"},\"inLanguage\":\"fr-FR\",\"potentialAction\":[{\"@type\":\"ReadAction\",\"target\":[\"https:\/\/lialawyers.com\/fiscal-representation\/\"]}]},{\"@type\":\"BreadcrumbList\",\"@id\":\"https:\/\/lialawyers.com\/fiscal-representation\/#breadcrumb\",\"itemListElement\":[{\"@type\":\"ListItem\",\"position\":1,\"name\":\"Home\",\"item\":\"https:\/\/lialawyers.com\/\"},{\"@type\":\"ListItem\",\"position\":2,\"name\":\"Representaci\u00f3n Fiscal\"}]},{\"@type\":\"WebSite\",\"@id\":\"https:\/\/lialawyers.com\/de\/#website\",\"url\":\"https:\/\/lialawyers.com\/de\/\",\"name\":\"LIA\",\"description\":\"Law Inheritance Advisors\",\"publisher\":{\"@id\":\"https:\/\/lialawyers.com\/de\/#organization\"},\"potentialAction\":[{\"@type\":\"SearchAction\",\"target\":{\"@type\":\"EntryPoint\",\"urlTemplate\":\"https:\/\/lialawyers.com\/de\/?s={search_term_string}\"},\"query-input\":{\"@type\":\"PropertyValueSpecification\",\"valueRequired\":true,\"valueName\":\"search_term_string\"}}],\"inLanguage\":\"fr-FR\"},{\"@type\":\"Organization\",\"@id\":\"https:\/\/lialawyers.com\/de\/#organization\",\"name\":\"Lia Lawyers\",\"url\":\"https:\/\/lialawyers.com\/de\/\",\"logo\":{\"@type\":\"ImageObject\",\"inLanguage\":\"fr-FR\",\"@id\":\"https:\/\/lialawyers.com\/de\/#\/schema\/logo\/image\/\",\"url\":\"https:\/\/lialawyers.com\/wp-content\/uploads\/2020\/10\/logo_og_image.png\",\"contentUrl\":\"https:\/\/lialawyers.com\/wp-content\/uploads\/2020\/10\/logo_og_image.png\",\"width\":1200,\"height\":628,\"caption\":\"Lia Lawyers\"},\"image\":{\"@id\":\"https:\/\/lialawyers.com\/de\/#\/schema\/logo\/image\/\"}}]}<\/script>\n<!-- \/ Yoast SEO plugin. -->","yoast_head_json":{"title":"[:es]Representaci\u00f3n Fiscal[:en]Fiscal Representation[:] - LIA","robots":{"index":"index","follow":"follow","max-snippet":"max-snippet:-1","max-image-preview":"max-image-preview:large","max-video-preview":"max-video-preview:-1"},"canonical":"https:\/\/lialawyers.com\/fiscal-representation\/","og_locale":"fr_FR","og_type":"article","og_title":"[:es]Representaci\u00f3n Fiscal[:en]Fiscal Representation[:] - LIA","og_url":"https:\/\/lialawyers.com\/fiscal-representation\/","og_site_name":"LIA","article_modified_time":"2024-12-20T17:36:51+00:00","og_image":[{"width":1200,"height":628,"url":"https:\/\/lialawyers.com\/wp-content\/uploads\/2020\/10\/logo_og_image.png","type":"image\/png"}],"twitter_card":"summary_large_image","twitter_misc":{"Dur\u00e9e de lecture estim\u00e9e":"31 minutes"},"schema":{"@context":"https:\/\/schema.org","@graph":[{"@type":"WebPage","@id":"https:\/\/lialawyers.com\/fiscal-representation\/","url":"https:\/\/lialawyers.com\/fiscal-representation\/","name":"[:es]Representaci\u00f3n Fiscal[:en]Fiscal Representation[:] - LIA","isPartOf":{"@id":"https:\/\/lialawyers.com\/de\/#website"},"datePublished":"2020-04-21T15:52:32+00:00","dateModified":"2024-12-20T17:36:51+00:00","breadcrumb":{"@id":"https:\/\/lialawyers.com\/fiscal-representation\/#breadcrumb"},"inLanguage":"fr-FR","potentialAction":[{"@type":"ReadAction","target":["https:\/\/lialawyers.com\/fiscal-representation\/"]}]},{"@type":"BreadcrumbList","@id":"https:\/\/lialawyers.com\/fiscal-representation\/#breadcrumb","itemListElement":[{"@type":"ListItem","position":1,"name":"Home","item":"https:\/\/lialawyers.com\/"},{"@type":"ListItem","position":2,"name":"Representaci\u00f3n Fiscal"}]},{"@type":"WebSite","@id":"https:\/\/lialawyers.com\/de\/#website","url":"https:\/\/lialawyers.com\/de\/","name":"LIA","description":"Law Inheritance Advisors","publisher":{"@id":"https:\/\/lialawyers.com\/de\/#organization"},"potentialAction":[{"@type":"SearchAction","target":{"@type":"EntryPoint","urlTemplate":"https:\/\/lialawyers.com\/de\/?s={search_term_string}"},"query-input":{"@type":"PropertyValueSpecification","valueRequired":true,"valueName":"search_term_string"}}],"inLanguage":"fr-FR"},{"@type":"Organization","@id":"https:\/\/lialawyers.com\/de\/#organization","name":"Lia Lawyers","url":"https:\/\/lialawyers.com\/de\/","logo":{"@type":"ImageObject","inLanguage":"fr-FR","@id":"https:\/\/lialawyers.com\/de\/#\/schema\/logo\/image\/","url":"https:\/\/lialawyers.com\/wp-content\/uploads\/2020\/10\/logo_og_image.png","contentUrl":"https:\/\/lialawyers.com\/wp-content\/uploads\/2020\/10\/logo_og_image.png","width":1200,"height":628,"caption":"Lia Lawyers"},"image":{"@id":"https:\/\/lialawyers.com\/de\/#\/schema\/logo\/image\/"}}]}},"_links":{"self":[{"href":"https:\/\/lialawyers.com\/fr\/wp-json\/wp\/v2\/pages\/2268","targetHints":{"allow":["GET"]}}],"collection":[{"href":"https:\/\/lialawyers.com\/fr\/wp-json\/wp\/v2\/pages"}],"about":[{"href":"https:\/\/lialawyers.com\/fr\/wp-json\/wp\/v2\/types\/page"}],"author":[{"embeddable":true,"href":"https:\/\/lialawyers.com\/fr\/wp-json\/wp\/v2\/users\/4"}],"replies":[{"embeddable":true,"href":"https:\/\/lialawyers.com\/fr\/wp-json\/wp\/v2\/comments?post=2268"}],"version-history":[{"count":19,"href":"https:\/\/lialawyers.com\/fr\/wp-json\/wp\/v2\/pages\/2268\/revisions"}],"predecessor-version":[{"id":2953,"href":"https:\/\/lialawyers.com\/fr\/wp-json\/wp\/v2\/pages\/2268\/revisions\/2953"}],"wp:attachment":[{"href":"https:\/\/lialawyers.com\/fr\/wp-json\/wp\/v2\/media?parent=2268"}],"curies":[{"name":"wp","href":"https:\/\/api.w.org\/{rel}","templated":true}]}}