{"id":2324,"date":"2020-04-23T20:44:11","date_gmt":"2020-04-23T19:44:11","guid":{"rendered":"http:\/\/lialawyers.com\/?page_id=2324"},"modified":"2024-12-20T17:36:50","modified_gmt":"2024-12-20T17:36:50","slug":"inheritance-testament","status":"publish","type":"page","link":"https:\/\/lialawyers.com\/fr\/inheritance-testament\/","title":{"rendered":"H\u00e9ritage et testament"},"content":{"rendered":"<div class=\"fusion-fullwidth fullwidth-box fusion-builder-row-5 nonhundred-percent-fullwidth non-hundred-percent-height-scrolling\"  style='background-color: rgba(255,255,255,0);background-position: center center;background-repeat: no-repeat;padding-top:0px;padding-right:0px;padding-bottom:0px;padding-left:0px;'><div class=\"fusion-builder-row fusion-row \"><div  class=\"fusion-layout-column fusion_builder_column fusion_builder_column_1_1 fusion-builder-column-8 fusion-one-full fusion-column-first fusion-column-last 1_1\"  style='margin-top:0px;margin-bottom:0px;'><div class=\"fusion-column-wrapper\" style=\"padding: 0px 0px 0px 0px;background-position:left top;background-repeat:no-repeat;-webkit-background-size:cover;-moz-background-size:cover;-o-background-size:cover;background-size:cover;\"   data-bg-url=\"\"><style type=\"text\/css\">@media only screen and (max-width:800px) {.fusion-title.fusion-title-3{margin-top:10px!important;margin-bottom:10px!important;}}<\/style><div class=\"fusion-title title fusion-title-3 fusion-title-text fusion-title-size-one\" style=\"margin-top:10px;margin-bottom:15px;\"><h1 class=\"title-heading-left\" style=\"margin:0;\">H\u00e9ritage et testament<\/h1><div class=\"title-sep-container\"><div class=\"title-sep sep-double sep-solid\" style=\"border-color:#e2e2e2;\"><\/div><\/div><\/div><div class=\"fusion-text\"><p style=\"text-align: justify;\">Le Processus d\u2019Authentification espagnol ou \u201cAdjudication d\u2019H\u00e9ritage\u201c (\u201cAdjudicaci\u00f3n de Herencia\u201d) est un processus supervis\u00e9 par un notaire, qui permet d\u2019authentifier un dernier testament dans le cas o\u00f9 le d\u00e9funt en a fait un.<br \/>\nEn Espagne, les testaments doivent toujours \u00eatre sign\u00e9s chez un notaire, et l\u2019acte est toujours enregistr\u00e9 au Registre Central des Testaments (Registro Central de \u00daltimas Voluntades). Par cons\u00e9quent, tout avocat est autoris\u00e9 (non seulement celui qui a \u00e9t\u00e9 engag\u00e9) \u00e0 rechercher l\u2019emplacement du testament et \u00e0 obtenir la copie officielle, qui n\u2019est d\u00e9livr\u00e9e qu\u2019apr\u00e8s le d\u00e9c\u00e8s du testateur.<br \/>\nLes testaments en Espagne ne sont jamais entrepos\u00e9s ou conserv\u00e9s par un avocat; seuls les notaires ont l\u2019autorit\u00e9 de garder les originaux et d\u2019\u00e9mettre des copies certifi\u00e9es conformes ou notari\u00e9es. Vous pouvez toujours demander \u00e0 un professionnel du droit de vous aider \u00e0 trouver et \u00e0 obtenir un testament. Toute copie de testament \u00e9mis avant le d\u00e9c\u00e8s du testateur n\u2019est valide qu\u2019\u00e0 des fins informatives. Seuls les h\u00e9ritiers ont le droit d\u2019obtenir ce document sur requ\u00eate, soit directe, soit par leurs repr\u00e9sentants l\u00e9gaux d\u00fbment nomm\u00e9s par procuration. Il serait peut-\u00eatre judicieux d\u2019accorder d\u00e8s maintenant procuration aux avocats de votre choix afin qu\u2019ils puissent vous repr\u00e9senter et travailler en liaison avec le notaire.<br \/>\nLorsque le testament a \u00e9t\u00e9 \u00e9labor\u00e9 \u00e0 l\u2019\u00e9tranger, commun\u00e9ment dans le pays d\u2019origine du d\u00e9funt, certaines directives sp\u00e9cifiques, d\u00e9pendant des r\u00e8gles de chaque nationalit\u00e9, doivent \u00eatre suivies et consid\u00e9r\u00e9es sur la fa\u00e7on de proc\u00e9der afin de valider ce testament.<br \/>\nNous pouvons parfois rencontrer la situation dans laquelle aucune volont\u00e9 n\u2019a \u00e9t\u00e9 accord\u00e9e ni formalis\u00e9e du tout, en Espagne ou ailleurs (\u00a8Succession Intestate\u00a8). Dans ce cas, un processus ant\u00e9rieur pour d\u00e9clarer qui doit h\u00e9riter doit \u00eatre suivi et rendu officiel devant les autorit\u00e9s comp\u00e9tentes ; c\u2019est ce que l\u2019on appelle la \u00a8D\u00e9claration des H\u00e9ritiers\u00a8(\u201cDeclaraci\u00f3n de Herederos\u201d).<br \/>\nEn r\u00e8gle g\u00e9n\u00e9rale, il n\u2019est pas n\u00e9cessaire de d\u00e9poser une proc\u00e9dure judiciaire au cours d\u2019un processus de succession ; ce n\u2019est qu\u2019en cas de conflit qu\u2019un avocat peut \u00eatre forc\u00e9 de porter plainte lorsqu\u2019il y a d\u00e9saccord dans l\u2019interpr\u00e9tation des documents relatifs \u00e0 l\u2019h\u00e9ritage ou dans le partage de la succession et des biens.<br \/>\nDans des circonstances normales, lorsque aucune pr\u00e9sence devant les tribunaux n\u2019est n\u00e9cessaire, la proc\u00e9dure juridique \u00e0 suivre peut toutefois \u00eatre souvent complexe et ardue. Les conseils sur la fa\u00e7on de proc\u00e9der \u00e0 la l\u00e9galisation des documents \u00e9trangers, l\u2019interpr\u00e9tation des diff\u00e9rentes lois en cause, et les autorit\u00e9s gouvernementales ou locales concern\u00e9es, sont g\u00e9n\u00e9ralement des questions d\u2019inqui\u00e9tude et de pr\u00e9occupation pour de nombreuses personnes qui traversent ces malheureuses circonstances qui, en outre, peuvent se sentir perdues et \u00eatre d\u00e9pass\u00e9es par les r\u00e8gles, les r\u00e8glements et autres contraintes et exigences en mati\u00e8re de paperasserie administrative. Il est essentiel de souligner l\u2019importance d\u2019appliquer les taux d\u2019imposition corrects en fonction de chaque cas sp\u00e9cifique, car en Espagne, diff\u00e9rentes l\u00e9gislations s\u2019appliquent en fonction de la r\u00e9gion du pays concern\u00e9e.<br \/>\nNous pouvons vous fournir tous les conseils professionnels requis pour le processus d\u2019homologation avec les instructions en ce qui concerne la documentation n\u00e9cessaire pour compl\u00e9ter la succession et le paiement de tous les imp\u00f4ts.<br \/>\nNotre \u00e9quipe qualifi\u00e9e de professionnels vous aidera dans toutes les t\u00e2ches administratives n\u00e9cessaires afin que les biens immobiliers, l\u2019argent dans les comptes bancaires et les v\u00e9hicules soient enregistr\u00e9s au nom de l\u2019h\u00e9ritier\/h\u00e9riti\u00e8re et, dans l\u2019ensemble, pour faciliter toute cette besogne difficile. Les instructions appropri\u00e9es seront fournies pour donner procuration aux avocats pour qu\u2019ils deviennent les repr\u00e9sentants l\u00e9gaux pendant tout le processus, ainsi il n\u2019y aura aucun besoin de votre pr\u00e9sence en Espagne pour l\u2019adjudication.<br \/>\nNotre objectif principal est toujours d\u2019apporter nos services ayant conscience des circonstances particuli\u00e8rement difficiles que vivent les parents et les amis. Notre service est toujours amical, flexible et compatissant ; attentif \u00e0 permettre \u00e0 la personne de surmonter la tristesse qui accompagne le d\u00e9c\u00e8s d\u2019un proche.<\/p>\n<\/div><div class=\"fusion-clearfix\"><\/div><\/div><\/div><\/div><\/div><div class=\"fusion-fullwidth fullwidth-box fusion-builder-row-6 nonhundred-percent-fullwidth non-hundred-percent-height-scrolling\"  style='background-color: rgba(255,255,255,0);background-position: center center;background-repeat: no-repeat;padding-top:0px;padding-right:0px;padding-bottom:0px;padding-left:0px;'><div class=\"fusion-builder-row fusion-row \"><div  class=\"fusion-layout-column fusion_builder_column fusion_builder_column_1_3 fusion-builder-column-9 fusion-one-third fusion-column-first 1_3\"  style='margin-top:0px;margin-bottom:20px;width:33.33%;width:calc(33.33% - ( ( 4% + 4% ) * 0.3333 ) );margin-right: 4%;'><div class=\"fusion-column-wrapper\" style=\"padding: 0px 0px 0px 0px;background-position:left top;background-repeat:no-repeat;-webkit-background-size:cover;-moz-background-size:cover;-o-background-size:cover;background-size:cover;\"   data-bg-url=\"\"><div class=\"fusion-button-wrapper fusion-aligncenter\"><style type=\"text\/css\">.fusion-button.button-7 {border-radius:4px;}<\/style><a class=\"fusion-button button-flat fusion-button-default-size button-default button-7 fusion-button-default-span fusion-button-default-type\" target=\"_self\" href=\"\/wills\/\"><span class=\"fusion-button-text\">Testaments<\/span><\/a><\/div><div class=\"fusion-text\"><p style=\"text-align: center;\">\u00c9tant donn\u00e9 que les droits de succession diff\u00e8rent d\u2019un pays \u00e0 l\u2019autre, il est important d\u2019expliquer certaines nuances en ce qui concerne la n\u00e9cessit\u00e9 de signer un testament en Espagne.<\/p>\n<\/div><div class=\"fusion-clearfix\"><\/div><\/div><\/div><div  class=\"fusion-layout-column fusion_builder_column fusion_builder_column_1_3 fusion-builder-column-10 fusion-one-third 1_3\"  style='margin-top:0px;margin-bottom:20px;width:33.33%;width:calc(33.33% - ( ( 4% + 4% ) * 0.3333 ) );margin-right: 4%;'><div class=\"fusion-column-wrapper\" style=\"padding: 0px 0px 0px 0px;background-position:left top;background-repeat:no-repeat;-webkit-background-size:cover;-moz-background-size:cover;-o-background-size:cover;background-size:cover;\"   data-bg-url=\"\"><div class=\"fusion-button-wrapper fusion-aligncenter\"><style type=\"text\/css\">.fusion-button.button-8 {border-radius:4px;}<\/style><a class=\"fusion-button button-flat fusion-button-default-size button-default button-8 fusion-button-default-span fusion-button-default-type\" target=\"_self\" href=\"\/power-of-attorney\/\"><span class=\"fusion-button-text\">Procuration<\/span><\/a><\/div><div class=\"fusion-text\"><p style=\"text-align: center;\">Une procuration est une autorisation \u00e9crite formelle, par laquelle une personne (le mandant) accorde \u00e0 une autre (l\u2019avocat ou l\u2019agent) la capacit\u00e9 d\u2019agir en son nom et pour son compte.<\/p>\n<\/div><div class=\"fusion-clearfix\"><\/div><\/div><\/div><div  class=\"fusion-layout-column fusion_builder_column fusion_builder_column_1_3 fusion-builder-column-11 fusion-one-third fusion-column-last 1_3\"  style='margin-top:0px;margin-bottom:20px;width:33.33%;width:calc(33.33% - ( ( 4% + 4% ) * 0.3333 ) );'><div class=\"fusion-column-wrapper\" style=\"padding: 0px 0px 0px 0px;background-position:left top;background-repeat:no-repeat;-webkit-background-size:cover;-moz-background-size:cover;-o-background-size:cover;background-size:cover;\"   data-bg-url=\"\"><div class=\"fusion-button-wrapper fusion-aligncenter\"><style type=\"text\/css\">.fusion-button.button-9 {border-radius:4px;}<\/style><a class=\"fusion-button button-flat fusion-button-default-size button-default button-9 fusion-button-default-span fusion-button-default-type\" target=\"_self\" href=\"\/apostill\/\"><span class=\"fusion-button-text\">Apostille<\/span><\/a><\/div><div class=\"fusion-text\"><p style=\"text-align: center;\">Lorsqu\u2019une personne est impliqu\u00e9e dans un processus juridique international (qu\u2019il soit judiciaire ou non judiciaire), elle doit garder \u00e0 l\u2019esprit que, dans la plupart des cas, elle devra \u00a8valider\u00a8 les documents \u00e0 utiliser \u00e0 l\u2019\u00e9tranger.<\/p>\n<\/div><div class=\"fusion-clearfix\"><\/div><\/div><\/div><\/div><\/div><style type=\"text\/css\">.fusion-fullwidth.fusion-builder-row-6 a:not(.fusion-button):not(.fusion-builder-module-control):not(.fusion-social-network-icon):not(.fb-icon-element):not(.fusion-countdown-link):not(.fusion-rollover-link):not(.fusion-rollover-gallery):not(.fusion-button-bar):not(.add_to_cart_button):not(.show_details_button):not(.product_type_external):not(.fusion-quick-view):not(.fusion-rollover-title-link):not(.fusion-breadcrumb-link) , .fusion-fullwidth.fusion-builder-row-6 a:not(.fusion-button):not(.fusion-builder-module-control):not(.fusion-social-network-icon):not(.fb-icon-element):not(.fusion-countdown-link):not(.fusion-rollover-link):not(.fusion-rollover-gallery):not(.fusion-button-bar):not(.add_to_cart_button):not(.show_details_button):not(.product_type_external):not(.fusion-quick-view):not(.fusion-rollover-title-link):not(.fusion-breadcrumb-link):before, .fusion-fullwidth.fusion-builder-row-6 a:not(.fusion-button):not(.fusion-builder-module-control):not(.fusion-social-network-icon):not(.fb-icon-element):not(.fusion-countdown-link):not(.fusion-rollover-link):not(.fusion-rollover-gallery):not(.fusion-button-bar):not(.add_to_cart_button):not(.show_details_button):not(.product_type_external):not(.fusion-quick-view):not(.fusion-rollover-title-link):not(.fusion-breadcrumb-link):after {color: #212934;}.fusion-fullwidth.fusion-builder-row-6 a:not(.fusion-button):not(.fusion-builder-module-control):not(.fusion-social-network-icon):not(.fb-icon-element):not(.fusion-countdown-link):not(.fusion-rollover-link):not(.fusion-rollover-gallery):not(.fusion-button-bar):not(.add_to_cart_button):not(.show_details_button):not(.product_type_external):not(.fusion-quick-view):not(.fusion-rollover-title-link):not(.fusion-breadcrumb-link):hover, .fusion-fullwidth.fusion-builder-row-6 a:not(.fusion-button):not(.fusion-builder-module-control):not(.fusion-social-network-icon):not(.fb-icon-element):not(.fusion-countdown-link):not(.fusion-rollover-link):not(.fusion-rollover-gallery):not(.fusion-button-bar):not(.add_to_cart_button):not(.show_details_button):not(.product_type_external):not(.fusion-quick-view):not(.fusion-rollover-title-link):not(.fusion-breadcrumb-link):hover:before, .fusion-fullwidth.fusion-builder-row-6 a:not(.fusion-button):not(.fusion-builder-module-control):not(.fusion-social-network-icon):not(.fb-icon-element):not(.fusion-countdown-link):not(.fusion-rollover-link):not(.fusion-rollover-gallery):not(.fusion-button-bar):not(.add_to_cart_button):not(.show_details_button):not(.product_type_external):not(.fusion-quick-view):not(.fusion-rollover-title-link):not(.fusion-breadcrumb-link):hover:after {color: #549f97;}.fusion-fullwidth.fusion-builder-row-6 .pagination a.inactive:hover, .fusion-fullwidth.fusion-builder-row-6 .fusion-filters .fusion-filter.fusion-active a {border-color: #549f97;}.fusion-fullwidth.fusion-builder-row-6 .pagination .current {border-color: #549f97; background-color: #549f97;}.fusion-fullwidth.fusion-builder-row-6 .fusion-filters .fusion-filter.fusion-active a, .fusion-fullwidth.fusion-builder-row-6 .fusion-date-and-formats .fusion-format-box, .fusion-fullwidth.fusion-builder-row-6 .fusion-popover, .fusion-fullwidth.fusion-builder-row-6 .tooltip-shortcode {color: #549f97;}#main .fusion-fullwidth.fusion-builder-row-6 .post .blog-shortcode-post-title a:hover {color: #549f97;}<\/style>","protected":false},"excerpt":{"rendered":"","protected":false},"author":4,"featured_media":0,"parent":0,"menu_order":0,"comment_status":"closed","ping_status":"closed","template":"","meta":{"footnotes":""},"class_list":["post-2324","page","type-page","status-publish","hentry"],"yoast_head":"<!-- This site is optimized with the Yoast SEO plugin v24.1 - https:\/\/yoast.com\/wordpress\/plugins\/seo\/ -->\n<title>H\u00e9ritage et testament - LIA<\/title>\n<meta name=\"robots\" content=\"index, follow, max-snippet:-1, max-image-preview:large, max-video-preview:-1\" \/>\n<link rel=\"canonical\" href=\"https:\/\/lialawyers.com\/inheritance-testament\/\" \/>\n<meta property=\"og:locale\" content=\"fr_FR\" \/>\n<meta property=\"og:type\" content=\"article\" \/>\n<meta property=\"og:title\" content=\"[:es]Herencia y Testamento[:en]Inheritance &amp; Testament[:fr]H\u00e9ritage et testament[:] - LIA\" \/>\n<meta property=\"og:url\" content=\"https:\/\/lialawyers.com\/inheritance-testament\/\" \/>\n<meta property=\"og:site_name\" content=\"LIA\" \/>\n<meta property=\"article:modified_time\" content=\"2024-12-20T17:36:50+00:00\" \/>\n<meta property=\"og:image\" content=\"https:\/\/lialawyers.com\/wp-content\/uploads\/2020\/10\/logo_og_image.png\" \/>\n\t<meta property=\"og:image:width\" content=\"1200\" \/>\n\t<meta property=\"og:image:height\" content=\"628\" \/>\n\t<meta property=\"og:image:type\" content=\"image\/png\" \/>\n<meta name=\"twitter:card\" content=\"summary_large_image\" \/>\n<meta name=\"twitter:label1\" content=\"Dur\u00e9e de lecture estim\u00e9e\" \/>\n\t<meta name=\"twitter:data1\" content=\"60 minutes\" \/>\n<script type=\"application\/ld+json\" class=\"yoast-schema-graph\">{\"@context\":\"https:\/\/schema.org\",\"@graph\":[{\"@type\":\"WebPage\",\"@id\":\"https:\/\/lialawyers.com\/inheritance-testament\/\",\"url\":\"https:\/\/lialawyers.com\/inheritance-testament\/\",\"name\":\"[:es]Herencia y Testamento[:en]Inheritance & Testament[:fr]H\u00e9ritage et testament[:] - LIA\",\"isPartOf\":{\"@id\":\"https:\/\/lialawyers.com\/de\/#website\"},\"datePublished\":\"2020-04-23T19:44:11+00:00\",\"dateModified\":\"2024-12-20T17:36:50+00:00\",\"breadcrumb\":{\"@id\":\"https:\/\/lialawyers.com\/inheritance-testament\/#breadcrumb\"},\"inLanguage\":\"fr-FR\",\"potentialAction\":[{\"@type\":\"ReadAction\",\"target\":[\"https:\/\/lialawyers.com\/inheritance-testament\/\"]}]},{\"@type\":\"BreadcrumbList\",\"@id\":\"https:\/\/lialawyers.com\/inheritance-testament\/#breadcrumb\",\"itemListElement\":[{\"@type\":\"ListItem\",\"position\":1,\"name\":\"Home\",\"item\":\"https:\/\/lialawyers.com\/\"},{\"@type\":\"ListItem\",\"position\":2,\"name\":\"Herencia y Testamento\"}]},{\"@type\":\"WebSite\",\"@id\":\"https:\/\/lialawyers.com\/de\/#website\",\"url\":\"https:\/\/lialawyers.com\/de\/\",\"name\":\"LIA\",\"description\":\"Law Inheritance Advisors\",\"publisher\":{\"@id\":\"https:\/\/lialawyers.com\/de\/#organization\"},\"potentialAction\":[{\"@type\":\"SearchAction\",\"target\":{\"@type\":\"EntryPoint\",\"urlTemplate\":\"https:\/\/lialawyers.com\/de\/?s={search_term_string}\"},\"query-input\":{\"@type\":\"PropertyValueSpecification\",\"valueRequired\":true,\"valueName\":\"search_term_string\"}}],\"inLanguage\":\"fr-FR\"},{\"@type\":\"Organization\",\"@id\":\"https:\/\/lialawyers.com\/de\/#organization\",\"name\":\"Lia Lawyers\",\"url\":\"https:\/\/lialawyers.com\/de\/\",\"logo\":{\"@type\":\"ImageObject\",\"inLanguage\":\"fr-FR\",\"@id\":\"https:\/\/lialawyers.com\/de\/#\/schema\/logo\/image\/\",\"url\":\"https:\/\/lialawyers.com\/wp-content\/uploads\/2020\/10\/logo_og_image.png\",\"contentUrl\":\"https:\/\/lialawyers.com\/wp-content\/uploads\/2020\/10\/logo_og_image.png\",\"width\":1200,\"height\":628,\"caption\":\"Lia Lawyers\"},\"image\":{\"@id\":\"https:\/\/lialawyers.com\/de\/#\/schema\/logo\/image\/\"}}]}<\/script>\n<!-- \/ Yoast SEO plugin. -->","yoast_head_json":{"title":"[:es]Herencia y Testamento[:en]Inheritance & Testament[:fr]H\u00e9ritage et testament[:] - LIA","robots":{"index":"index","follow":"follow","max-snippet":"max-snippet:-1","max-image-preview":"max-image-preview:large","max-video-preview":"max-video-preview:-1"},"canonical":"https:\/\/lialawyers.com\/inheritance-testament\/","og_locale":"fr_FR","og_type":"article","og_title":"[:es]Herencia y Testamento[:en]Inheritance & Testament[:fr]H\u00e9ritage et testament[:] - LIA","og_url":"https:\/\/lialawyers.com\/inheritance-testament\/","og_site_name":"LIA","article_modified_time":"2024-12-20T17:36:50+00:00","og_image":[{"width":1200,"height":628,"url":"https:\/\/lialawyers.com\/wp-content\/uploads\/2020\/10\/logo_og_image.png","type":"image\/png"}],"twitter_card":"summary_large_image","twitter_misc":{"Dur\u00e9e de lecture estim\u00e9e":"60 minutes"},"schema":{"@context":"https:\/\/schema.org","@graph":[{"@type":"WebPage","@id":"https:\/\/lialawyers.com\/inheritance-testament\/","url":"https:\/\/lialawyers.com\/inheritance-testament\/","name":"[:es]Herencia y Testamento[:en]Inheritance & Testament[:fr]H\u00e9ritage et testament[:] - LIA","isPartOf":{"@id":"https:\/\/lialawyers.com\/de\/#website"},"datePublished":"2020-04-23T19:44:11+00:00","dateModified":"2024-12-20T17:36:50+00:00","breadcrumb":{"@id":"https:\/\/lialawyers.com\/inheritance-testament\/#breadcrumb"},"inLanguage":"fr-FR","potentialAction":[{"@type":"ReadAction","target":["https:\/\/lialawyers.com\/inheritance-testament\/"]}]},{"@type":"BreadcrumbList","@id":"https:\/\/lialawyers.com\/inheritance-testament\/#breadcrumb","itemListElement":[{"@type":"ListItem","position":1,"name":"Home","item":"https:\/\/lialawyers.com\/"},{"@type":"ListItem","position":2,"name":"Herencia y Testamento"}]},{"@type":"WebSite","@id":"https:\/\/lialawyers.com\/de\/#website","url":"https:\/\/lialawyers.com\/de\/","name":"LIA","description":"Law Inheritance Advisors","publisher":{"@id":"https:\/\/lialawyers.com\/de\/#organization"},"potentialAction":[{"@type":"SearchAction","target":{"@type":"EntryPoint","urlTemplate":"https:\/\/lialawyers.com\/de\/?s={search_term_string}"},"query-input":{"@type":"PropertyValueSpecification","valueRequired":true,"valueName":"search_term_string"}}],"inLanguage":"fr-FR"},{"@type":"Organization","@id":"https:\/\/lialawyers.com\/de\/#organization","name":"Lia Lawyers","url":"https:\/\/lialawyers.com\/de\/","logo":{"@type":"ImageObject","inLanguage":"fr-FR","@id":"https:\/\/lialawyers.com\/de\/#\/schema\/logo\/image\/","url":"https:\/\/lialawyers.com\/wp-content\/uploads\/2020\/10\/logo_og_image.png","contentUrl":"https:\/\/lialawyers.com\/wp-content\/uploads\/2020\/10\/logo_og_image.png","width":1200,"height":628,"caption":"Lia Lawyers"},"image":{"@id":"https:\/\/lialawyers.com\/de\/#\/schema\/logo\/image\/"}}]}},"_links":{"self":[{"href":"https:\/\/lialawyers.com\/fr\/wp-json\/wp\/v2\/pages\/2324","targetHints":{"allow":["GET"]}}],"collection":[{"href":"https:\/\/lialawyers.com\/fr\/wp-json\/wp\/v2\/pages"}],"about":[{"href":"https:\/\/lialawyers.com\/fr\/wp-json\/wp\/v2\/types\/page"}],"author":[{"embeddable":true,"href":"https:\/\/lialawyers.com\/fr\/wp-json\/wp\/v2\/users\/4"}],"replies":[{"embeddable":true,"href":"https:\/\/lialawyers.com\/fr\/wp-json\/wp\/v2\/comments?post=2324"}],"version-history":[{"count":28,"href":"https:\/\/lialawyers.com\/fr\/wp-json\/wp\/v2\/pages\/2324\/revisions"}],"predecessor-version":[{"id":2955,"href":"https:\/\/lialawyers.com\/fr\/wp-json\/wp\/v2\/pages\/2324\/revisions\/2955"}],"wp:attachment":[{"href":"https:\/\/lialawyers.com\/fr\/wp-json\/wp\/v2\/media?parent=2324"}],"curies":[{"name":"wp","href":"https:\/\/api.w.org\/{rel}","templated":true}]}}