{"id":2778,"date":"2020-09-28T08:22:31","date_gmt":"2020-09-28T07:22:31","guid":{"rendered":"http:\/\/lialawyers.com\/?page_id=2778"},"modified":"2024-12-20T17:36:50","modified_gmt":"2024-12-20T17:36:50","slug":"nie","status":"publish","type":"page","link":"https:\/\/lialawyers.com\/fr\/nie\/","title":{"rendered":"(Espa\u00f1ol) Nie y Residencia"},"content":{"rendered":"<div class=\"fusion-fullwidth fullwidth-box fusion-builder-row-3 nonhundred-percent-fullwidth non-hundred-percent-height-scrolling\"  style='background-color: rgba(255,255,255,0);background-position: center center;background-repeat: no-repeat;padding-top:0px;padding-right:0px;padding-bottom:0px;padding-left:0px;'><div class=\"fusion-builder-row fusion-row \"><div  class=\"fusion-layout-column fusion_builder_column fusion_builder_column_1_1 fusion-builder-column-2 fusion-one-full fusion-column-first fusion-column-last 1_1\"  style='margin-top:0px;margin-bottom:0px;'><div class=\"fusion-column-wrapper\" style=\"padding: 0px 0px 0px 0px;background-position:left top;background-repeat:no-repeat;-webkit-background-size:cover;-moz-background-size:cover;-o-background-size:cover;background-size:cover;\"   data-bg-url=\"\"><style type=\"text\/css\">@media only screen and (max-width:800px) {.fusion-title.fusion-title-3{margin-top:10px!important;margin-bottom:10px!important;}}<\/style><div class=\"fusion-title title fusion-title-3 fusion-title-text fusion-title-size-one\" style=\"margin-top:10px;margin-bottom:15px;\"><h1 class=\"title-heading-left\" style=\"margin:0;\">Nie et R\u00e9sidence<\/h1><div class=\"title-sep-container\"><div class=\"title-sep sep-double sep-solid\" style=\"border-color:#e2e2e2;\"><\/div><\/div><\/div><div class=\"fusion-text\"><p>Lorsque vous abordez ce sujet, il est important d\u2019expliquer la diff\u00e9rence entre le N.I.E. et la R\u00e9sidence, car il est assez courant d\u2019utiliser l\u2019acronyme N.I.E. pour d\u00e9signer le \u00ab certificat ou carte de r\u00e9sidence \u00bb.<br \/>\nEn termes juridiques stricts, le NIE (\u00a8N\u00famero de Identifici\u00f3n de Extranjeros\u00a8) est un num\u00e9ro fiscal qui est, de nos jours, obtenu dans les bureaux de la police et d\u00e9livr\u00e9 pour les \u00a8\u00e9trangers\u00a8 (r\u00e9sidant ou non en Espagne) par les autorit\u00e9s pour leur permettre de g\u00e9rer toute affaire financi\u00e8re, sociale ou professionnelle en Espagne. Dans des circonstances d\u2019urgence d\u00fbment prouv\u00e9es, un num\u00e9ro provisoire de NIE pourrait \u00eatre attribu\u00e9 par les autorit\u00e9s fiscales, mais le num\u00e9ro d\u00e9finitif est toujours donn\u00e9 par la police. Le num\u00e9ro NIE ne change pas et ne se p\u00e9rime pas. Ce n\u2019est pas l\u00e9galement un document d\u2019identit\u00e9 et doit toujours \u00eatre accompagn\u00e9 par le passeport ou la carte d\u2019identit\u00e9 du pays d\u2019origine. Par cons\u00e9quent, ce document ne permet pas, en tant que tel, de travailler ou de r\u00e9sider en Espagne.<br \/>\nLa confusion vient probablement du fait que la \u00a8carte\/certificat de r\u00e9sidence\u00a8 mentionne toujours ce num\u00e9ro NIE, mais comme expliqu\u00e9 ci-dessus, les \u00e9trangers non-r\u00e9sidents ainsi que les r\u00e9sidents obtiennent un num\u00e9ro NIE une fois que la demande est d\u00fbment soumise et trait\u00e9e.<br \/>\nLa proc\u00e9dure de demande est relativement simple, mais le timing est un facteur crucial pour la pr\u00e9paration et la remise de la documentation, car tr\u00e8s peu de rendez-vous sont accord\u00e9s quotidiennement pour les requ\u00eates. Il est d\u2019usage d\u2019accorder une procuration \u00e0 l\u2019avocat de votre choix pour faciliter le processus.<br \/>\nD\u2019autre part, l\u2019obligation de s\u2019inscrire en tant que r\u00e9sident se pose lorsque vous pr\u00e9voyez de rester sur le territoire espagnol pendant plus de trois mois. Les Europ\u00e9ens et les citoyens de l\u2019espace \u00e9conomique europ\u00e9en (Norv\u00e8ge, Liechtenstein et Islande) ont le droit de r\u00e9sider tant qu\u2019ils ont un emploi ici ou qu\u2019ils ont la capacit\u00e9 financi\u00e8re de subvenir \u00e0 leurs besoins et peuvent prouver qu\u2019ils b\u00e9n\u00e9ficient d\u2019une assurance m\u00e9dicale priv\u00e9e ou publique. Dans la pratique, il vous sera \u00e9galement demand\u00e9, dans le cadre de la documentation requise avec le dossier d\u2019inscription, de pr\u00e9senter des relev\u00e9s bancaires indiquant un montant minimum de mouvements r\u00e9guliers pendant quelques mois et un solde suffisant.<br \/>\nLes non-Europ\u00e9ens qui envisagent de r\u00e9sider en Espagne devront toujours commencer le processus de demande en obtenant un visa de r\u00e9sidence au consulat de leur pays d\u2019origine, o\u00f9 des exigences sp\u00e9cifiques seront prises en consid\u00e9ration \u00e0 l\u2019avance.<br \/>\nGardez \u00e0 l\u2019esprit qu\u2019il y a une \u00e9norme diff\u00e9rence entre r\u00e9sider en Espagne pendant plus de trois mois, \u00eatre un r\u00e9sident du point de vue de la police, et le fait de devenir un \u00a8r\u00e9sident fiscal\u00a8, qui implique la d\u00e9claration de vos revenus mondiaux au fisc espagnol (\u00a8Agencia Tributaria\u00a8); cette responsabilit\u00e9 survient lorsque votre s\u00e9jour annuel dans le pays est de plus de 183 jours. Nous avons connu au fil des ann\u00e9es de nombreux cas de personnes qui se sont inscrites en tant que r\u00e9sidents en Espagne ayant ici un domicile, mais qui n\u2019ont pas atteint la p\u00e9riode de s\u00e9jour minimum les obligeant \u00e0 devenir des r\u00e9sidents fiscaux et, par cons\u00e9quent, ont maintenu le statut fiscal de leur pays d\u2019origine, d\u00e9clarant en Espagne que les imp\u00f4ts en vigueur en tant que propri\u00e9taires non-r\u00e9sidents d\u2019une propri\u00e9t\u00e9 ou de propri\u00e9t\u00e9s.<br \/>\nLia Law Independent Advisors vous guidera dans ce type de formalit\u00e9s, que vous viviez temporairement en Espagne pour la premi\u00e8re fois ou que vous ayez l\u2019intention d\u2019officialiser votre r\u00e9sidence. Notre service vise \u00e0 tout moment \u00e0 \u00eatre dynamique et efficace, rendant le processus le plus ais\u00e9 possible pour vous.<\/p>\n<\/div><div class=\"fusion-clearfix\"><\/div><\/div><\/div><\/div><\/div><div class=\"fusion-fullwidth fullwidth-box fusion-builder-row-4 nonhundred-percent-fullwidth non-hundred-percent-height-scrolling\"  style='background-color: rgba(255,255,255,0);background-position: center center;background-repeat: no-repeat;padding-top:0px;padding-right:0px;padding-bottom:0px;padding-left:0px;'><div class=\"fusion-builder-row fusion-row \"><div  class=\"fusion-layout-column fusion_builder_column fusion_builder_column_1_1 fusion-builder-column-3 fusion-one-full fusion-column-first fusion-column-last 1_1\"  style='margin-top:0px;margin-bottom:0px;'><div class=\"fusion-column-wrapper\" style=\"padding: 0px 0px 0px 0px;background-position:left top;background-repeat:no-repeat;-webkit-background-size:cover;-moz-background-size:cover;-o-background-size:cover;background-size:cover;\"   data-bg-url=\"\"><div class=\"fusion-text\"><\/div><div class=\"fusion-clearfix\"><\/div><\/div><\/div><\/div><\/div>","protected":false},"excerpt":{"rendered":"","protected":false},"author":4,"featured_media":0,"parent":0,"menu_order":0,"comment_status":"closed","ping_status":"closed","template":"","meta":{"footnotes":""},"class_list":["post-2778","page","type-page","status-publish","hentry"],"yoast_head":"<!-- This site is optimized with the Yoast SEO plugin v24.1 - https:\/\/yoast.com\/wordpress\/plugins\/seo\/ -->\n<title><\/title>\n<meta name=\"robots\" content=\"index, follow, max-snippet:-1, max-image-preview:large, max-video-preview:-1\" \/>\n<link rel=\"canonical\" href=\"https:\/\/lialawyers.com\/nie\/\" \/>\n<meta property=\"og:locale\" content=\"fr_FR\" \/>\n<meta property=\"og:type\" content=\"article\" \/>\n<meta property=\"og:title\" content=\"[:es]Nie y Residencia[:en]Nie &amp; Residence[:de]NIE UND RESIDENZ[:] - LIA\" \/>\n<meta property=\"og:url\" content=\"https:\/\/lialawyers.com\/nie\/\" \/>\n<meta property=\"og:site_name\" content=\"LIA\" \/>\n<meta property=\"article:modified_time\" content=\"2024-12-20T17:36:50+00:00\" \/>\n<meta property=\"og:image\" content=\"https:\/\/lialawyers.com\/wp-content\/uploads\/2020\/10\/logo_og_image.png\" \/>\n\t<meta property=\"og:image:width\" content=\"1200\" \/>\n\t<meta property=\"og:image:height\" content=\"628\" \/>\n\t<meta property=\"og:image:type\" content=\"image\/png\" \/>\n<meta name=\"twitter:card\" content=\"summary_large_image\" \/>\n<meta name=\"twitter:label1\" content=\"Dur\u00e9e de lecture estim\u00e9e\" \/>\n\t<meta name=\"twitter:data1\" content=\"29 minutes\" \/>\n<script type=\"application\/ld+json\" class=\"yoast-schema-graph\">{\"@context\":\"https:\/\/schema.org\",\"@graph\":[{\"@type\":\"WebPage\",\"@id\":\"https:\/\/lialawyers.com\/nie\/\",\"url\":\"https:\/\/lialawyers.com\/nie\/\",\"name\":\"[:es]Nie y Residencia[:en]Nie & Residence[:de]NIE UND RESIDENZ[:] - LIA\",\"isPartOf\":{\"@id\":\"https:\/\/lialawyers.com\/de\/#website\"},\"datePublished\":\"2020-09-28T07:22:31+00:00\",\"dateModified\":\"2024-12-20T17:36:50+00:00\",\"breadcrumb\":{\"@id\":\"https:\/\/lialawyers.com\/nie\/#breadcrumb\"},\"inLanguage\":\"fr-FR\",\"potentialAction\":[{\"@type\":\"ReadAction\",\"target\":[\"https:\/\/lialawyers.com\/nie\/\"]}]},{\"@type\":\"BreadcrumbList\",\"@id\":\"https:\/\/lialawyers.com\/nie\/#breadcrumb\",\"itemListElement\":[{\"@type\":\"ListItem\",\"position\":1,\"name\":\"Home\",\"item\":\"https:\/\/lialawyers.com\/\"},{\"@type\":\"ListItem\",\"position\":2,\"name\":\"Nie y Residencia\"}]},{\"@type\":\"WebSite\",\"@id\":\"https:\/\/lialawyers.com\/de\/#website\",\"url\":\"https:\/\/lialawyers.com\/de\/\",\"name\":\"LIA\",\"description\":\"Law Inheritance Advisors\",\"publisher\":{\"@id\":\"https:\/\/lialawyers.com\/de\/#organization\"},\"potentialAction\":[{\"@type\":\"SearchAction\",\"target\":{\"@type\":\"EntryPoint\",\"urlTemplate\":\"https:\/\/lialawyers.com\/de\/?s={search_term_string}\"},\"query-input\":{\"@type\":\"PropertyValueSpecification\",\"valueRequired\":true,\"valueName\":\"search_term_string\"}}],\"inLanguage\":\"fr-FR\"},{\"@type\":\"Organization\",\"@id\":\"https:\/\/lialawyers.com\/de\/#organization\",\"name\":\"Lia Lawyers\",\"url\":\"https:\/\/lialawyers.com\/de\/\",\"logo\":{\"@type\":\"ImageObject\",\"inLanguage\":\"fr-FR\",\"@id\":\"https:\/\/lialawyers.com\/de\/#\/schema\/logo\/image\/\",\"url\":\"https:\/\/lialawyers.com\/wp-content\/uploads\/2020\/10\/logo_og_image.png\",\"contentUrl\":\"https:\/\/lialawyers.com\/wp-content\/uploads\/2020\/10\/logo_og_image.png\",\"width\":1200,\"height\":628,\"caption\":\"Lia Lawyers\"},\"image\":{\"@id\":\"https:\/\/lialawyers.com\/de\/#\/schema\/logo\/image\/\"}}]}<\/script>\n<!-- \/ Yoast SEO plugin. -->","yoast_head_json":{"title":"[:es]Nie y Residencia[:en]Nie & Residence[:de]NIE UND RESIDENZ[:] - LIA","robots":{"index":"index","follow":"follow","max-snippet":"max-snippet:-1","max-image-preview":"max-image-preview:large","max-video-preview":"max-video-preview:-1"},"canonical":"https:\/\/lialawyers.com\/nie\/","og_locale":"fr_FR","og_type":"article","og_title":"[:es]Nie y Residencia[:en]Nie & Residence[:de]NIE UND RESIDENZ[:] - LIA","og_url":"https:\/\/lialawyers.com\/nie\/","og_site_name":"LIA","article_modified_time":"2024-12-20T17:36:50+00:00","og_image":[{"width":1200,"height":628,"url":"https:\/\/lialawyers.com\/wp-content\/uploads\/2020\/10\/logo_og_image.png","type":"image\/png"}],"twitter_card":"summary_large_image","twitter_misc":{"Dur\u00e9e de lecture estim\u00e9e":"29 minutes"},"schema":{"@context":"https:\/\/schema.org","@graph":[{"@type":"WebPage","@id":"https:\/\/lialawyers.com\/nie\/","url":"https:\/\/lialawyers.com\/nie\/","name":"[:es]Nie y Residencia[:en]Nie & Residence[:de]NIE UND RESIDENZ[:] - LIA","isPartOf":{"@id":"https:\/\/lialawyers.com\/de\/#website"},"datePublished":"2020-09-28T07:22:31+00:00","dateModified":"2024-12-20T17:36:50+00:00","breadcrumb":{"@id":"https:\/\/lialawyers.com\/nie\/#breadcrumb"},"inLanguage":"fr-FR","potentialAction":[{"@type":"ReadAction","target":["https:\/\/lialawyers.com\/nie\/"]}]},{"@type":"BreadcrumbList","@id":"https:\/\/lialawyers.com\/nie\/#breadcrumb","itemListElement":[{"@type":"ListItem","position":1,"name":"Home","item":"https:\/\/lialawyers.com\/"},{"@type":"ListItem","position":2,"name":"Nie y Residencia"}]},{"@type":"WebSite","@id":"https:\/\/lialawyers.com\/de\/#website","url":"https:\/\/lialawyers.com\/de\/","name":"LIA","description":"Law Inheritance Advisors","publisher":{"@id":"https:\/\/lialawyers.com\/de\/#organization"},"potentialAction":[{"@type":"SearchAction","target":{"@type":"EntryPoint","urlTemplate":"https:\/\/lialawyers.com\/de\/?s={search_term_string}"},"query-input":{"@type":"PropertyValueSpecification","valueRequired":true,"valueName":"search_term_string"}}],"inLanguage":"fr-FR"},{"@type":"Organization","@id":"https:\/\/lialawyers.com\/de\/#organization","name":"Lia Lawyers","url":"https:\/\/lialawyers.com\/de\/","logo":{"@type":"ImageObject","inLanguage":"fr-FR","@id":"https:\/\/lialawyers.com\/de\/#\/schema\/logo\/image\/","url":"https:\/\/lialawyers.com\/wp-content\/uploads\/2020\/10\/logo_og_image.png","contentUrl":"https:\/\/lialawyers.com\/wp-content\/uploads\/2020\/10\/logo_og_image.png","width":1200,"height":628,"caption":"Lia Lawyers"},"image":{"@id":"https:\/\/lialawyers.com\/de\/#\/schema\/logo\/image\/"}}]}},"_links":{"self":[{"href":"https:\/\/lialawyers.com\/fr\/wp-json\/wp\/v2\/pages\/2778","targetHints":{"allow":["GET"]}}],"collection":[{"href":"https:\/\/lialawyers.com\/fr\/wp-json\/wp\/v2\/pages"}],"about":[{"href":"https:\/\/lialawyers.com\/fr\/wp-json\/wp\/v2\/types\/page"}],"author":[{"embeddable":true,"href":"https:\/\/lialawyers.com\/fr\/wp-json\/wp\/v2\/users\/4"}],"replies":[{"embeddable":true,"href":"https:\/\/lialawyers.com\/fr\/wp-json\/wp\/v2\/comments?post=2778"}],"version-history":[{"count":8,"href":"https:\/\/lialawyers.com\/fr\/wp-json\/wp\/v2\/pages\/2778\/revisions"}],"predecessor-version":[{"id":2954,"href":"https:\/\/lialawyers.com\/fr\/wp-json\/wp\/v2\/pages\/2778\/revisions\/2954"}],"wp:attachment":[{"href":"https:\/\/lialawyers.com\/fr\/wp-json\/wp\/v2\/media?parent=2778"}],"curies":[{"name":"wp","href":"https:\/\/api.w.org\/{rel}","templated":true}]}}