{"id":2079,"date":"2016-10-18T18:12:02","date_gmt":"2016-10-18T17:12:02","guid":{"rendered":"http:\/\/lialawyers.com\/?page_id=2079"},"modified":"2025-11-03T16:27:00","modified_gmt":"2025-11-03T16:27:00","slug":"about-us","status":"publish","type":"page","link":"https:\/\/lialawyers.com\/no\/about-us\/","title":{"rendered":"(Espa\u00f1ol) Sobre Nosotros"},"content":{"rendered":"<div class=\"fusion-fullwidth fullwidth-box fusion-builder-row-10 nonhundred-percent-fullwidth non-hundred-percent-height-scrolling\"  style='background-color: rgba(255,255,255,0);background-position: center center;background-repeat: no-repeat;padding-top:0px;padding-right:0px;padding-bottom:0px;padding-left:0px;'><div class=\"fusion-builder-row fusion-row \"><div  class=\"fusion-layout-column fusion_builder_column fusion_builder_column_1_1 fusion-builder-column-9 fusion-one-full fusion-column-first fusion-column-last 1_1\"  style='margin-top:0px;margin-bottom:0px;'><div class=\"fusion-column-wrapper\" style=\"padding: 0px 0px 0px 0px;background-position:left top;background-repeat:no-repeat;-webkit-background-size:cover;-moz-background-size:cover;-o-background-size:cover;background-size:cover;\"   data-bg-url=\"\"><style type=\"text\/css\">@media only screen and (max-width:800px) {.fusion-title.fusion-title-6{margin-top:10px!important;margin-bottom:10px!important;}}<\/style><div class=\"fusion-title title fusion-title-6 fusion-title-text fusion-title-size-one\" style=\"margin-top:10px;margin-bottom:15px;\"><h1 class=\"title-heading-left\" style=\"margin:0;\">Om Oss<\/h1><div class=\"title-sep-container\"><div class=\"title-sep sep-double sep-solid\" style=\"border-color:#e2e2e2;\"><\/div><\/div><\/div><div class=\"fusion-text\"><div style=\"width: 100%;\">\n<div id=\"desi\" style=\"float: left; width: 300px; position: relative;\">\n<div class=\"panel\" style=\"display: none; height: 0px; position: absolute; width: 100%; left: 0; bottom: 0; background-color: rgba(255, 255, 255, 0.6); text-align: center; line-height: 16px; padding-top: 10px; font-weight: bold;\">D\u00e9sir\u00e9e<br \/>\nLawyer<\/div>\n<div style=\"height: 300px; width: 300px; margin: 0; padding: 0;\"><video style=\"z-index: 1111; display: none;\" muted=\"\" width=\"300\" height=\"300\"><source src=\"\/wp-content\/uploads\/2020\/07\/IMG_8638.mov\" \/>Your browser does not support the video tag.<\/video><img decoding=\"async\" style=\"z-index: 999; display: block; width: 300px; height: 300px;\" src=\"\/wp-content\/uploads\/2020\/07\/desi.png\" \/><\/div>\n<\/div>\n<div style=\"float: left; width: 600px; position: relative; text-align: justify;\">Lia Law Independent Advisors, S.L. er et selvstyrt advokatfirma som best\u00e5r av et team fagl\u00e6rte personer som har som m\u00e5l \u00e5 yte personlig og kunderorientert service innenfor juridiske og skattemessige tjenester. Vi stiller h\u00f8ye krav til kvalitet og behandler hver sak p\u00e5 en grundig, gjennomtenkt og inng\u00e5ende m\u00e5te. V\u00e5rt m\u00e5l er \u00e5 hele tiden ivareta kundenes interesser og p\u00e5se at de er orientert og oppdatert under hele prosessen. Vi \u00f8nsker \u00e5 oppn\u00e5 best mulig resultat, l\u00f8se eventuelle utfordringer underveis og skape trygghet gjennom p\u00e5litelighet og \u00e5penhet. V\u00e5rt m\u00e5l er at kundene skal f\u00f8le seg ivarett n\u00e5r de s\u00f8ker v\u00e5r assistanse og p\u00e5se at de mottar de beste r\u00e5dene ved juridisk eller skattemessige uklarheter. F\u00f8rste konsultasjon er gratis og ved behov arrangerer vi for hjemmebes\u00f8k.<\/div>\n<div id=\"toni\" style=\"float: right; width: 300px; position: relative;\">\n<div class=\"panel\" style=\"display: none; height: 0px; position: absolute; width: 100%; left: 0; bottom: 0; background-color: rgba(255, 255, 255, 0.6); text-align: center; line-height: 16px; padding-top: 10px; font-weight: bold;\">Antonio<br \/>\nCEO<\/div>\n<div style=\"height: 300px; width: 300px; margin: 0; padding: 0;\"><video style=\"z-index: 1111; display: none;\" muted=\"\" width=\"300\" height=\"300\"><source src=\"\/wp-content\/uploads\/2020\/07\/IMG_8646.mov\" \/>Your browser does not support the video tag.<\/video><img decoding=\"async\" style=\"z-index: 999; display: block; width: 300px; height: 300px;\" src=\"\/wp-content\/uploads\/2020\/07\/toni.png\" \/><\/div>\n<\/div>\n<\/div>\n<div style=\"clear: both;\"><\/div>\n<div style=\"float: left; width: 100%; position: relative; text-align: justify;\">\n<p>Vi holder til p\u00e5 kysten i Alicante, Spania, og representerer og r\u00e5dgir kunder fra hele verden, innbyggere i alle land, internasjonale investorer og eiere uansett statsborgerskap, s\u00e5vel ikke-residente som fastboende.<br \/>\nV\u00e5re tjenester dekker et bredt fagomr\u00e5de: sivilrett (blant annet alle saker innen familielovgivning) og strafferett, handelslovgivning (etablering av firma, konkurs), innvandringslov (NIE, residencia og andre offisielle dokument), eiendomsrett (eiendomstransaksjoner og skatter\u00e5dgivning ved investerering i Spania), arvelovgivning (testamenter og arveskifter), inklusive rettstvister i ethvert av de ovennevnte fagomr\u00e5dene. De mest etterspurte prosedyrene vi har spesialisert oss p\u00e5 er: skilsmisser, utkastelsessaker, forsvar i forbindelse med promillekj\u00f8ring, betalingskrav og konstruksjonsfeil.<\/p>\n<\/div>\n<\/div>\n<div style=\"clear: both;\"><\/div>\n<\/div><div class=\"fusion-text\"><p>Skatterepresentasjon for ikke-residente inng\u00e5r som et av v\u00e5re kompetanseomr\u00e5der. Vi hjelper ogs\u00e5 til med administrative oppgaver, offisielle oversettelser og ved behov, n\u00f8kkeloppbevaring.<br \/>\nVi er stolte over \u00e5 alltid v\u00e6re tydelige og informere om beregnede kostnader, inklusive v\u00e5rt eget honorar. V\u00e5rt firma er tolerant, og vi vektlegger aktiv og effektiv kommunikasjon med kundene. Ingen skjulte kostnader, r\u00e5dgivning fra eksperter og f\u00f8rste konsultasjon er gratis.<br \/>\nGrunnlaget for v\u00e5re tjenester bygger p\u00e5 seks prinsipper:<\/p>\n<\/div><div class=\"fusion-flip-boxes flip-boxes row fusion-columns-3 flip-effect-classic equal-heights\"><div class=\"fusion-flip-box-wrapper fusion-column col-lg-4 col-md-4 col-sm-4\"><div class=\"fusion-flip-box flip-right fusion-animated\" data-animationType=\"zoomInLeft\" data-animationDuration=\"0.1\" data-animationOffset=\"100%\"><div class=\"flip-box-inner-wrapper\"><div class=\"flip-box-front\" style=\"background-color:#212934;border-color:rgba(0,0,0,0);border-radius:6px;border-style:solid;border-width:1px;color:#4a4e57;transition-duration:0.8s;background-image: url(&#039;http:\/\/lialawyers.com\/wp-content\/uploads\/2020\/05\/IMG_4835-scaled.jpg&#039;);\"><div class=\"flip-box-front-inner\"><h2 class=\"flip-box-heading without-text\" style=\"color:#ffffff;\">KONTINUITET<\/h2><\/div><\/div><div class=\"flip-box-back\" style=\"background-color:#519998;border-color:rgba(0,0,0,0);border-radius:6px;border-style:solid;border-width:1px;color:rgba(255,255,255,0.8);transition-duration:0.8s;\"><div class=\"flip-box-back-inner\"><h3 class=\"flip-box-heading-back\" style=\"color:#ffffff;\">KONTINUITET<\/h3>\n<p>Vi legger stor vekt p\u00e5 \u00e5 v\u00e6re tydelig i kommunikasjon med kunden, p\u00e5 en transparent og betimelige m\u00e5te. Effektivitet er standard for v\u00e5r m\u00e5te \u00e5 l\u00f8se oppgaver. V\u00e5rt team fremviser forst\u00e5else ovenfor kundene.<\/p>\n<\/div><\/div><\/div><\/div><\/div><div class=\"fusion-flip-box-wrapper fusion-column col-lg-4 col-md-4 col-sm-4\"><div class=\"fusion-flip-box flip-right fusion-animated\" data-animationType=\"zoomInLeft\" data-animationDuration=\"0.1\" data-animationOffset=\"100%\"><div class=\"flip-box-inner-wrapper\"><div class=\"flip-box-front\" style=\"background-color:#212934;border-color:rgba(0,0,0,0);border-radius:6px;border-style:solid;border-width:1px;color:#4a4e57;transition-duration:0.8s;background-image: url(&#039;http:\/\/lialawyers.com\/wp-content\/uploads\/2020\/05\/IMG_5692-scaled.jpg&#039;);\"><div class=\"flip-box-front-inner\"><h2 class=\"flip-box-heading without-text\" style=\"color:#ffffff;\">KOMMUNIKASJON<\/h2><\/div><\/div><div class=\"flip-box-back\" style=\"background-color:#519998;border-color:rgba(0,0,0,0);border-radius:6px;border-style:solid;border-width:1px;color:rgba(255,255,255,0.8);transition-duration:0.8s;\"><div class=\"flip-box-back-inner\"><h3 class=\"flip-box-heading-back\" style=\"color:#ffffff;\">KOMMUNIKASJON<\/h3>\n<p>Omsorg for kunden er essensielt hos Lia Law Independent Advisors, S.L. V\u00e5rt firma forst\u00e5r hvor viktig det er \u00e5 jevnlig oppdatere kundene, i alle ledd og i kontakt med teamet.<\/p>\n<\/div><\/div><\/div><\/div><\/div><div class=\"fusion-flip-box-wrapper fusion-column col-lg-4 col-md-4 col-sm-4\"><div class=\"fusion-flip-box flip-right fusion-animated\" data-animationType=\"zoomInLeft\" data-animationDuration=\"0.1\" data-animationOffset=\"100%\"><div class=\"flip-box-inner-wrapper\"><div class=\"flip-box-front\" style=\"background-color:#212934;border-color:rgba(0,0,0,0);border-radius:6px;border-style:solid;border-width:1px;color:#4a4e57;transition-duration:0.8s;background-image: url(&#039;http:\/\/lialawyers.com\/wp-content\/uploads\/2020\/05\/IMG_5655-scaled.jpg&#039;);\"><div class=\"flip-box-front-inner\"><h2 class=\"flip-box-heading without-text\" style=\"color:#ffffff;\">SPESIALISERING<\/h2><\/div><\/div><div class=\"flip-box-back\" style=\"background-color:#519998;border-color:rgba(0,0,0,0);border-radius:6px;border-style:solid;border-width:1px;color:rgba(255,255,255,0.8);transition-duration:0.8s;\"><div class=\"flip-box-back-inner\"><h3 class=\"flip-box-heading-back\" style=\"color:#ffffff;\">SPESIALISERING<\/h3>\n<p>Vi er stolte over \u00e5 ha dannet et\u00a0 nettverk av uavhengige advokater, spesialister innen de enkelte juridiske fagomr\u00e5der. P\u00e5 denne m\u00e5ten kan vi danne et optimalt og faglig dyktig team i hvert tilfelle. En slik arbeidsmetode gj\u00f8r at vi stiller med ulike fagpersoners h\u00f8yeste kunnskapsniv\u00e5 og alle deltar aktivt i utformingen av den enkelte saks juridiske strategi. Resultatet er et meget profesjonelt og konsistent team p\u00e5 alle spesifikke omr\u00e5der innefor sivil- og strafferett.<\/p>\n<\/div><\/div><\/div><\/div><\/div><div class=\"fusion-flip-box-wrapper fusion-column col-lg-4 col-md-4 col-sm-4\"><div class=\"fusion-flip-box flip-right fusion-animated\" data-animationType=\"zoomInLeft\" data-animationDuration=\"0.1\" data-animationOffset=\"100%\"><div class=\"flip-box-inner-wrapper\"><div class=\"flip-box-front\" style=\"background-color:#212934;border-color:rgba(0,0,0,0);border-radius:6px;border-style:solid;border-width:1px;color:#4a4e57;transition-duration:0.8s;background-image: url(&#039;http:\/\/lialawyers.com\/wp-content\/uploads\/2020\/05\/IMG_5701-scaled.jpg&#039;);\"><div class=\"flip-box-front-inner\"><h2 class=\"flip-box-heading without-text\" style=\"color:#ffffff;\">TEAM WORK<\/h2><\/div><\/div><div class=\"flip-box-back\" style=\"background-color:#519998;border-color:rgba(0,0,0,0);border-radius:6px;border-style:solid;border-width:1px;color:rgba(255,255,255,0.8);transition-duration:0.8s;\"><div class=\"flip-box-back-inner\"><h3 class=\"flip-box-heading-back\" style=\"color:#ffffff;\">TEAM WORK<\/h3>\n<p>Vi er et sammensveiset team som samlet har mange \u00e5rs erfaring i \u00e5 ivareta kundene v\u00e5re p\u00e5 best mulig m\u00e5te. Vi er glade for \u00e5 kunne tilby denne ekspertisen. V\u00e5r samarbeidsmetode sikrer h\u00f8y kvalitet p\u00e5 v\u00e5re tjenester, at vi arbeider for nytenkning og for \u00e5 kunne presentere en skreddersydd tiln\u00e6rming i ethvert tilfelle.<\/p>\n<\/div><\/div><\/div><\/div><\/div><div class=\"fusion-flip-box-wrapper fusion-column col-lg-4 col-md-4 col-sm-4\"><div class=\"fusion-flip-box flip-right fusion-animated\" data-animationType=\"zoomInLeft\" data-animationDuration=\"0.1\" data-animationOffset=\"100%\"><div class=\"flip-box-inner-wrapper\"><div class=\"flip-box-front\" style=\"background-color:#212934;border-color:rgba(0,0,0,0);border-radius:6px;border-style:solid;border-width:1px;color:#4a4e57;transition-duration:0.8s;background-image: url(&#039;http:\/\/lialawyers.com\/wp-content\/uploads\/2020\/07\/honestidad2.jpg&#039;);\"><div class=\"flip-box-front-inner\"><h2 class=\"flip-box-heading without-text\" style=\"color:#ffffff;\">\u00c6RLIGHET<\/h2><\/div><\/div><div class=\"flip-box-back\" style=\"background-color:#519998;border-color:rgba(0,0,0,0);border-radius:6px;border-style:solid;border-width:1px;color:rgba(255,255,255,0.8);transition-duration:0.8s;\"><div class=\"flip-box-back-inner\"><h3 class=\"flip-box-heading-back\" style=\"color:#ffffff;\">\u00c6RLIGHET<\/h3>\n<p>I firmaet jobber vi under advokatforeningens etiske regler og tar konfidensialitet ekstremt alvorlig. Alle n\u00f8dvendige sikkerhetstiltak er p\u00e5 plass for \u00e5 sikre at alle dokument og korrespondanse er beskyttet og trygge; personvern og konfidensialitet opprettholdes til enhver tid og er et viktig ledd for \u00e5 yte den beste praksis.<\/p>\n<\/div><\/div><\/div><\/div><\/div><div class=\"fusion-flip-box-wrapper fusion-column col-lg-4 col-md-4 col-sm-4\"><div class=\"fusion-flip-box flip-right fusion-animated\" data-animationType=\"zoomInLeft\" data-animationDuration=\"0.1\" data-animationOffset=\"100%\"><div class=\"flip-box-inner-wrapper\"><div class=\"flip-box-front\" style=\"background-color:#212934;border-color:rgba(0,0,0,0);border-radius:6px;border-style:solid;border-width:1px;color:#4a4e57;transition-duration:0.8s;background-image: url(&#039;http:\/\/lialawyers.com\/wp-content\/uploads\/2020\/07\/responsibility-scaled.jpg&#039;);\"><div class=\"flip-box-front-inner\"><h2 class=\"flip-box-heading without-text\" style=\"color:#ffffff;\">ANSVAR<\/h2><\/div><\/div><div class=\"flip-box-back\" style=\"background-color:#519998;border-color:rgba(0,0,0,0);border-radius:6px;border-style:solid;border-width:1px;color:rgba(255,255,255,0.8);transition-duration:0.8s;\"><div class=\"flip-box-back-inner\"><h3 class=\"flip-box-heading-back\" style=\"color:#ffffff;\">ANSVAR<\/h3>\n<p>V\u00e5re advokater er medlemmer i advokatforeningen, \"Colegio de Abogados\", og har et oppriktig \u00f8nske om \u00e5 tilby alle kunder samme niv\u00e5 av engasjement, flid og ekspertise.<\/p>\n<\/div><\/div><\/div><\/div><\/div><\/div><div class=\"fusion-clearfix\"><\/div><div class=\"fusion-text\"><p style=\"text-align: justify;\"><div class=\"row \"><\/div><!-- .row (end) -->\n<div class=\"span12 \">\n<p><center><iframe loading=\"lazy\" src=\"https:\/\/www.google.com\/maps\/d\/embed?mid=1FYPrjAI0vx-42jnYN15Ff8Ctec4\" width=\"100%\" height=\"400\"><\/iframe><\/center><\/p>\n<p style=\"text-align: justify;\"><div class=\"spacer\"><\/div><!-- .spacer (end) --><\/div>\n<div class=\"span4 \">\n<h2 style=\"text-align: justify;\">Kontaktinformasjon<\/h2>\n<p style=\"text-align: justify;\"><address>\n<span style=\"color: #000000;\"><strong>Adresse 1<\/strong><br \/>\nc\/ Fot\u00f3grafos Darblade 16 3\u00ba A<br \/>\n03181 \u00a0Torrevieja,<br \/>\nAlicante - Espa\u00f1a.<\/span><\/p>\n<p><span style=\"color: #000000;\"><strong>Adresse 2<\/strong><br \/>\nAvenida de las Adelfas 6, apto 189<br \/>\nDehesa de Campoaomor,<br \/>\n03189 Orihuela Costa,<br \/>\nAlicante - Espa\u00f1a.<\/span><\/p>\n<p style=\"text-align: justify;\"><span style=\"color: #000000;\">ESPA\u00d1A: 960 62 75 04<\/span><\/p>\n<p style=\"text-align: justify;\"><span style=\"color: #000000;\"> E-mail: <a style=\"color: #000000;\" href=\"mailto:info@lialawyers.com\">info@lialawyers.com<\/a><\/span><\/address><!-- address (end) --><\/div>\n<div class=\"span8 \"><\/div><\/p>\n<h2 style=\"text-align: justify;\">Kontakt skjema<\/h2>\n<\/div>\n<div class=\"wpcf7 no-js\" id=\"wpcf7-f2072-o6\" lang=\"en-GB\" dir=\"ltr\" data-wpcf7-id=\"2072\">\n<div class=\"screen-reader-response\"><p role=\"status\" aria-live=\"polite\" aria-atomic=\"true\"><\/p> <ul><\/ul><\/div>\n<form action=\"\/no\/wp-json\/wp\/v2\/pages\/2079#wpcf7-f2072-o6\" method=\"post\" class=\"wpcf7-form init\" aria-label=\"Contact form\" novalidate=\"novalidate\" data-status=\"init\">\n<div style=\"display: none;\">\n<input type=\"hidden\" name=\"_wpcf7\" value=\"2072\" \/>\n<input type=\"hidden\" name=\"_wpcf7_version\" value=\"6.0.1\" \/>\n<input type=\"hidden\" name=\"_wpcf7_locale\" value=\"en_GB\" \/>\n<input type=\"hidden\" name=\"_wpcf7_unit_tag\" value=\"wpcf7-f2072-o6\" \/>\n<input type=\"hidden\" name=\"_wpcf7_container_post\" value=\"0\" \/>\n<input type=\"hidden\" name=\"_wpcf7_posted_data_hash\" value=\"\" \/>\n<\/div>\n<p><label> <span id=\"name\">Your Name (required)<\/span><br \/>\n<span class=\"wpcf7-form-control-wrap\" data-name=\"your-name\"><input size=\"40\" maxlength=\"400\" class=\"wpcf7-form-control wpcf7-text wpcf7-validates-as-required\" aria-required=\"true\" aria-invalid=\"false\" value=\"\" type=\"text\" name=\"your-name\" \/><\/span> <\/label>\n<\/p>\n<p><label> <span id=\"email\">Your Email (required)<\/span><br \/>\n<span class=\"wpcf7-form-control-wrap\" data-name=\"your-email\"><input size=\"40\" maxlength=\"400\" class=\"wpcf7-form-control wpcf7-email wpcf7-validates-as-required wpcf7-text wpcf7-validates-as-email\" aria-required=\"true\" aria-invalid=\"false\" value=\"\" type=\"email\" name=\"your-email\" \/><\/span> <\/label>\n<\/p>\n<p><label> <span id=\"message\">Your Message<\/span><br \/>\n<span class=\"wpcf7-form-control-wrap\" data-name=\"your-message\"><textarea cols=\"40\" rows=\"10\" maxlength=\"2000\" class=\"wpcf7-form-control wpcf7-textarea\" aria-invalid=\"false\" name=\"your-message\"><\/textarea><\/span> <\/label>\n<\/p>\n<p><input class=\"wpcf7-form-control wpcf7-submit has-spinner\" type=\"submit\" value=\"Send\" \/>\n<\/p><div class=\"fusion-alert alert custom alert-custom fusion-alert-center wpcf7-response-output alert-dismissable\" style=\"border-width:1px;\"><button type=\"button\" class=\"close toggle-alert\" data-dismiss=\"alert\" aria-hidden=\"true\">&times;<\/button><div class=\"fusion-alert-content-wrapper\"><span class=\"fusion-alert-content\"><\/span><\/div><\/div>\n<\/form>\n<\/div>\n<div class=\"fusion-clearfix\"><\/div><\/div><\/div><\/div><\/div>","protected":false},"excerpt":{"rendered":"","protected":false},"author":4,"featured_media":0,"parent":0,"menu_order":0,"comment_status":"closed","ping_status":"closed","template":"","meta":{"footnotes":""},"class_list":["post-2079","page","type-page","status-publish","hentry"],"yoast_head":"<!-- This site is optimized with the Yoast SEO plugin v24.1 - https:\/\/yoast.com\/wordpress\/plugins\/seo\/ -->\n<title><\/title>\n<meta name=\"robots\" content=\"index, follow, max-snippet:-1, max-image-preview:large, max-video-preview:-1\" \/>\n<link rel=\"canonical\" href=\"https:\/\/lialawyers.com\/about-us\/\" \/>\n<meta property=\"og:locale\" content=\"en_US\" \/>\n<meta property=\"og:type\" content=\"article\" \/>\n<meta property=\"og:title\" content=\"[:es]Sobre Nosotros[:en]About Us[:de]Aboutus[:] - LIA\" \/>\n<meta property=\"og:url\" content=\"https:\/\/lialawyers.com\/about-us\/\" \/>\n<meta property=\"og:site_name\" content=\"LIA\" \/>\n<meta property=\"article:modified_time\" content=\"2025-11-03T16:27:00+00:00\" \/>\n<meta property=\"og:image\" content=\"https:\/\/lialawyers.com\/wp-content\/uploads\/2020\/10\/logo_og_image.png\" \/>\n\t<meta property=\"og:image:width\" content=\"1200\" \/>\n\t<meta property=\"og:image:height\" content=\"628\" \/>\n\t<meta property=\"og:image:type\" content=\"image\/png\" \/>\n<meta name=\"twitter:card\" content=\"summary_large_image\" \/>\n<meta name=\"twitter:label1\" content=\"Est. reading time\" \/>\n\t<meta name=\"twitter:data1\" content=\"32 minutes\" \/>\n<script type=\"application\/ld+json\" class=\"yoast-schema-graph\">{\"@context\":\"https:\/\/schema.org\",\"@graph\":[{\"@type\":\"WebPage\",\"@id\":\"https:\/\/lialawyers.com\/about-us\/\",\"url\":\"https:\/\/lialawyers.com\/about-us\/\",\"name\":\"[:es]Sobre Nosotros[:en]About Us[:de]Aboutus[:] - LIA\",\"isPartOf\":{\"@id\":\"https:\/\/lialawyers.com\/de\/#website\"},\"datePublished\":\"2016-10-18T17:12:02+00:00\",\"dateModified\":\"2025-11-03T16:27:00+00:00\",\"breadcrumb\":{\"@id\":\"https:\/\/lialawyers.com\/about-us\/#breadcrumb\"},\"inLanguage\":\"no-NO\",\"potentialAction\":[{\"@type\":\"ReadAction\",\"target\":[\"https:\/\/lialawyers.com\/about-us\/\"]}]},{\"@type\":\"BreadcrumbList\",\"@id\":\"https:\/\/lialawyers.com\/about-us\/#breadcrumb\",\"itemListElement\":[{\"@type\":\"ListItem\",\"position\":1,\"name\":\"Home\",\"item\":\"https:\/\/lialawyers.com\/\"},{\"@type\":\"ListItem\",\"position\":2,\"name\":\"About Us\"}]},{\"@type\":\"WebSite\",\"@id\":\"https:\/\/lialawyers.com\/de\/#website\",\"url\":\"https:\/\/lialawyers.com\/de\/\",\"name\":\"LIA\",\"description\":\"Law Inheritance Advisors\",\"publisher\":{\"@id\":\"https:\/\/lialawyers.com\/de\/#organization\"},\"potentialAction\":[{\"@type\":\"SearchAction\",\"target\":{\"@type\":\"EntryPoint\",\"urlTemplate\":\"https:\/\/lialawyers.com\/de\/?s={search_term_string}\"},\"query-input\":{\"@type\":\"PropertyValueSpecification\",\"valueRequired\":true,\"valueName\":\"search_term_string\"}}],\"inLanguage\":\"no-NO\"},{\"@type\":\"Organization\",\"@id\":\"https:\/\/lialawyers.com\/de\/#organization\",\"name\":\"Lia Lawyers\",\"url\":\"https:\/\/lialawyers.com\/de\/\",\"logo\":{\"@type\":\"ImageObject\",\"inLanguage\":\"no-NO\",\"@id\":\"https:\/\/lialawyers.com\/de\/#\/schema\/logo\/image\/\",\"url\":\"https:\/\/lialawyers.com\/wp-content\/uploads\/2020\/10\/logo_og_image.png\",\"contentUrl\":\"https:\/\/lialawyers.com\/wp-content\/uploads\/2020\/10\/logo_og_image.png\",\"width\":1200,\"height\":628,\"caption\":\"Lia Lawyers\"},\"image\":{\"@id\":\"https:\/\/lialawyers.com\/de\/#\/schema\/logo\/image\/\"}}]}<\/script>\n<!-- \/ Yoast SEO plugin. -->","yoast_head_json":{"title":"[:es]Sobre Nosotros[:en]About Us[:de]Aboutus[:] - LIA","robots":{"index":"index","follow":"follow","max-snippet":"max-snippet:-1","max-image-preview":"max-image-preview:large","max-video-preview":"max-video-preview:-1"},"canonical":"https:\/\/lialawyers.com\/about-us\/","og_locale":"en_US","og_type":"article","og_title":"[:es]Sobre Nosotros[:en]About Us[:de]Aboutus[:] - LIA","og_url":"https:\/\/lialawyers.com\/about-us\/","og_site_name":"LIA","article_modified_time":"2025-11-03T16:27:00+00:00","og_image":[{"width":1200,"height":628,"url":"https:\/\/lialawyers.com\/wp-content\/uploads\/2020\/10\/logo_og_image.png","type":"image\/png"}],"twitter_card":"summary_large_image","twitter_misc":{"Est. reading time":"32 minutes"},"schema":{"@context":"https:\/\/schema.org","@graph":[{"@type":"WebPage","@id":"https:\/\/lialawyers.com\/about-us\/","url":"https:\/\/lialawyers.com\/about-us\/","name":"[:es]Sobre Nosotros[:en]About Us[:de]Aboutus[:] - LIA","isPartOf":{"@id":"https:\/\/lialawyers.com\/de\/#website"},"datePublished":"2016-10-18T17:12:02+00:00","dateModified":"2025-11-03T16:27:00+00:00","breadcrumb":{"@id":"https:\/\/lialawyers.com\/about-us\/#breadcrumb"},"inLanguage":"no-NO","potentialAction":[{"@type":"ReadAction","target":["https:\/\/lialawyers.com\/about-us\/"]}]},{"@type":"BreadcrumbList","@id":"https:\/\/lialawyers.com\/about-us\/#breadcrumb","itemListElement":[{"@type":"ListItem","position":1,"name":"Home","item":"https:\/\/lialawyers.com\/"},{"@type":"ListItem","position":2,"name":"About Us"}]},{"@type":"WebSite","@id":"https:\/\/lialawyers.com\/de\/#website","url":"https:\/\/lialawyers.com\/de\/","name":"LIA","description":"Law Inheritance Advisors","publisher":{"@id":"https:\/\/lialawyers.com\/de\/#organization"},"potentialAction":[{"@type":"SearchAction","target":{"@type":"EntryPoint","urlTemplate":"https:\/\/lialawyers.com\/de\/?s={search_term_string}"},"query-input":{"@type":"PropertyValueSpecification","valueRequired":true,"valueName":"search_term_string"}}],"inLanguage":"no-NO"},{"@type":"Organization","@id":"https:\/\/lialawyers.com\/de\/#organization","name":"Lia Lawyers","url":"https:\/\/lialawyers.com\/de\/","logo":{"@type":"ImageObject","inLanguage":"no-NO","@id":"https:\/\/lialawyers.com\/de\/#\/schema\/logo\/image\/","url":"https:\/\/lialawyers.com\/wp-content\/uploads\/2020\/10\/logo_og_image.png","contentUrl":"https:\/\/lialawyers.com\/wp-content\/uploads\/2020\/10\/logo_og_image.png","width":1200,"height":628,"caption":"Lia Lawyers"},"image":{"@id":"https:\/\/lialawyers.com\/de\/#\/schema\/logo\/image\/"}}]}},"_links":{"self":[{"href":"https:\/\/lialawyers.com\/no\/wp-json\/wp\/v2\/pages\/2079","targetHints":{"allow":["GET"]}}],"collection":[{"href":"https:\/\/lialawyers.com\/no\/wp-json\/wp\/v2\/pages"}],"about":[{"href":"https:\/\/lialawyers.com\/no\/wp-json\/wp\/v2\/types\/page"}],"author":[{"embeddable":true,"href":"https:\/\/lialawyers.com\/no\/wp-json\/wp\/v2\/users\/4"}],"replies":[{"embeddable":true,"href":"https:\/\/lialawyers.com\/no\/wp-json\/wp\/v2\/comments?post=2079"}],"version-history":[{"count":23,"href":"https:\/\/lialawyers.com\/no\/wp-json\/wp\/v2\/pages\/2079\/revisions"}],"predecessor-version":[{"id":3054,"href":"https:\/\/lialawyers.com\/no\/wp-json\/wp\/v2\/pages\/2079\/revisions\/3054"}],"wp:attachment":[{"href":"https:\/\/lialawyers.com\/no\/wp-json\/wp\/v2\/media?parent=2079"}],"curies":[{"name":"wp","href":"https:\/\/api.w.org\/{rel}","templated":true}]}}