{"id":2268,"date":"2020-04-21T16:52:32","date_gmt":"2020-04-21T15:52:32","guid":{"rendered":"http:\/\/lialawyers.com\/?page_id=2268"},"modified":"2024-12-20T17:36:51","modified_gmt":"2024-12-20T17:36:51","slug":"fiscal-representation","status":"publish","type":"page","link":"https:\/\/lialawyers.com\/no\/fiscal-representation\/","title":{"rendered":"(Espa\u00f1ol) Representaci\u00f3n Fiscal"},"content":{"rendered":"<div class=\"fusion-fullwidth fullwidth-box fusion-builder-row-7 nonhundred-percent-fullwidth non-hundred-percent-height-scrolling\"  style='background-color: rgba(255,255,255,0);background-position: center center;background-repeat: no-repeat;padding-top:0px;padding-right:0px;padding-bottom:0px;padding-left:0px;'><div class=\"fusion-builder-row fusion-row \"><div  class=\"fusion-layout-column fusion_builder_column fusion_builder_column_1_1 fusion-builder-column-6 fusion-one-full fusion-column-first fusion-column-last 1_1\"  style='margin-top:0px;margin-bottom:20px;'><div class=\"fusion-column-wrapper\" style=\"padding: 0px 0px 0px 0px;background-position:left top;background-repeat:no-repeat;-webkit-background-size:cover;-moz-background-size:cover;-o-background-size:cover;background-size:cover;\"   data-bg-url=\"\"><style type=\"text\/css\">@media only screen and (max-width:800px) {.fusion-title.fusion-title-6{margin-top:10px!important;margin-bottom:10px!important;}}<\/style><div class=\"fusion-title title fusion-title-6 fusion-title-text fusion-title-size-one\" style=\"margin-top:10px;margin-bottom:15px;\"><h1 class=\"title-heading-left\" style=\"margin:0;\">Skatte Representasjon<\/h1><div class=\"title-sep-container\"><div class=\"title-sep sep-double sep-solid\" style=\"border-color:#e2e2e2;\"><\/div><\/div><\/div><div class=\"fusion-text\"><p>Uavhengig om du er fastboende eller ikke i Spania s\u00e5 har du som eier av eiendom visse skattemessige plikter som kan v\u00e6re krevende \u00e5 forholde seg til. Ved investering av eiendom her blir du automatisk ansvarlig for en rekke relaterte skatter.<br \/>\n\u00c5 forst\u00e5 det spanske skattesystemet for en utenlandsk borger kan v\u00e6re vanskelig. Mange ganger er det utfordrende nok \u00e5 skulle motta en kunngj\u00f8ring n\u00e5r man ikke oppholder seg permanent i landet.<br \/>\nFor det f\u00f8rste m\u00e5 man v\u00e6re inneforst\u00e5tt med at til og med personer som ikke mottar l\u00f8nn i Spania skal deklarere skatt som eier av eiendom. Dette baseres p\u00e5 et skattekonsept kalt \u201cideell bruk av eiendom\u201d (Non-Resident Imputed Income Tax). Selv om du ikke leier ut eiendommen m\u00e5 du likevel presentere denne skattemeldingen. Leier du ut boligen deler av \u00e5ret, deklarerer du kun for de dagene boligen ikke er utleid.<br \/>\n\u00c5 utnevne en juridisk representant\/skatterepresentant for \u00e5 ta seg av spanske skatteplikter viser seg \u00e5 v\u00e6re et klokt valg for de fleste ikke-residente eiere av eiendom s\u00e5vel som for personer med permanent opphold. Vi tror det viktig for enhver utenforst\u00e5ende \u00e5 ha kontinuerlig og direkte kontakt med en advokat n\u00e5r man trenger r\u00e5d og assistanse i m\u00f8te med spansk lov.<br \/>\nV\u00e5r skatterepresentasjon for ikke-residente fokuserer p\u00e5 \u00e5 gi solid og p\u00e5litelig hjelp til de som ikke snakker spr\u00e5ket og ikke er fastboende, som trenger en ekspert som kan motta enhver offentlig kunngj\u00f8ring, tolke innholdet og utf\u00f8re envher oppgave p\u00e5 deres vegne, og ikke minst, holde de jevnlig oppdatert.<br \/>\nFor de som er skattemessig bosatt er pliktene basert p\u00e5 veldig spesifikke kriterier. Et fast \u00e5rlig honorar for tjenesten kan avtales p\u00e5 forh\u00e5nd, men det er n\u00f8dvendig \u00e5 utarbeide en individuell rapport for hver enkelt kunde basert p\u00e5 opplysninger fremlagt av den samme.<br \/>\nVed \u00e5 anlite disse tjenestene vil du:<br \/>\n- V\u00e6re sikker p\u00e5 at du ikke betaler for mye i skatt p\u00e5 grunn av feilberegning.<br \/>\n- Levere inn skattemeldingen innen tidsfrist og unng\u00e5 ekstra gebyr for sen innlevering.<br \/>\n- Ha en skatterepresentant\u00b4s adresse til disposisjon som kan motta all korrespondanse i forbindelse med dine skatter.<br \/>\n- Svare p\u00e5 enhver kunngj\u00f8ring fra skatteverket innen tidsfrist og sikre at du overholder din skatteobligasjon.<br \/>\n- Kunne overpr\u00f8ve enhver misforst\u00e5else eller administrativ feil.<br \/>\n- Motta oppdateringer om enhver skattemessig endring.<br \/>\nVi har ogs\u00e5 en tjeneste som spesialiserer seg p\u00e5 fastboende eiere av eiendom, men her m\u00e5 det avtales pris p\u00e5 tjenesten da man m\u00e5 studere beskatningen ut i fra indivitets globale inntekt. V\u00e5r skatteekspert m\u00e5 g\u00e5 igjennom dokumentasjon og informasjon gitt av den enkelte kunde for \u00e5 kunne gi en oversikt over beskatning og honorar.<br \/>\nKontakt oss for et pristilbud p\u00e5 tjenesten. Vi gir deg best mulig tilbud for \u00e5 kunne bli din skatterepresentant i Spania.<\/p>\n<\/div><div class=\"fusion-clearfix\"><\/div><\/div><\/div><\/div><\/div><style type=\"text\/css\">.fusion-fullwidth.fusion-builder-row-7 a:not(.fusion-button):not(.fusion-builder-module-control):not(.fusion-social-network-icon):not(.fb-icon-element):not(.fusion-countdown-link):not(.fusion-rollover-link):not(.fusion-rollover-gallery):not(.fusion-button-bar):not(.add_to_cart_button):not(.show_details_button):not(.product_type_external):not(.fusion-quick-view):not(.fusion-rollover-title-link):not(.fusion-breadcrumb-link) , .fusion-fullwidth.fusion-builder-row-7 a:not(.fusion-button):not(.fusion-builder-module-control):not(.fusion-social-network-icon):not(.fb-icon-element):not(.fusion-countdown-link):not(.fusion-rollover-link):not(.fusion-rollover-gallery):not(.fusion-button-bar):not(.add_to_cart_button):not(.show_details_button):not(.product_type_external):not(.fusion-quick-view):not(.fusion-rollover-title-link):not(.fusion-breadcrumb-link):before, .fusion-fullwidth.fusion-builder-row-7 a:not(.fusion-button):not(.fusion-builder-module-control):not(.fusion-social-network-icon):not(.fb-icon-element):not(.fusion-countdown-link):not(.fusion-rollover-link):not(.fusion-rollover-gallery):not(.fusion-button-bar):not(.add_to_cart_button):not(.show_details_button):not(.product_type_external):not(.fusion-quick-view):not(.fusion-rollover-title-link):not(.fusion-breadcrumb-link):after {color: #212934;}.fusion-fullwidth.fusion-builder-row-7 a:not(.fusion-button):not(.fusion-builder-module-control):not(.fusion-social-network-icon):not(.fb-icon-element):not(.fusion-countdown-link):not(.fusion-rollover-link):not(.fusion-rollover-gallery):not(.fusion-button-bar):not(.add_to_cart_button):not(.show_details_button):not(.product_type_external):not(.fusion-quick-view):not(.fusion-rollover-title-link):not(.fusion-breadcrumb-link):hover, .fusion-fullwidth.fusion-builder-row-7 a:not(.fusion-button):not(.fusion-builder-module-control):not(.fusion-social-network-icon):not(.fb-icon-element):not(.fusion-countdown-link):not(.fusion-rollover-link):not(.fusion-rollover-gallery):not(.fusion-button-bar):not(.add_to_cart_button):not(.show_details_button):not(.product_type_external):not(.fusion-quick-view):not(.fusion-rollover-title-link):not(.fusion-breadcrumb-link):hover:before, .fusion-fullwidth.fusion-builder-row-7 a:not(.fusion-button):not(.fusion-builder-module-control):not(.fusion-social-network-icon):not(.fb-icon-element):not(.fusion-countdown-link):not(.fusion-rollover-link):not(.fusion-rollover-gallery):not(.fusion-button-bar):not(.add_to_cart_button):not(.show_details_button):not(.product_type_external):not(.fusion-quick-view):not(.fusion-rollover-title-link):not(.fusion-breadcrumb-link):hover:after {color: #549f97;}.fusion-fullwidth.fusion-builder-row-7 .pagination a.inactive:hover, .fusion-fullwidth.fusion-builder-row-7 .fusion-filters .fusion-filter.fusion-active a {border-color: #549f97;}.fusion-fullwidth.fusion-builder-row-7 .pagination .current {border-color: #549f97; background-color: #549f97;}.fusion-fullwidth.fusion-builder-row-7 .fusion-filters .fusion-filter.fusion-active a, .fusion-fullwidth.fusion-builder-row-7 .fusion-date-and-formats .fusion-format-box, .fusion-fullwidth.fusion-builder-row-7 .fusion-popover, .fusion-fullwidth.fusion-builder-row-7 .tooltip-shortcode {color: #549f97;}#main .fusion-fullwidth.fusion-builder-row-7 .post .blog-shortcode-post-title a:hover {color: #549f97;}<\/style>","protected":false},"excerpt":{"rendered":"","protected":false},"author":4,"featured_media":0,"parent":0,"menu_order":0,"comment_status":"closed","ping_status":"closed","template":"","meta":{"footnotes":""},"class_list":["post-2268","page","type-page","status-publish","hentry"],"yoast_head":"<!-- This site is optimized with the Yoast SEO plugin v24.1 - https:\/\/yoast.com\/wordpress\/plugins\/seo\/ -->\n<title><\/title>\n<meta name=\"robots\" content=\"index, follow, max-snippet:-1, max-image-preview:large, max-video-preview:-1\" \/>\n<link rel=\"canonical\" href=\"https:\/\/lialawyers.com\/fiscal-representation\/\" \/>\n<meta property=\"og:locale\" content=\"en_US\" \/>\n<meta property=\"og:type\" content=\"article\" \/>\n<meta property=\"og:title\" content=\"[:es]Representaci\u00f3n Fiscal[:en]Fiscal Representation[:] - LIA\" \/>\n<meta property=\"og:url\" content=\"https:\/\/lialawyers.com\/fiscal-representation\/\" \/>\n<meta property=\"og:site_name\" content=\"LIA\" \/>\n<meta property=\"article:modified_time\" content=\"2024-12-20T17:36:51+00:00\" \/>\n<meta property=\"og:image\" content=\"https:\/\/lialawyers.com\/wp-content\/uploads\/2020\/10\/logo_og_image.png\" \/>\n\t<meta property=\"og:image:width\" content=\"1200\" \/>\n\t<meta property=\"og:image:height\" content=\"628\" \/>\n\t<meta property=\"og:image:type\" content=\"image\/png\" \/>\n<meta name=\"twitter:card\" content=\"summary_large_image\" \/>\n<meta name=\"twitter:label1\" content=\"Est. reading time\" \/>\n\t<meta name=\"twitter:data1\" content=\"31 minutes\" \/>\n<script type=\"application\/ld+json\" class=\"yoast-schema-graph\">{\"@context\":\"https:\/\/schema.org\",\"@graph\":[{\"@type\":\"WebPage\",\"@id\":\"https:\/\/lialawyers.com\/fiscal-representation\/\",\"url\":\"https:\/\/lialawyers.com\/fiscal-representation\/\",\"name\":\"[:es]Representaci\u00f3n Fiscal[:en]Fiscal Representation[:] - LIA\",\"isPartOf\":{\"@id\":\"https:\/\/lialawyers.com\/de\/#website\"},\"datePublished\":\"2020-04-21T15:52:32+00:00\",\"dateModified\":\"2024-12-20T17:36:51+00:00\",\"breadcrumb\":{\"@id\":\"https:\/\/lialawyers.com\/fiscal-representation\/#breadcrumb\"},\"inLanguage\":\"no-NO\",\"potentialAction\":[{\"@type\":\"ReadAction\",\"target\":[\"https:\/\/lialawyers.com\/fiscal-representation\/\"]}]},{\"@type\":\"BreadcrumbList\",\"@id\":\"https:\/\/lialawyers.com\/fiscal-representation\/#breadcrumb\",\"itemListElement\":[{\"@type\":\"ListItem\",\"position\":1,\"name\":\"Home\",\"item\":\"https:\/\/lialawyers.com\/\"},{\"@type\":\"ListItem\",\"position\":2,\"name\":\"Representaci\u00f3n Fiscal\"}]},{\"@type\":\"WebSite\",\"@id\":\"https:\/\/lialawyers.com\/de\/#website\",\"url\":\"https:\/\/lialawyers.com\/de\/\",\"name\":\"LIA\",\"description\":\"Law Inheritance Advisors\",\"publisher\":{\"@id\":\"https:\/\/lialawyers.com\/de\/#organization\"},\"potentialAction\":[{\"@type\":\"SearchAction\",\"target\":{\"@type\":\"EntryPoint\",\"urlTemplate\":\"https:\/\/lialawyers.com\/de\/?s={search_term_string}\"},\"query-input\":{\"@type\":\"PropertyValueSpecification\",\"valueRequired\":true,\"valueName\":\"search_term_string\"}}],\"inLanguage\":\"no-NO\"},{\"@type\":\"Organization\",\"@id\":\"https:\/\/lialawyers.com\/de\/#organization\",\"name\":\"Lia Lawyers\",\"url\":\"https:\/\/lialawyers.com\/de\/\",\"logo\":{\"@type\":\"ImageObject\",\"inLanguage\":\"no-NO\",\"@id\":\"https:\/\/lialawyers.com\/de\/#\/schema\/logo\/image\/\",\"url\":\"https:\/\/lialawyers.com\/wp-content\/uploads\/2020\/10\/logo_og_image.png\",\"contentUrl\":\"https:\/\/lialawyers.com\/wp-content\/uploads\/2020\/10\/logo_og_image.png\",\"width\":1200,\"height\":628,\"caption\":\"Lia Lawyers\"},\"image\":{\"@id\":\"https:\/\/lialawyers.com\/de\/#\/schema\/logo\/image\/\"}}]}<\/script>\n<!-- \/ Yoast SEO plugin. -->","yoast_head_json":{"title":"[:es]Representaci\u00f3n Fiscal[:en]Fiscal Representation[:] - LIA","robots":{"index":"index","follow":"follow","max-snippet":"max-snippet:-1","max-image-preview":"max-image-preview:large","max-video-preview":"max-video-preview:-1"},"canonical":"https:\/\/lialawyers.com\/fiscal-representation\/","og_locale":"en_US","og_type":"article","og_title":"[:es]Representaci\u00f3n Fiscal[:en]Fiscal Representation[:] - LIA","og_url":"https:\/\/lialawyers.com\/fiscal-representation\/","og_site_name":"LIA","article_modified_time":"2024-12-20T17:36:51+00:00","og_image":[{"width":1200,"height":628,"url":"https:\/\/lialawyers.com\/wp-content\/uploads\/2020\/10\/logo_og_image.png","type":"image\/png"}],"twitter_card":"summary_large_image","twitter_misc":{"Est. reading time":"31 minutes"},"schema":{"@context":"https:\/\/schema.org","@graph":[{"@type":"WebPage","@id":"https:\/\/lialawyers.com\/fiscal-representation\/","url":"https:\/\/lialawyers.com\/fiscal-representation\/","name":"[:es]Representaci\u00f3n Fiscal[:en]Fiscal Representation[:] - LIA","isPartOf":{"@id":"https:\/\/lialawyers.com\/de\/#website"},"datePublished":"2020-04-21T15:52:32+00:00","dateModified":"2024-12-20T17:36:51+00:00","breadcrumb":{"@id":"https:\/\/lialawyers.com\/fiscal-representation\/#breadcrumb"},"inLanguage":"no-NO","potentialAction":[{"@type":"ReadAction","target":["https:\/\/lialawyers.com\/fiscal-representation\/"]}]},{"@type":"BreadcrumbList","@id":"https:\/\/lialawyers.com\/fiscal-representation\/#breadcrumb","itemListElement":[{"@type":"ListItem","position":1,"name":"Home","item":"https:\/\/lialawyers.com\/"},{"@type":"ListItem","position":2,"name":"Representaci\u00f3n Fiscal"}]},{"@type":"WebSite","@id":"https:\/\/lialawyers.com\/de\/#website","url":"https:\/\/lialawyers.com\/de\/","name":"LIA","description":"Law Inheritance Advisors","publisher":{"@id":"https:\/\/lialawyers.com\/de\/#organization"},"potentialAction":[{"@type":"SearchAction","target":{"@type":"EntryPoint","urlTemplate":"https:\/\/lialawyers.com\/de\/?s={search_term_string}"},"query-input":{"@type":"PropertyValueSpecification","valueRequired":true,"valueName":"search_term_string"}}],"inLanguage":"no-NO"},{"@type":"Organization","@id":"https:\/\/lialawyers.com\/de\/#organization","name":"Lia Lawyers","url":"https:\/\/lialawyers.com\/de\/","logo":{"@type":"ImageObject","inLanguage":"no-NO","@id":"https:\/\/lialawyers.com\/de\/#\/schema\/logo\/image\/","url":"https:\/\/lialawyers.com\/wp-content\/uploads\/2020\/10\/logo_og_image.png","contentUrl":"https:\/\/lialawyers.com\/wp-content\/uploads\/2020\/10\/logo_og_image.png","width":1200,"height":628,"caption":"Lia Lawyers"},"image":{"@id":"https:\/\/lialawyers.com\/de\/#\/schema\/logo\/image\/"}}]}},"_links":{"self":[{"href":"https:\/\/lialawyers.com\/no\/wp-json\/wp\/v2\/pages\/2268","targetHints":{"allow":["GET"]}}],"collection":[{"href":"https:\/\/lialawyers.com\/no\/wp-json\/wp\/v2\/pages"}],"about":[{"href":"https:\/\/lialawyers.com\/no\/wp-json\/wp\/v2\/types\/page"}],"author":[{"embeddable":true,"href":"https:\/\/lialawyers.com\/no\/wp-json\/wp\/v2\/users\/4"}],"replies":[{"embeddable":true,"href":"https:\/\/lialawyers.com\/no\/wp-json\/wp\/v2\/comments?post=2268"}],"version-history":[{"count":16,"href":"https:\/\/lialawyers.com\/no\/wp-json\/wp\/v2\/pages\/2268\/revisions"}],"predecessor-version":[{"id":2953,"href":"https:\/\/lialawyers.com\/no\/wp-json\/wp\/v2\/pages\/2268\/revisions\/2953"}],"wp:attachment":[{"href":"https:\/\/lialawyers.com\/no\/wp-json\/wp\/v2\/media?parent=2268"}],"curies":[{"name":"wp","href":"https:\/\/api.w.org\/{rel}","templated":true}]}}