{"id":2735,"date":"2020-09-18T17:07:52","date_gmt":"2020-09-18T16:07:52","guid":{"rendered":"http:\/\/lialawyers.com\/?page_id=2735"},"modified":"2024-12-20T17:36:50","modified_gmt":"2024-12-20T17:36:50","slug":"liti","status":"publish","type":"page","link":"https:\/\/lialawyers.com\/no\/liti\/","title":{"rendered":"RETTSPROSEDYRER"},"content":{"rendered":"<div class=\"fusion-fullwidth fullwidth-box fusion-builder-row-6 nonhundred-percent-fullwidth non-hundred-percent-height-scrolling\"  style='background-color: rgba(255,255,255,0);background-position: center center;background-repeat: no-repeat;padding-top:0px;padding-right:0px;padding-bottom:0px;padding-left:0px;'><div class=\"fusion-builder-row fusion-row \"><div  class=\"fusion-layout-column fusion_builder_column fusion_builder_column_1_1 fusion-builder-column-5 fusion-one-full fusion-column-first fusion-column-last 1_1\"  style='margin-top:0px;margin-bottom:20px;'><div class=\"fusion-column-wrapper\" style=\"padding: 0px 0px 0px 0px;background-position:left top;background-repeat:no-repeat;-webkit-background-size:cover;-moz-background-size:cover;-o-background-size:cover;background-size:cover;\"   data-bg-url=\"\"><div class=\"fusion-column-content-centered\"><div class=\"fusion-column-content\"><style type=\"text\/css\">@media only screen and (max-width:800px) {.fusion-title.fusion-title-6{margin-top:10px!important;margin-bottom:10px!important;}}<\/style><div class=\"fusion-title title fusion-title-6 fusion-title-text fusion-title-size-one\" style=\"margin-top:10px;margin-bottom:15px;\"><h1 class=\"title-heading-left\" style=\"margin:0;\">Rettsprosedyrer<\/h1><div class=\"title-sep-container\"><div class=\"title-sep sep-double sep-solid\" style=\"border-color:#e2e2e2;\"><\/div><\/div><\/div><div class=\"fusion-text\"><p>LIA LAW INDEPENDENT ADVISORS SL tilbyr juridisk tvisteanalyse og bistand ved rettsprosedyrer innen mange juridiske felt, s\u00e5vel for enkeltpersoner som foretak. Vi g\u00e5r inn for \u00e5 gi v\u00e5re kunder beste utgangspunkt for \u00e5 oppn\u00e5 positivt resultat uansett hvilken juridisk situasjon de konfronteres med. En spesialisert advokat innen spesifikt fagomr\u00e5de tildeles saken tidlig i prosessen. Samarbeidet vi har med flere uavhengige advokater gj\u00f8r at v\u00e5rt firma stiller med h\u00f8yeste kunnskapsniv\u00e5 og bevist kompetanse p\u00e5 mange forskjellige juridiske omr\u00e5der.<br \/>\nF\u00f8rste steg er alltid \u00e5 vurdere om et s\u00f8ksm\u00e5l er veien \u00e5 g\u00e5 for \u00e5 oppn\u00e5 best mulig resultat for kunden. S\u00e5 snart dette er bestemt vil man legge en strategi og et passende \u201cadvokatteam\u201d vil h\u00e5ndtere saken og aktivt delta for \u00e5 n\u00e5 m\u00e5let.<br \/>\nV\u00e5rt firma forplikter seg til kundene gjennom personlig service og ved \u00e5 gi de den fulle oppmerksomhet. Personlig oppf\u00f8lging av den enkeltes behov legger grunnlaget for v\u00e5r suksess og kundens tilfredshet. Vi arbeider hardt for \u00e5 s\u00f8rge for at kundens opplevelse skal bli s\u00e5 positiv og transparent som mulig. Spesielt er vi opptatt av \u00e5 beskytte kundens privatliv ettersom mange juridiske saker kan v\u00e6re delikate og ha innvirkning b\u00e5de p\u00e5 kundens liv, familie og levebr\u00f8d, s\u00e5vel positivt som negativt. Vi beskytter kundenes interesser og bidrar med \u00e5 finne beste strategi.<br \/>\nV\u00e5re advokater er eksperter i h\u00e5ndtering av sivile s\u00f8ksm\u00e5l, alt fra s\u00f8ksm\u00e5l ved kontraktsbrudd og opph\u00f8r av kontrakter, til skader p\u00e5 eiendom, gjeldsinndrivelse, arvesp\u00f8rsm\u00e5l, famili\u00e6re forhold, familierettstvister og andre saker som faller inn under sivilretten. Innen strafferettslige omr\u00e5der og handelslovgivning gir vi juridisk bistand i blant annet saker som omhandler promillekj\u00f8ring og andre brudd p\u00e5 veitrafikkloven, tyveri, konkurs, lisensavtaler, tvistem\u00e5l ved kontraktsbrudd og skattesaker. Videre har firmaet bred erfaring med \u00e5 h\u00e5ndtere en omfattende og mangfoldig portef\u00f8lje av byggefirmaers konkursprosesser.<\/p>\n<\/div><\/div><\/div><div class=\"fusion-clearfix\"><\/div><\/div><\/div><\/div><\/div><style type=\"text\/css\">.fusion-fullwidth.fusion-builder-row-6 a:not(.fusion-button):not(.fusion-builder-module-control):not(.fusion-social-network-icon):not(.fb-icon-element):not(.fusion-countdown-link):not(.fusion-rollover-link):not(.fusion-rollover-gallery):not(.fusion-button-bar):not(.add_to_cart_button):not(.show_details_button):not(.product_type_external):not(.fusion-quick-view):not(.fusion-rollover-title-link):not(.fusion-breadcrumb-link) , .fusion-fullwidth.fusion-builder-row-6 a:not(.fusion-button):not(.fusion-builder-module-control):not(.fusion-social-network-icon):not(.fb-icon-element):not(.fusion-countdown-link):not(.fusion-rollover-link):not(.fusion-rollover-gallery):not(.fusion-button-bar):not(.add_to_cart_button):not(.show_details_button):not(.product_type_external):not(.fusion-quick-view):not(.fusion-rollover-title-link):not(.fusion-breadcrumb-link):before, .fusion-fullwidth.fusion-builder-row-6 a:not(.fusion-button):not(.fusion-builder-module-control):not(.fusion-social-network-icon):not(.fb-icon-element):not(.fusion-countdown-link):not(.fusion-rollover-link):not(.fusion-rollover-gallery):not(.fusion-button-bar):not(.add_to_cart_button):not(.show_details_button):not(.product_type_external):not(.fusion-quick-view):not(.fusion-rollover-title-link):not(.fusion-breadcrumb-link):after {color: #212934;}.fusion-fullwidth.fusion-builder-row-6 a:not(.fusion-button):not(.fusion-builder-module-control):not(.fusion-social-network-icon):not(.fb-icon-element):not(.fusion-countdown-link):not(.fusion-rollover-link):not(.fusion-rollover-gallery):not(.fusion-button-bar):not(.add_to_cart_button):not(.show_details_button):not(.product_type_external):not(.fusion-quick-view):not(.fusion-rollover-title-link):not(.fusion-breadcrumb-link):hover, .fusion-fullwidth.fusion-builder-row-6 a:not(.fusion-button):not(.fusion-builder-module-control):not(.fusion-social-network-icon):not(.fb-icon-element):not(.fusion-countdown-link):not(.fusion-rollover-link):not(.fusion-rollover-gallery):not(.fusion-button-bar):not(.add_to_cart_button):not(.show_details_button):not(.product_type_external):not(.fusion-quick-view):not(.fusion-rollover-title-link):not(.fusion-breadcrumb-link):hover:before, .fusion-fullwidth.fusion-builder-row-6 a:not(.fusion-button):not(.fusion-builder-module-control):not(.fusion-social-network-icon):not(.fb-icon-element):not(.fusion-countdown-link):not(.fusion-rollover-link):not(.fusion-rollover-gallery):not(.fusion-button-bar):not(.add_to_cart_button):not(.show_details_button):not(.product_type_external):not(.fusion-quick-view):not(.fusion-rollover-title-link):not(.fusion-breadcrumb-link):hover:after {color: #549f97;}.fusion-fullwidth.fusion-builder-row-6 .pagination a.inactive:hover, .fusion-fullwidth.fusion-builder-row-6 .fusion-filters .fusion-filter.fusion-active a {border-color: #549f97;}.fusion-fullwidth.fusion-builder-row-6 .pagination .current {border-color: #549f97; background-color: #549f97;}.fusion-fullwidth.fusion-builder-row-6 .fusion-filters .fusion-filter.fusion-active a, .fusion-fullwidth.fusion-builder-row-6 .fusion-date-and-formats .fusion-format-box, .fusion-fullwidth.fusion-builder-row-6 .fusion-popover, .fusion-fullwidth.fusion-builder-row-6 .tooltip-shortcode {color: #549f97;}#main .fusion-fullwidth.fusion-builder-row-6 .post .blog-shortcode-post-title a:hover {color: #549f97;}<\/style>","protected":false},"excerpt":{"rendered":"","protected":false},"author":4,"featured_media":0,"parent":0,"menu_order":0,"comment_status":"closed","ping_status":"closed","template":"","meta":{"footnotes":""},"class_list":["post-2735","page","type-page","status-publish","hentry"],"yoast_head":"<!-- This site is optimized with the Yoast SEO plugin v24.1 - https:\/\/yoast.com\/wordpress\/plugins\/seo\/ -->\n<title>RETTSPROSEDYRER - LIA<\/title>\n<meta name=\"robots\" content=\"index, follow, max-snippet:-1, max-image-preview:large, max-video-preview:-1\" \/>\n<link rel=\"canonical\" href=\"https:\/\/lialawyers.com\/liti\/\" \/>\n<meta property=\"og:locale\" content=\"en_US\" \/>\n<meta property=\"og:type\" content=\"article\" \/>\n<meta property=\"og:title\" content=\"[:es]Litigios[:en]Litigation[:fr]LITIGE[:sv]R\u00c4TTSTVISTER[:de]LITIGATION\/RECHTSSTREIT[:no]RETTSPROSEDYRER[:] - LIA\" \/>\n<meta property=\"og:url\" content=\"https:\/\/lialawyers.com\/liti\/\" \/>\n<meta property=\"og:site_name\" content=\"LIA\" \/>\n<meta property=\"article:modified_time\" content=\"2024-12-20T17:36:50+00:00\" \/>\n<meta property=\"og:image\" content=\"https:\/\/lialawyers.com\/wp-content\/uploads\/2020\/10\/logo_og_image.png\" \/>\n\t<meta property=\"og:image:width\" content=\"1200\" \/>\n\t<meta property=\"og:image:height\" content=\"628\" \/>\n\t<meta property=\"og:image:type\" content=\"image\/png\" \/>\n<meta name=\"twitter:card\" content=\"summary_large_image\" \/>\n<meta name=\"twitter:label1\" content=\"Est. reading time\" \/>\n\t<meta name=\"twitter:data1\" content=\"25 minutes\" \/>\n<script type=\"application\/ld+json\" class=\"yoast-schema-graph\">{\"@context\":\"https:\/\/schema.org\",\"@graph\":[{\"@type\":\"WebPage\",\"@id\":\"https:\/\/lialawyers.com\/liti\/\",\"url\":\"https:\/\/lialawyers.com\/liti\/\",\"name\":\"[:es]Litigios[:en]Litigation[:fr]LITIGE[:sv]R\u00c4TTSTVISTER[:de]LITIGATION\/RECHTSSTREIT[:no]RETTSPROSEDYRER[:] - LIA\",\"isPartOf\":{\"@id\":\"https:\/\/lialawyers.com\/de\/#website\"},\"datePublished\":\"2020-09-18T16:07:52+00:00\",\"dateModified\":\"2024-12-20T17:36:50+00:00\",\"breadcrumb\":{\"@id\":\"https:\/\/lialawyers.com\/liti\/#breadcrumb\"},\"inLanguage\":\"no-NO\",\"potentialAction\":[{\"@type\":\"ReadAction\",\"target\":[\"https:\/\/lialawyers.com\/liti\/\"]}]},{\"@type\":\"BreadcrumbList\",\"@id\":\"https:\/\/lialawyers.com\/liti\/#breadcrumb\",\"itemListElement\":[{\"@type\":\"ListItem\",\"position\":1,\"name\":\"Home\",\"item\":\"https:\/\/lialawyers.com\/\"},{\"@type\":\"ListItem\",\"position\":2,\"name\":\"Litigios\"}]},{\"@type\":\"WebSite\",\"@id\":\"https:\/\/lialawyers.com\/de\/#website\",\"url\":\"https:\/\/lialawyers.com\/de\/\",\"name\":\"LIA\",\"description\":\"Law Inheritance Advisors\",\"publisher\":{\"@id\":\"https:\/\/lialawyers.com\/de\/#organization\"},\"potentialAction\":[{\"@type\":\"SearchAction\",\"target\":{\"@type\":\"EntryPoint\",\"urlTemplate\":\"https:\/\/lialawyers.com\/de\/?s={search_term_string}\"},\"query-input\":{\"@type\":\"PropertyValueSpecification\",\"valueRequired\":true,\"valueName\":\"search_term_string\"}}],\"inLanguage\":\"no-NO\"},{\"@type\":\"Organization\",\"@id\":\"https:\/\/lialawyers.com\/de\/#organization\",\"name\":\"Lia Lawyers\",\"url\":\"https:\/\/lialawyers.com\/de\/\",\"logo\":{\"@type\":\"ImageObject\",\"inLanguage\":\"no-NO\",\"@id\":\"https:\/\/lialawyers.com\/de\/#\/schema\/logo\/image\/\",\"url\":\"https:\/\/lialawyers.com\/wp-content\/uploads\/2020\/10\/logo_og_image.png\",\"contentUrl\":\"https:\/\/lialawyers.com\/wp-content\/uploads\/2020\/10\/logo_og_image.png\",\"width\":1200,\"height\":628,\"caption\":\"Lia Lawyers\"},\"image\":{\"@id\":\"https:\/\/lialawyers.com\/de\/#\/schema\/logo\/image\/\"}}]}<\/script>\n<!-- \/ Yoast SEO plugin. -->","yoast_head_json":{"title":"[:es]Litigios[:en]Litigation[:fr]LITIGE[:sv]R\u00c4TTSTVISTER[:de]LITIGATION\/RECHTSSTREIT[:no]RETTSPROSEDYRER[:] - LIA","robots":{"index":"index","follow":"follow","max-snippet":"max-snippet:-1","max-image-preview":"max-image-preview:large","max-video-preview":"max-video-preview:-1"},"canonical":"https:\/\/lialawyers.com\/liti\/","og_locale":"en_US","og_type":"article","og_title":"[:es]Litigios[:en]Litigation[:fr]LITIGE[:sv]R\u00c4TTSTVISTER[:de]LITIGATION\/RECHTSSTREIT[:no]RETTSPROSEDYRER[:] - LIA","og_url":"https:\/\/lialawyers.com\/liti\/","og_site_name":"LIA","article_modified_time":"2024-12-20T17:36:50+00:00","og_image":[{"width":1200,"height":628,"url":"https:\/\/lialawyers.com\/wp-content\/uploads\/2020\/10\/logo_og_image.png","type":"image\/png"}],"twitter_card":"summary_large_image","twitter_misc":{"Est. reading time":"25 minutes"},"schema":{"@context":"https:\/\/schema.org","@graph":[{"@type":"WebPage","@id":"https:\/\/lialawyers.com\/liti\/","url":"https:\/\/lialawyers.com\/liti\/","name":"[:es]Litigios[:en]Litigation[:fr]LITIGE[:sv]R\u00c4TTSTVISTER[:de]LITIGATION\/RECHTSSTREIT[:no]RETTSPROSEDYRER[:] - LIA","isPartOf":{"@id":"https:\/\/lialawyers.com\/de\/#website"},"datePublished":"2020-09-18T16:07:52+00:00","dateModified":"2024-12-20T17:36:50+00:00","breadcrumb":{"@id":"https:\/\/lialawyers.com\/liti\/#breadcrumb"},"inLanguage":"no-NO","potentialAction":[{"@type":"ReadAction","target":["https:\/\/lialawyers.com\/liti\/"]}]},{"@type":"BreadcrumbList","@id":"https:\/\/lialawyers.com\/liti\/#breadcrumb","itemListElement":[{"@type":"ListItem","position":1,"name":"Home","item":"https:\/\/lialawyers.com\/"},{"@type":"ListItem","position":2,"name":"Litigios"}]},{"@type":"WebSite","@id":"https:\/\/lialawyers.com\/de\/#website","url":"https:\/\/lialawyers.com\/de\/","name":"LIA","description":"Law Inheritance Advisors","publisher":{"@id":"https:\/\/lialawyers.com\/de\/#organization"},"potentialAction":[{"@type":"SearchAction","target":{"@type":"EntryPoint","urlTemplate":"https:\/\/lialawyers.com\/de\/?s={search_term_string}"},"query-input":{"@type":"PropertyValueSpecification","valueRequired":true,"valueName":"search_term_string"}}],"inLanguage":"no-NO"},{"@type":"Organization","@id":"https:\/\/lialawyers.com\/de\/#organization","name":"Lia Lawyers","url":"https:\/\/lialawyers.com\/de\/","logo":{"@type":"ImageObject","inLanguage":"no-NO","@id":"https:\/\/lialawyers.com\/de\/#\/schema\/logo\/image\/","url":"https:\/\/lialawyers.com\/wp-content\/uploads\/2020\/10\/logo_og_image.png","contentUrl":"https:\/\/lialawyers.com\/wp-content\/uploads\/2020\/10\/logo_og_image.png","width":1200,"height":628,"caption":"Lia Lawyers"},"image":{"@id":"https:\/\/lialawyers.com\/de\/#\/schema\/logo\/image\/"}}]}},"_links":{"self":[{"href":"https:\/\/lialawyers.com\/no\/wp-json\/wp\/v2\/pages\/2735","targetHints":{"allow":["GET"]}}],"collection":[{"href":"https:\/\/lialawyers.com\/no\/wp-json\/wp\/v2\/pages"}],"about":[{"href":"https:\/\/lialawyers.com\/no\/wp-json\/wp\/v2\/types\/page"}],"author":[{"embeddable":true,"href":"https:\/\/lialawyers.com\/no\/wp-json\/wp\/v2\/users\/4"}],"replies":[{"embeddable":true,"href":"https:\/\/lialawyers.com\/no\/wp-json\/wp\/v2\/comments?post=2735"}],"version-history":[{"count":20,"href":"https:\/\/lialawyers.com\/no\/wp-json\/wp\/v2\/pages\/2735\/revisions"}],"predecessor-version":[{"id":2956,"href":"https:\/\/lialawyers.com\/no\/wp-json\/wp\/v2\/pages\/2735\/revisions\/2956"}],"wp:attachment":[{"href":"https:\/\/lialawyers.com\/no\/wp-json\/wp\/v2\/media?parent=2735"}],"curies":[{"name":"wp","href":"https:\/\/api.w.org\/{rel}","templated":true}]}}