{"id":2778,"date":"2020-09-28T08:22:31","date_gmt":"2020-09-28T07:22:31","guid":{"rendered":"http:\/\/lialawyers.com\/?page_id=2778"},"modified":"2024-12-20T17:36:50","modified_gmt":"2024-12-20T17:36:50","slug":"nie","status":"publish","type":"page","link":"https:\/\/lialawyers.com\/no\/nie\/","title":{"rendered":"(Espa\u00f1ol) Nie y Residencia"},"content":{"rendered":"<div class=\"fusion-fullwidth fullwidth-box fusion-builder-row-9 nonhundred-percent-fullwidth non-hundred-percent-height-scrolling\"  style='background-color: rgba(255,255,255,0);background-position: center center;background-repeat: no-repeat;padding-top:0px;padding-right:0px;padding-bottom:0px;padding-left:0px;'><div class=\"fusion-builder-row fusion-row \"><div  class=\"fusion-layout-column fusion_builder_column fusion_builder_column_1_1 fusion-builder-column-8 fusion-one-full fusion-column-first fusion-column-last 1_1\"  style='margin-top:0px;margin-bottom:0px;'><div class=\"fusion-column-wrapper\" style=\"padding: 0px 0px 0px 0px;background-position:left top;background-repeat:no-repeat;-webkit-background-size:cover;-moz-background-size:cover;-o-background-size:cover;background-size:cover;\"   data-bg-url=\"\"><style type=\"text\/css\">@media only screen and (max-width:800px) {.fusion-title.fusion-title-6{margin-top:10px!important;margin-bottom:10px!important;}}<\/style><div class=\"fusion-title title fusion-title-6 fusion-title-text fusion-title-size-one\" style=\"margin-top:10px;margin-bottom:15px;\"><h1 class=\"title-heading-left\" style=\"margin:0;\">Nie og Residencia<\/h1><div class=\"title-sep-container\"><div class=\"title-sep sep-double sep-solid\" style=\"border-color:#e2e2e2;\"><\/div><\/div><\/div><div class=\"fusion-text\"><p>N\u00e5r vi kommer til dette punktet er det viktig \u00e5 forklare forskjellen mellom NIE og residencia da det er ganske vanlig \u00e5 bruke akronymet N.I.E. n\u00e5r man referer til \u201dbekreftelse p\u00e5 residencia eller residenciakort\u201d.<br \/>\nI helt strikte, juridiske termer er NIE (\u201cN\u00famero de Identificaci\u00f3n de Extranjeros\u201d) et skattenummer som man f\u00e5r hos politiet som utstedes til \u201cutlendinger\u201d (fast bosatt eller ikke) for at personen skal kunne utf\u00f8re enhver finansiell, sosial eller handelsmessig aff\u00e6re i Spania. Under ekstraordin\u00e6re omstendigheter kan skattevesenet utstede et provisorisk NIE-nummer, men det endelige er alltid utstedt av politiet. NIE-nummeret har ingen tidsbegrensing og endres ei heller med \u00e5rene. Det er ikke et gyldig id-dokument og m\u00e5 alltid presenteres sammen med pass eller annet gyldig id-kort fra hjemlandet ditt. Dette nummeret gir deg ikke tillatelse til \u00e5 jobbe eller oppholde deg i Spania.<br \/>\nForvirringen oppst\u00e5r sannsynligvis fordi bekreftelse p\u00e5 residencia eller residenciakort alltid inkluderer NIE-nummeret, men som forklart over, s\u00e5 f\u00e5r s\u00e5vel fastboende som ikke-fastboende NIE-nummer n\u00e5r s\u00f8knaden er presentert og behandlet.<br \/>\nS\u00f8knadsprosessen er ganske enkel, men det er utfordrende \u00e5 f\u00e5 time da veldig f\u00e5 timer er tilgjengelige. Mange gir fullmakt til sine advokater for \u00e5 forenkle prosessen.<br \/>\nP\u00e5 den annen side, s\u00e5 plikter du \u00e5 s\u00f8ke om opphold, residencia, n\u00e5r du planlegger \u00e5 oppholde deg p\u00e5 spansk territorie i mer enn tre m\u00e5neder. Eurpeere og personer fra E\u00d8S (Norge, Lichtenstein og Island) har rett til \u00e5 bo her s\u00e5 lenge de har jobb eller har \u00f8konomi til livets opphold. I tillegg m\u00e5 man fremlegge bevis p\u00e5 at man har rett til private eller offentlige helsetjenester. I praksis betyr dette at du m\u00e5 fremskaffe bankutskrift som viser et minimum av inntekt og saldo for de siste m\u00e5nedene, som vedlegg til s\u00f8knaden.<br \/>\nIkke-europeere som planlegger \u00e5 bosette seg i Spania m\u00e5 starte s\u00f8knadsprosessen med visum hos konsulat i eget hjemland hvor spesifikke krav vil tas i betraktning.<br \/>\nDu m\u00e5 ogs\u00e5 v\u00e6re klar over at det er stor forskjell mellom \u00e5 v\u00e6re bosatt i Spania i perioder over tre m\u00e5neder, og dermed v\u00e6re bosatt i henhold til politiets kriterier, og det \u00e5 v\u00e6re skattemessig bosatt og deklarere alle dine inntekter til det spanske skatteverket. Sistnevnte plikt trer i kraft n\u00e5r du oppholder deg mer enn 183 dager i landet. Gjennom \u00e5rene har vi opplevd at mange registrerer seg som bosatt i Spania, da de har bolig her, uten at de har overg\u00e5tt tidsperioden som forplikter dem til \u00e5 bli skattemessige bosatt. De har derfor opprettholdt skattemessig tilh\u00f8righet i hjemlandet og deklarerer i Spania kun de skatter som tilfaller ikke-residente eiere av eiendom.<br \/>\nLia Law Independent Advisors vil guide deg gjennom denne typen formaliteter s\u00e5vel om du bor i Spania kun for en periode eller \u00f8nsker \u00e5 formelt flytte hit. Vi gj\u00f8r prosessen lettere for deg gjennom kontinuerlig og effektiv assistanse.<\/p>\n<\/div><div class=\"fusion-clearfix\"><\/div><\/div><\/div><\/div><\/div>","protected":false},"excerpt":{"rendered":"","protected":false},"author":4,"featured_media":0,"parent":0,"menu_order":0,"comment_status":"closed","ping_status":"closed","template":"","meta":{"footnotes":""},"class_list":["post-2778","page","type-page","status-publish","hentry"],"yoast_head":"<!-- This site is optimized with the Yoast SEO plugin v24.1 - https:\/\/yoast.com\/wordpress\/plugins\/seo\/ -->\n<title><\/title>\n<meta name=\"robots\" content=\"index, follow, max-snippet:-1, max-image-preview:large, max-video-preview:-1\" \/>\n<link rel=\"canonical\" href=\"https:\/\/lialawyers.com\/nie\/\" \/>\n<meta property=\"og:locale\" content=\"en_US\" \/>\n<meta property=\"og:type\" content=\"article\" \/>\n<meta property=\"og:title\" content=\"[:es]Nie y Residencia[:en]Nie &amp; Residence[:de]NIE UND RESIDENZ[:] - LIA\" \/>\n<meta property=\"og:url\" content=\"https:\/\/lialawyers.com\/nie\/\" \/>\n<meta property=\"og:site_name\" content=\"LIA\" \/>\n<meta property=\"article:modified_time\" content=\"2024-12-20T17:36:50+00:00\" \/>\n<meta property=\"og:image\" content=\"https:\/\/lialawyers.com\/wp-content\/uploads\/2020\/10\/logo_og_image.png\" \/>\n\t<meta property=\"og:image:width\" content=\"1200\" \/>\n\t<meta property=\"og:image:height\" content=\"628\" \/>\n\t<meta property=\"og:image:type\" content=\"image\/png\" \/>\n<meta name=\"twitter:card\" content=\"summary_large_image\" \/>\n<meta name=\"twitter:label1\" content=\"Est. reading time\" \/>\n\t<meta name=\"twitter:data1\" content=\"29 minutes\" \/>\n<script type=\"application\/ld+json\" class=\"yoast-schema-graph\">{\"@context\":\"https:\/\/schema.org\",\"@graph\":[{\"@type\":\"WebPage\",\"@id\":\"https:\/\/lialawyers.com\/nie\/\",\"url\":\"https:\/\/lialawyers.com\/nie\/\",\"name\":\"[:es]Nie y Residencia[:en]Nie & Residence[:de]NIE UND RESIDENZ[:] - LIA\",\"isPartOf\":{\"@id\":\"https:\/\/lialawyers.com\/de\/#website\"},\"datePublished\":\"2020-09-28T07:22:31+00:00\",\"dateModified\":\"2024-12-20T17:36:50+00:00\",\"breadcrumb\":{\"@id\":\"https:\/\/lialawyers.com\/nie\/#breadcrumb\"},\"inLanguage\":\"no-NO\",\"potentialAction\":[{\"@type\":\"ReadAction\",\"target\":[\"https:\/\/lialawyers.com\/nie\/\"]}]},{\"@type\":\"BreadcrumbList\",\"@id\":\"https:\/\/lialawyers.com\/nie\/#breadcrumb\",\"itemListElement\":[{\"@type\":\"ListItem\",\"position\":1,\"name\":\"Home\",\"item\":\"https:\/\/lialawyers.com\/\"},{\"@type\":\"ListItem\",\"position\":2,\"name\":\"Nie y Residencia\"}]},{\"@type\":\"WebSite\",\"@id\":\"https:\/\/lialawyers.com\/de\/#website\",\"url\":\"https:\/\/lialawyers.com\/de\/\",\"name\":\"LIA\",\"description\":\"Law Inheritance Advisors\",\"publisher\":{\"@id\":\"https:\/\/lialawyers.com\/de\/#organization\"},\"potentialAction\":[{\"@type\":\"SearchAction\",\"target\":{\"@type\":\"EntryPoint\",\"urlTemplate\":\"https:\/\/lialawyers.com\/de\/?s={search_term_string}\"},\"query-input\":{\"@type\":\"PropertyValueSpecification\",\"valueRequired\":true,\"valueName\":\"search_term_string\"}}],\"inLanguage\":\"no-NO\"},{\"@type\":\"Organization\",\"@id\":\"https:\/\/lialawyers.com\/de\/#organization\",\"name\":\"Lia Lawyers\",\"url\":\"https:\/\/lialawyers.com\/de\/\",\"logo\":{\"@type\":\"ImageObject\",\"inLanguage\":\"no-NO\",\"@id\":\"https:\/\/lialawyers.com\/de\/#\/schema\/logo\/image\/\",\"url\":\"https:\/\/lialawyers.com\/wp-content\/uploads\/2020\/10\/logo_og_image.png\",\"contentUrl\":\"https:\/\/lialawyers.com\/wp-content\/uploads\/2020\/10\/logo_og_image.png\",\"width\":1200,\"height\":628,\"caption\":\"Lia Lawyers\"},\"image\":{\"@id\":\"https:\/\/lialawyers.com\/de\/#\/schema\/logo\/image\/\"}}]}<\/script>\n<!-- \/ Yoast SEO plugin. -->","yoast_head_json":{"title":"[:es]Nie y Residencia[:en]Nie & Residence[:de]NIE UND RESIDENZ[:] - LIA","robots":{"index":"index","follow":"follow","max-snippet":"max-snippet:-1","max-image-preview":"max-image-preview:large","max-video-preview":"max-video-preview:-1"},"canonical":"https:\/\/lialawyers.com\/nie\/","og_locale":"en_US","og_type":"article","og_title":"[:es]Nie y Residencia[:en]Nie & Residence[:de]NIE UND RESIDENZ[:] - LIA","og_url":"https:\/\/lialawyers.com\/nie\/","og_site_name":"LIA","article_modified_time":"2024-12-20T17:36:50+00:00","og_image":[{"width":1200,"height":628,"url":"https:\/\/lialawyers.com\/wp-content\/uploads\/2020\/10\/logo_og_image.png","type":"image\/png"}],"twitter_card":"summary_large_image","twitter_misc":{"Est. reading time":"29 minutes"},"schema":{"@context":"https:\/\/schema.org","@graph":[{"@type":"WebPage","@id":"https:\/\/lialawyers.com\/nie\/","url":"https:\/\/lialawyers.com\/nie\/","name":"[:es]Nie y Residencia[:en]Nie & Residence[:de]NIE UND RESIDENZ[:] - LIA","isPartOf":{"@id":"https:\/\/lialawyers.com\/de\/#website"},"datePublished":"2020-09-28T07:22:31+00:00","dateModified":"2024-12-20T17:36:50+00:00","breadcrumb":{"@id":"https:\/\/lialawyers.com\/nie\/#breadcrumb"},"inLanguage":"no-NO","potentialAction":[{"@type":"ReadAction","target":["https:\/\/lialawyers.com\/nie\/"]}]},{"@type":"BreadcrumbList","@id":"https:\/\/lialawyers.com\/nie\/#breadcrumb","itemListElement":[{"@type":"ListItem","position":1,"name":"Home","item":"https:\/\/lialawyers.com\/"},{"@type":"ListItem","position":2,"name":"Nie y Residencia"}]},{"@type":"WebSite","@id":"https:\/\/lialawyers.com\/de\/#website","url":"https:\/\/lialawyers.com\/de\/","name":"LIA","description":"Law Inheritance Advisors","publisher":{"@id":"https:\/\/lialawyers.com\/de\/#organization"},"potentialAction":[{"@type":"SearchAction","target":{"@type":"EntryPoint","urlTemplate":"https:\/\/lialawyers.com\/de\/?s={search_term_string}"},"query-input":{"@type":"PropertyValueSpecification","valueRequired":true,"valueName":"search_term_string"}}],"inLanguage":"no-NO"},{"@type":"Organization","@id":"https:\/\/lialawyers.com\/de\/#organization","name":"Lia Lawyers","url":"https:\/\/lialawyers.com\/de\/","logo":{"@type":"ImageObject","inLanguage":"no-NO","@id":"https:\/\/lialawyers.com\/de\/#\/schema\/logo\/image\/","url":"https:\/\/lialawyers.com\/wp-content\/uploads\/2020\/10\/logo_og_image.png","contentUrl":"https:\/\/lialawyers.com\/wp-content\/uploads\/2020\/10\/logo_og_image.png","width":1200,"height":628,"caption":"Lia Lawyers"},"image":{"@id":"https:\/\/lialawyers.com\/de\/#\/schema\/logo\/image\/"}}]}},"_links":{"self":[{"href":"https:\/\/lialawyers.com\/no\/wp-json\/wp\/v2\/pages\/2778","targetHints":{"allow":["GET"]}}],"collection":[{"href":"https:\/\/lialawyers.com\/no\/wp-json\/wp\/v2\/pages"}],"about":[{"href":"https:\/\/lialawyers.com\/no\/wp-json\/wp\/v2\/types\/page"}],"author":[{"embeddable":true,"href":"https:\/\/lialawyers.com\/no\/wp-json\/wp\/v2\/users\/4"}],"replies":[{"embeddable":true,"href":"https:\/\/lialawyers.com\/no\/wp-json\/wp\/v2\/comments?post=2778"}],"version-history":[{"count":8,"href":"https:\/\/lialawyers.com\/no\/wp-json\/wp\/v2\/pages\/2778\/revisions"}],"predecessor-version":[{"id":2954,"href":"https:\/\/lialawyers.com\/no\/wp-json\/wp\/v2\/pages\/2778\/revisions\/2954"}],"wp:attachment":[{"href":"https:\/\/lialawyers.com\/no\/wp-json\/wp\/v2\/media?parent=2778"}],"curies":[{"name":"wp","href":"https:\/\/api.w.org\/{rel}","templated":true}]}}