{"id":2967,"date":"2020-11-13T10:02:05","date_gmt":"2020-11-13T10:02:05","guid":{"rendered":"http:\/\/lialawyers.com\/?page_id=2967"},"modified":"2024-12-20T17:36:50","modified_gmt":"2024-12-20T17:36:50","slug":"labour-law","status":"publish","type":"page","link":"https:\/\/lialawyers.com\/no\/labour-law\/","title":{"rendered":"(Espa\u00f1ol) Relaciones Laborales y RRHH"},"content":{"rendered":"<div class=\"fusion-fullwidth fullwidth-box fusion-builder-row-8 nonhundred-percent-fullwidth non-hundred-percent-height-scrolling\"  style='background-color: rgba(255,255,255,0);background-position: center center;background-repeat: no-repeat;padding-top:0px;padding-right:0px;padding-bottom:0px;padding-left:0px;'><div class=\"fusion-builder-row fusion-row \"><div  class=\"fusion-layout-column fusion_builder_column fusion_builder_column_1_1 fusion-builder-column-7 fusion-one-full fusion-column-first fusion-column-last 1_1\"  style='margin-top:0px;margin-bottom:20px;'><div class=\"fusion-column-wrapper\" style=\"padding: 0px 0px 0px 0px;background-position:left top;background-repeat:no-repeat;-webkit-background-size:cover;-moz-background-size:cover;-o-background-size:cover;background-size:cover;\"   data-bg-url=\"\"><style type=\"text\/css\">@media only screen and (max-width:800px) {.fusion-title.fusion-title-6{margin-top:10px!important;margin-bottom:10px!important;}}<\/style><div class=\"fusion-title title fusion-title-6 fusion-title-text fusion-title-size-one\" style=\"margin-top:10px;margin-bottom:15px;\"><h1 class=\"title-heading-left\" style=\"margin:0;\">Arbeidsrett<\/h1><div class=\"title-sep-container\"><div class=\"title-sep sep-double sep-solid\" style=\"border-color:#e2e2e2;\"><\/div><\/div><\/div><div class=\"fusion-text\"><p>En eiendomstransakjson kan v\u00e6re en av de viktigste finansielle avgj\u00f8relsene du tar i livet. Derfor er det uhyre viktig \u00e5 s\u00f8ke juridisk r\u00e5dgivning av noen som kan eiendomsrett. \u00c5 gi korrekt juridisk r\u00e5dgivning impliserer forst\u00e5else av kundens \u00f8nske, kontrollere alle relevante dokument og opplysninger, ha kjennskap til lovprinsipper og unders\u00f8ke mer eksplisitte rettigheter som kan gagne kunden.<br \/>\nN\u00e5r du investerer i en eiendom eller gj\u00f8r et eierbytte, er det visse ting som vil variere i forhold til de lover du normalt forholder deg til og er kjent med, og visse loverendringer m\u00e5 tas i betraktning.<br \/>\nVi tilbyr raske, smidige og kostnadseffektive tjenester for \u00e5 bist\u00e5 ved eiendomstransaksjoner for kunder fra hele verden. Lia Lawyers guider deg gjennom hele kj\u00f8ps- eller salgsprosessen i Spania.<br \/>\nDet er viktig \u00e5 be om assistanse fra en uavhengig advokat som objektivt vil analysere ditt tilfelle og er kjent i omr\u00e5det. De fagl\u00e6rte som jobber i Lia Lawyers har oppholdt seg i Costa Blanca-omr\u00e5det (Alicante) i mer enn 30 \u00e5r.<br \/>\nHovedoppgavene til en advokat ved en eiendomstransaksjon er \u00e5 g\u00e5 igjennom utkast til kontrakt (som kanskje ikke inneholder alle juridiske krav hvis den er utformet av megler), dokument fremlagt av motpartens advokat eller eiendomsmegler, og andre relevante opplysninger. Disse dokumentene og opplysningne verifiseres deretter ved eiendomsregisteret og det utstedes en juridisk rapport som tar hensyn til alle forhold f\u00f8r reservasjonskontrakt signeres.<br \/>\nI Spania er det ikke obligatorisk \u00e5 fremlegge en rapport som fastsl\u00e5r eiendommens fysiske tilstand f\u00f8r signering av skj\u00f8te. Skulle du \u00f8nske en slik vurdering b\u00f8r du informere advokatene dine slik at de kan arrangere dette.<br \/>\nVed \u00e5 velge rett representant ved en eiendomstransaksjon kan du ogs\u00e5 forvente veiledning og assistanse ovenfor banker ved behov for finansiering (s\u00e5 du unng\u00e5r uforholdsmessige bankgebyr og andre lignende utfordringer). Vi bist\u00e5r hele veien frem til pantel\u00e5net er signert hos notarius publicus: en figur i det spanske rettssystemet ukjent for mange kunder.<br \/>\nHva gj\u00f8r vi for deg ved kj\u00f8p av eiendom?<\/p>\n<p>\u2022 Forsikrer deg om at alle juridiske krav til enhver tid er oppfylt.<\/p>\n<p>\u2022 Gir deg r\u00e5d ved signering av fullmakt som skreddersys for hver enkelt kundes spesifikke situasjon.<\/p>\n<p>\u2022 Bist\u00e5r med s\u00f8knad om spansk identitetsnummer for utlendinger, ogs\u00e5 kjent som NIE-nummer.<\/p>\n<p>\u2022 For omr\u00e5der erkl\u00e6rt milit\u00e6rt omr\u00e5de kan vi fremskaffe p\u00e5krevd autorisasjon.<\/p>\n<p>\u2022 Verifiserer alle attester og lisenser i forbindelse med bygging av eiendommen.<\/p>\n<p>\u2022 Forbereder skj\u00f8ter for byggesertifikat.<\/p>\n<p>\u2022 S\u00f8ker i eiendomsregisteret for \u00e5 bekrefte eiendommens eierforhold og sjekker om den har l\u00e5n eller andre heftelser.<\/p>\n<p>\u2022 Utformer privat kj\u00f8pe-\/salgskontrakt for \u00e5 sikre kj\u00f8per\/selger sine rettigheter og dermed unng\u00e5 overraskelser p\u00e5 et senere tidspunkt.<\/p>\n<p>\u2022 Signerer skj\u00f8ter for kj\u00f8p eller salg gjennom fullmakt, hvis \u00f8nskelig.<\/p>\n<p>\u2022 Ber notarius publicus om et utkast av skj\u00f8tet for \u00e5 gi deg en detaljert forklaring p\u00e5 ditt eget spr\u00e5k over dokumentets innhold og dermed sikre full forst\u00e5else.<\/p>\n<p>\u2022 Assisterer med tolk n\u00e5r kunden \u00f8nsker personlig deltagelse hos notarius publicus ved signering av skj\u00f8te for kj\u00f8p eller salg.<\/p>\n<p>\u2022 Alle skatter i forbindelse med transaksjonen blir betalt av fagl\u00e6rt personell.<\/p>\n<p>\u2022 Tilser og kontrollerer korrekt registrering av skj\u00f8tet ved eiendomsregisteret.<\/p>\n<p>\u2022 Ved behov, forhandler vi pantel\u00e5n p\u00e5 vegne av kunden. Vi kan signere pantel\u00e5nsdokument og tilby oversettertjenester.<\/p>\n<p>\u2022 Gir deg r\u00e5d ved tegning av forsikring (ansvarsforsikring, husforsikring, helseforsikring, osv.).<\/p>\n<p>\u2022 Tilbyr vennlig, oppdatert, effektiv, p\u00e5litelig og open-minded assistanse. Det \u00e5 kj\u00f8pe eiendom er en av de st\u00f8rste finansielle avgj\u00f8relsene du tar og da er det viktig at du mottar r\u00e5d fra en ekspert. Juridisk kompetanse og flid er vel verdt prisen.<\/p>\n<\/div><div class=\"fusion-clearfix\"><\/div><\/div><\/div><\/div><\/div><style type=\"text\/css\">.fusion-fullwidth.fusion-builder-row-8 a:not(.fusion-button):not(.fusion-builder-module-control):not(.fusion-social-network-icon):not(.fb-icon-element):not(.fusion-countdown-link):not(.fusion-rollover-link):not(.fusion-rollover-gallery):not(.fusion-button-bar):not(.add_to_cart_button):not(.show_details_button):not(.product_type_external):not(.fusion-quick-view):not(.fusion-rollover-title-link):not(.fusion-breadcrumb-link) , .fusion-fullwidth.fusion-builder-row-8 a:not(.fusion-button):not(.fusion-builder-module-control):not(.fusion-social-network-icon):not(.fb-icon-element):not(.fusion-countdown-link):not(.fusion-rollover-link):not(.fusion-rollover-gallery):not(.fusion-button-bar):not(.add_to_cart_button):not(.show_details_button):not(.product_type_external):not(.fusion-quick-view):not(.fusion-rollover-title-link):not(.fusion-breadcrumb-link):before, .fusion-fullwidth.fusion-builder-row-8 a:not(.fusion-button):not(.fusion-builder-module-control):not(.fusion-social-network-icon):not(.fb-icon-element):not(.fusion-countdown-link):not(.fusion-rollover-link):not(.fusion-rollover-gallery):not(.fusion-button-bar):not(.add_to_cart_button):not(.show_details_button):not(.product_type_external):not(.fusion-quick-view):not(.fusion-rollover-title-link):not(.fusion-breadcrumb-link):after {color: #212934;}.fusion-fullwidth.fusion-builder-row-8 a:not(.fusion-button):not(.fusion-builder-module-control):not(.fusion-social-network-icon):not(.fb-icon-element):not(.fusion-countdown-link):not(.fusion-rollover-link):not(.fusion-rollover-gallery):not(.fusion-button-bar):not(.add_to_cart_button):not(.show_details_button):not(.product_type_external):not(.fusion-quick-view):not(.fusion-rollover-title-link):not(.fusion-breadcrumb-link):hover, .fusion-fullwidth.fusion-builder-row-8 a:not(.fusion-button):not(.fusion-builder-module-control):not(.fusion-social-network-icon):not(.fb-icon-element):not(.fusion-countdown-link):not(.fusion-rollover-link):not(.fusion-rollover-gallery):not(.fusion-button-bar):not(.add_to_cart_button):not(.show_details_button):not(.product_type_external):not(.fusion-quick-view):not(.fusion-rollover-title-link):not(.fusion-breadcrumb-link):hover:before, .fusion-fullwidth.fusion-builder-row-8 a:not(.fusion-button):not(.fusion-builder-module-control):not(.fusion-social-network-icon):not(.fb-icon-element):not(.fusion-countdown-link):not(.fusion-rollover-link):not(.fusion-rollover-gallery):not(.fusion-button-bar):not(.add_to_cart_button):not(.show_details_button):not(.product_type_external):not(.fusion-quick-view):not(.fusion-rollover-title-link):not(.fusion-breadcrumb-link):hover:after {color: #549f97;}.fusion-fullwidth.fusion-builder-row-8 .pagination a.inactive:hover, .fusion-fullwidth.fusion-builder-row-8 .fusion-filters .fusion-filter.fusion-active a {border-color: #549f97;}.fusion-fullwidth.fusion-builder-row-8 .pagination .current {border-color: #549f97; background-color: #549f97;}.fusion-fullwidth.fusion-builder-row-8 .fusion-filters .fusion-filter.fusion-active a, .fusion-fullwidth.fusion-builder-row-8 .fusion-date-and-formats .fusion-format-box, .fusion-fullwidth.fusion-builder-row-8 .fusion-popover, .fusion-fullwidth.fusion-builder-row-8 .tooltip-shortcode {color: #549f97;}#main .fusion-fullwidth.fusion-builder-row-8 .post .blog-shortcode-post-title a:hover {color: #549f97;}<\/style>","protected":false},"excerpt":{"rendered":"","protected":false},"author":4,"featured_media":0,"parent":0,"menu_order":0,"comment_status":"closed","ping_status":"closed","template":"","meta":{"footnotes":""},"class_list":["post-2967","page","type-page","status-publish","hentry"],"yoast_head":"<!-- This site is optimized with the Yoast SEO plugin v24.1 - https:\/\/yoast.com\/wordpress\/plugins\/seo\/ -->\n<title><\/title>\n<meta name=\"robots\" content=\"index, follow, max-snippet:-1, max-image-preview:large, max-video-preview:-1\" \/>\n<link rel=\"canonical\" href=\"https:\/\/lialawyers.com\/labour-law\/\" \/>\n<meta property=\"og:locale\" content=\"en_US\" \/>\n<meta property=\"og:type\" content=\"article\" \/>\n<meta property=\"og:title\" content=\"[:es]Relaciones Laborales y RRHH[:en]Labour Law[:fr]Conseil en ressources humaines[:] - LIA\" \/>\n<meta property=\"og:url\" content=\"https:\/\/lialawyers.com\/labour-law\/\" \/>\n<meta property=\"og:site_name\" content=\"LIA\" \/>\n<meta property=\"article:modified_time\" content=\"2024-12-20T17:36:50+00:00\" \/>\n<meta property=\"og:image\" content=\"https:\/\/lialawyers.com\/wp-content\/uploads\/2020\/10\/logo_og_image.png\" \/>\n\t<meta property=\"og:image:width\" content=\"1200\" \/>\n\t<meta property=\"og:image:height\" content=\"628\" \/>\n\t<meta property=\"og:image:type\" content=\"image\/png\" \/>\n<meta name=\"twitter:card\" content=\"summary_large_image\" \/>\n<meta name=\"twitter:label1\" content=\"Est. reading time\" \/>\n\t<meta name=\"twitter:data1\" content=\"28 minutes\" \/>\n<script type=\"application\/ld+json\" class=\"yoast-schema-graph\">{\"@context\":\"https:\/\/schema.org\",\"@graph\":[{\"@type\":\"WebPage\",\"@id\":\"https:\/\/lialawyers.com\/labour-law\/\",\"url\":\"https:\/\/lialawyers.com\/labour-law\/\",\"name\":\"[:es]Relaciones Laborales y RRHH[:en]Labour Law[:fr]Conseil en ressources humaines[:] - LIA\",\"isPartOf\":{\"@id\":\"https:\/\/lialawyers.com\/de\/#website\"},\"datePublished\":\"2020-11-13T10:02:05+00:00\",\"dateModified\":\"2024-12-20T17:36:50+00:00\",\"breadcrumb\":{\"@id\":\"https:\/\/lialawyers.com\/labour-law\/#breadcrumb\"},\"inLanguage\":\"no-NO\",\"potentialAction\":[{\"@type\":\"ReadAction\",\"target\":[\"https:\/\/lialawyers.com\/labour-law\/\"]}]},{\"@type\":\"BreadcrumbList\",\"@id\":\"https:\/\/lialawyers.com\/labour-law\/#breadcrumb\",\"itemListElement\":[{\"@type\":\"ListItem\",\"position\":1,\"name\":\"Home\",\"item\":\"https:\/\/lialawyers.com\/\"},{\"@type\":\"ListItem\",\"position\":2,\"name\":\"Relaciones Laborales y RRHH\"}]},{\"@type\":\"WebSite\",\"@id\":\"https:\/\/lialawyers.com\/de\/#website\",\"url\":\"https:\/\/lialawyers.com\/de\/\",\"name\":\"LIA\",\"description\":\"Law Inheritance Advisors\",\"publisher\":{\"@id\":\"https:\/\/lialawyers.com\/de\/#organization\"},\"potentialAction\":[{\"@type\":\"SearchAction\",\"target\":{\"@type\":\"EntryPoint\",\"urlTemplate\":\"https:\/\/lialawyers.com\/de\/?s={search_term_string}\"},\"query-input\":{\"@type\":\"PropertyValueSpecification\",\"valueRequired\":true,\"valueName\":\"search_term_string\"}}],\"inLanguage\":\"no-NO\"},{\"@type\":\"Organization\",\"@id\":\"https:\/\/lialawyers.com\/de\/#organization\",\"name\":\"Lia Lawyers\",\"url\":\"https:\/\/lialawyers.com\/de\/\",\"logo\":{\"@type\":\"ImageObject\",\"inLanguage\":\"no-NO\",\"@id\":\"https:\/\/lialawyers.com\/de\/#\/schema\/logo\/image\/\",\"url\":\"https:\/\/lialawyers.com\/wp-content\/uploads\/2020\/10\/logo_og_image.png\",\"contentUrl\":\"https:\/\/lialawyers.com\/wp-content\/uploads\/2020\/10\/logo_og_image.png\",\"width\":1200,\"height\":628,\"caption\":\"Lia Lawyers\"},\"image\":{\"@id\":\"https:\/\/lialawyers.com\/de\/#\/schema\/logo\/image\/\"}}]}<\/script>\n<!-- \/ Yoast SEO plugin. -->","yoast_head_json":{"title":"[:es]Relaciones Laborales y RRHH[:en]Labour Law[:fr]Conseil en ressources humaines[:] - LIA","robots":{"index":"index","follow":"follow","max-snippet":"max-snippet:-1","max-image-preview":"max-image-preview:large","max-video-preview":"max-video-preview:-1"},"canonical":"https:\/\/lialawyers.com\/labour-law\/","og_locale":"en_US","og_type":"article","og_title":"[:es]Relaciones Laborales y RRHH[:en]Labour Law[:fr]Conseil en ressources humaines[:] - LIA","og_url":"https:\/\/lialawyers.com\/labour-law\/","og_site_name":"LIA","article_modified_time":"2024-12-20T17:36:50+00:00","og_image":[{"width":1200,"height":628,"url":"https:\/\/lialawyers.com\/wp-content\/uploads\/2020\/10\/logo_og_image.png","type":"image\/png"}],"twitter_card":"summary_large_image","twitter_misc":{"Est. reading time":"28 minutes"},"schema":{"@context":"https:\/\/schema.org","@graph":[{"@type":"WebPage","@id":"https:\/\/lialawyers.com\/labour-law\/","url":"https:\/\/lialawyers.com\/labour-law\/","name":"[:es]Relaciones Laborales y RRHH[:en]Labour Law[:fr]Conseil en ressources humaines[:] - LIA","isPartOf":{"@id":"https:\/\/lialawyers.com\/de\/#website"},"datePublished":"2020-11-13T10:02:05+00:00","dateModified":"2024-12-20T17:36:50+00:00","breadcrumb":{"@id":"https:\/\/lialawyers.com\/labour-law\/#breadcrumb"},"inLanguage":"no-NO","potentialAction":[{"@type":"ReadAction","target":["https:\/\/lialawyers.com\/labour-law\/"]}]},{"@type":"BreadcrumbList","@id":"https:\/\/lialawyers.com\/labour-law\/#breadcrumb","itemListElement":[{"@type":"ListItem","position":1,"name":"Home","item":"https:\/\/lialawyers.com\/"},{"@type":"ListItem","position":2,"name":"Relaciones Laborales y RRHH"}]},{"@type":"WebSite","@id":"https:\/\/lialawyers.com\/de\/#website","url":"https:\/\/lialawyers.com\/de\/","name":"LIA","description":"Law Inheritance Advisors","publisher":{"@id":"https:\/\/lialawyers.com\/de\/#organization"},"potentialAction":[{"@type":"SearchAction","target":{"@type":"EntryPoint","urlTemplate":"https:\/\/lialawyers.com\/de\/?s={search_term_string}"},"query-input":{"@type":"PropertyValueSpecification","valueRequired":true,"valueName":"search_term_string"}}],"inLanguage":"no-NO"},{"@type":"Organization","@id":"https:\/\/lialawyers.com\/de\/#organization","name":"Lia Lawyers","url":"https:\/\/lialawyers.com\/de\/","logo":{"@type":"ImageObject","inLanguage":"no-NO","@id":"https:\/\/lialawyers.com\/de\/#\/schema\/logo\/image\/","url":"https:\/\/lialawyers.com\/wp-content\/uploads\/2020\/10\/logo_og_image.png","contentUrl":"https:\/\/lialawyers.com\/wp-content\/uploads\/2020\/10\/logo_og_image.png","width":1200,"height":628,"caption":"Lia Lawyers"},"image":{"@id":"https:\/\/lialawyers.com\/de\/#\/schema\/logo\/image\/"}}]}},"_links":{"self":[{"href":"https:\/\/lialawyers.com\/no\/wp-json\/wp\/v2\/pages\/2967","targetHints":{"allow":["GET"]}}],"collection":[{"href":"https:\/\/lialawyers.com\/no\/wp-json\/wp\/v2\/pages"}],"about":[{"href":"https:\/\/lialawyers.com\/no\/wp-json\/wp\/v2\/types\/page"}],"author":[{"embeddable":true,"href":"https:\/\/lialawyers.com\/no\/wp-json\/wp\/v2\/users\/4"}],"replies":[{"embeddable":true,"href":"https:\/\/lialawyers.com\/no\/wp-json\/wp\/v2\/comments?post=2967"}],"version-history":[{"count":25,"href":"https:\/\/lialawyers.com\/no\/wp-json\/wp\/v2\/pages\/2967\/revisions"}],"predecessor-version":[{"id":3023,"href":"https:\/\/lialawyers.com\/no\/wp-json\/wp\/v2\/pages\/2967\/revisions\/3023"}],"wp:attachment":[{"href":"https:\/\/lialawyers.com\/no\/wp-json\/wp\/v2\/media?parent=2967"}],"curies":[{"name":"wp","href":"https:\/\/api.w.org\/{rel}","templated":true}]}}