{"id":2079,"date":"2016-10-18T18:12:02","date_gmt":"2016-10-18T17:12:02","guid":{"rendered":"http:\/\/lialawyers.com\/?page_id=2079"},"modified":"2025-11-03T16:27:00","modified_gmt":"2025-11-03T16:27:00","slug":"about-us","status":"publish","type":"page","link":"https:\/\/lialawyers.com\/sv\/about-us\/","title":{"rendered":"(Espa\u00f1ol) Sobre Nosotros"},"content":{"rendered":"<div class=\"fusion-fullwidth fullwidth-box fusion-builder-row-6 nonhundred-percent-fullwidth non-hundred-percent-height-scrolling\"  style='background-color: rgba(255,255,255,0);background-position: center center;background-repeat: no-repeat;padding-top:0px;padding-right:0px;padding-bottom:0px;padding-left:0px;'><div class=\"fusion-builder-row fusion-row \"><div  class=\"fusion-layout-column fusion_builder_column fusion_builder_column_1_1 fusion-builder-column-5 fusion-one-full fusion-column-first fusion-column-last 1_1\"  style='margin-top:0px;margin-bottom:0px;'><div class=\"fusion-column-wrapper\" style=\"padding: 0px 0px 0px 0px;background-position:left top;background-repeat:no-repeat;-webkit-background-size:cover;-moz-background-size:cover;-o-background-size:cover;background-size:cover;\"   data-bg-url=\"\"><style type=\"text\/css\">@media only screen and (max-width:800px) {.fusion-title.fusion-title-4{margin-top:10px!important;margin-bottom:10px!important;}}<\/style><div class=\"fusion-title title fusion-title-4 fusion-title-text fusion-title-size-one\" style=\"margin-top:10px;margin-bottom:15px;\"><h1 class=\"title-heading-left\" style=\"margin:0;\">Om Oss<\/h1><div class=\"title-sep-container\"><div class=\"title-sep sep-double sep-solid\" style=\"border-color:#e2e2e2;\"><\/div><\/div><\/div><div class=\"fusion-text\"><div style=\"width: 100%;\">\n<div id=\"desi\" style=\"float: left; width: 300px; position: relative;\">\n<div class=\"panel\" style=\"display: none; height: 0px; position: absolute; width: 100%; left: 0; bottom: 0; background-color: rgba(255, 255, 255, 0.6); text-align: center; line-height: 16px; padding-top: 10px; font-weight: bold;\">D\u00e9sir\u00e9e<br \/>\nLawyer<\/div>\n<div style=\"height: 300px; width: 300px; margin: 0; padding: 0;\"><video style=\"z-index: 1111; display: none;\" muted=\"\" width=\"300\" height=\"300\"><source src=\"\/wp-content\/uploads\/2020\/07\/IMG_8638.mov\" \/>Your browser does not support the video tag.<\/video><img decoding=\"async\" style=\"z-index: 999; display: block; width: 300px; height: 300px;\" src=\"\/wp-content\/uploads\/2020\/07\/desi.png\" \/><\/div>\n<\/div>\n<div style=\"float: left; width: 600px; position: relative; text-align: justify;\">Lia Law Independent Advisors, S.L. \u00e4r en sj\u00e4lvstyrd (autonom) advokatbyr\u00e5, bildad av ett team yrkesverksamma som har som syfte att erbjuda en omfattande personlig, klientinriktad, h\u00f6gkvalitativ, juridisk och skatteservice.<br \/>\nAtt skydda kundens intressen, se till att de \u00e4r v\u00e4linformerade och uppdaterade i alla led. Att uppn\u00e5 b\u00e4sta m\u00f6jliga resultat och l\u00f6sa eventuella problem p\u00e5 ett professionellt, tillf\u00f6rlitligt och \u00f6ppet s\u00e4tt f\u00f6r att kunden skall kunna k\u00e4nna trygghet och sinnesro. Vi ser till att kunden k\u00e4nner sig obesv\u00e4rad n\u00e4r denne beh\u00f6ver hj\u00e4lp och ger korrekt juridisk eller skatter\u00e5dgivning. Vi erbjuder \u00e4ven en gratis f\u00f6rsta konsultation och g\u00f6r hembes\u00f6k vid behov.<br \/>\nVi h\u00e5ller till p\u00e5 Alicantes kust och representerar och ger r\u00e5d till kunder v\u00e4rlden \u00f6ver, enskilda personer, internationella investerare av alla nationaliteter oavsett om de \u00e4r bosatta eller inte i omr\u00e5det.<\/div>\n<div id=\"toni\" style=\"float: right; width: 300px; position: relative;\">\n<div class=\"panel\" style=\"display: none; height: 0px; position: absolute; width: 100%; left: 0; bottom: 0; background-color: rgba(255, 255, 255, 0.6); text-align: center; line-height: 16px; padding-top: 10px; font-weight: bold;\">Antonio<br \/>\nCEO<\/div>\n<div style=\"height: 300px; width: 300px; margin: 0; padding: 0;\"><video style=\"z-index: 1111; display: none;\" muted=\"\" width=\"300\" height=\"300\"><source src=\"\/wp-content\/uploads\/2020\/07\/IMG_8646.mov\" \/>Your browser does not support the video tag.<\/video><img decoding=\"async\" style=\"z-index: 999; display: block; width: 300px; height: 300px;\" src=\"\/wp-content\/uploads\/2020\/07\/toni.png\" \/><\/div>\n<\/div>\n<\/div>\n<div style=\"clear: both;\"><\/div>\n<div style=\"float: left; width: 100%; position: relative; text-align: justify;\">\n<p>V\u00e5ra professionella tj\u00e4nster t\u00e4cker ett brett spektrum: civilr\u00e4tt (omfattar alla aspekter av familjer\u00e4tt), och straffr\u00e4tt, handelsr\u00e4tt (skapande av f\u00f6retag, konkursf\u00f6rfaranden); invandringslag (NIE, residencia, samt andra officiella dokument), fastighetsr\u00e4tt (f\u00f6rmedling och skatter\u00e5dgivning n\u00e4r man investerar i Spanien), arvsr\u00e4tt (testamente och testamentef\u00f6rfaranden), hantering av r\u00e4ttsliga tvister ing\u00e5r i ovann\u00e4mnda omr\u00e5den.<br \/>\nDe mest f\u00f6rekommande procedurerna inom vilka vi \u00e4r specialiserade \u00e4r; skilsm\u00e4ssor, utvisnings\u00e4renden, f\u00f6rsvar inom straffr\u00e4tt n\u00e4r det involverar h\u00f6g alkoholniv\u00e5, betalningskrav och reklamationer av byggfel.<br \/>\nSkatterepresentation f\u00f6r icke-residenta ing\u00e5r \u00e4ven inom v\u00e5rt kompetensomr\u00e5de; support tillhandah\u00e5lls i relation med tillh\u00f6rande administrativa uppgifter, officiella \u00f6vers\u00e4ttningar och p\u00e5 kunden beg\u00e4ran, nyckelbevaring om n\u00f6dv\u00e4ndigt.<\/p>\n<\/div>\n<\/div>\n<div style=\"clear: both;\"><\/div>\n<\/div><div class=\"fusion-text\"><p>Vi ger begriplig och tydlig information vad det g\u00e4ller alla kostnader och v\u00e5ra juridiska avgifter klar och vi anser att v\u00e5rt f\u00f6retag \u00e4r f\u00f6rdomsfritt vilket \u00e4r viktigt f\u00f6r att kunna ha en effektiv och reell kommunikation med kunden. Inga dolda kostnader, expertr\u00e5d och gratis inledande konsultation och v\u00e4gledning.<\/p>\n<p>Grunden f\u00f6r v\u00e5rt f\u00f6retag och service bygger p\u00e5 sex principer:<\/p>\n<\/div><div class=\"fusion-flip-boxes flip-boxes row fusion-columns-3 flip-effect-classic equal-heights\"><div class=\"fusion-flip-box-wrapper fusion-column col-lg-4 col-md-4 col-sm-4\"><div class=\"fusion-flip-box flip-right fusion-animated\" data-animationType=\"zoomInLeft\" data-animationDuration=\"0.1\" data-animationOffset=\"100%\"><div class=\"flip-box-inner-wrapper\"><div class=\"flip-box-front\" style=\"background-color:#212934;border-color:rgba(0,0,0,0);border-radius:6px;border-style:solid;border-width:1px;color:#4a4e57;transition-duration:0.8s;background-image: url(&#039;http:\/\/lialawyers.com\/wp-content\/uploads\/2020\/05\/IMG_4835-scaled.jpg&#039;);\"><div class=\"flip-box-front-inner\"><h2 class=\"flip-box-heading without-text\" style=\"color:#ffffff;\">F\u00d6RETAGSAMHET<\/h2><\/div><\/div><div class=\"flip-box-back\" style=\"background-color:#519998;border-color:rgba(0,0,0,0);border-radius:6px;border-style:solid;border-width:1px;color:rgba(255,255,255,0.8);transition-duration:0.8s;\"><div class=\"flip-box-back-inner\"><h3 class=\"flip-box-heading-back\" style=\"color:#ffffff;\">F\u00d6RETAGSAMHET<\/h3>\n<p>Stor vikt l\u00e4ggs p\u00e5 att uppr\u00e4tth\u00e5lla en tydlig och klar kontakt och kommunikation med kunden och teamet alltid f\u00f6rser denne med absolut och effektiv support i anf\u00f6rtrodda uppdrag.<\/p>\n<\/div><\/div><\/div><\/div><\/div><div class=\"fusion-flip-box-wrapper fusion-column col-lg-4 col-md-4 col-sm-4\"><div class=\"fusion-flip-box flip-right fusion-animated\" data-animationType=\"zoomInLeft\" data-animationDuration=\"0.1\" data-animationOffset=\"100%\"><div class=\"flip-box-inner-wrapper\"><div class=\"flip-box-front\" style=\"background-color:#212934;border-color:rgba(0,0,0,0);border-radius:6px;border-style:solid;border-width:1px;color:#4a4e57;transition-duration:0.8s;background-image: url(&#039;http:\/\/lialawyers.com\/wp-content\/uploads\/2020\/05\/IMG_5692-scaled.jpg&#039;);\"><div class=\"flip-box-front-inner\"><h2 class=\"flip-box-heading without-text\" style=\"color:#ffffff;\">KOMMUNIKATION<\/h2><\/div><\/div><div class=\"flip-box-back\" style=\"background-color:#519998;border-color:rgba(0,0,0,0);border-radius:6px;border-style:solid;border-width:1px;color:rgba(255,255,255,0.8);transition-duration:0.8s;\"><div class=\"flip-box-back-inner\"><h3 class=\"flip-box-heading-back\" style=\"color:#ffffff;\">KOMMUNIKATION<\/h3>\n<p>Kundv\u00e5rd \u00e4r av st\u00f6rsta vikt hos oss p\u00e5 Lia Law Independent Advisors, S.L. V\u00e5rt f\u00f6retag f\u00f6rst\u00e5r vikten av att h\u00e5lla v\u00e5ra kunder informerade och uppdaterade om deras uppdrag och teamet.<\/p>\n<\/div><\/div><\/div><\/div><\/div><div class=\"fusion-flip-box-wrapper fusion-column col-lg-4 col-md-4 col-sm-4\"><div class=\"fusion-flip-box flip-right fusion-animated\" data-animationType=\"zoomInLeft\" data-animationDuration=\"0.1\" data-animationOffset=\"100%\"><div class=\"flip-box-inner-wrapper\"><div class=\"flip-box-front\" style=\"background-color:#212934;border-color:rgba(0,0,0,0);border-radius:6px;border-style:solid;border-width:1px;color:#4a4e57;transition-duration:0.8s;background-image: url(&#039;http:\/\/lialawyers.com\/wp-content\/uploads\/2020\/05\/IMG_5655-scaled.jpg&#039;);\"><div class=\"flip-box-front-inner\"><h2 class=\"flip-box-heading without-text\" style=\"color:#ffffff;\">SPESIALISERING<\/h2><\/div><\/div><div class=\"flip-box-back\" style=\"background-color:#519998;border-color:rgba(0,0,0,0);border-radius:6px;border-style:solid;border-width:1px;color:rgba(255,255,255,0.8);transition-duration:0.8s;\"><div class=\"flip-box-back-inner\"><h3 class=\"flip-box-heading-back\" style=\"color:#ffffff;\">SPESIALISERING<\/h3>\n<p>Vi gratulerar oss sj\u00e4lva f\u00f6r att ha byggt ett operativt partnern\u00e4tverk av skickliga oberoende advokater, inom de olika juridiska expertisomr\u00e5dena som g\u00f6r det m\u00f6jligt att bilda ett perfekt anpassat team till varje uppdrag. Denna arbetsmetod g\u00f6r det m\u00f6jligt att kunna r\u00e4kna med en h\u00f6g kunskapsniv\u00e5 vid planl\u00e4ggningen av uppdraget vilket resulterar i att r\u00e5dgivningen blir av mycket h\u00f6g kvalit\u00e9 inom vilket specifikt civil- eller straffr\u00e4ttsligt omr\u00e5de det \u00e4n g\u00e4ller.<\/p>\n<\/div><\/div><\/div><\/div><\/div><div class=\"fusion-flip-box-wrapper fusion-column col-lg-4 col-md-4 col-sm-4\"><div class=\"fusion-flip-box flip-right fusion-animated\" data-animationType=\"zoomInLeft\" data-animationDuration=\"0.1\" data-animationOffset=\"100%\"><div class=\"flip-box-inner-wrapper\"><div class=\"flip-box-front\" style=\"background-color:#212934;border-color:rgba(0,0,0,0);border-radius:6px;border-style:solid;border-width:1px;color:#4a4e57;transition-duration:0.8s;background-image: url(&#039;http:\/\/lialawyers.com\/wp-content\/uploads\/2020\/05\/IMG_5701-scaled.jpg&#039;);\"><div class=\"flip-box-front-inner\"><h2 class=\"flip-box-heading without-text\" style=\"color:#ffffff;\">LAGARBETE<\/h2><\/div><\/div><div class=\"flip-box-back\" style=\"background-color:#519998;border-color:rgba(0,0,0,0);border-radius:6px;border-style:solid;border-width:1px;color:rgba(255,255,255,0.8);transition-duration:0.8s;\"><div class=\"flip-box-back-inner\"><h3 class=\"flip-box-heading-back\" style=\"color:#ffffff;\">LAGARBETE<\/h3>\n<p>Vi har ett tjat team som under m\u00e5nga \u00e5r samlat p\u00e5 sig erfarenhet av kundomh\u00e4ndertagande. Vi gl\u00e4der oss att vara experter inom v\u00e5rt omr\u00e5de och att f\u00e5 arbeta tillsammans f\u00f6r att ytterligare f\u00f6rb\u00e4ttra kvalit\u00e9n p\u00e5 v\u00e5r service och tj\u00e4nster och att arbeta kunna arbeta utifr\u00e5n ett innovativt t\u00e4nkande och skr\u00e4ddarsy strategier.<\/p>\n<\/div><\/div><\/div><\/div><\/div><div class=\"fusion-flip-box-wrapper fusion-column col-lg-4 col-md-4 col-sm-4\"><div class=\"fusion-flip-box flip-right fusion-animated\" data-animationType=\"zoomInLeft\" data-animationDuration=\"0.1\" data-animationOffset=\"100%\"><div class=\"flip-box-inner-wrapper\"><div class=\"flip-box-front\" style=\"background-color:#212934;border-color:rgba(0,0,0,0);border-radius:6px;border-style:solid;border-width:1px;color:#4a4e57;transition-duration:0.8s;background-image: url(&#039;http:\/\/lialawyers.com\/wp-content\/uploads\/2020\/07\/honestidad2.jpg&#039;);\"><div class=\"flip-box-front-inner\"><h2 class=\"flip-box-heading without-text\" style=\"color:#ffffff;\">\u00c4RLIGHET<\/h2><\/div><\/div><div class=\"flip-box-back\" style=\"background-color:#519998;border-color:rgba(0,0,0,0);border-radius:6px;border-style:solid;border-width:1px;color:rgba(255,255,255,0.8);transition-duration:0.8s;\"><div class=\"flip-box-back-inner\"><h3 class=\"flip-box-heading-back\" style=\"color:#ffffff;\">\u00c4RLIGHET<\/h3>\n<p>P\u00e5 f\u00f6retaget s\u00e5 arbetar vi efter advokatf\u00f6reningens etiska kod och tar konfidentialitet p\u00e5 stort allvar. Alla n\u00f6dv\u00e4ndiga s\u00e4kerhets\u00e5tg\u00e4rder tas f\u00f6r att garantera att all dokumentation och korrespondens \u00e4r skyddad. Integriteten och f\u00f6rtroendet uppr\u00e4tth\u00e5lls f\u00f6r att f\u00f6lja b\u00e4sta praxis.<\/p>\n<\/div><\/div><\/div><\/div><\/div><div class=\"fusion-flip-box-wrapper fusion-column col-lg-4 col-md-4 col-sm-4\"><div class=\"fusion-flip-box flip-right fusion-animated\" data-animationType=\"zoomInLeft\" data-animationDuration=\"0.1\" data-animationOffset=\"100%\"><div class=\"flip-box-inner-wrapper\"><div class=\"flip-box-front\" style=\"background-color:#212934;border-color:rgba(0,0,0,0);border-radius:6px;border-style:solid;border-width:1px;color:#4a4e57;transition-duration:0.8s;background-image: url(&#039;http:\/\/lialawyers.com\/wp-content\/uploads\/2020\/07\/responsibility-scaled.jpg&#039;);\"><div class=\"flip-box-front-inner\"><h2 class=\"flip-box-heading without-text\" style=\"color:#ffffff;\">ANSVAR<\/h2><\/div><\/div><div class=\"flip-box-back\" style=\"background-color:#519998;border-color:rgba(0,0,0,0);border-radius:6px;border-style:solid;border-width:1px;color:rgba(255,255,255,0.8);transition-duration:0.8s;\"><div class=\"flip-box-back-inner\"><h3 class=\"flip-box-heading-back\" style=\"color:#ffffff;\">ANSVAR<\/h3>\n<p>V\u00e5ra advokater regleras av \u201cColegio de Abogados\u201d och vi har en genuin vilja att ge v\u00e5ra kunder samma engagemang, omsorg och expertis.<\/p>\n<\/div><\/div><\/div><\/div><\/div><\/div><div class=\"fusion-clearfix\"><\/div><div class=\"fusion-text\"><p style=\"text-align: justify;\"><div class=\"row \"><\/div><!-- .row (end) -->\n<div class=\"span12 \">\n<p><center><iframe loading=\"lazy\" src=\"https:\/\/www.google.com\/maps\/d\/embed?mid=1FYPrjAI0vx-42jnYN15Ff8Ctec4\" width=\"100%\" height=\"400\"><\/iframe><\/center><\/p>\n<p style=\"text-align: justify;\"><div class=\"spacer\"><\/div><!-- .spacer (end) --><\/div>\n<div class=\"span4 \">\n<h2 style=\"text-align: justify;\">Kontaktinformation<\/h2>\n<p style=\"text-align: justify;\"><address>\n<span style=\"color: #000000;\"><strong>Adress 1<\/strong><br \/>\nc\/ Fot\u00f3grafos Darblade 16 3\u00ba A<br \/>\n03181 \u00a0Torrevieja,<br \/>\nAlicante - Espa\u00f1a.<\/span><\/p>\n<p><span style=\"color: #000000;\"><strong>Adress 2<\/strong><br \/>\nAvenida de las Adelfas 6, apto 189<br \/>\nDehesa de Campoaomor,<br \/>\n03189 Orihuela Costa,<br \/>\nAlicante - Espa\u00f1a.<\/span><\/p>\n<p style=\"text-align: justify;\"><span style=\"color: #000000;\">ESPA\u00d1A: 960 62 75 04<\/span><\/p>\n<p style=\"text-align: justify;\"><span style=\"color: #000000;\"> E-mail: <a style=\"color: #000000;\" href=\"mailto:info@lialawyers.com\">info@lialawyers.com<\/a><\/span><\/address><!-- address (end) --><\/div>\n<div class=\"span8 \"><\/div><\/p>\n<h2 style=\"text-align: justify;\">Kontaktformul\u00e4r<\/h2>\n<\/div>\n<div class=\"wpcf7 no-js\" id=\"wpcf7-f2072-o4\" lang=\"en-GB\" dir=\"ltr\" data-wpcf7-id=\"2072\">\n<div class=\"screen-reader-response\"><p role=\"status\" aria-live=\"polite\" aria-atomic=\"true\"><\/p> <ul><\/ul><\/div>\n<form action=\"\/sv\/wp-json\/wp\/v2\/pages\/2079#wpcf7-f2072-o4\" method=\"post\" class=\"wpcf7-form init\" aria-label=\"Contact form\" novalidate=\"novalidate\" data-status=\"init\">\n<div style=\"display: none;\">\n<input type=\"hidden\" name=\"_wpcf7\" value=\"2072\" \/>\n<input type=\"hidden\" name=\"_wpcf7_version\" value=\"6.0.1\" \/>\n<input type=\"hidden\" name=\"_wpcf7_locale\" value=\"en_GB\" \/>\n<input type=\"hidden\" name=\"_wpcf7_unit_tag\" value=\"wpcf7-f2072-o4\" \/>\n<input type=\"hidden\" name=\"_wpcf7_container_post\" value=\"0\" \/>\n<input type=\"hidden\" name=\"_wpcf7_posted_data_hash\" value=\"\" \/>\n<\/div>\n<p><label> <span id=\"name\">Your Name (required)<\/span><br \/>\n<span class=\"wpcf7-form-control-wrap\" data-name=\"your-name\"><input size=\"40\" maxlength=\"400\" class=\"wpcf7-form-control wpcf7-text wpcf7-validates-as-required\" aria-required=\"true\" aria-invalid=\"false\" value=\"\" type=\"text\" name=\"your-name\" \/><\/span> <\/label>\n<\/p>\n<p><label> <span id=\"email\">Your Email (required)<\/span><br \/>\n<span class=\"wpcf7-form-control-wrap\" data-name=\"your-email\"><input size=\"40\" maxlength=\"400\" class=\"wpcf7-form-control wpcf7-email wpcf7-validates-as-required wpcf7-text wpcf7-validates-as-email\" aria-required=\"true\" aria-invalid=\"false\" value=\"\" type=\"email\" name=\"your-email\" \/><\/span> <\/label>\n<\/p>\n<p><label> <span id=\"message\">Your Message<\/span><br \/>\n<span class=\"wpcf7-form-control-wrap\" data-name=\"your-message\"><textarea cols=\"40\" rows=\"10\" maxlength=\"2000\" class=\"wpcf7-form-control wpcf7-textarea\" aria-invalid=\"false\" name=\"your-message\"><\/textarea><\/span> <\/label>\n<\/p>\n<p><input class=\"wpcf7-form-control wpcf7-submit has-spinner\" type=\"submit\" value=\"Send\" \/>\n<\/p><div class=\"fusion-alert alert custom alert-custom fusion-alert-center wpcf7-response-output alert-dismissable\" style=\"border-width:1px;\"><button type=\"button\" class=\"close toggle-alert\" data-dismiss=\"alert\" aria-hidden=\"true\">&times;<\/button><div class=\"fusion-alert-content-wrapper\"><span class=\"fusion-alert-content\"><\/span><\/div><\/div>\n<\/form>\n<\/div>\n<div class=\"fusion-clearfix\"><\/div><\/div><\/div><\/div><\/div>","protected":false},"excerpt":{"rendered":"","protected":false},"author":4,"featured_media":0,"parent":0,"menu_order":0,"comment_status":"closed","ping_status":"closed","template":"","meta":{"footnotes":""},"class_list":["post-2079","page","type-page","status-publish","hentry"],"yoast_head":"<!-- This site is optimized with the Yoast SEO plugin v24.1 - https:\/\/yoast.com\/wordpress\/plugins\/seo\/ -->\n<title><\/title>\n<meta name=\"robots\" content=\"index, follow, max-snippet:-1, max-image-preview:large, max-video-preview:-1\" \/>\n<link rel=\"canonical\" href=\"https:\/\/lialawyers.com\/about-us\/\" \/>\n<meta property=\"og:locale\" content=\"sv_SE\" \/>\n<meta property=\"og:type\" content=\"article\" \/>\n<meta property=\"og:title\" content=\"[:es]Sobre Nosotros[:en]About Us[:de]Aboutus[:] - LIA\" \/>\n<meta property=\"og:url\" content=\"https:\/\/lialawyers.com\/about-us\/\" \/>\n<meta property=\"og:site_name\" content=\"LIA\" \/>\n<meta property=\"article:modified_time\" content=\"2025-11-03T16:27:00+00:00\" \/>\n<meta property=\"og:image\" content=\"https:\/\/lialawyers.com\/wp-content\/uploads\/2020\/10\/logo_og_image.png\" \/>\n\t<meta property=\"og:image:width\" content=\"1200\" \/>\n\t<meta property=\"og:image:height\" content=\"628\" \/>\n\t<meta property=\"og:image:type\" content=\"image\/png\" \/>\n<meta name=\"twitter:card\" content=\"summary_large_image\" \/>\n<meta name=\"twitter:label1\" content=\"Ber\u00e4knad l\u00e4stid\" \/>\n\t<meta name=\"twitter:data1\" content=\"32 minuter\" \/>\n<script type=\"application\/ld+json\" class=\"yoast-schema-graph\">{\"@context\":\"https:\/\/schema.org\",\"@graph\":[{\"@type\":\"WebPage\",\"@id\":\"https:\/\/lialawyers.com\/about-us\/\",\"url\":\"https:\/\/lialawyers.com\/about-us\/\",\"name\":\"[:es]Sobre Nosotros[:en]About Us[:de]Aboutus[:] - LIA\",\"isPartOf\":{\"@id\":\"https:\/\/lialawyers.com\/de\/#website\"},\"datePublished\":\"2016-10-18T17:12:02+00:00\",\"dateModified\":\"2025-11-03T16:27:00+00:00\",\"breadcrumb\":{\"@id\":\"https:\/\/lialawyers.com\/about-us\/#breadcrumb\"},\"inLanguage\":\"sv-SE\",\"potentialAction\":[{\"@type\":\"ReadAction\",\"target\":[\"https:\/\/lialawyers.com\/about-us\/\"]}]},{\"@type\":\"BreadcrumbList\",\"@id\":\"https:\/\/lialawyers.com\/about-us\/#breadcrumb\",\"itemListElement\":[{\"@type\":\"ListItem\",\"position\":1,\"name\":\"Home\",\"item\":\"https:\/\/lialawyers.com\/\"},{\"@type\":\"ListItem\",\"position\":2,\"name\":\"About Us\"}]},{\"@type\":\"WebSite\",\"@id\":\"https:\/\/lialawyers.com\/de\/#website\",\"url\":\"https:\/\/lialawyers.com\/de\/\",\"name\":\"LIA\",\"description\":\"Law Inheritance Advisors\",\"publisher\":{\"@id\":\"https:\/\/lialawyers.com\/de\/#organization\"},\"potentialAction\":[{\"@type\":\"SearchAction\",\"target\":{\"@type\":\"EntryPoint\",\"urlTemplate\":\"https:\/\/lialawyers.com\/de\/?s={search_term_string}\"},\"query-input\":{\"@type\":\"PropertyValueSpecification\",\"valueRequired\":true,\"valueName\":\"search_term_string\"}}],\"inLanguage\":\"sv-SE\"},{\"@type\":\"Organization\",\"@id\":\"https:\/\/lialawyers.com\/de\/#organization\",\"name\":\"Lia Lawyers\",\"url\":\"https:\/\/lialawyers.com\/de\/\",\"logo\":{\"@type\":\"ImageObject\",\"inLanguage\":\"sv-SE\",\"@id\":\"https:\/\/lialawyers.com\/de\/#\/schema\/logo\/image\/\",\"url\":\"https:\/\/lialawyers.com\/wp-content\/uploads\/2020\/10\/logo_og_image.png\",\"contentUrl\":\"https:\/\/lialawyers.com\/wp-content\/uploads\/2020\/10\/logo_og_image.png\",\"width\":1200,\"height\":628,\"caption\":\"Lia Lawyers\"},\"image\":{\"@id\":\"https:\/\/lialawyers.com\/de\/#\/schema\/logo\/image\/\"}}]}<\/script>\n<!-- \/ Yoast SEO plugin. -->","yoast_head_json":{"title":"[:es]Sobre Nosotros[:en]About Us[:de]Aboutus[:] - LIA","robots":{"index":"index","follow":"follow","max-snippet":"max-snippet:-1","max-image-preview":"max-image-preview:large","max-video-preview":"max-video-preview:-1"},"canonical":"https:\/\/lialawyers.com\/about-us\/","og_locale":"sv_SE","og_type":"article","og_title":"[:es]Sobre Nosotros[:en]About Us[:de]Aboutus[:] - LIA","og_url":"https:\/\/lialawyers.com\/about-us\/","og_site_name":"LIA","article_modified_time":"2025-11-03T16:27:00+00:00","og_image":[{"width":1200,"height":628,"url":"https:\/\/lialawyers.com\/wp-content\/uploads\/2020\/10\/logo_og_image.png","type":"image\/png"}],"twitter_card":"summary_large_image","twitter_misc":{"Ber\u00e4knad l\u00e4stid":"32 minuter"},"schema":{"@context":"https:\/\/schema.org","@graph":[{"@type":"WebPage","@id":"https:\/\/lialawyers.com\/about-us\/","url":"https:\/\/lialawyers.com\/about-us\/","name":"[:es]Sobre Nosotros[:en]About Us[:de]Aboutus[:] - LIA","isPartOf":{"@id":"https:\/\/lialawyers.com\/de\/#website"},"datePublished":"2016-10-18T17:12:02+00:00","dateModified":"2025-11-03T16:27:00+00:00","breadcrumb":{"@id":"https:\/\/lialawyers.com\/about-us\/#breadcrumb"},"inLanguage":"sv-SE","potentialAction":[{"@type":"ReadAction","target":["https:\/\/lialawyers.com\/about-us\/"]}]},{"@type":"BreadcrumbList","@id":"https:\/\/lialawyers.com\/about-us\/#breadcrumb","itemListElement":[{"@type":"ListItem","position":1,"name":"Home","item":"https:\/\/lialawyers.com\/"},{"@type":"ListItem","position":2,"name":"About Us"}]},{"@type":"WebSite","@id":"https:\/\/lialawyers.com\/de\/#website","url":"https:\/\/lialawyers.com\/de\/","name":"LIA","description":"Law Inheritance Advisors","publisher":{"@id":"https:\/\/lialawyers.com\/de\/#organization"},"potentialAction":[{"@type":"SearchAction","target":{"@type":"EntryPoint","urlTemplate":"https:\/\/lialawyers.com\/de\/?s={search_term_string}"},"query-input":{"@type":"PropertyValueSpecification","valueRequired":true,"valueName":"search_term_string"}}],"inLanguage":"sv-SE"},{"@type":"Organization","@id":"https:\/\/lialawyers.com\/de\/#organization","name":"Lia Lawyers","url":"https:\/\/lialawyers.com\/de\/","logo":{"@type":"ImageObject","inLanguage":"sv-SE","@id":"https:\/\/lialawyers.com\/de\/#\/schema\/logo\/image\/","url":"https:\/\/lialawyers.com\/wp-content\/uploads\/2020\/10\/logo_og_image.png","contentUrl":"https:\/\/lialawyers.com\/wp-content\/uploads\/2020\/10\/logo_og_image.png","width":1200,"height":628,"caption":"Lia Lawyers"},"image":{"@id":"https:\/\/lialawyers.com\/de\/#\/schema\/logo\/image\/"}}]}},"_links":{"self":[{"href":"https:\/\/lialawyers.com\/sv\/wp-json\/wp\/v2\/pages\/2079","targetHints":{"allow":["GET"]}}],"collection":[{"href":"https:\/\/lialawyers.com\/sv\/wp-json\/wp\/v2\/pages"}],"about":[{"href":"https:\/\/lialawyers.com\/sv\/wp-json\/wp\/v2\/types\/page"}],"author":[{"embeddable":true,"href":"https:\/\/lialawyers.com\/sv\/wp-json\/wp\/v2\/users\/4"}],"replies":[{"embeddable":true,"href":"https:\/\/lialawyers.com\/sv\/wp-json\/wp\/v2\/comments?post=2079"}],"version-history":[{"count":36,"href":"https:\/\/lialawyers.com\/sv\/wp-json\/wp\/v2\/pages\/2079\/revisions"}],"predecessor-version":[{"id":3054,"href":"https:\/\/lialawyers.com\/sv\/wp-json\/wp\/v2\/pages\/2079\/revisions\/3054"}],"wp:attachment":[{"href":"https:\/\/lialawyers.com\/sv\/wp-json\/wp\/v2\/media?parent=2079"}],"curies":[{"name":"wp","href":"https:\/\/api.w.org\/{rel}","templated":true}]}}