{"id":2268,"date":"2020-04-21T16:52:32","date_gmt":"2020-04-21T15:52:32","guid":{"rendered":"http:\/\/lialawyers.com\/?page_id=2268"},"modified":"2024-12-20T17:36:51","modified_gmt":"2024-12-20T17:36:51","slug":"fiscal-representation","status":"publish","type":"page","link":"https:\/\/lialawyers.com\/sv\/fiscal-representation\/","title":{"rendered":"(Espa\u00f1ol) Representaci\u00f3n Fiscal"},"content":{"rendered":"<div class=\"fusion-fullwidth fullwidth-box fusion-builder-row-5 nonhundred-percent-fullwidth non-hundred-percent-height-scrolling\"  style='background-color: rgba(255,255,255,0);background-position: center center;background-repeat: no-repeat;padding-top:0px;padding-right:0px;padding-bottom:0px;padding-left:0px;'><div class=\"fusion-builder-row fusion-row \"><div  class=\"fusion-layout-column fusion_builder_column fusion_builder_column_1_1 fusion-builder-column-4 fusion-one-full fusion-column-first fusion-column-last 1_1\"  style='margin-top:0px;margin-bottom:20px;'><div class=\"fusion-column-wrapper\" style=\"padding: 0px 0px 0px 0px;background-position:left top;background-repeat:no-repeat;-webkit-background-size:cover;-moz-background-size:cover;-o-background-size:cover;background-size:cover;\"   data-bg-url=\"\"><style type=\"text\/css\">@media only screen and (max-width:800px) {.fusion-title.fusion-title-4{margin-top:10px!important;margin-bottom:10px!important;}}<\/style><div class=\"fusion-title title fusion-title-4 fusion-title-text fusion-title-size-one\" style=\"margin-top:10px;margin-bottom:15px;\"><h1 class=\"title-heading-left\" style=\"margin:0;\">Skatte Representation<\/h1><div class=\"title-sep-container\"><div class=\"title-sep sep-double sep-solid\" style=\"border-color:#e2e2e2;\"><\/div><\/div><\/div><div class=\"fusion-text\"><p>Vare sig man \u00e4r resident (fast bosatt) eller icke-resident i Spanien men \u00e4ger en fastighet s\u00e5 m\u00e5ste man sk\u00f6ta den besv\u00e4rliga uppgiften att uppfylla landets skattem\u00e4ssiga skyldigheter. N\u00e4r man investerar i en fastighet h\u00e4r i Spanien s\u00e5 blir man automatiskt f\u00f6rpliktad till en serie relaterade skatter.<\/p>\n<p>Att f\u00f6rst\u00e5 det spanska skattesystemet som utl\u00e4nning kan vara sv\u00e5rt. T.o.m. att n\u00e5got s\u00e5 trivialt som att motta ett meddelande fr\u00e5n en myndighet kan bli besv\u00e4rligt om man endast vistas i landet tillf\u00e4lligt.<\/p>\n<p>\u00c4ven utl\u00e4nningar som inte har inkomster i Spanien m\u00e5ste som \u00e4gare till en fastighet l\u00e4mna in en skattedeklaration. Skattedeklarationen baseras p\u00e5 ett finanspolitiskt begrepp \u201cteoretiskt njutning\/gl\u00e4dje av fastigheten\u201d (tillskriven icke-residentskatt). \u00c4ven om man inte hyr ut sin bostad s\u00e5 b\u00f6r man fortfarande deklarera, och hyr man ut delvis s\u00e5 skattar man proportionellt de dagar bostaden \u00e4r ledig.<\/p>\n<p>Att utn\u00e4mna en juridisk-skatterepresentant i Spanien f\u00f6r att sk\u00f6ta ens skattef\u00f6rpliktelser har visat sig vara ett klokt beslut f\u00f6r de flesta utl\u00e4ndska fastighets\u00e4gare och fastboende. Dessutom \u00e4r det viktigt att alla utomst\u00e5ende dvs icke-fastboende har tillg\u00e5ng till en advokat n\u00e4r man beh\u00f6ver eller r\u00e5d i samband med fr\u00e5gor som r\u00f6r spansk lag.<\/p>\n<p>V\u00e5r <strong>icke-residents skatterepresentation-tj\u00e4nst<\/strong> fokuserar p\u00e5 att ge en gedigen service och st\u00f6d till alla som inte f\u00f6rst\u00e5r spr\u00e5ket eller inte vistas permanent i landet och som beh\u00f6ver en sakkunnig tillg\u00e4nglig f\u00f6r att mottaga officiell kommunikation, tolka denna, agera inf\u00f6r dessa och alltid h\u00e5lla kunden informerad.<\/p>\n<p>F\u00f6r <strong>bostads\u00e4gare<\/strong> som skattar i Spanien \u00e4r skattskyldigheterna baserade p\u00e5 specifika kriterier, ett fast \u00e5rligt arvode kan avtalas p\u00e5 f\u00f6rhand, men f\u00f6r detta beh\u00f6vs en studie baserad p\u00e5 den dokumentation som kunden tillhandah\u00e5ller.<\/p>\n<p>En s\u00e5dan tj\u00e4nst f\u00f6rs\u00e4krar om att:<\/p>\n<ul>\n<li>Man inte betalar f\u00f6r mycket skatt p\u00e5 fastigheten pga. felber\u00e4kningar.<\/li>\n<li>Det presenteras en \u00e5rlig skattedeklaration inf\u00f6r den spanska skattemyndigheten i tid och p\u00e5 s\u00e5 s\u00e4tt undvika eventuella b\u00f6ter som uppst\u00e5r vid sen inl\u00e4mning.<\/li>\n<li>Man har en skatterepresentant tillg\u00e4nglig som hanterar all skatterelaterad korrespondens.<\/li>\n<li>Det svaras p\u00e5 eventuella anm\u00e4lningar inom tidsfristen.<\/li>\n<li>Utf\u00f6rs \u00f6verklaganden vid eventuella misstolkningar eller administrativa oriktigheter.<\/li>\n<li>F\u00e5r uppdaterad information g\u00e4llande \u00e4ndringar inom skattepolitiska fr\u00e5gor.<\/li>\n<\/ul>\n<p>Vi har \u00e4ven en specialiserad skattetj\u00e4nst f\u00f6r fastboende, men i s\u00e5dana fall kr\u00e4vs en djupare studie innan ett arvode kan godk\u00e4nnas. Detta, eftersom beskattningen omfattar \u00e4garens globala totala inkomst. F\u00f6r att kunna erbjuda ett f\u00f6rm\u00e5nligt arvode m\u00e5ste det tillhandah\u00e5llna underlaget granskas av v\u00e5r skatteexpert som iordningst\u00e4ller en rapport med en \u00f6versikt \u00f6ver de skatter som skall till\u00e4mpas och betalas.<\/p>\n<p>Kontakta oss f\u00f6r en snabb offert. Vi ger er v\u00e5rt b\u00e4sta erbjudande som skatteansvarig i Spanien.<\/p>\n<\/div><div class=\"fusion-clearfix\"><\/div><\/div><\/div><\/div><\/div><style type=\"text\/css\">.fusion-fullwidth.fusion-builder-row-5 a:not(.fusion-button):not(.fusion-builder-module-control):not(.fusion-social-network-icon):not(.fb-icon-element):not(.fusion-countdown-link):not(.fusion-rollover-link):not(.fusion-rollover-gallery):not(.fusion-button-bar):not(.add_to_cart_button):not(.show_details_button):not(.product_type_external):not(.fusion-quick-view):not(.fusion-rollover-title-link):not(.fusion-breadcrumb-link) , .fusion-fullwidth.fusion-builder-row-5 a:not(.fusion-button):not(.fusion-builder-module-control):not(.fusion-social-network-icon):not(.fb-icon-element):not(.fusion-countdown-link):not(.fusion-rollover-link):not(.fusion-rollover-gallery):not(.fusion-button-bar):not(.add_to_cart_button):not(.show_details_button):not(.product_type_external):not(.fusion-quick-view):not(.fusion-rollover-title-link):not(.fusion-breadcrumb-link):before, .fusion-fullwidth.fusion-builder-row-5 a:not(.fusion-button):not(.fusion-builder-module-control):not(.fusion-social-network-icon):not(.fb-icon-element):not(.fusion-countdown-link):not(.fusion-rollover-link):not(.fusion-rollover-gallery):not(.fusion-button-bar):not(.add_to_cart_button):not(.show_details_button):not(.product_type_external):not(.fusion-quick-view):not(.fusion-rollover-title-link):not(.fusion-breadcrumb-link):after {color: #212934;}.fusion-fullwidth.fusion-builder-row-5 a:not(.fusion-button):not(.fusion-builder-module-control):not(.fusion-social-network-icon):not(.fb-icon-element):not(.fusion-countdown-link):not(.fusion-rollover-link):not(.fusion-rollover-gallery):not(.fusion-button-bar):not(.add_to_cart_button):not(.show_details_button):not(.product_type_external):not(.fusion-quick-view):not(.fusion-rollover-title-link):not(.fusion-breadcrumb-link):hover, .fusion-fullwidth.fusion-builder-row-5 a:not(.fusion-button):not(.fusion-builder-module-control):not(.fusion-social-network-icon):not(.fb-icon-element):not(.fusion-countdown-link):not(.fusion-rollover-link):not(.fusion-rollover-gallery):not(.fusion-button-bar):not(.add_to_cart_button):not(.show_details_button):not(.product_type_external):not(.fusion-quick-view):not(.fusion-rollover-title-link):not(.fusion-breadcrumb-link):hover:before, .fusion-fullwidth.fusion-builder-row-5 a:not(.fusion-button):not(.fusion-builder-module-control):not(.fusion-social-network-icon):not(.fb-icon-element):not(.fusion-countdown-link):not(.fusion-rollover-link):not(.fusion-rollover-gallery):not(.fusion-button-bar):not(.add_to_cart_button):not(.show_details_button):not(.product_type_external):not(.fusion-quick-view):not(.fusion-rollover-title-link):not(.fusion-breadcrumb-link):hover:after {color: #549f97;}.fusion-fullwidth.fusion-builder-row-5 .pagination a.inactive:hover, .fusion-fullwidth.fusion-builder-row-5 .fusion-filters .fusion-filter.fusion-active a {border-color: #549f97;}.fusion-fullwidth.fusion-builder-row-5 .pagination .current {border-color: #549f97; background-color: #549f97;}.fusion-fullwidth.fusion-builder-row-5 .fusion-filters .fusion-filter.fusion-active a, .fusion-fullwidth.fusion-builder-row-5 .fusion-date-and-formats .fusion-format-box, .fusion-fullwidth.fusion-builder-row-5 .fusion-popover, .fusion-fullwidth.fusion-builder-row-5 .tooltip-shortcode {color: #549f97;}#main .fusion-fullwidth.fusion-builder-row-5 .post .blog-shortcode-post-title a:hover {color: #549f97;}<\/style>","protected":false},"excerpt":{"rendered":"","protected":false},"author":4,"featured_media":0,"parent":0,"menu_order":0,"comment_status":"closed","ping_status":"closed","template":"","meta":{"footnotes":""},"class_list":["post-2268","page","type-page","status-publish","hentry"],"yoast_head":"<!-- This site is optimized with the Yoast SEO plugin v24.1 - https:\/\/yoast.com\/wordpress\/plugins\/seo\/ -->\n<title><\/title>\n<meta name=\"robots\" content=\"index, follow, max-snippet:-1, max-image-preview:large, max-video-preview:-1\" \/>\n<link rel=\"canonical\" href=\"https:\/\/lialawyers.com\/fiscal-representation\/\" \/>\n<meta property=\"og:locale\" content=\"sv_SE\" \/>\n<meta property=\"og:type\" content=\"article\" \/>\n<meta property=\"og:title\" content=\"[:es]Representaci\u00f3n Fiscal[:en]Fiscal Representation[:] - LIA\" \/>\n<meta property=\"og:url\" content=\"https:\/\/lialawyers.com\/fiscal-representation\/\" \/>\n<meta property=\"og:site_name\" content=\"LIA\" \/>\n<meta property=\"article:modified_time\" content=\"2024-12-20T17:36:51+00:00\" \/>\n<meta property=\"og:image\" content=\"https:\/\/lialawyers.com\/wp-content\/uploads\/2020\/10\/logo_og_image.png\" \/>\n\t<meta property=\"og:image:width\" content=\"1200\" \/>\n\t<meta property=\"og:image:height\" content=\"628\" \/>\n\t<meta property=\"og:image:type\" content=\"image\/png\" \/>\n<meta name=\"twitter:card\" content=\"summary_large_image\" \/>\n<meta name=\"twitter:label1\" content=\"Ber\u00e4knad l\u00e4stid\" \/>\n\t<meta name=\"twitter:data1\" content=\"31 minuter\" \/>\n<script type=\"application\/ld+json\" class=\"yoast-schema-graph\">{\"@context\":\"https:\/\/schema.org\",\"@graph\":[{\"@type\":\"WebPage\",\"@id\":\"https:\/\/lialawyers.com\/fiscal-representation\/\",\"url\":\"https:\/\/lialawyers.com\/fiscal-representation\/\",\"name\":\"[:es]Representaci\u00f3n Fiscal[:en]Fiscal Representation[:] - LIA\",\"isPartOf\":{\"@id\":\"https:\/\/lialawyers.com\/de\/#website\"},\"datePublished\":\"2020-04-21T15:52:32+00:00\",\"dateModified\":\"2024-12-20T17:36:51+00:00\",\"breadcrumb\":{\"@id\":\"https:\/\/lialawyers.com\/fiscal-representation\/#breadcrumb\"},\"inLanguage\":\"sv-SE\",\"potentialAction\":[{\"@type\":\"ReadAction\",\"target\":[\"https:\/\/lialawyers.com\/fiscal-representation\/\"]}]},{\"@type\":\"BreadcrumbList\",\"@id\":\"https:\/\/lialawyers.com\/fiscal-representation\/#breadcrumb\",\"itemListElement\":[{\"@type\":\"ListItem\",\"position\":1,\"name\":\"Home\",\"item\":\"https:\/\/lialawyers.com\/\"},{\"@type\":\"ListItem\",\"position\":2,\"name\":\"Representaci\u00f3n Fiscal\"}]},{\"@type\":\"WebSite\",\"@id\":\"https:\/\/lialawyers.com\/de\/#website\",\"url\":\"https:\/\/lialawyers.com\/de\/\",\"name\":\"LIA\",\"description\":\"Law Inheritance Advisors\",\"publisher\":{\"@id\":\"https:\/\/lialawyers.com\/de\/#organization\"},\"potentialAction\":[{\"@type\":\"SearchAction\",\"target\":{\"@type\":\"EntryPoint\",\"urlTemplate\":\"https:\/\/lialawyers.com\/de\/?s={search_term_string}\"},\"query-input\":{\"@type\":\"PropertyValueSpecification\",\"valueRequired\":true,\"valueName\":\"search_term_string\"}}],\"inLanguage\":\"sv-SE\"},{\"@type\":\"Organization\",\"@id\":\"https:\/\/lialawyers.com\/de\/#organization\",\"name\":\"Lia Lawyers\",\"url\":\"https:\/\/lialawyers.com\/de\/\",\"logo\":{\"@type\":\"ImageObject\",\"inLanguage\":\"sv-SE\",\"@id\":\"https:\/\/lialawyers.com\/de\/#\/schema\/logo\/image\/\",\"url\":\"https:\/\/lialawyers.com\/wp-content\/uploads\/2020\/10\/logo_og_image.png\",\"contentUrl\":\"https:\/\/lialawyers.com\/wp-content\/uploads\/2020\/10\/logo_og_image.png\",\"width\":1200,\"height\":628,\"caption\":\"Lia Lawyers\"},\"image\":{\"@id\":\"https:\/\/lialawyers.com\/de\/#\/schema\/logo\/image\/\"}}]}<\/script>\n<!-- \/ Yoast SEO plugin. -->","yoast_head_json":{"title":"[:es]Representaci\u00f3n Fiscal[:en]Fiscal Representation[:] - LIA","robots":{"index":"index","follow":"follow","max-snippet":"max-snippet:-1","max-image-preview":"max-image-preview:large","max-video-preview":"max-video-preview:-1"},"canonical":"https:\/\/lialawyers.com\/fiscal-representation\/","og_locale":"sv_SE","og_type":"article","og_title":"[:es]Representaci\u00f3n Fiscal[:en]Fiscal Representation[:] - LIA","og_url":"https:\/\/lialawyers.com\/fiscal-representation\/","og_site_name":"LIA","article_modified_time":"2024-12-20T17:36:51+00:00","og_image":[{"width":1200,"height":628,"url":"https:\/\/lialawyers.com\/wp-content\/uploads\/2020\/10\/logo_og_image.png","type":"image\/png"}],"twitter_card":"summary_large_image","twitter_misc":{"Ber\u00e4knad l\u00e4stid":"31 minuter"},"schema":{"@context":"https:\/\/schema.org","@graph":[{"@type":"WebPage","@id":"https:\/\/lialawyers.com\/fiscal-representation\/","url":"https:\/\/lialawyers.com\/fiscal-representation\/","name":"[:es]Representaci\u00f3n Fiscal[:en]Fiscal Representation[:] - LIA","isPartOf":{"@id":"https:\/\/lialawyers.com\/de\/#website"},"datePublished":"2020-04-21T15:52:32+00:00","dateModified":"2024-12-20T17:36:51+00:00","breadcrumb":{"@id":"https:\/\/lialawyers.com\/fiscal-representation\/#breadcrumb"},"inLanguage":"sv-SE","potentialAction":[{"@type":"ReadAction","target":["https:\/\/lialawyers.com\/fiscal-representation\/"]}]},{"@type":"BreadcrumbList","@id":"https:\/\/lialawyers.com\/fiscal-representation\/#breadcrumb","itemListElement":[{"@type":"ListItem","position":1,"name":"Home","item":"https:\/\/lialawyers.com\/"},{"@type":"ListItem","position":2,"name":"Representaci\u00f3n Fiscal"}]},{"@type":"WebSite","@id":"https:\/\/lialawyers.com\/de\/#website","url":"https:\/\/lialawyers.com\/de\/","name":"LIA","description":"Law Inheritance Advisors","publisher":{"@id":"https:\/\/lialawyers.com\/de\/#organization"},"potentialAction":[{"@type":"SearchAction","target":{"@type":"EntryPoint","urlTemplate":"https:\/\/lialawyers.com\/de\/?s={search_term_string}"},"query-input":{"@type":"PropertyValueSpecification","valueRequired":true,"valueName":"search_term_string"}}],"inLanguage":"sv-SE"},{"@type":"Organization","@id":"https:\/\/lialawyers.com\/de\/#organization","name":"Lia Lawyers","url":"https:\/\/lialawyers.com\/de\/","logo":{"@type":"ImageObject","inLanguage":"sv-SE","@id":"https:\/\/lialawyers.com\/de\/#\/schema\/logo\/image\/","url":"https:\/\/lialawyers.com\/wp-content\/uploads\/2020\/10\/logo_og_image.png","contentUrl":"https:\/\/lialawyers.com\/wp-content\/uploads\/2020\/10\/logo_og_image.png","width":1200,"height":628,"caption":"Lia Lawyers"},"image":{"@id":"https:\/\/lialawyers.com\/de\/#\/schema\/logo\/image\/"}}]}},"_links":{"self":[{"href":"https:\/\/lialawyers.com\/sv\/wp-json\/wp\/v2\/pages\/2268","targetHints":{"allow":["GET"]}}],"collection":[{"href":"https:\/\/lialawyers.com\/sv\/wp-json\/wp\/v2\/pages"}],"about":[{"href":"https:\/\/lialawyers.com\/sv\/wp-json\/wp\/v2\/types\/page"}],"author":[{"embeddable":true,"href":"https:\/\/lialawyers.com\/sv\/wp-json\/wp\/v2\/users\/4"}],"replies":[{"embeddable":true,"href":"https:\/\/lialawyers.com\/sv\/wp-json\/wp\/v2\/comments?post=2268"}],"version-history":[{"count":18,"href":"https:\/\/lialawyers.com\/sv\/wp-json\/wp\/v2\/pages\/2268\/revisions"}],"predecessor-version":[{"id":2953,"href":"https:\/\/lialawyers.com\/sv\/wp-json\/wp\/v2\/pages\/2268\/revisions\/2953"}],"wp:attachment":[{"href":"https:\/\/lialawyers.com\/sv\/wp-json\/wp\/v2\/media?parent=2268"}],"curies":[{"name":"wp","href":"https:\/\/api.w.org\/{rel}","templated":true}]}}