{"id":2615,"date":"2020-09-08T13:23:52","date_gmt":"2020-09-08T12:23:52","guid":{"rendered":"http:\/\/lialawyers.com\/?page_id=2615"},"modified":"2024-12-20T17:36:52","modified_gmt":"2024-12-20T17:36:52","slug":"wills","status":"publish","type":"page","link":"https:\/\/lialawyers.com\/sv\/wills\/","title":{"rendered":"(Espa\u00f1ol) Testamentos"},"content":{"rendered":"<div class=\"fusion-fullwidth fullwidth-box fusion-builder-row-8 nonhundred-percent-fullwidth non-hundred-percent-height-scrolling\"  style='background-color: rgba(255,255,255,0);background-position: center center;background-repeat: no-repeat;padding-top:0px;padding-right:0px;padding-bottom:0px;padding-left:0px;'><div class=\"fusion-builder-row fusion-row \"><div  class=\"fusion-layout-column fusion_builder_column fusion_builder_column_1_1 fusion-builder-column-13 fusion-one-full fusion-column-first fusion-column-last 1_1\"  style='margin-top:0px;margin-bottom:0px;'><div class=\"fusion-column-wrapper\" style=\"padding: 0px 0px 0px 0px;background-position:left top;background-repeat:no-repeat;-webkit-background-size:cover;-moz-background-size:cover;-o-background-size:cover;background-size:cover;\"   data-bg-url=\"\"><div class=\"fusion-text\"><\/div><div class=\"fusion-clearfix\"><\/div><\/div><\/div><\/div><\/div><div class=\"fusion-fullwidth fullwidth-box fusion-builder-row-9 nonhundred-percent-fullwidth non-hundred-percent-height-scrolling\"  style='background-color: rgba(255,255,255,0);background-position: center center;background-repeat: no-repeat;padding-top:0px;padding-right:0px;padding-bottom:0px;padding-left:0px;'><div class=\"fusion-builder-row fusion-row \"><div  class=\"fusion-layout-column fusion_builder_column fusion_builder_column_1_1 fusion-builder-column-14 fusion-one-full fusion-column-first fusion-column-last 1_1\"  style='margin-top:0px;margin-bottom:0px;'><div class=\"fusion-column-wrapper\" style=\"padding: 0px 0px 0px 0px;background-position:left top;background-repeat:no-repeat;-webkit-background-size:cover;-moz-background-size:cover;-o-background-size:cover;background-size:cover;\"   data-bg-url=\"\"><style type=\"text\/css\">@media only screen and (max-width:800px) {.fusion-title.fusion-title-4{margin-top:10px!important;margin-bottom:10px!important;}}<\/style><div class=\"fusion-title title fusion-title-4 fusion-title-text fusion-title-size-one\" style=\"margin-top:10px;margin-bottom:15px;\"><h1 class=\"title-heading-left\" style=\"margin:0;\">Testamente<\/h1><div class=\"title-sep-container\"><div class=\"title-sep sep-double sep-solid\" style=\"border-color:#e2e2e2;\"><\/div><\/div><\/div><div class=\"fusion-text\"><p>P\u00e5 grund av att arvsr\u00e4tten skiljer sig fr\u00e5n ett land till ett annat s\u00e5 \u00e4r det viktigt att f\u00e5 f\u00f6rklarat skillnaderna inf\u00f6r ett eventuellt undertecknande av testamente i Spanien.<br \/>\n\u00c4r man skyldig till att teckna ett testamente om man \u00e4ger tillg\u00e5ngar i Spanien?<br \/>\nI strikta juridiska termer s\u00e5 kan vi s\u00e4ga att det inte \u00e4r obligatoriskt att skriva ett testamente i Spanien eller n\u00e5got annat land f\u00f6r den delen, men om man inte g\u00f6r det s\u00e5 l\u00e4mnas arvingarna till att handskas med ett \u201cintestatarv\u201d och risken finns att tillg\u00e5ngarna kan g\u00e5 till n\u00e5gon som de inte var avsedda f\u00f6r. Dessutom s\u00e5 \u00e4r intestatarv mer komplicerade, tidskr\u00e4vande och dyrare.<br \/>\nEn annan vanlig fr\u00e5ga \u00e4r om man kan inkludera spanska tillg\u00e5ngar i ett testamente tecknat n\u00e5gon annanstans, oftast i testatorns hemland. Skulle det kunna vara ett alternativ?<br \/>\nSvaret p\u00e5 den fr\u00e5gan \u00e4r ja, men med tanke p\u00e5 skillnader mellan olika juridiska system s\u00e5 leder detta ofta till en komplex process vad det g\u00e4ller tilldelning och mottagande av ett arv. Vi m\u00e5ste insistera att detta inte skulle vara det b\u00e4sta alternativet och bara \u00f6vers\u00e4ttningskostnaderna f\u00f6r ett utl\u00e4ndskt testamente \u00e4r redan i sig h\u00f6gre \u00e4n kostnaderna f\u00f6r att teckna ett spanskt testamente.<br \/>\nF\u00f6r bekv\u00e4mlighetens skull s\u00e5 \u00e4r det ett f\u00f6rdelaktigt alternativ att teckna tv\u00e5 olika testamenten; ett f\u00f6r tillg\u00e5ngar i hemlandet och ett f\u00f6r de i Spanien; en m\u00f6jlighet som inte b\u00f6r bortses men som f\u00f6rbig\u00e5r m\u00e5nga. Detta \u00e4r en vanlig rekommenderad praxis men som kr\u00e4ver en noggrann och f\u00f6rsiktig utformning efter som man oavsiktligt kan ogiltigf\u00f6rklara ett av testamente med det andra. \u00c4ven datum d\u00e5 de skall undertecknas m\u00e5ste noggrant bet\u00e4nkas.<br \/>\nN\u00e4r man tecknar ett spanskt testamente kan man ocks\u00e5 ange om man vill att arvsprocessen ska omfattas av lagarna i ens ursprungsland. Detta \u00e4n en \u201dm\u00e5ste\u201d-r\u00e4ttighet som anger vilka lagar man har valt skall till\u00e4mpas arvsprocessen. Att inte ha tecknat testamente i ett land kan bli ogynnsamt och kan under vissa omst\u00e4ndigheter leda till till\u00e4mpning av intestatarvsriktlinjer som inte alltid \u00f6verensst\u00e4mmer med den destination som man hade t\u00e4nkt eller hoppats p\u00e5 vad det g\u00e4ller ens tillg\u00e5ngar.<br \/>\nV\u00e5rt r\u00e5d \u00e4r att alltid, om m\u00f6jligt, teckna ett spanskt testamente f\u00f6r spanska tillg\u00e5ngar eftersom detta inte kostar mycket och f\u00f6r att inte sakta ner processen med on\u00f6diga f\u00f6rseningar vid inbetalning av skatter (om n\u00f6dv\u00e4ndigt).<br \/>\nModellen f\u00f6r ett spanskt testamente skiljer sig generellt fr\u00e5n den som anv\u00e4nds i andra l\u00e4nder; den \u00e4r skriven p\u00e5 tv\u00e5 spr\u00e5k, p\u00e5 tecknarens hemspr\u00e5k och p\u00e5 spanska, testamentet m\u00e5ste \u00e4ven verifieras och undertecknas inf\u00f6r notariuspublicus. Denna juridiska persons roll \u00e4r av yttersta vikt i Spanien. Det enklaste s\u00e4ttet att teckna ett spanskt testamente \u00e4r att g\u00f6ra detta direkt p\u00e5 plats, i Spanien. Testamentet kan \u00e4ven utarbetas utomlands med hj\u00e4lp av en utl\u00e4ndsk notariuspublicus men detta komplicerar i h\u00f6g grad registreringsprocessen f\u00f6r testamentet hos det centrala registret.<br \/>\nVi kan erbjuda all den hj\u00e4lp som beh\u00f6vs genom hela processen av att planera testamentet enligt f\u00f6rv\u00e4ntningar. En n\u00e4ra och v\u00e4nlig service som f\u00f6ljer med till notarien den dagen d\u00e5 detta viktiga dokument skall undertecknas och som skyddar ens n\u00e4ra och k\u00e4ra p\u00e5 det mest effektiva s\u00e4ttet.<\/p>\n<\/div><div class=\"fusion-clearfix\"><\/div><\/div><\/div><\/div><\/div><div class=\"fusion-fullwidth fullwidth-box fusion-builder-row-10 nonhundred-percent-fullwidth non-hundred-percent-height-scrolling\"  style='background-color: rgba(255,255,255,0);background-position: center center;background-repeat: no-repeat;padding-top:0px;padding-right:0px;padding-bottom:0px;padding-left:0px;'><div class=\"fusion-builder-row fusion-row \"><div  class=\"fusion-layout-column fusion_builder_column fusion_builder_column_1_3 fusion-builder-column-15 fusion-one-third fusion-column-first 1_3\"  style='margin-top:0px;margin-bottom:20px;width:33.33%;width:calc(33.33% - ( ( 4% + 4% ) * 0.3333 ) );margin-right: 4%;'><div class=\"fusion-column-wrapper\" style=\"padding: 0px 0px 0px 0px;background-position:left top;background-repeat:no-repeat;-webkit-background-size:cover;-moz-background-size:cover;-o-background-size:cover;background-size:cover;\"   data-bg-url=\"\"><div class=\"fusion-button-wrapper fusion-aligncenter\"><style type=\"text\/css\">.fusion-button.button-10 {border-radius:4px;}<\/style><a class=\"fusion-button button-flat fusion-button-default-size button-default button-10 fusion-button-default-span fusion-button-default-type\" target=\"_self\" href=\"\/wills\/\"><span class=\"fusion-button-text\">Testamente<\/span><\/a><\/div><div class=\"fusion-text\"><p style=\"text-align: center;\">P\u00e5 grund av att arvsr\u00e4tten skiljer sig fr\u00e5n ett land till ett annat s\u00e5 \u00e4r det viktigt att f\u00e5 f\u00f6rklarat skillnaderna inf\u00f6r ett eventuellt undertecknande av testamente i Spanien.<\/p>\n<\/div><div class=\"fusion-clearfix\"><\/div><\/div><\/div><div  class=\"fusion-layout-column fusion_builder_column fusion_builder_column_1_3 fusion-builder-column-16 fusion-one-third 1_3\"  style='margin-top:0px;margin-bottom:20px;width:33.33%;width:calc(33.33% - ( ( 4% + 4% ) * 0.3333 ) );margin-right: 4%;'><div class=\"fusion-column-wrapper\" style=\"padding: 0px 0px 0px 0px;background-position:left top;background-repeat:no-repeat;-webkit-background-size:cover;-moz-background-size:cover;-o-background-size:cover;background-size:cover;\"   data-bg-url=\"\"><div class=\"fusion-button-wrapper fusion-aligncenter\"><style type=\"text\/css\">.fusion-button.button-11 {border-radius:4px;}<\/style><a class=\"fusion-button button-flat fusion-button-default-size button-default button-11 fusion-button-default-span fusion-button-default-type\" target=\"_self\" href=\"\/power-of-attorney\/\"><span class=\"fusion-button-text\">Procuration<\/span><\/a><\/div><div class=\"fusion-text\"><p style=\"text-align: center;\">En fullmakt \u00e4r ett formellt skriftligt bemyndigande genom vilket en person (huvudmannen) ger en annan (advokaten eller ombudet) r\u00e4tten att agera i dennes r\u00e4kning och namn<\/p>\n<\/div><div class=\"fusion-clearfix\"><\/div><\/div><\/div><div  class=\"fusion-layout-column fusion_builder_column fusion_builder_column_1_3 fusion-builder-column-17 fusion-one-third fusion-column-last 1_3\"  style='margin-top:0px;margin-bottom:20px;width:33.33%;width:calc(33.33% - ( ( 4% + 4% ) * 0.3333 ) );'><div class=\"fusion-column-wrapper\" style=\"padding: 0px 0px 0px 0px;background-position:left top;background-repeat:no-repeat;-webkit-background-size:cover;-moz-background-size:cover;-o-background-size:cover;background-size:cover;\"   data-bg-url=\"\"><div class=\"fusion-button-wrapper fusion-aligncenter\"><style type=\"text\/css\">.fusion-button.button-12 {border-radius:4px;}<\/style><a class=\"fusion-button button-flat fusion-button-default-size button-default button-12 fusion-button-default-span fusion-button-default-type\" target=\"_self\" href=\"\/apostill\/\"><span class=\"fusion-button-text\">Apostille<\/span><\/a><\/div><div class=\"fusion-text\"><p style=\"text-align: center;\">N\u00e4r n\u00e5gon \u00e4r inblandad i en internationell juridisk process (oavsett om det \u00e4r en r\u00e4ttslig eller icke-r\u00e4ttslig) s\u00e5 b\u00f6r man komma ih\u00e5g att i de flesta fall s\u00e5 m\u00e5ste man validera de handlingar som ska anv\u00e4ndas utomlands<\/p>\n<\/div><div class=\"fusion-clearfix\"><\/div><\/div><\/div><\/div><\/div><style type=\"text\/css\">.fusion-fullwidth.fusion-builder-row-10 a:not(.fusion-button):not(.fusion-builder-module-control):not(.fusion-social-network-icon):not(.fb-icon-element):not(.fusion-countdown-link):not(.fusion-rollover-link):not(.fusion-rollover-gallery):not(.fusion-button-bar):not(.add_to_cart_button):not(.show_details_button):not(.product_type_external):not(.fusion-quick-view):not(.fusion-rollover-title-link):not(.fusion-breadcrumb-link) , .fusion-fullwidth.fusion-builder-row-10 a:not(.fusion-button):not(.fusion-builder-module-control):not(.fusion-social-network-icon):not(.fb-icon-element):not(.fusion-countdown-link):not(.fusion-rollover-link):not(.fusion-rollover-gallery):not(.fusion-button-bar):not(.add_to_cart_button):not(.show_details_button):not(.product_type_external):not(.fusion-quick-view):not(.fusion-rollover-title-link):not(.fusion-breadcrumb-link):before, .fusion-fullwidth.fusion-builder-row-10 a:not(.fusion-button):not(.fusion-builder-module-control):not(.fusion-social-network-icon):not(.fb-icon-element):not(.fusion-countdown-link):not(.fusion-rollover-link):not(.fusion-rollover-gallery):not(.fusion-button-bar):not(.add_to_cart_button):not(.show_details_button):not(.product_type_external):not(.fusion-quick-view):not(.fusion-rollover-title-link):not(.fusion-breadcrumb-link):after {color: #212934;}.fusion-fullwidth.fusion-builder-row-10 a:not(.fusion-button):not(.fusion-builder-module-control):not(.fusion-social-network-icon):not(.fb-icon-element):not(.fusion-countdown-link):not(.fusion-rollover-link):not(.fusion-rollover-gallery):not(.fusion-button-bar):not(.add_to_cart_button):not(.show_details_button):not(.product_type_external):not(.fusion-quick-view):not(.fusion-rollover-title-link):not(.fusion-breadcrumb-link):hover, .fusion-fullwidth.fusion-builder-row-10 a:not(.fusion-button):not(.fusion-builder-module-control):not(.fusion-social-network-icon):not(.fb-icon-element):not(.fusion-countdown-link):not(.fusion-rollover-link):not(.fusion-rollover-gallery):not(.fusion-button-bar):not(.add_to_cart_button):not(.show_details_button):not(.product_type_external):not(.fusion-quick-view):not(.fusion-rollover-title-link):not(.fusion-breadcrumb-link):hover:before, .fusion-fullwidth.fusion-builder-row-10 a:not(.fusion-button):not(.fusion-builder-module-control):not(.fusion-social-network-icon):not(.fb-icon-element):not(.fusion-countdown-link):not(.fusion-rollover-link):not(.fusion-rollover-gallery):not(.fusion-button-bar):not(.add_to_cart_button):not(.show_details_button):not(.product_type_external):not(.fusion-quick-view):not(.fusion-rollover-title-link):not(.fusion-breadcrumb-link):hover:after {color: #549f97;}.fusion-fullwidth.fusion-builder-row-10 .pagination a.inactive:hover, .fusion-fullwidth.fusion-builder-row-10 .fusion-filters .fusion-filter.fusion-active a {border-color: #549f97;}.fusion-fullwidth.fusion-builder-row-10 .pagination .current {border-color: #549f97; background-color: #549f97;}.fusion-fullwidth.fusion-builder-row-10 .fusion-filters .fusion-filter.fusion-active a, .fusion-fullwidth.fusion-builder-row-10 .fusion-date-and-formats .fusion-format-box, .fusion-fullwidth.fusion-builder-row-10 .fusion-popover, .fusion-fullwidth.fusion-builder-row-10 .tooltip-shortcode {color: #549f97;}#main .fusion-fullwidth.fusion-builder-row-10 .post .blog-shortcode-post-title a:hover {color: #549f97;}<\/style>","protected":false},"excerpt":{"rendered":"","protected":false},"author":4,"featured_media":0,"parent":0,"menu_order":0,"comment_status":"closed","ping_status":"closed","template":"","meta":{"footnotes":""},"class_list":["post-2615","page","type-page","status-publish","hentry"],"yoast_head":"<!-- This site is optimized with the Yoast SEO plugin v24.1 - https:\/\/yoast.com\/wordpress\/plugins\/seo\/ -->\n<title><\/title>\n<meta name=\"robots\" content=\"index, follow, max-snippet:-1, max-image-preview:large, max-video-preview:-1\" \/>\n<link rel=\"canonical\" href=\"https:\/\/lialawyers.com\/wills\/\" \/>\n<meta property=\"og:locale\" content=\"sv_SE\" \/>\n<meta property=\"og:type\" content=\"article\" \/>\n<meta property=\"og:title\" content=\"[:es]Testamentos[:en]Wills[:fr]TESTAMENTS[:] - LIA\" \/>\n<meta property=\"og:url\" content=\"https:\/\/lialawyers.com\/wills\/\" \/>\n<meta property=\"og:site_name\" content=\"LIA\" \/>\n<meta property=\"article:modified_time\" content=\"2024-12-20T17:36:52+00:00\" \/>\n<meta property=\"og:image\" content=\"https:\/\/lialawyers.com\/wp-content\/uploads\/2020\/10\/logo_og_image.png\" \/>\n\t<meta property=\"og:image:width\" content=\"1200\" \/>\n\t<meta property=\"og:image:height\" content=\"628\" \/>\n\t<meta property=\"og:image:type\" content=\"image\/png\" \/>\n<meta name=\"twitter:card\" content=\"summary_large_image\" \/>\n<meta name=\"twitter:label1\" content=\"Ber\u00e4knad l\u00e4stid\" \/>\n\t<meta name=\"twitter:data1\" content=\"62 minuter\" \/>\n<script type=\"application\/ld+json\" class=\"yoast-schema-graph\">{\"@context\":\"https:\/\/schema.org\",\"@graph\":[{\"@type\":\"WebPage\",\"@id\":\"https:\/\/lialawyers.com\/wills\/\",\"url\":\"https:\/\/lialawyers.com\/wills\/\",\"name\":\"[:es]Testamentos[:en]Wills[:fr]TESTAMENTS[:] - LIA\",\"isPartOf\":{\"@id\":\"https:\/\/lialawyers.com\/de\/#website\"},\"datePublished\":\"2020-09-08T12:23:52+00:00\",\"dateModified\":\"2024-12-20T17:36:52+00:00\",\"breadcrumb\":{\"@id\":\"https:\/\/lialawyers.com\/wills\/#breadcrumb\"},\"inLanguage\":\"sv-SE\",\"potentialAction\":[{\"@type\":\"ReadAction\",\"target\":[\"https:\/\/lialawyers.com\/wills\/\"]}]},{\"@type\":\"BreadcrumbList\",\"@id\":\"https:\/\/lialawyers.com\/wills\/#breadcrumb\",\"itemListElement\":[{\"@type\":\"ListItem\",\"position\":1,\"name\":\"Home\",\"item\":\"https:\/\/lialawyers.com\/\"},{\"@type\":\"ListItem\",\"position\":2,\"name\":\"Testamentos\"}]},{\"@type\":\"WebSite\",\"@id\":\"https:\/\/lialawyers.com\/de\/#website\",\"url\":\"https:\/\/lialawyers.com\/de\/\",\"name\":\"LIA\",\"description\":\"Law Inheritance Advisors\",\"publisher\":{\"@id\":\"https:\/\/lialawyers.com\/de\/#organization\"},\"potentialAction\":[{\"@type\":\"SearchAction\",\"target\":{\"@type\":\"EntryPoint\",\"urlTemplate\":\"https:\/\/lialawyers.com\/de\/?s={search_term_string}\"},\"query-input\":{\"@type\":\"PropertyValueSpecification\",\"valueRequired\":true,\"valueName\":\"search_term_string\"}}],\"inLanguage\":\"sv-SE\"},{\"@type\":\"Organization\",\"@id\":\"https:\/\/lialawyers.com\/de\/#organization\",\"name\":\"Lia Lawyers\",\"url\":\"https:\/\/lialawyers.com\/de\/\",\"logo\":{\"@type\":\"ImageObject\",\"inLanguage\":\"sv-SE\",\"@id\":\"https:\/\/lialawyers.com\/de\/#\/schema\/logo\/image\/\",\"url\":\"https:\/\/lialawyers.com\/wp-content\/uploads\/2020\/10\/logo_og_image.png\",\"contentUrl\":\"https:\/\/lialawyers.com\/wp-content\/uploads\/2020\/10\/logo_og_image.png\",\"width\":1200,\"height\":628,\"caption\":\"Lia Lawyers\"},\"image\":{\"@id\":\"https:\/\/lialawyers.com\/de\/#\/schema\/logo\/image\/\"}}]}<\/script>\n<!-- \/ Yoast SEO plugin. -->","yoast_head_json":{"title":"[:es]Testamentos[:en]Wills[:fr]TESTAMENTS[:] - LIA","robots":{"index":"index","follow":"follow","max-snippet":"max-snippet:-1","max-image-preview":"max-image-preview:large","max-video-preview":"max-video-preview:-1"},"canonical":"https:\/\/lialawyers.com\/wills\/","og_locale":"sv_SE","og_type":"article","og_title":"[:es]Testamentos[:en]Wills[:fr]TESTAMENTS[:] - LIA","og_url":"https:\/\/lialawyers.com\/wills\/","og_site_name":"LIA","article_modified_time":"2024-12-20T17:36:52+00:00","og_image":[{"width":1200,"height":628,"url":"https:\/\/lialawyers.com\/wp-content\/uploads\/2020\/10\/logo_og_image.png","type":"image\/png"}],"twitter_card":"summary_large_image","twitter_misc":{"Ber\u00e4knad l\u00e4stid":"62 minuter"},"schema":{"@context":"https:\/\/schema.org","@graph":[{"@type":"WebPage","@id":"https:\/\/lialawyers.com\/wills\/","url":"https:\/\/lialawyers.com\/wills\/","name":"[:es]Testamentos[:en]Wills[:fr]TESTAMENTS[:] - LIA","isPartOf":{"@id":"https:\/\/lialawyers.com\/de\/#website"},"datePublished":"2020-09-08T12:23:52+00:00","dateModified":"2024-12-20T17:36:52+00:00","breadcrumb":{"@id":"https:\/\/lialawyers.com\/wills\/#breadcrumb"},"inLanguage":"sv-SE","potentialAction":[{"@type":"ReadAction","target":["https:\/\/lialawyers.com\/wills\/"]}]},{"@type":"BreadcrumbList","@id":"https:\/\/lialawyers.com\/wills\/#breadcrumb","itemListElement":[{"@type":"ListItem","position":1,"name":"Home","item":"https:\/\/lialawyers.com\/"},{"@type":"ListItem","position":2,"name":"Testamentos"}]},{"@type":"WebSite","@id":"https:\/\/lialawyers.com\/de\/#website","url":"https:\/\/lialawyers.com\/de\/","name":"LIA","description":"Law Inheritance Advisors","publisher":{"@id":"https:\/\/lialawyers.com\/de\/#organization"},"potentialAction":[{"@type":"SearchAction","target":{"@type":"EntryPoint","urlTemplate":"https:\/\/lialawyers.com\/de\/?s={search_term_string}"},"query-input":{"@type":"PropertyValueSpecification","valueRequired":true,"valueName":"search_term_string"}}],"inLanguage":"sv-SE"},{"@type":"Organization","@id":"https:\/\/lialawyers.com\/de\/#organization","name":"Lia Lawyers","url":"https:\/\/lialawyers.com\/de\/","logo":{"@type":"ImageObject","inLanguage":"sv-SE","@id":"https:\/\/lialawyers.com\/de\/#\/schema\/logo\/image\/","url":"https:\/\/lialawyers.com\/wp-content\/uploads\/2020\/10\/logo_og_image.png","contentUrl":"https:\/\/lialawyers.com\/wp-content\/uploads\/2020\/10\/logo_og_image.png","width":1200,"height":628,"caption":"Lia Lawyers"},"image":{"@id":"https:\/\/lialawyers.com\/de\/#\/schema\/logo\/image\/"}}]}},"_links":{"self":[{"href":"https:\/\/lialawyers.com\/sv\/wp-json\/wp\/v2\/pages\/2615","targetHints":{"allow":["GET"]}}],"collection":[{"href":"https:\/\/lialawyers.com\/sv\/wp-json\/wp\/v2\/pages"}],"about":[{"href":"https:\/\/lialawyers.com\/sv\/wp-json\/wp\/v2\/types\/page"}],"author":[{"embeddable":true,"href":"https:\/\/lialawyers.com\/sv\/wp-json\/wp\/v2\/users\/4"}],"replies":[{"embeddable":true,"href":"https:\/\/lialawyers.com\/sv\/wp-json\/wp\/v2\/comments?post=2615"}],"version-history":[{"count":20,"href":"https:\/\/lialawyers.com\/sv\/wp-json\/wp\/v2\/pages\/2615\/revisions"}],"predecessor-version":[{"id":2951,"href":"https:\/\/lialawyers.com\/sv\/wp-json\/wp\/v2\/pages\/2615\/revisions\/2951"}],"wp:attachment":[{"href":"https:\/\/lialawyers.com\/sv\/wp-json\/wp\/v2\/media?parent=2615"}],"curies":[{"name":"wp","href":"https:\/\/api.w.org\/{rel}","templated":true}]}}