{"id":2699,"date":"2020-09-18T16:01:14","date_gmt":"2020-09-18T15:01:14","guid":{"rendered":"http:\/\/lialawyers.com\/?page_id=2699"},"modified":"2024-12-20T17:36:49","modified_gmt":"2024-12-20T17:36:49","slug":"apostill","status":"publish","type":"page","link":"https:\/\/lialawyers.com\/sv\/apostill\/","title":{"rendered":"(Espa\u00f1ol) Apostille"},"content":{"rendered":"<div class=\"fusion-fullwidth fullwidth-box fusion-builder-row-7 nonhundred-percent-fullwidth non-hundred-percent-height-scrolling\"  style='background-color: rgba(255,255,255,0);background-position: center center;background-repeat: no-repeat;padding-top:0px;padding-right:0px;padding-bottom:0px;padding-left:0px;'><div class=\"fusion-builder-row fusion-row \"><div  class=\"fusion-layout-column fusion_builder_column fusion_builder_column_1_1 fusion-builder-column-12 fusion-one-full fusion-column-first fusion-column-last 1_1\"  style='margin-top:0px;margin-bottom:20px;'><div class=\"fusion-column-wrapper\" style=\"padding: 0px 0px 0px 0px;background-position:left top;background-repeat:no-repeat;-webkit-background-size:cover;-moz-background-size:cover;-o-background-size:cover;background-size:cover;\"   data-bg-url=\"\"><style type=\"text\/css\">@media only screen and (max-width:800px) {.fusion-title.fusion-title-4{margin-top:10px!important;margin-bottom:10px!important;}}<\/style><div class=\"fusion-title title fusion-title-4 fusion-title-text fusion-title-size-one\" style=\"margin-top:10px;margin-bottom:15px;\"><h1 class=\"title-heading-left\" style=\"margin:0;\">Apostille<\/h1><div class=\"title-sep-container\"><div class=\"title-sep sep-double sep-solid\" style=\"border-color:#e2e2e2;\"><\/div><\/div><\/div><div class=\"fusion-text\"><p>N\u00e4r n\u00e5gon \u00e4r inblandad i en internationell juridisk process (oavsett om det \u00e4r en r\u00e4ttslig eller icke-r\u00e4ttslig) s\u00e5 b\u00f6r man komma ih\u00e5g att i de flesta fall s\u00e5 m\u00e5ste man validera de handlingar som ska anv\u00e4ndas utomlands. Det finns tv\u00e5 standardvalideringsadministrativa s\u00e4tt att bestryka:<br \/>\na) Apostille<br \/>\nb) Legalisering<br \/>\nOm landet d\u00e4r dokumentet skall valideras \u00e4r medlem eller inte i Haagkonventionen kommer avg\u00f6ra p\u00e5 vilket s\u00e4tt dokumentet valideras. De l\u00e4nder som f\u00f6ljer konventionen erk\u00e4nner \u00f6msesidigt den \u201dr\u00e4ttsliga giltigheten\u201d av Apostille.<br \/>\nOvann\u00e4mnda internationella f\u00f6rdrag \u00e4n en permanent organisation som kom till den 5:e oktober 1961 med m\u00e5let att f\u00f6renkla internationella administrativa f\u00f6rfaranden mellan medlemsl\u00e4nderna. Mer \u00e4n 180 l\u00e4nder och oberoende jurisdiktioner ing\u00e5r i detta f\u00f6rdrag. Detta underl\u00e4ttar behandlingen av offentliga handlingar som utf\u00e4rdats i ett medlemsland f\u00f6r att anv\u00e4ndas i ett annat, genom att p\u00e5f\u00f6ra en Apostille-st\u00e4mpel. Undertecknade l\u00e4nder anv\u00e4nder sig av samma, eller n\u00e4sta samma modell. Definitionen av Apostille \u00e4r \u201dvalidering av ett dokument som utf\u00e4rdats i ett medlemsland f\u00f6r anv\u00e4ndning i ett annat\u201d. Apostillen p\u00e5 ett \u201dfr\u00e4mmande\u201d offentligt dokument intygar signaturens \u00e4kthet, den egenskap som den som undertecknar dokumentet har agerat som samt identiteten p\u00e5 f\u00f6rseglingen\/st\u00e4mpeln p\u00e5 dokumentet b\u00e4r.<br \/>\nApostille utf\u00e4rdas alltid p\u00e5 ursprungslandets officiella spr\u00e5k. De 10 punkter som ing\u00e5r \u00e4r universella i alla Apostiller f\u00f6r att man skall kunna identifiera informationen oavsett spr\u00e5k.<br \/>\nDet \u00e4r ocks\u00e5 viktigt att n\u00e4mna f\u00f6rordningen om offentliga handlingar 2016\/1191 som g\u00e4ller sedan den 16:e februari 2019 inom EU som syftar till att undvika on\u00f6dig byr\u00e5krati och kostnader f\u00f6r medborgarna n\u00e4r ett EU-land beh\u00f6ver l\u00e4gga fram ett offentligt dokument i ett annat EU-land utan att det kr\u00e4vs en Apostille-st\u00e4mpel. Exempel p\u00e5 s\u00e5dana dokument \u00e4r f\u00f6delse-, \u00e4ktenskaps- och d\u00f6dsattest; f\u00f6r\u00e4ldraskap, adoption, uppeh\u00e5llstillst\u00e5nd och medborgarskap etc. F\u00f6rordningen omfattar \u00e4ven utdrag ur straffregister som utf\u00e4rdats i syfte med att intyga att en person inte har ett straffregister. Dokument som erh\u00e5llits innan denna reform m\u00e5ste ocks\u00e5 accepteras inom ramen av f\u00f6rordningen.<br \/>\nN\u00e4r handlingar har sitt ursprung i ett land som inte \u00e4r medlem i Haagkonventionen kan man inte anv\u00e4nda sig av Apostille. I s\u00e5dana fall m\u00e5ste dokumentet \u201dautentiseras\u201d via \u201dlegalisering\u201d i det land som utf\u00e4rdat dokumentet. Vanligtvis beh\u00f6ver dokumentet \u00e4ven legaliseras p\u00e5 motsvarande ambassad.<br \/>\nDet \u00e4r viktigt att alltid be om r\u00e5d om vilket tillv\u00e4gag\u00e5ngss\u00e4tt skall f\u00f6ljas, Apostille eller Legalisering.<br \/>\nVi erbjuder en mycket effektiv service och v\u00e4gledning.<\/p>\n<\/div><div class=\"fusion-clearfix\"><\/div><\/div><\/div><\/div><\/div><style type=\"text\/css\">.fusion-fullwidth.fusion-builder-row-7 a:not(.fusion-button):not(.fusion-builder-module-control):not(.fusion-social-network-icon):not(.fb-icon-element):not(.fusion-countdown-link):not(.fusion-rollover-link):not(.fusion-rollover-gallery):not(.fusion-button-bar):not(.add_to_cart_button):not(.show_details_button):not(.product_type_external):not(.fusion-quick-view):not(.fusion-rollover-title-link):not(.fusion-breadcrumb-link) , .fusion-fullwidth.fusion-builder-row-7 a:not(.fusion-button):not(.fusion-builder-module-control):not(.fusion-social-network-icon):not(.fb-icon-element):not(.fusion-countdown-link):not(.fusion-rollover-link):not(.fusion-rollover-gallery):not(.fusion-button-bar):not(.add_to_cart_button):not(.show_details_button):not(.product_type_external):not(.fusion-quick-view):not(.fusion-rollover-title-link):not(.fusion-breadcrumb-link):before, .fusion-fullwidth.fusion-builder-row-7 a:not(.fusion-button):not(.fusion-builder-module-control):not(.fusion-social-network-icon):not(.fb-icon-element):not(.fusion-countdown-link):not(.fusion-rollover-link):not(.fusion-rollover-gallery):not(.fusion-button-bar):not(.add_to_cart_button):not(.show_details_button):not(.product_type_external):not(.fusion-quick-view):not(.fusion-rollover-title-link):not(.fusion-breadcrumb-link):after {color: #212934;}.fusion-fullwidth.fusion-builder-row-7 a:not(.fusion-button):not(.fusion-builder-module-control):not(.fusion-social-network-icon):not(.fb-icon-element):not(.fusion-countdown-link):not(.fusion-rollover-link):not(.fusion-rollover-gallery):not(.fusion-button-bar):not(.add_to_cart_button):not(.show_details_button):not(.product_type_external):not(.fusion-quick-view):not(.fusion-rollover-title-link):not(.fusion-breadcrumb-link):hover, .fusion-fullwidth.fusion-builder-row-7 a:not(.fusion-button):not(.fusion-builder-module-control):not(.fusion-social-network-icon):not(.fb-icon-element):not(.fusion-countdown-link):not(.fusion-rollover-link):not(.fusion-rollover-gallery):not(.fusion-button-bar):not(.add_to_cart_button):not(.show_details_button):not(.product_type_external):not(.fusion-quick-view):not(.fusion-rollover-title-link):not(.fusion-breadcrumb-link):hover:before, .fusion-fullwidth.fusion-builder-row-7 a:not(.fusion-button):not(.fusion-builder-module-control):not(.fusion-social-network-icon):not(.fb-icon-element):not(.fusion-countdown-link):not(.fusion-rollover-link):not(.fusion-rollover-gallery):not(.fusion-button-bar):not(.add_to_cart_button):not(.show_details_button):not(.product_type_external):not(.fusion-quick-view):not(.fusion-rollover-title-link):not(.fusion-breadcrumb-link):hover:after {color: #549f97;}.fusion-fullwidth.fusion-builder-row-7 .pagination a.inactive:hover, .fusion-fullwidth.fusion-builder-row-7 .fusion-filters .fusion-filter.fusion-active a {border-color: #549f97;}.fusion-fullwidth.fusion-builder-row-7 .pagination .current {border-color: #549f97; background-color: #549f97;}.fusion-fullwidth.fusion-builder-row-7 .fusion-filters .fusion-filter.fusion-active a, .fusion-fullwidth.fusion-builder-row-7 .fusion-date-and-formats .fusion-format-box, .fusion-fullwidth.fusion-builder-row-7 .fusion-popover, .fusion-fullwidth.fusion-builder-row-7 .tooltip-shortcode {color: #549f97;}#main .fusion-fullwidth.fusion-builder-row-7 .post .blog-shortcode-post-title a:hover {color: #549f97;}<\/style><div class=\"fusion-fullwidth fullwidth-box fusion-builder-row-8 nonhundred-percent-fullwidth non-hundred-percent-height-scrolling\"  style='background-color: rgba(255,255,255,0);background-position: center center;background-repeat: no-repeat;padding-top:0px;padding-right:0px;padding-bottom:0px;padding-left:0px;'><div class=\"fusion-builder-row fusion-row \"><div  class=\"fusion-layout-column fusion_builder_column fusion_builder_column_1_3 fusion-builder-column-13 fusion-one-third fusion-column-first 1_3\"  style='margin-top:0px;margin-bottom:20px;width:33.33%;width:calc(33.33% - ( ( 4% + 4% ) * 0.3333 ) );margin-right: 4%;'><div class=\"fusion-column-wrapper\" style=\"padding: 0px 0px 0px 0px;background-position:left top;background-repeat:no-repeat;-webkit-background-size:cover;-moz-background-size:cover;-o-background-size:cover;background-size:cover;\"   data-bg-url=\"\"><div class=\"fusion-button-wrapper fusion-aligncenter\"><style type=\"text\/css\">.fusion-button.button-10 {border-radius:4px;}<\/style><a class=\"fusion-button button-flat fusion-button-default-size button-default button-10 fusion-button-default-span fusion-button-default-type\" target=\"_self\" href=\"\/wills\/\"><span class=\"fusion-button-text\">Testamente<\/span><\/a><\/div><div class=\"fusion-text\"><p style=\"text-align: center;\">P\u00e5 grund av att arvsr\u00e4tten skiljer sig fr\u00e5n ett land till ett annat s\u00e5 \u00e4r det viktigt att f\u00e5 f\u00f6rklarat skillnaderna inf\u00f6r ett eventuellt undertecknande av testamente i Spanien.<\/p>\n<\/div><div class=\"fusion-clearfix\"><\/div><\/div><\/div><div  class=\"fusion-layout-column fusion_builder_column fusion_builder_column_1_3 fusion-builder-column-14 fusion-one-third 1_3\"  style='margin-top:0px;margin-bottom:20px;width:33.33%;width:calc(33.33% - ( ( 4% + 4% ) * 0.3333 ) );margin-right: 4%;'><div class=\"fusion-column-wrapper\" style=\"padding: 0px 0px 0px 0px;background-position:left top;background-repeat:no-repeat;-webkit-background-size:cover;-moz-background-size:cover;-o-background-size:cover;background-size:cover;\"   data-bg-url=\"\"><div class=\"fusion-button-wrapper fusion-aligncenter\"><style type=\"text\/css\">.fusion-button.button-11 {border-radius:4px;}<\/style><a class=\"fusion-button button-flat fusion-button-default-size button-default button-11 fusion-button-default-span fusion-button-default-type\" target=\"_self\" href=\"\/power-of-attorney\/\"><span class=\"fusion-button-text\">FULLMAKT<\/span><\/a><\/div><div class=\"fusion-text\"><p style=\"text-align: center;\">En fullmakt \u00e4r ett formellt skriftligt bemyndigande genom vilket en person (huvudmannen) ger en annan (advokaten eller ombudet) r\u00e4tten att agera i dennes r\u00e4kning och namn<\/p>\n<\/div><div class=\"fusion-clearfix\"><\/div><\/div><\/div><div  class=\"fusion-layout-column fusion_builder_column fusion_builder_column_1_3 fusion-builder-column-15 fusion-one-third fusion-column-last 1_3\"  style='margin-top:0px;margin-bottom:20px;width:33.33%;width:calc(33.33% - ( ( 4% + 4% ) * 0.3333 ) );'><div class=\"fusion-column-wrapper\" style=\"padding: 0px 0px 0px 0px;background-position:left top;background-repeat:no-repeat;-webkit-background-size:cover;-moz-background-size:cover;-o-background-size:cover;background-size:cover;\"   data-bg-url=\"\"><div class=\"fusion-button-wrapper fusion-aligncenter\"><style type=\"text\/css\">.fusion-button.button-12 {border-radius:4px;}<\/style><a class=\"fusion-button button-flat fusion-button-default-size button-default button-12 fusion-button-default-span fusion-button-default-type\" target=\"_self\" href=\"\/apostill\/\"><span class=\"fusion-button-text\">Apostille<\/span><\/a><\/div><div class=\"fusion-text\"><p style=\"text-align: center;\">N\u00e4r n\u00e5gon \u00e4r inblandad i en internationell juridisk process (oavsett om det \u00e4r en r\u00e4ttslig eller icke-r\u00e4ttslig) s\u00e5 b\u00f6r man komma ih\u00e5g att i de flesta fall s\u00e5 m\u00e5ste man validera de handlingar som ska anv\u00e4ndas utomlands<\/p>\n<\/div><div class=\"fusion-clearfix\"><\/div><\/div><\/div><\/div><\/div><style type=\"text\/css\">.fusion-fullwidth.fusion-builder-row-8 a:not(.fusion-button):not(.fusion-builder-module-control):not(.fusion-social-network-icon):not(.fb-icon-element):not(.fusion-countdown-link):not(.fusion-rollover-link):not(.fusion-rollover-gallery):not(.fusion-button-bar):not(.add_to_cart_button):not(.show_details_button):not(.product_type_external):not(.fusion-quick-view):not(.fusion-rollover-title-link):not(.fusion-breadcrumb-link) , .fusion-fullwidth.fusion-builder-row-8 a:not(.fusion-button):not(.fusion-builder-module-control):not(.fusion-social-network-icon):not(.fb-icon-element):not(.fusion-countdown-link):not(.fusion-rollover-link):not(.fusion-rollover-gallery):not(.fusion-button-bar):not(.add_to_cart_button):not(.show_details_button):not(.product_type_external):not(.fusion-quick-view):not(.fusion-rollover-title-link):not(.fusion-breadcrumb-link):before, .fusion-fullwidth.fusion-builder-row-8 a:not(.fusion-button):not(.fusion-builder-module-control):not(.fusion-social-network-icon):not(.fb-icon-element):not(.fusion-countdown-link):not(.fusion-rollover-link):not(.fusion-rollover-gallery):not(.fusion-button-bar):not(.add_to_cart_button):not(.show_details_button):not(.product_type_external):not(.fusion-quick-view):not(.fusion-rollover-title-link):not(.fusion-breadcrumb-link):after {color: #212934;}.fusion-fullwidth.fusion-builder-row-8 a:not(.fusion-button):not(.fusion-builder-module-control):not(.fusion-social-network-icon):not(.fb-icon-element):not(.fusion-countdown-link):not(.fusion-rollover-link):not(.fusion-rollover-gallery):not(.fusion-button-bar):not(.add_to_cart_button):not(.show_details_button):not(.product_type_external):not(.fusion-quick-view):not(.fusion-rollover-title-link):not(.fusion-breadcrumb-link):hover, .fusion-fullwidth.fusion-builder-row-8 a:not(.fusion-button):not(.fusion-builder-module-control):not(.fusion-social-network-icon):not(.fb-icon-element):not(.fusion-countdown-link):not(.fusion-rollover-link):not(.fusion-rollover-gallery):not(.fusion-button-bar):not(.add_to_cart_button):not(.show_details_button):not(.product_type_external):not(.fusion-quick-view):not(.fusion-rollover-title-link):not(.fusion-breadcrumb-link):hover:before, .fusion-fullwidth.fusion-builder-row-8 a:not(.fusion-button):not(.fusion-builder-module-control):not(.fusion-social-network-icon):not(.fb-icon-element):not(.fusion-countdown-link):not(.fusion-rollover-link):not(.fusion-rollover-gallery):not(.fusion-button-bar):not(.add_to_cart_button):not(.show_details_button):not(.product_type_external):not(.fusion-quick-view):not(.fusion-rollover-title-link):not(.fusion-breadcrumb-link):hover:after {color: #549f97;}.fusion-fullwidth.fusion-builder-row-8 .pagination a.inactive:hover, .fusion-fullwidth.fusion-builder-row-8 .fusion-filters .fusion-filter.fusion-active a {border-color: #549f97;}.fusion-fullwidth.fusion-builder-row-8 .pagination .current {border-color: #549f97; background-color: #549f97;}.fusion-fullwidth.fusion-builder-row-8 .fusion-filters .fusion-filter.fusion-active a, .fusion-fullwidth.fusion-builder-row-8 .fusion-date-and-formats .fusion-format-box, .fusion-fullwidth.fusion-builder-row-8 .fusion-popover, .fusion-fullwidth.fusion-builder-row-8 .tooltip-shortcode {color: #549f97;}#main .fusion-fullwidth.fusion-builder-row-8 .post .blog-shortcode-post-title a:hover {color: #549f97;}<\/style>","protected":false},"excerpt":{"rendered":"","protected":false},"author":4,"featured_media":0,"parent":0,"menu_order":0,"comment_status":"closed","ping_status":"closed","template":"","meta":{"footnotes":""},"class_list":["post-2699","page","type-page","status-publish","hentry"],"yoast_head":"<!-- This site is optimized with the Yoast SEO plugin v24.1 - https:\/\/yoast.com\/wordpress\/plugins\/seo\/ -->\n<title><\/title>\n<meta name=\"robots\" content=\"index, follow, max-snippet:-1, max-image-preview:large, max-video-preview:-1\" \/>\n<link rel=\"canonical\" href=\"https:\/\/lialawyers.com\/apostill\/\" \/>\n<meta property=\"og:locale\" content=\"sv_SE\" \/>\n<meta property=\"og:type\" content=\"article\" \/>\n<meta property=\"og:title\" content=\"[:es]Apostille[:en]Apostille[:fr]Apostille[:de]Apostille[:no]Apostille[:] - LIA\" \/>\n<meta property=\"og:url\" content=\"https:\/\/lialawyers.com\/apostill\/\" \/>\n<meta property=\"og:site_name\" content=\"LIA\" \/>\n<meta property=\"article:modified_time\" content=\"2024-12-20T17:36:49+00:00\" \/>\n<meta property=\"og:image\" content=\"https:\/\/lialawyers.com\/wp-content\/uploads\/2020\/10\/logo_og_image.png\" \/>\n\t<meta property=\"og:image:width\" content=\"1200\" \/>\n\t<meta property=\"og:image:height\" content=\"628\" \/>\n\t<meta property=\"og:image:type\" content=\"image\/png\" \/>\n<meta name=\"twitter:card\" content=\"summary_large_image\" \/>\n<meta name=\"twitter:label1\" content=\"Ber\u00e4knad l\u00e4stid\" \/>\n\t<meta name=\"twitter:data1\" content=\"63 minuter\" \/>\n<script type=\"application\/ld+json\" class=\"yoast-schema-graph\">{\"@context\":\"https:\/\/schema.org\",\"@graph\":[{\"@type\":\"WebPage\",\"@id\":\"https:\/\/lialawyers.com\/apostill\/\",\"url\":\"https:\/\/lialawyers.com\/apostill\/\",\"name\":\"[:es]Apostille[:en]Apostille[:fr]Apostille[:de]Apostille[:no]Apostille[:] - LIA\",\"isPartOf\":{\"@id\":\"https:\/\/lialawyers.com\/de\/#website\"},\"datePublished\":\"2020-09-18T15:01:14+00:00\",\"dateModified\":\"2024-12-20T17:36:49+00:00\",\"breadcrumb\":{\"@id\":\"https:\/\/lialawyers.com\/apostill\/#breadcrumb\"},\"inLanguage\":\"sv-SE\",\"potentialAction\":[{\"@type\":\"ReadAction\",\"target\":[\"https:\/\/lialawyers.com\/apostill\/\"]}]},{\"@type\":\"BreadcrumbList\",\"@id\":\"https:\/\/lialawyers.com\/apostill\/#breadcrumb\",\"itemListElement\":[{\"@type\":\"ListItem\",\"position\":1,\"name\":\"Home\",\"item\":\"https:\/\/lialawyers.com\/\"},{\"@type\":\"ListItem\",\"position\":2,\"name\":\"Apostille\"}]},{\"@type\":\"WebSite\",\"@id\":\"https:\/\/lialawyers.com\/de\/#website\",\"url\":\"https:\/\/lialawyers.com\/de\/\",\"name\":\"LIA\",\"description\":\"Law Inheritance Advisors\",\"publisher\":{\"@id\":\"https:\/\/lialawyers.com\/de\/#organization\"},\"potentialAction\":[{\"@type\":\"SearchAction\",\"target\":{\"@type\":\"EntryPoint\",\"urlTemplate\":\"https:\/\/lialawyers.com\/de\/?s={search_term_string}\"},\"query-input\":{\"@type\":\"PropertyValueSpecification\",\"valueRequired\":true,\"valueName\":\"search_term_string\"}}],\"inLanguage\":\"sv-SE\"},{\"@type\":\"Organization\",\"@id\":\"https:\/\/lialawyers.com\/de\/#organization\",\"name\":\"Lia Lawyers\",\"url\":\"https:\/\/lialawyers.com\/de\/\",\"logo\":{\"@type\":\"ImageObject\",\"inLanguage\":\"sv-SE\",\"@id\":\"https:\/\/lialawyers.com\/de\/#\/schema\/logo\/image\/\",\"url\":\"https:\/\/lialawyers.com\/wp-content\/uploads\/2020\/10\/logo_og_image.png\",\"contentUrl\":\"https:\/\/lialawyers.com\/wp-content\/uploads\/2020\/10\/logo_og_image.png\",\"width\":1200,\"height\":628,\"caption\":\"Lia Lawyers\"},\"image\":{\"@id\":\"https:\/\/lialawyers.com\/de\/#\/schema\/logo\/image\/\"}}]}<\/script>\n<!-- \/ Yoast SEO plugin. -->","yoast_head_json":{"title":"[:es]Apostille[:en]Apostille[:fr]Apostille[:de]Apostille[:no]Apostille[:] - LIA","robots":{"index":"index","follow":"follow","max-snippet":"max-snippet:-1","max-image-preview":"max-image-preview:large","max-video-preview":"max-video-preview:-1"},"canonical":"https:\/\/lialawyers.com\/apostill\/","og_locale":"sv_SE","og_type":"article","og_title":"[:es]Apostille[:en]Apostille[:fr]Apostille[:de]Apostille[:no]Apostille[:] - LIA","og_url":"https:\/\/lialawyers.com\/apostill\/","og_site_name":"LIA","article_modified_time":"2024-12-20T17:36:49+00:00","og_image":[{"width":1200,"height":628,"url":"https:\/\/lialawyers.com\/wp-content\/uploads\/2020\/10\/logo_og_image.png","type":"image\/png"}],"twitter_card":"summary_large_image","twitter_misc":{"Ber\u00e4knad l\u00e4stid":"63 minuter"},"schema":{"@context":"https:\/\/schema.org","@graph":[{"@type":"WebPage","@id":"https:\/\/lialawyers.com\/apostill\/","url":"https:\/\/lialawyers.com\/apostill\/","name":"[:es]Apostille[:en]Apostille[:fr]Apostille[:de]Apostille[:no]Apostille[:] - LIA","isPartOf":{"@id":"https:\/\/lialawyers.com\/de\/#website"},"datePublished":"2020-09-18T15:01:14+00:00","dateModified":"2024-12-20T17:36:49+00:00","breadcrumb":{"@id":"https:\/\/lialawyers.com\/apostill\/#breadcrumb"},"inLanguage":"sv-SE","potentialAction":[{"@type":"ReadAction","target":["https:\/\/lialawyers.com\/apostill\/"]}]},{"@type":"BreadcrumbList","@id":"https:\/\/lialawyers.com\/apostill\/#breadcrumb","itemListElement":[{"@type":"ListItem","position":1,"name":"Home","item":"https:\/\/lialawyers.com\/"},{"@type":"ListItem","position":2,"name":"Apostille"}]},{"@type":"WebSite","@id":"https:\/\/lialawyers.com\/de\/#website","url":"https:\/\/lialawyers.com\/de\/","name":"LIA","description":"Law Inheritance Advisors","publisher":{"@id":"https:\/\/lialawyers.com\/de\/#organization"},"potentialAction":[{"@type":"SearchAction","target":{"@type":"EntryPoint","urlTemplate":"https:\/\/lialawyers.com\/de\/?s={search_term_string}"},"query-input":{"@type":"PropertyValueSpecification","valueRequired":true,"valueName":"search_term_string"}}],"inLanguage":"sv-SE"},{"@type":"Organization","@id":"https:\/\/lialawyers.com\/de\/#organization","name":"Lia Lawyers","url":"https:\/\/lialawyers.com\/de\/","logo":{"@type":"ImageObject","inLanguage":"sv-SE","@id":"https:\/\/lialawyers.com\/de\/#\/schema\/logo\/image\/","url":"https:\/\/lialawyers.com\/wp-content\/uploads\/2020\/10\/logo_og_image.png","contentUrl":"https:\/\/lialawyers.com\/wp-content\/uploads\/2020\/10\/logo_og_image.png","width":1200,"height":628,"caption":"Lia Lawyers"},"image":{"@id":"https:\/\/lialawyers.com\/de\/#\/schema\/logo\/image\/"}}]}},"_links":{"self":[{"href":"https:\/\/lialawyers.com\/sv\/wp-json\/wp\/v2\/pages\/2699","targetHints":{"allow":["GET"]}}],"collection":[{"href":"https:\/\/lialawyers.com\/sv\/wp-json\/wp\/v2\/pages"}],"about":[{"href":"https:\/\/lialawyers.com\/sv\/wp-json\/wp\/v2\/types\/page"}],"author":[{"embeddable":true,"href":"https:\/\/lialawyers.com\/sv\/wp-json\/wp\/v2\/users\/4"}],"replies":[{"embeddable":true,"href":"https:\/\/lialawyers.com\/sv\/wp-json\/wp\/v2\/comments?post=2699"}],"version-history":[{"count":18,"href":"https:\/\/lialawyers.com\/sv\/wp-json\/wp\/v2\/pages\/2699\/revisions"}],"predecessor-version":[{"id":2952,"href":"https:\/\/lialawyers.com\/sv\/wp-json\/wp\/v2\/pages\/2699\/revisions\/2952"}],"wp:attachment":[{"href":"https:\/\/lialawyers.com\/sv\/wp-json\/wp\/v2\/media?parent=2699"}],"curies":[{"name":"wp","href":"https:\/\/api.w.org\/{rel}","templated":true}]}}