{"id":2778,"date":"2020-09-28T08:22:31","date_gmt":"2020-09-28T07:22:31","guid":{"rendered":"http:\/\/lialawyers.com\/?page_id=2778"},"modified":"2024-12-20T17:36:50","modified_gmt":"2024-12-20T17:36:50","slug":"nie","status":"publish","type":"page","link":"https:\/\/lialawyers.com\/sv\/nie\/","title":{"rendered":"(Espa\u00f1ol) Nie y Residencia"},"content":{"rendered":"<div class=\"fusion-fullwidth fullwidth-box fusion-builder-row-5 nonhundred-percent-fullwidth non-hundred-percent-height-scrolling\"  style='background-color: rgba(255,255,255,0);background-position: center center;background-repeat: no-repeat;padding-top:0px;padding-right:0px;padding-bottom:0px;padding-left:0px;'><div class=\"fusion-builder-row fusion-row \"><div  class=\"fusion-layout-column fusion_builder_column fusion_builder_column_1_1 fusion-builder-column-4 fusion-one-full fusion-column-first fusion-column-last 1_1\"  style='margin-top:0px;margin-bottom:0px;'><div class=\"fusion-column-wrapper\" style=\"padding: 0px 0px 0px 0px;background-position:left top;background-repeat:no-repeat;-webkit-background-size:cover;-moz-background-size:cover;-o-background-size:cover;background-size:cover;\"   data-bg-url=\"\"><style type=\"text\/css\">@media only screen and (max-width:800px) {.fusion-title.fusion-title-4{margin-top:10px!important;margin-bottom:10px!important;}}<\/style><div class=\"fusion-title title fusion-title-4 fusion-title-text fusion-title-size-one\" style=\"margin-top:10px;margin-bottom:15px;\"><h1 class=\"title-heading-left\" style=\"margin:0;\">Nie och Residencia<\/h1><div class=\"title-sep-container\"><div class=\"title-sep sep-double sep-solid\" style=\"border-color:#e2e2e2;\"><\/div><\/div><\/div><div class=\"fusion-text\"><p>Det \u00e4r viktigt att man f\u00e5r f\u00f6rklarat skillnaden mellan NIE och Residencia eftersom det \u00e4r ganska vanligt att man anv\u00e4nder f\u00f6rkortningen N.I.E. n\u00e4r man h\u00e4nvisar till \u201cuppeh\u00e5llscertifikat eller kort\u201d. I korrekt r\u00e4ttslig term s\u00e5 st\u00e5r NIE f\u00f6r \u201cN\u00famero de Identificaci\u00f3n de Extranjeros\u201d dvs ett skattenummer f\u00f6r utl\u00e4nningar (bosatta eller inte i Spanien) som erh\u00e5lls via polismyndigheten. Med detta nummer kan spanska myndigheter behandla ekonomiska, social och professionella \u00e4renden.<\/p>\n<p>Under extraordin\u00e4ra och br\u00e5dskande omst\u00e4ndigheter s\u00e5 kan ett provisoriskt NIE-nummer utf\u00e4rdas av skattemyndigheten, men det slutliga numret utf\u00e4rdas alltid av polisen. NIE-numret upph\u00f6r eller \u00e4ndras inte, det \u00e4r inte ett identifieringsdokument juridiskt, utan m\u00e5ste alltid \u00e5tf\u00f6ljas av pass eller giltigt id fr\u00e5n hemlandet. Detta nummer l\u00e5ter en inte arbeta eller bo fast i Spanien.<br \/>\nF\u00f6rvirringen kommer troligtvis fr\u00e5n det faktum att p\u00e5 ett \u201dresidentkort\/certifikat\u201d s\u00e5 st\u00e5r alltid NIE-numret med, men som det n\u00e4mns h\u00e4r ovan s\u00e5 f\u00e5r b\u00e5de residenta som icke-residenta utl\u00e4nningar detta NIE-nummer ans\u00f6kt.<\/p>\n<p>Ans\u00f6kningen \u00e4r en relativt enkel process, men tidpunkten f\u00f6r ans\u00f6kan \u00e4r desto viktigare d\u00e5 det inte finns v\u00e4ldigt f\u00e5 tider att boka f\u00f6r ans\u00f6kningar. Det \u00e4r vanligt att man l\u00e4mnar en fullmakt till den advokat man valt f\u00f6r att h\u00e5lla hela processen s\u00e5 okomplicerad som m\u00f6jligt. \u00c5 andra sidan s\u00e5 uppst\u00e5r skyldigheten att registrera sig som fast bosatt n\u00e4r man planerar att stanna i Spanien mer \u00e4n 3 m\u00e5nader. Europ\u00e9er och medlemmar i det europeiska ekonomiska omr\u00e5det (Norge, Liechtenstein och Island) kan fritt bo s\u00e5 l\u00e4nge de kan f\u00f6rs\u00f6rja sig ekonomiskt och inneha privat eller allm\u00e4n sjukf\u00f6rs\u00e4kring. Tillsammans med ans\u00f6kan s\u00e5 m\u00e5ste man \u00e4ven kunna p\u00e5visa sina inkomster genom ett kontoutdrag med en minimum och regelbunden inkomst samt tillr\u00e4ckligt saldo.<\/p>\n<p>Icke-europ\u00e9er som planerar att bos\u00e4tta sig i Spanien m\u00e5ste starta ans\u00f6kningsprocessen genom anskaffandet av ett visum inf\u00f6r sin vistelse genom sin ambassad eller konsulat, h\u00e4r kommer specifika krav p\u00e5 f\u00f6rhand att tas till h\u00e4nsyn.<\/p>\n<p>T\u00e4nk p\u00e5 att det \u00e4r stora skillnader mellan att bo i Spanien i mer \u00e4n tre m\u00e5nader, vara \u201cresident\u201d ur polisi\u00e4r synpunkt och att vara skatte-resident, vilket inneb\u00e4r att man skattar sina inkomster till den spanska skattemyndigheten (\u201cAgencia Tributaria\u201d). Detta \u201cskatteansvar\u201d kommer i samband med att man vistas i landet i mer \u00e4n 183 dagar av \u00e5ret.<br \/>\nVi har genom \u00e5ren st\u00f6tt p\u00e5 m\u00e5nga fall d\u00e4r man registrerat sig som fast bosatt i Spanien och d\u00e4r man inte uppn\u00e5tt vistelseperioden som f\u00f6rpliktigar en att vara skatte-resident och man har d\u00e4rav beh\u00e5llit sin skattem\u00e4ssiga status i sitt hemland och endast skattat f\u00f6r sina spanska tillg\u00e5ngar i Spanien. Lia Advokater hj\u00e4lper med denna typ av regelfr\u00e5gor oavsett om man bor I Spanien tillf\u00e4lligt f\u00f6r f\u00f6rsta g\u00e5ngen eller om man planerar att bli fast bosatt dvs, resident. V\u00e5ra tj\u00e4nster har alltid som m\u00e5l att vara dynamisk och effektiv f\u00f6r att g\u00f6ra processen enkel f\u00f6r kunden.<\/p>\n<\/div><div class=\"fusion-clearfix\"><\/div><\/div><\/div><\/div><\/div><div class=\"fusion-fullwidth fullwidth-box fusion-builder-row-6 nonhundred-percent-fullwidth non-hundred-percent-height-scrolling\"  style='background-color: rgba(255,255,255,0);background-position: center center;background-repeat: no-repeat;padding-top:0px;padding-right:0px;padding-bottom:0px;padding-left:0px;'><div class=\"fusion-builder-row fusion-row \"><div  class=\"fusion-layout-column fusion_builder_column fusion_builder_column_1_1 fusion-builder-column-5 fusion-one-full fusion-column-first fusion-column-last 1_1\"  style='margin-top:0px;margin-bottom:0px;'><div class=\"fusion-column-wrapper\" style=\"padding: 0px 0px 0px 0px;background-position:left top;background-repeat:no-repeat;-webkit-background-size:cover;-moz-background-size:cover;-o-background-size:cover;background-size:cover;\"   data-bg-url=\"\"><div class=\"fusion-text\"><\/div><div class=\"fusion-clearfix\"><\/div><\/div><\/div><\/div><\/div>","protected":false},"excerpt":{"rendered":"","protected":false},"author":4,"featured_media":0,"parent":0,"menu_order":0,"comment_status":"closed","ping_status":"closed","template":"","meta":{"footnotes":""},"class_list":["post-2778","page","type-page","status-publish","hentry"],"yoast_head":"<!-- This site is optimized with the Yoast SEO plugin v24.1 - https:\/\/yoast.com\/wordpress\/plugins\/seo\/ -->\n<title><\/title>\n<meta name=\"robots\" content=\"index, follow, max-snippet:-1, max-image-preview:large, max-video-preview:-1\" \/>\n<link rel=\"canonical\" href=\"https:\/\/lialawyers.com\/nie\/\" \/>\n<meta property=\"og:locale\" content=\"sv_SE\" \/>\n<meta property=\"og:type\" content=\"article\" \/>\n<meta property=\"og:title\" content=\"[:es]Nie y Residencia[:en]Nie &amp; Residence[:de]NIE UND RESIDENZ[:] - LIA\" \/>\n<meta property=\"og:url\" content=\"https:\/\/lialawyers.com\/nie\/\" \/>\n<meta property=\"og:site_name\" content=\"LIA\" \/>\n<meta property=\"article:modified_time\" content=\"2024-12-20T17:36:50+00:00\" \/>\n<meta property=\"og:image\" content=\"https:\/\/lialawyers.com\/wp-content\/uploads\/2020\/10\/logo_og_image.png\" \/>\n\t<meta property=\"og:image:width\" content=\"1200\" \/>\n\t<meta property=\"og:image:height\" content=\"628\" \/>\n\t<meta property=\"og:image:type\" content=\"image\/png\" \/>\n<meta name=\"twitter:card\" content=\"summary_large_image\" \/>\n<meta name=\"twitter:label1\" content=\"Ber\u00e4knad l\u00e4stid\" \/>\n\t<meta name=\"twitter:data1\" content=\"29 minuter\" \/>\n<script type=\"application\/ld+json\" class=\"yoast-schema-graph\">{\"@context\":\"https:\/\/schema.org\",\"@graph\":[{\"@type\":\"WebPage\",\"@id\":\"https:\/\/lialawyers.com\/nie\/\",\"url\":\"https:\/\/lialawyers.com\/nie\/\",\"name\":\"[:es]Nie y Residencia[:en]Nie & Residence[:de]NIE UND RESIDENZ[:] - LIA\",\"isPartOf\":{\"@id\":\"https:\/\/lialawyers.com\/de\/#website\"},\"datePublished\":\"2020-09-28T07:22:31+00:00\",\"dateModified\":\"2024-12-20T17:36:50+00:00\",\"breadcrumb\":{\"@id\":\"https:\/\/lialawyers.com\/nie\/#breadcrumb\"},\"inLanguage\":\"sv-SE\",\"potentialAction\":[{\"@type\":\"ReadAction\",\"target\":[\"https:\/\/lialawyers.com\/nie\/\"]}]},{\"@type\":\"BreadcrumbList\",\"@id\":\"https:\/\/lialawyers.com\/nie\/#breadcrumb\",\"itemListElement\":[{\"@type\":\"ListItem\",\"position\":1,\"name\":\"Home\",\"item\":\"https:\/\/lialawyers.com\/\"},{\"@type\":\"ListItem\",\"position\":2,\"name\":\"Nie y Residencia\"}]},{\"@type\":\"WebSite\",\"@id\":\"https:\/\/lialawyers.com\/de\/#website\",\"url\":\"https:\/\/lialawyers.com\/de\/\",\"name\":\"LIA\",\"description\":\"Law Inheritance Advisors\",\"publisher\":{\"@id\":\"https:\/\/lialawyers.com\/de\/#organization\"},\"potentialAction\":[{\"@type\":\"SearchAction\",\"target\":{\"@type\":\"EntryPoint\",\"urlTemplate\":\"https:\/\/lialawyers.com\/de\/?s={search_term_string}\"},\"query-input\":{\"@type\":\"PropertyValueSpecification\",\"valueRequired\":true,\"valueName\":\"search_term_string\"}}],\"inLanguage\":\"sv-SE\"},{\"@type\":\"Organization\",\"@id\":\"https:\/\/lialawyers.com\/de\/#organization\",\"name\":\"Lia Lawyers\",\"url\":\"https:\/\/lialawyers.com\/de\/\",\"logo\":{\"@type\":\"ImageObject\",\"inLanguage\":\"sv-SE\",\"@id\":\"https:\/\/lialawyers.com\/de\/#\/schema\/logo\/image\/\",\"url\":\"https:\/\/lialawyers.com\/wp-content\/uploads\/2020\/10\/logo_og_image.png\",\"contentUrl\":\"https:\/\/lialawyers.com\/wp-content\/uploads\/2020\/10\/logo_og_image.png\",\"width\":1200,\"height\":628,\"caption\":\"Lia Lawyers\"},\"image\":{\"@id\":\"https:\/\/lialawyers.com\/de\/#\/schema\/logo\/image\/\"}}]}<\/script>\n<!-- \/ Yoast SEO plugin. -->","yoast_head_json":{"title":"[:es]Nie y Residencia[:en]Nie & Residence[:de]NIE UND RESIDENZ[:] - LIA","robots":{"index":"index","follow":"follow","max-snippet":"max-snippet:-1","max-image-preview":"max-image-preview:large","max-video-preview":"max-video-preview:-1"},"canonical":"https:\/\/lialawyers.com\/nie\/","og_locale":"sv_SE","og_type":"article","og_title":"[:es]Nie y Residencia[:en]Nie & Residence[:de]NIE UND RESIDENZ[:] - LIA","og_url":"https:\/\/lialawyers.com\/nie\/","og_site_name":"LIA","article_modified_time":"2024-12-20T17:36:50+00:00","og_image":[{"width":1200,"height":628,"url":"https:\/\/lialawyers.com\/wp-content\/uploads\/2020\/10\/logo_og_image.png","type":"image\/png"}],"twitter_card":"summary_large_image","twitter_misc":{"Ber\u00e4knad l\u00e4stid":"29 minuter"},"schema":{"@context":"https:\/\/schema.org","@graph":[{"@type":"WebPage","@id":"https:\/\/lialawyers.com\/nie\/","url":"https:\/\/lialawyers.com\/nie\/","name":"[:es]Nie y Residencia[:en]Nie & Residence[:de]NIE UND RESIDENZ[:] - LIA","isPartOf":{"@id":"https:\/\/lialawyers.com\/de\/#website"},"datePublished":"2020-09-28T07:22:31+00:00","dateModified":"2024-12-20T17:36:50+00:00","breadcrumb":{"@id":"https:\/\/lialawyers.com\/nie\/#breadcrumb"},"inLanguage":"sv-SE","potentialAction":[{"@type":"ReadAction","target":["https:\/\/lialawyers.com\/nie\/"]}]},{"@type":"BreadcrumbList","@id":"https:\/\/lialawyers.com\/nie\/#breadcrumb","itemListElement":[{"@type":"ListItem","position":1,"name":"Home","item":"https:\/\/lialawyers.com\/"},{"@type":"ListItem","position":2,"name":"Nie y Residencia"}]},{"@type":"WebSite","@id":"https:\/\/lialawyers.com\/de\/#website","url":"https:\/\/lialawyers.com\/de\/","name":"LIA","description":"Law Inheritance Advisors","publisher":{"@id":"https:\/\/lialawyers.com\/de\/#organization"},"potentialAction":[{"@type":"SearchAction","target":{"@type":"EntryPoint","urlTemplate":"https:\/\/lialawyers.com\/de\/?s={search_term_string}"},"query-input":{"@type":"PropertyValueSpecification","valueRequired":true,"valueName":"search_term_string"}}],"inLanguage":"sv-SE"},{"@type":"Organization","@id":"https:\/\/lialawyers.com\/de\/#organization","name":"Lia Lawyers","url":"https:\/\/lialawyers.com\/de\/","logo":{"@type":"ImageObject","inLanguage":"sv-SE","@id":"https:\/\/lialawyers.com\/de\/#\/schema\/logo\/image\/","url":"https:\/\/lialawyers.com\/wp-content\/uploads\/2020\/10\/logo_og_image.png","contentUrl":"https:\/\/lialawyers.com\/wp-content\/uploads\/2020\/10\/logo_og_image.png","width":1200,"height":628,"caption":"Lia Lawyers"},"image":{"@id":"https:\/\/lialawyers.com\/de\/#\/schema\/logo\/image\/"}}]}},"_links":{"self":[{"href":"https:\/\/lialawyers.com\/sv\/wp-json\/wp\/v2\/pages\/2778","targetHints":{"allow":["GET"]}}],"collection":[{"href":"https:\/\/lialawyers.com\/sv\/wp-json\/wp\/v2\/pages"}],"about":[{"href":"https:\/\/lialawyers.com\/sv\/wp-json\/wp\/v2\/types\/page"}],"author":[{"embeddable":true,"href":"https:\/\/lialawyers.com\/sv\/wp-json\/wp\/v2\/users\/4"}],"replies":[{"embeddable":true,"href":"https:\/\/lialawyers.com\/sv\/wp-json\/wp\/v2\/comments?post=2778"}],"version-history":[{"count":8,"href":"https:\/\/lialawyers.com\/sv\/wp-json\/wp\/v2\/pages\/2778\/revisions"}],"predecessor-version":[{"id":2954,"href":"https:\/\/lialawyers.com\/sv\/wp-json\/wp\/v2\/pages\/2778\/revisions\/2954"}],"wp:attachment":[{"href":"https:\/\/lialawyers.com\/sv\/wp-json\/wp\/v2\/media?parent=2778"}],"curies":[{"name":"wp","href":"https:\/\/api.w.org\/{rel}","templated":true}]}}