{"id":2967,"date":"2020-11-13T10:02:05","date_gmt":"2020-11-13T10:02:05","guid":{"rendered":"http:\/\/lialawyers.com\/?page_id=2967"},"modified":"2024-12-20T17:36:50","modified_gmt":"2024-12-20T17:36:50","slug":"labour-law","status":"publish","type":"page","link":"https:\/\/lialawyers.com\/sv\/labour-law\/","title":{"rendered":"(Espa\u00f1ol) Relaciones Laborales y RRHH"},"content":{"rendered":"<div class=\"fusion-fullwidth fullwidth-box fusion-builder-row-4 nonhundred-percent-fullwidth non-hundred-percent-height-scrolling\"  style='background-color: rgba(255,255,255,0);background-position: center center;background-repeat: no-repeat;padding-top:0px;padding-right:0px;padding-bottom:0px;padding-left:0px;'><div class=\"fusion-builder-row fusion-row \"><div  class=\"fusion-layout-column fusion_builder_column fusion_builder_column_1_1 fusion-builder-column-3 fusion-one-full fusion-column-first fusion-column-last 1_1\"  style='margin-top:0px;margin-bottom:20px;'><div class=\"fusion-column-wrapper\" style=\"padding: 0px 0px 0px 0px;background-position:left top;background-repeat:no-repeat;-webkit-background-size:cover;-moz-background-size:cover;-o-background-size:cover;background-size:cover;\"   data-bg-url=\"\"><style type=\"text\/css\">@media only screen and (max-width:800px) {.fusion-title.fusion-title-4{margin-top:10px!important;margin-bottom:10px!important;}}<\/style><div class=\"fusion-title title fusion-title-4 fusion-title-text fusion-title-size-one\" style=\"margin-top:10px;margin-bottom:15px;\"><h1 class=\"title-heading-left\" style=\"margin:0;\">Arbetsr\u00e4tt<\/h1><div class=\"title-sep-container\"><div class=\"title-sep sep-double sep-solid\" style=\"border-color:#e2e2e2;\"><\/div><\/div><\/div><div class=\"fusion-text\"><p>En bostadstransaktion kan vara ett av de viktigaste ekonomiska besluten man tar i sitt liv. D\u00e4rf\u00f6r \u00e4r det viktigt att f\u00e5 juridisk r\u00e5dgivning fr\u00e5n n\u00e5gon som har erfarenhet inom fastighetsr\u00e4tt. Att kunna ge sakkunnig r\u00e5dgivning inneb\u00e4r det att man har en fullst\u00e4ndig f\u00f6rst\u00e5else f\u00f6r vad kunden vill uppn\u00e5, kontroll \u00f6ver alla relevanta dokument och information, kunskap om lagar och r\u00e4ttsliga regler som kan komma att vara till kundens f\u00f6rdel. N\u00e4r man investerar i en fastighet eller \u00f6verf\u00f6r \u00e4gander\u00e4tten till n\u00e5gon annan s\u00e5 finns det vissa aspekter inom lagen som kan att variera inom det r\u00e4ttssystem man kommer in i och dessa \u00e4ndringar m\u00e5ste tas i beaktande.<\/p>\n<p>Vi erbjuder effektiva, bekv\u00e4ma och kostnadseffektiva tj\u00e4nster till kunder \u00f6ver hela v\u00e4rlden. LIA ADVOKATER v\u00e4gleder en genom hela processen att k\u00f6pa eller s\u00e4lja fastighet i Spanien. Det \u00e4r viktigt att efterfr\u00e5ga tj\u00e4nster fr\u00e5n oberoende advokater som objektivt analyserar \u00e4rendet och som \u00e4r k\u00e4nda med omr\u00e5det. De yrkesverksamma inom LIA ADVOKATER har varit baserade p\u00e5 Costa Blanca (Alicante) i mer \u00e4n trettio \u00e5r.<\/p>\n<p>En av huvudfaserna i en \u00f6verl\u00e5telseprocess \u00e4r att advokaten studerar utkast till kontrakt (som kanske inte alltid f\u00f6ljer grundl\u00e4ggande r\u00e4ttsliga krav n\u00e4r det \u00e4r utarbetat av en m\u00e4klare), diverse andra handlingar som tillhandah\u00e5lls fr\u00e5n den andra partens advokat eller m\u00e4klare och andra relaterade uppgifter; d\u00e4refter unders\u00f6ks den fr\u00e5n fastighetsregistret tillhandah\u00e5llna dokumentationen och utf\u00e4rdandet av en juridisk rapport innan ett reservationskontrakt signeras.<\/p>\n<p>I Spanien \u00e4r det inte obligatoriskt att f\u00e5 en strukturell unders\u00f6kning som fastst\u00e4ller fastighetens fysiska tillst\u00e5nd innan man signerar en lagfart (bevis p\u00e5 \u00e4gander\u00e4tt). \u00c4r man intresserad av denna typ av bed\u00f6mning s\u00e5 b\u00f6r man informera sin advokat om detta, s\u00e5 att de kan g\u00f6ra alla n\u00f6dv\u00e4ndiga arrangemang.<\/p>\n<p>Om man beslutar att anlita en expert inf\u00f6r \u00f6verl\u00e5telsen s\u00e5 kan man f\u00f6rv\u00e4nta sig att f\u00e5 kvalificerad v\u00e4gledning \u00e4ven vid f\u00f6rhandlingen av ett eventuellt bol\u00e5n med olika banker (f\u00f6r att undvika oproportionerliga kostnader och samordningsproblem) \u00e4ndra fram till sj\u00e4lva signeringen av l\u00e5net inf\u00f6r notariuspublicus, en figur inom det spanska r\u00e4ttssystemet, ok\u00e4nd f\u00f6r m\u00e5nga nationaliteter.<\/p>\n<p>Vad g\u00f6r vi i ett husk\u00f6p?<\/p>\n<ul>\n<li>Ser till att alla lagliga krav m\u00f6ts i alla led.<\/li>\n<\/ul>\n<ul>\n<li>Ger r\u00e5d vid undertecknande av fullmakt som skr\u00e4ddarsys efter v\u00e5r kunds behov.<\/li>\n<\/ul>\n<ul>\n<li>Hj\u00e4lper till vid ans\u00f6kan av spanska skatteregistreringsnummer f\u00f6r utl\u00e4nningar, NIE.<\/li>\n<\/ul>\n<ul>\n<li>I omr\u00e5den med milit\u00e4rt inflytande erh\u00e5ller vi med de tillst\u00e5nd som kr\u00e4vs.<\/li>\n<li>Kontrollerar att alla n\u00f6dv\u00e4ndiga certifikat och licenser som beh\u00f6vs f\u00f6r byggnad av en fastighet.<\/li>\n<\/ul>\n<ul>\n<li>Preparerar bygglov??<\/li>\n<\/ul>\n<ul>\n<li>G\u00f6r en s\u00f6kning hos fastighetsregistret f\u00f6r att bekr\u00e4fta \u00e4gare och eventuella skulder (ex. bol\u00e5n) p\u00e5 fastigheten.<\/li>\n<\/ul>\n<ul>\n<li>Utarbetar det privata avtalet f\u00f6r k\u00f6p\/s\u00e4lj f\u00f6r att s\u00e4kerhetsst\u00e4lla k\u00f6parens som s\u00e4ljarens r\u00e4ttigheter att dessa skyddas och att det inte dyker upp n\u00e5gra \u00f6verraskningar i ett senare skede.<\/li>\n<\/ul>\n<ul>\n<li>Undertecknar relevanta k\u00f6p-eller f\u00f6rs\u00e4ljningsdokument med fullmakt, vid behov.<\/li>\n<\/ul>\n<ul>\n<li>Beg\u00e4r ut ett utkast till lagfarten fr\u00e5n notariuspublicus f\u00f6r att kunna ge kunden en detaljerad f\u00f6rklaring p\u00e5 sitt eget spr\u00e5k av inneh\u00e5llet.<\/li>\n<\/ul>\n<ul>\n<li>Assistera med tolk om kunden sj\u00e4lv \u00e4r n\u00e4rvarande vid \u00f6verl\u00e5tandet hos notariuspublicus.<\/li>\n<\/ul>\n<ul>\n<li>Hantera alla skatter relaterade till \u00f6verl\u00e5tandet.<\/li>\n<\/ul>\n<ul>\n<li>\u00d6vervaka och kontrollera registreringen av fastigheten hos fastighetsregistret.<\/li>\n<\/ul>\n<ul>\n<li>Om n\u00f6dv\u00e4ndigt, f\u00f6rhandla bol\u00e5n p\u00e5 kunden beg\u00e4ran, signera l\u00e5net och erbjuda \u00f6vers\u00e4ttningstj\u00e4nster.<\/li>\n<\/ul>\n<ul>\n<li>Ge r\u00e5d vid signering av alla typer av f\u00f6rs\u00e4kringar (juridisk, sjukv\u00e5rds, hem etc.).<\/li>\n<\/ul>\n<ul>\n<li>Erbjuder en v\u00e4nlig, uppdaterad, effektiv och p\u00e5litlig service. Eftersom ett bostadsk\u00f6p \u00e4r ett av de st\u00f6rsta besluten ekonomiska besluten man kan fatta och det \u00e4r viktigt att f\u00e5 expertr\u00e5d; juridisk expertis v\u00e4l v\u00e4rt kostnaden.<\/li>\n<\/ul>\n<\/div><div class=\"fusion-clearfix\"><\/div><\/div><\/div><\/div><\/div><style type=\"text\/css\">.fusion-fullwidth.fusion-builder-row-4 a:not(.fusion-button):not(.fusion-builder-module-control):not(.fusion-social-network-icon):not(.fb-icon-element):not(.fusion-countdown-link):not(.fusion-rollover-link):not(.fusion-rollover-gallery):not(.fusion-button-bar):not(.add_to_cart_button):not(.show_details_button):not(.product_type_external):not(.fusion-quick-view):not(.fusion-rollover-title-link):not(.fusion-breadcrumb-link) , .fusion-fullwidth.fusion-builder-row-4 a:not(.fusion-button):not(.fusion-builder-module-control):not(.fusion-social-network-icon):not(.fb-icon-element):not(.fusion-countdown-link):not(.fusion-rollover-link):not(.fusion-rollover-gallery):not(.fusion-button-bar):not(.add_to_cart_button):not(.show_details_button):not(.product_type_external):not(.fusion-quick-view):not(.fusion-rollover-title-link):not(.fusion-breadcrumb-link):before, .fusion-fullwidth.fusion-builder-row-4 a:not(.fusion-button):not(.fusion-builder-module-control):not(.fusion-social-network-icon):not(.fb-icon-element):not(.fusion-countdown-link):not(.fusion-rollover-link):not(.fusion-rollover-gallery):not(.fusion-button-bar):not(.add_to_cart_button):not(.show_details_button):not(.product_type_external):not(.fusion-quick-view):not(.fusion-rollover-title-link):not(.fusion-breadcrumb-link):after {color: #212934;}.fusion-fullwidth.fusion-builder-row-4 a:not(.fusion-button):not(.fusion-builder-module-control):not(.fusion-social-network-icon):not(.fb-icon-element):not(.fusion-countdown-link):not(.fusion-rollover-link):not(.fusion-rollover-gallery):not(.fusion-button-bar):not(.add_to_cart_button):not(.show_details_button):not(.product_type_external):not(.fusion-quick-view):not(.fusion-rollover-title-link):not(.fusion-breadcrumb-link):hover, .fusion-fullwidth.fusion-builder-row-4 a:not(.fusion-button):not(.fusion-builder-module-control):not(.fusion-social-network-icon):not(.fb-icon-element):not(.fusion-countdown-link):not(.fusion-rollover-link):not(.fusion-rollover-gallery):not(.fusion-button-bar):not(.add_to_cart_button):not(.show_details_button):not(.product_type_external):not(.fusion-quick-view):not(.fusion-rollover-title-link):not(.fusion-breadcrumb-link):hover:before, .fusion-fullwidth.fusion-builder-row-4 a:not(.fusion-button):not(.fusion-builder-module-control):not(.fusion-social-network-icon):not(.fb-icon-element):not(.fusion-countdown-link):not(.fusion-rollover-link):not(.fusion-rollover-gallery):not(.fusion-button-bar):not(.add_to_cart_button):not(.show_details_button):not(.product_type_external):not(.fusion-quick-view):not(.fusion-rollover-title-link):not(.fusion-breadcrumb-link):hover:after {color: #549f97;}.fusion-fullwidth.fusion-builder-row-4 .pagination a.inactive:hover, .fusion-fullwidth.fusion-builder-row-4 .fusion-filters .fusion-filter.fusion-active a {border-color: #549f97;}.fusion-fullwidth.fusion-builder-row-4 .pagination .current {border-color: #549f97; background-color: #549f97;}.fusion-fullwidth.fusion-builder-row-4 .fusion-filters .fusion-filter.fusion-active a, .fusion-fullwidth.fusion-builder-row-4 .fusion-date-and-formats .fusion-format-box, .fusion-fullwidth.fusion-builder-row-4 .fusion-popover, .fusion-fullwidth.fusion-builder-row-4 .tooltip-shortcode {color: #549f97;}#main .fusion-fullwidth.fusion-builder-row-4 .post .blog-shortcode-post-title a:hover {color: #549f97;}<\/style><div class=\"fusion-fullwidth fullwidth-box fusion-builder-row-5 nonhundred-percent-fullwidth non-hundred-percent-height-scrolling\"  style='background-color: rgba(255,255,255,0);background-position: center center;background-repeat: no-repeat;padding-top:0px;padding-right:0px;padding-bottom:0px;padding-left:0px;'><div class=\"fusion-builder-row fusion-row \"><div  class=\"fusion-layout-column fusion_builder_column fusion_builder_column_1_1 fusion-builder-column-4 fusion-one-full fusion-column-first fusion-column-last 1_1\"  style='margin-top:0px;margin-bottom:0px;'><div class=\"fusion-column-wrapper\" style=\"padding: 0px 0px 0px 0px;background-position:left top;background-repeat:no-repeat;-webkit-background-size:cover;-moz-background-size:cover;-o-background-size:cover;background-size:cover;\"   data-bg-url=\"\"><div class=\"fusion-text\"><\/div><div class=\"fusion-clearfix\"><\/div><\/div><\/div><\/div><\/div>","protected":false},"excerpt":{"rendered":"","protected":false},"author":4,"featured_media":0,"parent":0,"menu_order":0,"comment_status":"closed","ping_status":"closed","template":"","meta":{"footnotes":""},"class_list":["post-2967","page","type-page","status-publish","hentry"],"yoast_head":"<!-- This site is optimized with the Yoast SEO plugin v24.1 - https:\/\/yoast.com\/wordpress\/plugins\/seo\/ -->\n<title><\/title>\n<meta name=\"robots\" content=\"index, follow, max-snippet:-1, max-image-preview:large, max-video-preview:-1\" \/>\n<link rel=\"canonical\" href=\"https:\/\/lialawyers.com\/labour-law\/\" \/>\n<meta property=\"og:locale\" content=\"sv_SE\" \/>\n<meta property=\"og:type\" content=\"article\" \/>\n<meta property=\"og:title\" content=\"[:es]Relaciones Laborales y RRHH[:en]Labour Law[:fr]Conseil en ressources humaines[:] - LIA\" \/>\n<meta property=\"og:url\" content=\"https:\/\/lialawyers.com\/labour-law\/\" \/>\n<meta property=\"og:site_name\" content=\"LIA\" \/>\n<meta property=\"article:modified_time\" content=\"2024-12-20T17:36:50+00:00\" \/>\n<meta property=\"og:image\" content=\"https:\/\/lialawyers.com\/wp-content\/uploads\/2020\/10\/logo_og_image.png\" \/>\n\t<meta property=\"og:image:width\" content=\"1200\" \/>\n\t<meta property=\"og:image:height\" content=\"628\" \/>\n\t<meta property=\"og:image:type\" content=\"image\/png\" \/>\n<meta name=\"twitter:card\" content=\"summary_large_image\" \/>\n<meta name=\"twitter:label1\" content=\"Ber\u00e4knad l\u00e4stid\" \/>\n\t<meta name=\"twitter:data1\" content=\"28 minuter\" \/>\n<script type=\"application\/ld+json\" class=\"yoast-schema-graph\">{\"@context\":\"https:\/\/schema.org\",\"@graph\":[{\"@type\":\"WebPage\",\"@id\":\"https:\/\/lialawyers.com\/labour-law\/\",\"url\":\"https:\/\/lialawyers.com\/labour-law\/\",\"name\":\"[:es]Relaciones Laborales y RRHH[:en]Labour Law[:fr]Conseil en ressources humaines[:] - LIA\",\"isPartOf\":{\"@id\":\"https:\/\/lialawyers.com\/de\/#website\"},\"datePublished\":\"2020-11-13T10:02:05+00:00\",\"dateModified\":\"2024-12-20T17:36:50+00:00\",\"breadcrumb\":{\"@id\":\"https:\/\/lialawyers.com\/labour-law\/#breadcrumb\"},\"inLanguage\":\"sv-SE\",\"potentialAction\":[{\"@type\":\"ReadAction\",\"target\":[\"https:\/\/lialawyers.com\/labour-law\/\"]}]},{\"@type\":\"BreadcrumbList\",\"@id\":\"https:\/\/lialawyers.com\/labour-law\/#breadcrumb\",\"itemListElement\":[{\"@type\":\"ListItem\",\"position\":1,\"name\":\"Home\",\"item\":\"https:\/\/lialawyers.com\/\"},{\"@type\":\"ListItem\",\"position\":2,\"name\":\"Relaciones Laborales y RRHH\"}]},{\"@type\":\"WebSite\",\"@id\":\"https:\/\/lialawyers.com\/de\/#website\",\"url\":\"https:\/\/lialawyers.com\/de\/\",\"name\":\"LIA\",\"description\":\"Law Inheritance Advisors\",\"publisher\":{\"@id\":\"https:\/\/lialawyers.com\/de\/#organization\"},\"potentialAction\":[{\"@type\":\"SearchAction\",\"target\":{\"@type\":\"EntryPoint\",\"urlTemplate\":\"https:\/\/lialawyers.com\/de\/?s={search_term_string}\"},\"query-input\":{\"@type\":\"PropertyValueSpecification\",\"valueRequired\":true,\"valueName\":\"search_term_string\"}}],\"inLanguage\":\"sv-SE\"},{\"@type\":\"Organization\",\"@id\":\"https:\/\/lialawyers.com\/de\/#organization\",\"name\":\"Lia Lawyers\",\"url\":\"https:\/\/lialawyers.com\/de\/\",\"logo\":{\"@type\":\"ImageObject\",\"inLanguage\":\"sv-SE\",\"@id\":\"https:\/\/lialawyers.com\/de\/#\/schema\/logo\/image\/\",\"url\":\"https:\/\/lialawyers.com\/wp-content\/uploads\/2020\/10\/logo_og_image.png\",\"contentUrl\":\"https:\/\/lialawyers.com\/wp-content\/uploads\/2020\/10\/logo_og_image.png\",\"width\":1200,\"height\":628,\"caption\":\"Lia Lawyers\"},\"image\":{\"@id\":\"https:\/\/lialawyers.com\/de\/#\/schema\/logo\/image\/\"}}]}<\/script>\n<!-- \/ Yoast SEO plugin. -->","yoast_head_json":{"title":"[:es]Relaciones Laborales y RRHH[:en]Labour Law[:fr]Conseil en ressources humaines[:] - LIA","robots":{"index":"index","follow":"follow","max-snippet":"max-snippet:-1","max-image-preview":"max-image-preview:large","max-video-preview":"max-video-preview:-1"},"canonical":"https:\/\/lialawyers.com\/labour-law\/","og_locale":"sv_SE","og_type":"article","og_title":"[:es]Relaciones Laborales y RRHH[:en]Labour Law[:fr]Conseil en ressources humaines[:] - LIA","og_url":"https:\/\/lialawyers.com\/labour-law\/","og_site_name":"LIA","article_modified_time":"2024-12-20T17:36:50+00:00","og_image":[{"width":1200,"height":628,"url":"https:\/\/lialawyers.com\/wp-content\/uploads\/2020\/10\/logo_og_image.png","type":"image\/png"}],"twitter_card":"summary_large_image","twitter_misc":{"Ber\u00e4knad l\u00e4stid":"28 minuter"},"schema":{"@context":"https:\/\/schema.org","@graph":[{"@type":"WebPage","@id":"https:\/\/lialawyers.com\/labour-law\/","url":"https:\/\/lialawyers.com\/labour-law\/","name":"[:es]Relaciones Laborales y RRHH[:en]Labour Law[:fr]Conseil en ressources humaines[:] - LIA","isPartOf":{"@id":"https:\/\/lialawyers.com\/de\/#website"},"datePublished":"2020-11-13T10:02:05+00:00","dateModified":"2024-12-20T17:36:50+00:00","breadcrumb":{"@id":"https:\/\/lialawyers.com\/labour-law\/#breadcrumb"},"inLanguage":"sv-SE","potentialAction":[{"@type":"ReadAction","target":["https:\/\/lialawyers.com\/labour-law\/"]}]},{"@type":"BreadcrumbList","@id":"https:\/\/lialawyers.com\/labour-law\/#breadcrumb","itemListElement":[{"@type":"ListItem","position":1,"name":"Home","item":"https:\/\/lialawyers.com\/"},{"@type":"ListItem","position":2,"name":"Relaciones Laborales y RRHH"}]},{"@type":"WebSite","@id":"https:\/\/lialawyers.com\/de\/#website","url":"https:\/\/lialawyers.com\/de\/","name":"LIA","description":"Law Inheritance Advisors","publisher":{"@id":"https:\/\/lialawyers.com\/de\/#organization"},"potentialAction":[{"@type":"SearchAction","target":{"@type":"EntryPoint","urlTemplate":"https:\/\/lialawyers.com\/de\/?s={search_term_string}"},"query-input":{"@type":"PropertyValueSpecification","valueRequired":true,"valueName":"search_term_string"}}],"inLanguage":"sv-SE"},{"@type":"Organization","@id":"https:\/\/lialawyers.com\/de\/#organization","name":"Lia Lawyers","url":"https:\/\/lialawyers.com\/de\/","logo":{"@type":"ImageObject","inLanguage":"sv-SE","@id":"https:\/\/lialawyers.com\/de\/#\/schema\/logo\/image\/","url":"https:\/\/lialawyers.com\/wp-content\/uploads\/2020\/10\/logo_og_image.png","contentUrl":"https:\/\/lialawyers.com\/wp-content\/uploads\/2020\/10\/logo_og_image.png","width":1200,"height":628,"caption":"Lia Lawyers"},"image":{"@id":"https:\/\/lialawyers.com\/de\/#\/schema\/logo\/image\/"}}]}},"_links":{"self":[{"href":"https:\/\/lialawyers.com\/sv\/wp-json\/wp\/v2\/pages\/2967","targetHints":{"allow":["GET"]}}],"collection":[{"href":"https:\/\/lialawyers.com\/sv\/wp-json\/wp\/v2\/pages"}],"about":[{"href":"https:\/\/lialawyers.com\/sv\/wp-json\/wp\/v2\/types\/page"}],"author":[{"embeddable":true,"href":"https:\/\/lialawyers.com\/sv\/wp-json\/wp\/v2\/users\/4"}],"replies":[{"embeddable":true,"href":"https:\/\/lialawyers.com\/sv\/wp-json\/wp\/v2\/comments?post=2967"}],"version-history":[{"count":25,"href":"https:\/\/lialawyers.com\/sv\/wp-json\/wp\/v2\/pages\/2967\/revisions"}],"predecessor-version":[{"id":3023,"href":"https:\/\/lialawyers.com\/sv\/wp-json\/wp\/v2\/pages\/2967\/revisions\/3023"}],"wp:attachment":[{"href":"https:\/\/lialawyers.com\/sv\/wp-json\/wp\/v2\/media?parent=2967"}],"curies":[{"name":"wp","href":"https:\/\/api.w.org\/{rel}","templated":true}]}}